{"id":10128,"date":"2021-07-15T16:32:49","date_gmt":"2021-07-15T23:32:49","guid":{"rendered":"https:\/\/www.xerowaste.ca\/?page_id=10128"},"modified":"2026-04-23T23:15:57","modified_gmt":"2026-04-24T06:15:57","slug":"maintenance-parts-inventory","status":"publish","type":"page","link":"https:\/\/www.xerowaste.ca\/es\/electric-tugs\/maintenance-parts-inventory\/","title":{"rendered":"Inspecci\u00f3n de seguridad e inventario de piezas"},"content":{"rendered":"<div class=\"et_pb_section_0 et_pb_section et_section_regular et_block_section section_has_divider et_pb_bottom_divider\">\n<div class=\"et_pb_row_0 et_pb_row et_block_row\">\n<div class=\"et_pb_column_0 et_pb_column et_pb_column_4_4 et-last-child et_block_column et_pb_css_mix_blend_mode_passthrough\">\n<div class=\"et_pb_text_0 et_pb_text et_pb_bg_layout_dark et_animated et_pb_module et_block_module et_pb_text_align_center\"><div class=\"et_pb_text_inner\"><h1>Mantenimiento Preventivo e Inventario de Partes<\/h1>\n<p>Reparaciones de garant\u00eda autorizadas por el fabricante para su remolcador V-move, aspiradora industrial Comzu y remolque Bin Butler, mantenimiento preventivo, inspecciones de seguridad y existencias de repuestos en BC, Canad\u00e1.<\/p>\n<\/div><\/div>\n<\/div>\n<\/div>\n<div class=\"et_pb_bottom_inside_divider et-no-transition\"><\/div><\/div>\n\n<div class=\"et_pb_section_1 et_pb_section et_section_regular et_block_section\">\n<div class=\"et_pb_row_1 et_pb_row et_block_row\">\n<div class=\"et_pb_column_1 et_pb_column et_pb_column_4_4 et-last-child et_block_column et_pb_css_mix_blend_mode_passthrough\">\n<div class=\"et_pb_text_1 et_pb_text et_pb_bg_layout_light et_pb_module et_block_module\"><div class=\"et_pb_text_inner\"><h2 style=\"text-align: center;\"><strong>Inspecciones de Seguridad y Mantenimiento Preventivo<\/strong><\/h2>\n<\/div><\/div>\n<\/div>\n<\/div>\n<\/div>\n\n<div class=\"et_pb_section_2 et_pb_section et_section_regular et_block_section\">\n<div class=\"et_pb_row_2 et_pb_row et_block_row\">\n<div class=\"et_pb_column_2 et_pb_column et_pb_column_4_4 et-last-child et_block_column et_pb_css_mix_blend_mode_passthrough\">\n<div class=\"et_pb_blurb_0 et_pb_blurb et_pb_bg_layout_light et_pb_blurb_position_left et_pb_module et_block_module\"><div class=\"et_pb_blurb_content\"><div class=\"et_pb_main_blurb_image\"><span class=\"et_pb_image_wrap\"><span class=\"et-pb-icon et_animated et_animated\">\ue035<\/span><\/span><\/div><div class=\"et_pb_blurb_container\"><h4 class=\"et_pb_module_header\">Reparaciones Autorizadas por el Fabricante<\/h4><div class=\"et_pb_blurb_description\"><p>Si est\u00e1 en BC, le atendemos con nuestros t\u00e9cnicos de f\u00e1brica capacitados que conocen V-move, Comzu y <a href=\"https:\/\/www.xerowaste.ca\/es\/electric-tugs\/bin-butler-tote-trailer-cart\/\" target=\"_blank\" rel=\"noopener\">Mordaza de basurero<\/a> equipo. Si te encuentras en otro lugar de Norteam\u00e9rica, nos asociamos con especialistas altamente calificados en motores de CC y CA que reparan remolcadores y cargadores, as\u00ed como los <a href=\"https:\/\/www.xerowaste.ca\/es\/electric-tugs\/comzu_f3313_industrial_vacuum\/\">Aspiradora Comzu<\/a>. En Xerowaste y con nuestros socios de reparaci\u00f3n contamos con el equipo, como programadores Curtis, diagramas de cableado y de piezas, y la capacitaci\u00f3n necesaria para solucionar cualquier problema, realizar mantenimiento preventivo e inspecciones de seguridad, y llevar a cabo cualquier reparaci\u00f3n.<\/p>\n<\/div><\/div><\/div><\/div>\n<\/div>\n<\/div>\n<\/div>\n\n<div class=\"et_pb_section_3 et_pb_section et_section_regular et_block_section\">\n<div class=\"et_pb_row_3 et_pb_row et_block_row\">\n<div class=\"et_pb_column_3 et_pb_column et_pb_column_4_4 et-last-child et_block_column et_pb_css_mix_blend_mode_passthrough\">\n<div class=\"et_pb_blurb_1 et_pb_blurb et_pb_bg_layout_light et_pb_blurb_position_left et_pb_module et_block_module\"><div class=\"et_pb_blurb_content\"><div class=\"et_pb_main_blurb_image\"><span class=\"et_pb_image_wrap\"><span class=\"et-pb-icon et_animated et_animated\">\ue036<\/span><\/span><\/div><div class=\"et_pb_blurb_container\"><h4 class=\"et_pb_module_header\">Inspecciones Anuales de Seguridad y Mantenimiento Preventivo<\/h4><div class=\"et_pb_blurb_description\"><p>En toda Norteam\u00e9rica, Xerowaste y nuestros socios brindan inspecciones anuales o semestrales de seguridad y mantenimiento preventivo programados. A menudo, las juntas de seguridad laboral estatales o provinciales sugerir\u00e1n o exigir\u00e1n inspecciones de seguridad para garantizar la seguridad de los trabajadores. Nuestras inspecciones de seguridad siguen las reglas y pautas estatales o provinciales descritas por <a href=\"https:\/\/www.verhagenleiden.nl\/\" target=\"_blank\" rel=\"noopener\">Verhagen Leiden<\/a> para asegurar tu <a href=\"https:\/\/www.xerowaste.ca\/es\/electric-tugs\/\" target=\"_blank\" rel=\"noopener\">Tractor de arrastre o remolque V-move<\/a> est\u00e1 operando de manera segura y para abordar el mantenimiento programado con el fin de maximizar la vida \u00fatil de su activo V-move.<\/p>\n<\/div><\/div><\/div><\/div>\n<\/div>\n<\/div>\n<\/div>\n\n<div class=\"et_pb_section_4 et_pb_section et_section_regular et_block_section\">\n<div class=\"et_pb_row_4 et_pb_row et_block_row\">\n<div class=\"et_pb_column_4 et_pb_column et_pb_column_1_5 et_block_column et_pb_column_empty et_pb_css_mix_blend_mode_passthrough\"><\/div>\n\n<div class=\"et_pb_column_5 et_pb_column et_pb_column_3_5 et_block_column et_pb_css_mix_blend_mode_passthrough\">\n<div class=\"et_pb_cta_0 et_pb_promo et_pb_bg_layout_dark et_pb_module et_block_module\"><div class=\"et_pb_promo_description\"><h2 class=\"et_pb_module_header\">Preg\u00fantenos sobre la programaci\u00f3n de inspecciones de seguridad anuales y el mantenimiento preventivo de su remolcador V-move o remolque Bin Butler<\/h2><div class=\"et_pb_promo_content\"><\/div><\/div><div class=\"et_pb_button_wrapper\"><a class=\"et_pb_button et_pb_promo_button\" href=\"https:\/\/www.xerowaste.ca\/es\/contact-us\/\">Haz clic aqu\u00ed<\/a><\/div><\/div>\n<\/div>\n\n<div class=\"et_pb_column_6 et_pb_column et_pb_column_1_5 et-last-child et_block_column et_pb_column_empty et_pb_css_mix_blend_mode_passthrough\"><\/div>\n<\/div>\n<\/div>\n\n<div class=\"et_pb_section_5 et_pb_section et_section_regular et_block_section\">\n<div class=\"et_pb_row_5 et_pb_row et_block_row\">\n<div class=\"et_pb_column_7 et_pb_column et_pb_column_4_4 et-last-child et_block_column et_pb_css_mix_blend_mode_passthrough\">\n<div class=\"et_pb_divider_0 et_pb_divider et_pb_space et_pb_divider_position_center et_pb_module\"><div class=\"et_pb_divider_internal\"><\/div><\/div>\n<\/div>\n<\/div>\n<\/div>\n\n<div class=\"et_pb_section_6 et_pb_section et_section_regular et_block_section\">\n<div class=\"et_pb_row_6 et_pb_row et_block_row\">\n<div class=\"et_pb_column_8 et_pb_column et_pb_column_4_4 et-last-child et_block_column et_pb_css_mix_blend_mode_passthrough\">\n<div class=\"et_pb_text_2 et_pb_text et_pb_bg_layout_light et_pb_module et_block_module\"><div class=\"et_pb_text_inner\"><h2 style=\"text-align: center;\"><strong>Inventario de partes<\/strong><\/h2>\n<\/div><\/div>\n<\/div>\n<\/div>\n<\/div>\n\n<div class=\"et_pb_section_7 et_pb_section et_section_regular et_block_section\">\n<div class=\"et_pb_row_7 et_pb_row et_pb_row_1-4_3-4 et_block_row et_block_row_1-4_3-4\">\n<div class=\"et_pb_column_9 et_pb_column et_pb_column_1_4 et_block_column et_pb_css_mix_blend_mode_passthrough\">\n<div class=\"et_pb_image_0 et_pb_image et_pb_module et_block_module\"><span class=\"et_pb_image_wrap\"><img decoding=\"async\" src=\"https:\/\/www.xerowaste.ca\/wp-content\/uploads\/2021\/07\/map-of-NA.png\" width=\"892\" height=\"764\" srcset=\"https:\/\/www.xerowaste.ca\/wp-content\/uploads\/2021\/07\/map-of-NA.png 892w, https:\/\/www.xerowaste.ca\/wp-content\/uploads\/2021\/07\/map-of-NA-480x411.png 480w\" sizes=\"(min-width: 0px) and (max-width: 480px) 480px, (min-width: 481px) 892px, 100vw\" class=\"wp-image-10132\" title=\"mapa de NA\" alt=\"\"><\/span><\/div>\n<\/div>\n\n<div class=\"et_pb_column_10 et_pb_column et_pb_column_3_4 et-last-child et_block_column et_pb_css_mix_blend_mode_passthrough\">\n<div class=\"et_pb_blurb_2 et_pb_blurb et_pb_bg_layout_light et_pb_blurb_position_left et_pb_module et_block_module\"><div class=\"et_pb_blurb_content\"><div class=\"et_pb_blurb_container\"><h4 class=\"et_pb_module_header\">Inventario<\/h4><div class=\"et_pb_blurb_description\"><p>Disponemos de una variedad cada vez mayor de repuestos OEM Verhagen Leiden o repuestos del mercado de accesorios aprobados por f\u00e1brica en Vancouver, Columbia Brit\u00e1nica, Canad\u00e1. Algunas de las piezas en stock que utilizamos en los tractores de arrastre y remolque V-move son fabricadas en Norteam\u00e9rica y est\u00e1n disponibles en nuestro inventario de fabricantes y mayoristas locales. Otras piezas fabricadas en Europa se traen por v\u00eda a\u00e9rea cuando se necesitan r\u00e1pidamente o por mar para el stock regular. La mayor\u00eda de las piezas que traemos de Verhagen se fabrican en Europa.<\/p>\n<\/div><\/div><\/div><\/div>\n<\/div>\n<\/div>\n<\/div>\n\n<div class=\"et_pb_section_8 et_pb_section et_section_regular et_block_section\">\n<div class=\"et_pb_row_8 et_pb_row et_block_row\">\n<div class=\"et_pb_column_11 et_pb_column et_pb_column_4_4 et-last-child et_block_column et_pb_css_mix_blend_mode_passthrough\">\n<div class=\"et_pb_blurb_3 et_pb_blurb et_pb_bg_layout_light et_pb_blurb_position_left et_pb_module et_block_module\"><div class=\"et_pb_blurb_content\"><div class=\"et_pb_main_blurb_image\"><span class=\"et_pb_image_wrap et_pb_only_image_mode_wrap\"><img decoding=\"async\" src=\"https:\/\/www.xerowaste.ca\/wp-content\/uploads\/2021\/06\/xerowaste-bin-butler-trailer800.png\" width=\"800\" height=\"800\" srcset=\"https:\/\/www.xerowaste.ca\/wp-content\/uploads\/2021\/06\/xerowaste-bin-butler-trailer800.png 800w, https:\/\/www.xerowaste.ca\/wp-content\/uploads\/2021\/06\/xerowaste-bin-butler-trailer800-480x480.png 480w\" sizes=\"(min-width: 0px) and (max-width: 480px) 480px, (min-width: 481px) 800px, 100vw\" class=\"et_animated wp-image-9896\" alt=\"Remolque o carrito de reciclaje Xerowaste Bin Butler 6 y 8 con contenedores para usar con transpaletas V-move, tirador de contenedores, empujador de contenedores, tirador de contenedores de residuos, extractor de contenedores.\" title=\"\"><\/span><\/div><div class=\"et_pb_blurb_container\"><h4 class=\"et_pb_module_header\">Partes Xerowaste<\/h4><div class=\"et_pb_blurb_description\"><p>Fabricamos el <a href=\"https:\/\/www.xerowaste.ca\/es\/electric-tugs\/bin-butler-tote-trailer-cart\/\" target=\"_blank\" rel=\"noopener\">Remolques personalizados Bin Butler para bolsas de reciclaje<\/a>, barras de remolque y leng\u00fcetas de remolque de contenedores en Canad\u00e1 e inventario de existencias y repuestos para nuestras marcas Xerowaste.<\/p>\n<\/div><\/div><\/div><\/div>\n<\/div>\n<\/div>\n<\/div>\n\n<div class=\"et_pb_section_9 et_pb_section et_section_regular et_block_section\">\n<div class=\"et_pb_row_9 et_pb_row et_pb_equal_columns et_pb_gutters1 et_block_row et_pb_row_fullwidth\">\n<div class=\"et_pb_column_12 et_pb_column et_pb_column_1_2 et_block_column et_pb_css_mix_blend_mode_passthrough\">\n<div class=\"et_pb_image_1 et_pb_image et_pb_image_sticky et_pb_module et_block_module\"><span class=\"et_pb_image_wrap\"><img decoding=\"async\" src=\"https:\/\/www.xerowaste.ca\/wp-content\/uploads\/2019\/09\/DSC_0454-e1568304812587.jpg\" width=\"1500\" height=\"996\" srcset=\"https:\/\/www.xerowaste.ca\/wp-content\/uploads\/2019\/09\/DSC_0454-e1568304812587.jpg 1500w, https:\/\/www.xerowaste.ca\/wp-content\/uploads\/2019\/09\/DSC_0454-e1568304812587-1280x850.jpg 1280w, https:\/\/www.xerowaste.ca\/wp-content\/uploads\/2019\/09\/DSC_0454-e1568304812587-980x651.jpg 980w, https:\/\/www.xerowaste.ca\/wp-content\/uploads\/2019\/09\/DSC_0454-e1568304812587-480x319.jpg 480w\" sizes=\"(min-width: 0px) and (max-width: 480px) 480px, (min-width: 481px) and (max-width: 980px) 980px, (min-width: 981px) and (max-width: 1280px) 1280px, (min-width: 1281px) 1500px, 100vw\" class=\"wp-image-4564\" title=\"Compartimento de bater\u00eda del apilador V-Move 4XL\" alt=\"Xerowaste.ca | Compartimiento de bater\u00eda para remolcador industrial V-Move 4XL | Remolcador industrial | Remolcador de empuje de aviones | Remolcador de vagones de ferrocarril\" \/><\/span><\/div>\n<\/div>\n\n<div class=\"et_pb_column_13 et_pb_column et_pb_column_1_2 et-last-child et_block_column et_pb_css_mix_blend_mode_passthrough\">\n<div class=\"et_pb_text_3 et_pb_text et_pb_bg_layout_dark et_animated et_pb_module et_block_module\"><div class=\"et_pb_text_inner\"><h2>Haz una pregunta<\/h2>\n<\/div><\/div>\n\n<div class=\"et_pb_divider_1 et_pb_divider et_pb_space et_pb_divider_position_top et_animated et_pb_module\"><div class=\"et_pb_divider_internal\"><\/div><\/div>\n\n<div class=\"et_pb_module et_pb_button_module_wrapper et_pb_button_0_wrapper\"><a class=\"et_pb_button_0 et_pb_button et_pb_bg_layout_light et_pb_module et_block_module\" href=\"https:\/\/www.xerowaste.ca\/es\/contact-us\/\" data-icon=\"\ue010\">Cont\u00e1ctanos<\/a><\/div>\n\n\n<\/div>\n<\/div>\n<\/div>\n\n<div class=\"et_pb_section_10 et_pb_section et_section_regular et_block_section\">\n<div class=\"et_pb_row_10 et_pb_row et_block_row\">\n<div class=\"et_pb_column_14 et_pb_column et_pb_column_4_4 et-last-child et_block_column et_pb_css_mix_blend_mode_passthrough\">\n<div class=\"et_pb_cta_1 et_pb_promo et_pb_bg_layout_dark et_clickable et_pb_module et_block_module\"><div class=\"et_pb_promo_description\"><h2 class=\"et_pb_module_header\">Regresar a la p\u00e1gina de la tienda V-Move<\/h2><div class=\"et_pb_promo_content\"><\/div><\/div><div class=\"et_pb_button_wrapper\"><a class=\"et_pb_button et_pb_promo_button\" href=\"https:\/\/www.xerowaste.ca\/es\/electric-tugs\/\">Haz clic aqu\u00ed<\/a><\/div><\/div>\n<\/div>\n<\/div>\n<\/div>","protected":false},"excerpt":{"rendered":"","protected":false},"author":2,"featured_media":9852,"parent":2612,"menu_order":0,"comment_status":"closed","ping_status":"closed","template":"","meta":{"_glsr_average":0,"_glsr_ranking":0,"_glsr_reviews":0,"footnotes":""},"class_list":["post-10128","page","type-page","status-publish","has-post-thumbnail","hentry"],"_links":{"self":[{"href":"https:\/\/www.xerowaste.ca\/es\/wp-json\/wp\/v2\/pages\/10128","targetHints":{"allow":["GET"]}}],"collection":[{"href":"https:\/\/www.xerowaste.ca\/es\/wp-json\/wp\/v2\/pages"}],"about":[{"href":"https:\/\/www.xerowaste.ca\/es\/wp-json\/wp\/v2\/types\/page"}],"author":[{"embeddable":true,"href":"https:\/\/www.xerowaste.ca\/es\/wp-json\/wp\/v2\/users\/2"}],"replies":[{"embeddable":true,"href":"https:\/\/www.xerowaste.ca\/es\/wp-json\/wp\/v2\/comments?post=10128"}],"version-history":[{"count":0,"href":"https:\/\/www.xerowaste.ca\/es\/wp-json\/wp\/v2\/pages\/10128\/revisions"}],"up":[{"embeddable":true,"href":"https:\/\/www.xerowaste.ca\/es\/wp-json\/wp\/v2\/pages\/2612"}],"wp:featuredmedia":[{"embeddable":true,"href":"https:\/\/www.xerowaste.ca\/es\/wp-json\/wp\/v2\/media\/9852"}],"wp:attachment":[{"href":"https:\/\/www.xerowaste.ca\/es\/wp-json\/wp\/v2\/media?parent=10128"}],"curies":[{"name":"wp","href":"https:\/\/api.w.org\/{rel}","templated":true}]}}