{"id":10158,"date":"2021-08-01T13:09:10","date_gmt":"2021-08-01T20:09:10","guid":{"rendered":"https:\/\/www.xerowaste.ca\/?page_id=10158"},"modified":"2026-04-11T16:02:34","modified_gmt":"2026-04-11T23:02:34","slug":"financing","status":"publish","type":"page","link":"https:\/\/www.xerowaste.ca\/es\/financing\/","title":{"rendered":"Financiamiento"},"content":{"rendered":"<div class=\"et_pb_section_0 et_pb_section et_section_regular et_block_section\"><div class=\"et_pb_row_0 et_pb_row et_block_row\"><div class=\"et_pb_column_0 et_pb_column et_pb_column_2_3 et_block_column et_pb_css_mix_blend_mode_passthrough\"><div class=\"et_pb_text_0 et_pb_text et_pb_bg_layout_light et_pb_module et_block_module preset--module--divi-text--88189985-383f-4a98-8bda-45b45a07d31e\"><div class=\"et_pb_text_inner\"><h1>Financia o alquila tu V-move o Bin Butler<\/h1>\n<h2><strong>\u00a1Preaprobaci\u00f3n r\u00e1pida y f\u00e1cil!<\/strong><\/h2>\n<\/div><\/div><div class=\"et_pb_text_1 et_pb_text et_pb_bg_layout_light et_pb_module et_block_module preset--module--divi-text--dae59d6c-8e6f-457d-9b53-6f843dc37ccb\"><div class=\"et_pb_text_inner\"><p>Obt\u00e9n una preaprobaci\u00f3n para la <span style=\"color: #ffffff;\"><a href=\"https:\/\/www.xerowaste.ca\/es\/electric-tugs\/\" style=\"color: #ffffff;\">V-move mudador de carga<\/a><\/span> o\/y <a href=\"https:\/\/www.xerowaste.ca\/es\/electric-tugs\/tote-trailer\/\"><span style=\"color: #ffffff;\">Tr\u00e1iler de Bin Butler<\/span><\/a> con pagos mensuales accesibles en un plazo de hasta 72 meses.<\/p>\n<\/div><\/div><\/div><div class=\"et_pb_column_1 et_pb_column et_pb_column_1_3 et-last-child et_block_column et_pb_css_mix_blend_mode_passthrough\"><div class=\"et_pb_blurb_1 et_pb_blurb et_pb_bg_layout_light et_pb_blurb_position_top et_pb_module et_block_module\"><div class=\"et_pb_blurb_content\"><div class=\"et_pb_main_blurb_image\"><span class=\"et_pb_image_wrap\"><span class=\"et-pb-icon et_animated et_animated\">\ue0ed<\/span><\/span><\/div><div class=\"et_pb_blurb_container\"><\/div><\/div><\/div><\/div><\/div><\/div><div class=\"et_pb_section_1 et_pb_section et_section_regular et_block_section\"><div class=\"et_pb_row_1 et_pb_row et_pb_equal_columns et_pb_gutters1 et_block_row\"><div class=\"et_pb_column_2 et_pb_column et_pb_column_2_3 et_block_column et_pb_css_mix_blend_mode_passthrough\"><div class=\"et_pb_text_2 et_pb_text et_pb_bg_layout_light et_pb_module et_block_module preset--module--divi-text--c3c1179e-80e4-4396-b700-51b845e1c46f\"><div class=\"et_pb_text_inner\"><h2>Opciones de financiamiento y alquiler<\/h2>\n<\/div><\/div><div class=\"et_pb_text_3 et_pb_text et_pb_bg_layout_light et_pb_module et_block_module preset--module--divi-text--5985fc7f-e75f-4dbb-bfb8-fb1cea25c0e9\"><div class=\"et_pb_text_inner\"><p>Configure su financiamiento con un arrendamiento de capital o un pr\u00e9stamo con plazos que se ajusten a su presupuesto mensual. Alternativamente, obtenga un verdadero <a href=\"https:\/\/www.xerowaste.ca\/es\/v-move-or-bin-butler-rental\/\">Alquiler<\/a> eso es totalmente deducible como gasto sin opci\u00f3n de compra.<br \/>Nos asociamos con <a href=\"https:\/\/apply.cwbnationalleasing.com\/?src=4FQAS\" target=\"_blank\" rel=\"noopener\">Financiamiento de Equipos del Banco Nacional<\/a> en Canad\u00e1 y <a href=\"https:\/\/go.westernequipmentfinance.com\/derick-walker\/apply\" target=\"_blank\" rel=\"noopener\">Financiamiento de Equipos del Oeste<\/a> en los EE. UU.<\/p>\n<p><code><\/code><\/p>\n<p><code><\/code><\/p>\n<p><code>\u00a0<\/code><\/p>\n<p><code><\/code><\/p>\n<p><code><\/code><\/p>\n<\/div><\/div><\/div><div class=\"et_pb_column_3 et_pb_column et_pb_column_1_3 et-last-child et_block_column et_pb_css_mix_blend_mode_passthrough\"><div class=\"et_pb_text_4 et_pb_text et_pb_bg_layout_light et_pb_module et_block_module preset--module--divi-text--7c828bc8-d6c4-497f-ba4a-2e3b209fbeb8\"><div class=\"et_pb_text_inner\"><h3>Pr\u00e9stamo<\/h3>\n<\/div><\/div><div class=\"et_pb_text_5 et_pb_text et_pb_bg_layout_light et_pb_module et_block_module preset--module--divi-text--f7d8e1bb-508e-4b15-814b-c4ab8f64018d\"><div class=\"et_pb_text_inner\"><p>Financia tu V-move y\/o Bin Butler, si deseas ser el propietario del equipo al recibirlo y pagarlo a plazos. Algunos estados\/provincias y gobiernos federales ofrecer\u00e1n incentivos como la Secci\u00f3n 179 de EE. UU., la CCA acelerada de Canad\u00e1 y el cr\u00e9dito fiscal PST de BC.<\/p>\n<p><code><br \/><\/code><br \/><code><br \/><\/code><\/p>\n<\/div><\/div><\/div><\/div><\/div><div class=\"et_pb_section_2 et_pb_section et_section_specialty et_pb_gutters1 et_block_section\"><div class=\"et_pb_row et_block_row\"><div class=\"et_pb_column_4 et_pb_column et_pb_column_single et_pb_column_1_3 et_block_column et_pb_css_mix_blend_mode_passthrough\"><div class=\"et_pb_image_0 et_pb_image et_pb_module et_block_module\"><span class=\"et_pb_image_wrap\"><img decoding=\"async\" src=\"https:\/\/www.xerowaste.ca\/wp-content\/uploads\/2019\/08\/48375822_1963267770425508_8590292405725429760_n.jpg\" width=\"720\" height=\"960\" srcset=\"https:\/\/www.xerowaste.ca\/wp-content\/uploads\/2019\/08\/48375822_1963267770425508_8590292405725429760_n.jpg 720w, https:\/\/www.xerowaste.ca\/wp-content\/uploads\/2019\/08\/48375822_1963267770425508_8590292405725429760_n-480x640.jpg 480w\" sizes=\"(min-width: 0px) and (max-width: 480px) 480px, (min-width: 481px) 720px, 100vw\" class=\"wp-image-4560\" title=\"Tractor de arrastre V-Move 1200\" alt=\"Xerowaste.ca | Tractor remolcador V-Move 1200 listo para entrega | Carrito de stock | Remolcador el\u00e9ctrico industrial\" \/><\/span><\/div><\/div><div class=\"et_pb_column_5 et_pb_column et_pb_specialty_column et_pb_column_2_3 et-last-child et_block_column et_pb_css_mix_blend_mode_passthrough\"><div class=\"et_pb_row_inner_0 et_pb_row_inner et_pb_equal_columns et_pb_gutters1 et_block_row\"><div class=\"et_pb_column_inner_0 et_pb_column_inner et_pb_column et_pb_column_1_3 et_block_column et_pb_css_mix_blend_mode_passthrough\"><div class=\"et_pb_text_6 et_pb_text et_pb_bg_layout_light et_pb_module et_block_module preset--module--divi-text--7c828bc8-d6c4-497f-ba4a-2e3b209fbeb8\"><div class=\"et_pb_text_inner\"><h3>Arrendamiento de capital<\/h3>\n<\/div><\/div><div class=\"et_pb_text_7 et_pb_text et_pb_bg_layout_light et_pb_module et_block_module preset--module--divi-text--f7d8e1bb-508e-4b15-814b-c4ab8f64018d\"><div class=\"et_pb_text_inner\"><p>Registre la compra de un V-move y\/o un Bin Butler en sus libros como una adquisici\u00f3n de capital y posiblemente aproveche algunos incentivos fiscales gubernamentales, si est\u00e1n disponibles. Adem\u00e1s, tenga la flexibilidad de un pago \u00fanico predeterminado al final de su arrendamiento, lo que se conoce como opci\u00f3n de compra ventajosa.<\/p>\n<p><code><br \/><\/code><br \/><code><br \/><\/code><\/p>\n<\/div><\/div><\/div><div class=\"et_pb_column_inner_1 et_pb_column_inner et_pb_column et_pb_column_1_3 et-last-child et_block_column et_pb_css_mix_blend_mode_passthrough\"><div class=\"et_pb_text_8 et_pb_text et_pb_bg_layout_light et_pb_module et_block_module preset--module--divi-text--7c828bc8-d6c4-497f-ba4a-2e3b209fbeb8\"><div class=\"et_pb_text_inner\"><h3>Alquiler<\/h3>\n<\/div><\/div><div class=\"et_pb_text_9 et_pb_text et_pb_bg_layout_light et_pb_module et_block_module preset--module--divi-text--f7d8e1bb-508e-4b15-814b-c4ab8f64018d\"><div class=\"et_pb_text_inner\"><p>Usted no es propietario del equipo en ning\u00fan momento durante el plazo. Esto le permite cumplir con no tener que registrar la compra como capital y los pagos de alquiler son deducibles como costos operativos. No existe la opci\u00f3n de comprar el equipo durante o al finalizar su plazo.<br \/><code><\/p>\n<p><\/code><\/p>\n<\/div><\/div><\/div><\/div><div class=\"et_pb_row_inner_1 et_pb_row_inner et_pb_equal_columns et_block_row\"><div class=\"et_pb_column_inner_2 et_pb_column_inner et_pb_column et_pb_column_1_3 et_block_column et_pb_css_mix_blend_mode_passthrough\"><div class=\"et_pb_blurb_3 et_pb_blurb et_pb_bg_layout_light et_pb_blurb_position_top et_pb_module et_block_module\"><div class=\"et_pb_blurb_content\"><div class=\"et_pb_main_blurb_image\"><span class=\"et_pb_image_wrap et_pb_only_image_mode_wrap\"><img decoding=\"async\" src=\"https:\/\/www.xerowaste.ca\/wp-content\/uploads\/2026\/02\/National-Bank-bilingual-logo.png\" width=\"476\" height=\"74\" srcset=\"https:\/\/www.xerowaste.ca\/wp-content\/uploads\/2026\/02\/National-Bank-bilingual-logo.png 476w, https:\/\/www.xerowaste.ca\/wp-content\/uploads\/2026\/02\/National-Bank-bilingual-logo-320x50.png 320w, https:\/\/www.xerowaste.ca\/wp-content\/uploads\/2026\/02\/National-Bank-bilingual-logo-400x62.png 400w\" sizes=\"(max-width: 476px) 100vw, 476px\" class=\"et_animated wp-image-17636\" alt=\"\" title=\"\"><\/span><\/div><div class=\"et_pb_blurb_container\"><\/div><\/div><\/div><\/div><div class=\"et_pb_column_inner_3 et_pb_column_inner et_pb_column et_pb_column_1_3 et-last-child et_block_column et_pb_css_mix_blend_mode_passthrough\"><div class=\"et_pb_blurb_4 et_pb_blurb et_pb_bg_layout_light et_pb_blurb_position_top et_pb_module et_block_module\"><div class=\"et_pb_blurb_content\"><div class=\"et_pb_main_blurb_image\"><span class=\"et_pb_image_wrap et_pb_only_image_mode_wrap\"><img decoding=\"async\" src=\"https:\/\/www.xerowaste.ca\/wp-content\/uploads\/2026\/02\/Western-Equipment-Finance.jpg\" width=\"208\" height=\"72\" srcset=\"https:\/\/www.xerowaste.ca\/wp-content\/uploads\/2026\/02\/Western-Equipment-Finance.jpg 208w\" sizes=\"(max-width: 208px) 100vw, 208px\" class=\"et_animated wp-image-17637\" alt=\"\" title=\"\"><\/span><\/div><div class=\"et_pb_blurb_container\"><\/div><\/div><\/div><\/div><\/div><div class=\"et_pb_row_inner_2 et_pb_row_inner et_pb_equal_columns et_block_row\"><div class=\"et_pb_column_inner_4 et_pb_column_inner et_pb_column et_pb_column_1_3 et_block_column et_pb_css_mix_blend_mode_passthrough\"><div class=\"et_pb_module et_pb_button_module_wrapper et_pb_button_3_wrapper\"><a class=\"et_pb_button_3 et_pb_button et_pb_bg_layout_light et_pb_module et_block_module\" href=\"https:\/\/apply.equipmentfinance.nbc.ca\/?src=4FQAS\" target=\"_blank\" rel=\"noopener\">Obt\u00e9n preaprobaci\u00f3n para arrendamiento, alquiler o financiaci\u00f3n en Canad\u00e1<\/a><\/div><\/div><div class=\"et_pb_column_inner_5 et_pb_column_inner et_pb_column et_pb_column_1_3 et-last-child et_block_column et_pb_css_mix_blend_mode_passthrough\"><div class=\"et_pb_module et_pb_button_module_wrapper et_pb_button_4_wrapper\"><a class=\"et_pb_button_4 et_pb_button et_pb_bg_layout_light et_pb_module et_block_module\" href=\"https:\/\/go.westernequipmentfinance.com\/derick-walker\/apply\" target=\"_blank\" rel=\"noopener\">Obt\u00e9n una preaprobaci\u00f3n para arrendamiento, alquiler o financiamiento en EE. UU.<\/a><\/div><\/div><\/div><\/div><\/div><\/div><div class=\"et_pb_section_3 et_pb_section et_section_regular et_block_section\"><div class=\"et_pb_row_2 et_pb_row et_pb_row_4col et_pb_equal_columns et_block_row et_block_row_4col\"><div class=\"et_pb_column_6 et_pb_column et_pb_column_1_4 et_block_column et_pb_css_mix_blend_mode_passthrough\"><div class=\"et_pb_icon_0 et_pb_icon et_pb_module et_block_module\"><span class=\"et_pb_icon_wrap\"><span class=\"et-pb-icon\">\uf1f0<\/span><\/span><\/div><\/div><div class=\"et_pb_column_7 et_pb_column et_pb_column_1_4 et_block_column et_pb_css_mix_blend_mode_passthrough\"><div class=\"et_pb_icon_1 et_pb_icon et_pb_module et_block_module\"><span class=\"et_pb_icon_wrap\"><span class=\"et-pb-icon\">\uf1f1<\/span><\/span><\/div><\/div><div class=\"et_pb_column_8 et_pb_column et_pb_column_1_4 et_block_column et_pb_css_mix_blend_mode_passthrough\"><div class=\"et_pb_icon_2 et_pb_icon et_pb_module et_block_module\"><span class=\"et_pb_icon_wrap\"><span class=\"et-pb-icon\">\uf1f3<\/span><\/span><\/div><\/div><div class=\"et_pb_column_9 et_pb_column et_pb_column_1_4 et-last-child et_block_column et_pb_css_mix_blend_mode_passthrough\"><div class=\"et_pb_icon_3 et_pb_icon et_pb_module et_block_module\"><span class=\"et_pb_icon_wrap\"><span class=\"et-pb-icon\">\uf24b<\/span><\/span><\/div><\/div><\/div><div class=\"et_pb_row_3 et_pb_row et_pb_row_4col et_pb_equal_columns et_block_row et_block_row_4col\"><div class=\"et_pb_column_10 et_pb_column et_pb_column_1_4 et_block_column et_pb_css_mix_blend_mode_passthrough\"><div class=\"et_pb_icon_4 et_pb_icon et_pb_module et_block_module\"><span class=\"et_pb_icon_wrap\"><span class=\"et-pb-icon\">\uf24c<\/span><\/span><\/div><\/div><div class=\"et_pb_column_11 et_pb_column et_pb_column_1_4 et_block_column et_pb_css_mix_blend_mode_passthrough\"><div class=\"et_pb_icon_5 et_pb_icon et_pb_module et_block_module\"><span class=\"et_pb_icon_wrap\"><span class=\"et-pb-icon\">\uf1f2<\/span><\/span><\/div><\/div><div class=\"et_pb_column_12 et_pb_column et_pb_column_1_4 et_block_column et_pb_css_mix_blend_mode_passthrough\"><div class=\"et_pb_icon_6 et_pb_icon et_pb_module et_block_module\"><span class=\"et_pb_icon_wrap\"><span class=\"et-pb-icon\">\uf1f5<\/span><\/span><\/div><\/div><div class=\"et_pb_column_13 et_pb_column et_pb_column_1_4 et-last-child et_block_column et_pb_css_mix_blend_mode_passthrough\"><div class=\"et_pb_icon_7 et_pb_icon et_pb_module et_block_module\"><span class=\"et_pb_icon_wrap\"><span class=\"et-pb-icon\">\uf19c<\/span><\/span><\/div><\/div><\/div><\/div>","protected":false},"excerpt":{"rendered":"","protected":false},"author":2,"featured_media":4599,"parent":0,"menu_order":0,"comment_status":"closed","ping_status":"closed","template":"","meta":{"_glsr_average":0,"_glsr_ranking":0,"_glsr_reviews":0,"footnotes":""},"class_list":["post-10158","page","type-page","status-publish","has-post-thumbnail","hentry"],"_links":{"self":[{"href":"https:\/\/www.xerowaste.ca\/es\/wp-json\/wp\/v2\/pages\/10158","targetHints":{"allow":["GET"]}}],"collection":[{"href":"https:\/\/www.xerowaste.ca\/es\/wp-json\/wp\/v2\/pages"}],"about":[{"href":"https:\/\/www.xerowaste.ca\/es\/wp-json\/wp\/v2\/types\/page"}],"author":[{"embeddable":true,"href":"https:\/\/www.xerowaste.ca\/es\/wp-json\/wp\/v2\/users\/2"}],"replies":[{"embeddable":true,"href":"https:\/\/www.xerowaste.ca\/es\/wp-json\/wp\/v2\/comments?post=10158"}],"version-history":[{"count":0,"href":"https:\/\/www.xerowaste.ca\/es\/wp-json\/wp\/v2\/pages\/10158\/revisions"}],"wp:featuredmedia":[{"embeddable":true,"href":"https:\/\/www.xerowaste.ca\/es\/wp-json\/wp\/v2\/media\/4599"}],"wp:attachment":[{"href":"https:\/\/www.xerowaste.ca\/es\/wp-json\/wp\/v2\/media?parent=10158"}],"curies":[{"name":"wp","href":"https:\/\/api.w.org\/{rel}","templated":true}]}}