{"id":189,"date":"2016-12-12T18:45:32","date_gmt":"2016-12-13T02:45:32","guid":{"rendered":"http:\/\/108.163.188.138\/~xerowast\/?page_id=189"},"modified":"2026-04-13T17:56:56","modified_gmt":"2026-04-14T00:56:56","slug":"xerowaste","status":"publish","type":"page","link":"https:\/\/www.xerowaste.ca\/es\/","title":{"rendered":"Equipo de manejo de materiales Xerowaste"},"content":{"rendered":"<div class=\"et_pb_section_0 et_pb_section et_pb_fullwidth_section et_section_regular et_block_section\">\n<section class=\"et_pb_fullwidth_header_0 et_pb_fullwidth_header et_pb_bg_layout_dark et_pb_text_align_center et_pb_module et_flex_module\"><div class=\"et_pb_fullwidth_header_container center\"><div class=\"header-content-container center\"><div class=\"header-content et_flex_module\"><h1 class=\"et_pb_module_header\">Soluciones de equipo de manejo de materiales de cero emisiones<\/h1><span class=\"et_pb_fullwidth_header_subhead\">Carros el\u00e9ctricos V-move, remolques de reciclaje Bin Butler y aspiradoras Comzu<\/span><div class=\"et_pb_header_button_wrapper\"><\/div><\/div><\/div><\/div><div class=\"et_pb_fullwidth_header_overlay\"><\/div><div class=\"et_pb_fullwidth_header_scroll\"><\/div><\/section>\n<\/div>\n\n<div class=\"et_pb_section_1 et_pb_section et_pb_fullwidth_section et_section_regular et_block_section\">\n<div class=\"et_pb_fullwidth_slider_0 et_pb_slider et_pb_module\"><div class=\"et_pb_slides\">\n<div class=\"et_pb_slide_0 et_pb_slide et_pb_slider_with_text_overlay et_pb_media_alignment_center et_pb_bg_layout_dark et_pb_text_align_center\" data-slide-id=\"divi\/slide-0\"><div class=\"et_pb_container\"><div class=\"et_pb_slider_container_inner\"><div class=\"et_pb_slide_description\"><div class=\"et_pb_text_overlay_wrapper\"><h2 class=\"et_pb_slide_title\"><a href=\"https:\/\/www.xerowaste.ca\/es\/electric-tugs\/\" target=\"\" class=\"et_pb_slide_title_link\">Carros elevadores el\u00e9ctricos V-Move<\/a><\/h2><\/div><div class=\"et_pb_button_wrapper\"><a class=\"et_pb_button et_pb_more_button\" href=\"https:\/\/www.xerowaste.ca\/es\/electric-tugs\/\">Ver los 19 modelos diferentes<\/a><\/div><\/div><\/div><\/div><\/div>\n\n<div class=\"et_pb_slide_1 et_pb_slide et_pb_slider_with_text_overlay et_pb_media_alignment_center et_pb_bg_layout_dark et_pb_text_align_center\" data-slide-id=\"divi\/slide-1\"><div class=\"et_pb_container\"><div class=\"et_pb_slider_container_inner\"><div class=\"et_pb_slide_description\"><div class=\"et_pb_text_overlay_wrapper\"><h2 class=\"et_pb_slide_title\"><a href=\"https:\/\/www.xerowaste.ca\/es\/electric-tugs\/\" target=\"\" class=\"et_pb_slide_title_link\">Carros elevadores el\u00e9ctricos V-Move<\/a><\/h2><\/div><div class=\"et_pb_button_wrapper\"><a class=\"et_pb_button et_pb_more_button\" href=\"https:\/\/www.xerowaste.ca\/es\/electric-tugs\/\">Ver los 19 modelos diferentes<\/a><\/div><\/div><\/div><\/div><\/div>\n\n<div class=\"et_pb_slide_2 et_pb_slide et_pb_slider_with_text_overlay et_pb_media_alignment_center et_pb_bg_layout_dark et_pb_text_align_center\" data-slide-id=\"divi\/slide-2\"><div class=\"et_pb_container\"><div class=\"et_pb_slider_container_inner\"><div class=\"et_pb_slide_description\"><div class=\"et_pb_text_overlay_wrapper\"><h2 class=\"et_pb_slide_title\"><a href=\"https:\/\/www.xerowaste.ca\/es\/electric-tugs\/\" target=\"\" class=\"et_pb_slide_title_link\">Carros elevadores el\u00e9ctricos V-Move<\/a><\/h2><\/div><div class=\"et_pb_button_wrapper\"><a class=\"et_pb_button et_pb_more_button\" href=\"https:\/\/www.xerowaste.ca\/es\/electric-tugs\/\">Ver los 19 modelos diferentes<\/a><\/div><\/div><\/div><\/div><\/div>\n<\/div><\/div>\n<\/div>\n\n<div class=\"et_pb_section_2 et_pb_section et_section_regular et_block_section\">\n<div class=\"et_pb_row_0 et_pb_row et_block_row\">\n<div class=\"et_pb_column_0 et_pb_column et_pb_column_1_2 et_block_column et_pb_css_mix_blend_mode_passthrough\">\n<div class=\"et_pb_image_0 et_pb_image et_pb_module et_block_module\"><a href=\"https:\/\/www.xerowaste.ca\/es\/electric-tugs\/\"><span class=\"et_pb_image_wrap\"><img decoding=\"async\" src=\"https:\/\/www.xerowaste.ca\/wp-content\/uploads\/2025\/03\/Xerowaste-V-move-TM_640x338.jpg\" width=\"640\" height=\"388\" srcset=\"https:\/\/www.xerowaste.ca\/wp-content\/uploads\/2025\/03\/Xerowaste-V-move-TM_640x338.jpg 640w, https:\/\/www.xerowaste.ca\/wp-content\/uploads\/2025\/03\/Xerowaste-V-move-TM_640x338-480x291.jpg 480w\" sizes=\"(min-width: 0px) and (max-width: 480px) 480px, (min-width: 481px) 640px, 100vw\" class=\"wp-image-16133\" title=\"Xerowaste-V-move-TM_640x338\" alt=\"Xerowaste | Transportador semirremolque V-move 40T\" \/><\/span><\/a><\/div>\n\n<div class=\"et_pb_blurb_0 et_pb_blurb et_pb_bg_layout_light et_pb_text_align_center et_pb_blurb_position_top et_clickable et_pb_module et_block_module\"><div class=\"et_pb_blurb_content\"><div class=\"et_pb_blurb_container\"><h4 class=\"et_pb_module_header\">Tugones el\u00e9ctricos V-Move para mover cargas, tipo \"walk-along\"<\/h4><div class=\"et_pb_blurb_description\"><p style=\"text-align: center;\">Vea la l\u00ednea de remolcadores el\u00e9ctricos V-Move o empujadores de carga y tractores de arrastre con conductor para su uso en Canad\u00e1, EE. UU. y M\u00e9xico. \u00daselos como movilizador de contenedores de basura, movilizador de semirremolques, empujador de carritos de equipaje, empujador de carritos de compras, remolcador de invernaderos, remolcador industrial, remolcador de arrastre, transportador de carga y para muchos otros usos.<\/p>\n<\/div><\/div><\/div><\/div>\n\n<div class=\"et_pb_module et_pb_button_module_wrapper et_pb_button_0_wrapper\"><a class=\"et_pb_button_0 et_pb_button et_pb_bg_layout_light et_pb_module et_block_module\" href=\"https:\/\/www.xerowaste.ca\/es\/electric-tugs\/\">Ver todos nuestros V-move transportadores de carga<\/a><\/div>\n<\/div>\n\n<div class=\"et_pb_column_1 et_pb_column et_pb_column_1_2 et-last-child et_block_column et_pb_css_mix_blend_mode_passthrough\">\n<div class=\"et_pb_image_1 et_pb_image et_pb_module et_block_module\"><a href=\"https:\/\/www.xerowaste.ca\/es\/electric-tugs\/tote-trailer-cart\/#totecarrier\"><span class=\"et_pb_image_wrap\"><img decoding=\"async\" src=\"https:\/\/www.xerowaste.ca\/wp-content\/uploads\/2024\/02\/V-move-XL-with-16-inch-XTRAC-winter-tires-455x314-1.jpg\" width=\"455\" height=\"314\" srcset=\"https:\/\/www.xerowaste.ca\/wp-content\/uploads\/2024\/02\/V-move-XL-with-16-inch-XTRAC-winter-tires-455x314-1.jpg 455w, https:\/\/www.xerowaste.ca\/wp-content\/uploads\/2024\/02\/V-move-XL-with-16-inch-XTRAC-winter-tires-455x314-1-320x221.jpg 320w, https:\/\/www.xerowaste.ca\/wp-content\/uploads\/2024\/02\/V-move-XL-with-16-inch-XTRAC-winter-tires-455x314-1-400x276.jpg 400w, https:\/\/www.xerowaste.ca\/wp-content\/uploads\/2024\/02\/V-move-XL-with-16-inch-XTRAC-winter-tires-455x314-1-18x12.jpg 18w\" sizes=\"(max-width: 455px) 100vw, 455px\" class=\"wp-image-12750\" title=\"V-move XL con neum\u00e1ticos de invierno XTRAC de 16 pulgadas 455x314\" alt=\"V-move XL con neum\u00e1ticos de invierno XTRAC para remolcar contenedores de basura en nieve y hielo\" \/><\/span><\/a><\/div>\n\n<div class=\"et_pb_blurb_1 et_pb_blurb et_pb_bg_layout_light et_pb_text_align_center et_pb_blurb_position_top et_clickable et_pb_module et_block_module\"><div class=\"et_pb_blurb_content\"><div class=\"et_pb_blurb_container\"><h4 class=\"et_pb_module_header\">Remolques de reciclaje y portamonedas<\/h4><div class=\"et_pb_blurb_description\"><p style=\"text-align: center;\">Nuestro innovador portador para dos contenedores puede transportar uno o dos contenedores de dos ruedas de 95, 64 o 32 galones en una pendiente de rampa de hasta 25%. \u00a1Ayuda a reducir lesiones y aumentar la productividad para ahorrarle dinero! Opcional con nuestros V-move L, XL o XL+. Tambi\u00e9n tenemos remolques Bin Butler para 6 y 8 contenedores.<\/p>\n<\/div><\/div><\/div><\/div>\n\n<div class=\"et_pb_module et_pb_button_module_wrapper et_pb_button_1_wrapper\"><a class=\"et_pb_button_1 et_pb_button et_pb_bg_layout_light et_pb_module et_block_module\" href=\"https:\/\/www.xerowaste.ca\/es\/electric-tugs\/tote-trailer-cart\/#totecarrier\">M\u00e1s informaci\u00f3n sobre nuestros Accesorios<\/a><\/div>\n<\/div>\n<\/div>\n\n<div class=\"et_pb_row_1 et_pb_row et_block_row\">\n<div class=\"et_pb_column_2 et_pb_column et_pb_column_4_4 et-last-child et_block_column et_pb_css_mix_blend_mode_passthrough\">\n<div class=\"et_pb_divider_0 et_pb_divider et_pb_space et_pb_divider_position_top et_pb_module\"><div class=\"et_pb_divider_internal\"><\/div><\/div>\n<\/div>\n<\/div>\n<\/div>\n\n<div class=\"et_pb_section_3 et_pb_section et_section_regular et_block_section\">\n<div class=\"et_pb_row_2 et_pb_row et_pb_equal_columns et_block_row\">\n<div class=\"et_pb_column_3 et_pb_column et_pb_column_1_2 et_block_column et_pb_css_mix_blend_mode_passthrough\">\n<div class=\"et_pb_image_2 et_pb_image et_pb_module et_block_module\"><span class=\"et_pb_image_wrap\"><img decoding=\"async\" src=\"https:\/\/www.xerowaste.ca\/wp-content\/uploads\/2025\/10\/Xerowaste-V-move-readers-choice-award-nomination-800x479-1.jpg\" width=\"800\" height=\"479\" srcset=\"https:\/\/www.xerowaste.ca\/wp-content\/uploads\/2025\/10\/Xerowaste-V-move-readers-choice-award-nomination-800x479-1.jpg 800w, https:\/\/www.xerowaste.ca\/wp-content\/uploads\/2025\/10\/Xerowaste-V-move-readers-choice-award-nomination-800x479-1-480x287.jpg 480w\" sizes=\"(min-width: 0px) and (max-width: 480px) 480px, (min-width: 481px) 800px, 100vw\" class=\"wp-image-17201\" title=\"L\u00ednea de marcha V: premio\" alt=\"Gama V-move de transportadores de carga nominada al premio de lectores 2020 | Xerowaste\" \/><\/span><\/div>\n\n<div class=\"et_pb_blurb_2 et_pb_blurb et_pb_bg_layout_light et_pb_text_align_center et_pb_blurb_position_top et_clickable et_pb_module et_block_module\"><div class=\"et_pb_blurb_content\"><div class=\"et_pb_blurb_container\"><h4 class=\"et_pb_module_header\">Los movilizadores de carga V-move fueron nominados para un premio de elecci\u00f3n de los lectores.<\/h4><div class=\"et_pb_blurb_description\"><p style=\"text-align: center;\">Los remolcadores V-move fueron seleccionados como los mejores remolcadores y votados por los lectores en una categor\u00eda de 'remolcadores, carritos y ruedas'. Descubra c\u00f3mo nos fue en el Premio Reader's Choice 2020 de una importante revista de manejo de materiales.<\/p>\n<\/div><\/div><\/div><\/div>\n\n<div class=\"et_pb_module et_pb_button_module_wrapper et_pb_button_2_wrapper\"><a class=\"et_pb_button_2 et_pb_button et_pb_bg_layout_light et_pb_module et_block_module\" href=\"https:\/\/www.mmh.com\/article\/mhpn_materials_handling_24_7_readers_choice_products_of_year_2020_winners\" target=\"_blank\" rel=\"external noreferrer noopener\">Conoce m\u00e1s sobre el premio a elecci\u00f3n de los lectores<\/a><\/div>\n<\/div>\n\n<div class=\"et_pb_column_4 et_pb_column et_pb_column_1_2 et-last-child et_block_column et_pb_css_mix_blend_mode_passthrough\">\n<div class=\"et_pb_image_3 et_pb_image et_pb_module et_block_module\"><a href=\"https:\/\/www.xerowaste.ca\/es\/electric-tugs\/comzu_f3313_industrial_vacuum\/\"><span class=\"et_pb_image_wrap\"><img decoding=\"async\" src=\"https:\/\/www.xerowaste.ca\/wp-content\/uploads\/2025\/10\/industrial-vacuum-cleaner-comzu-f3313-lithium-verhagen-leiden800x479.jpg\" width=\"800\" height=\"479\" srcset=\"https:\/\/www.xerowaste.ca\/wp-content\/uploads\/2025\/10\/industrial-vacuum-cleaner-comzu-f3313-lithium-verhagen-leiden800x479.jpg 800w, https:\/\/www.xerowaste.ca\/wp-content\/uploads\/2025\/10\/industrial-vacuum-cleaner-comzu-f3313-lithium-verhagen-leiden800x479-480x287.jpg 480w\" sizes=\"(min-width: 0px) and (max-width: 480px) 480px, (min-width: 481px) 800px, 100vw\" class=\"wp-image-17197\" title=\"Xerowaste - Carrito empujador V-move XL+ para compras x142\" alt=\"Xerowaste | Carrito empujador V-move XL+ con motor AC - recuperador de carritos premium.\" \/><\/span><\/a><\/div>\n\n<div class=\"et_pb_blurb_3 et_pb_blurb et_pb_bg_layout_light et_pb_text_align_center et_pb_blurb_position_top et_clickable et_pb_module et_block_module\"><div class=\"et_pb_blurb_content\"><div class=\"et_pb_blurb_container\"><h4 class=\"et_pb_module_header\">La aspiradora industrial a bater\u00eda m\u00e1s potente<\/h4><div class=\"et_pb_blurb_description\"><p style=\"text-align: center;\">La aspiradora industrial a bater\u00eda Comzu de Verhagen funciona hasta por 80 minutos y tarda 2.5 horas en recargarse. Haga clic aqu\u00ed para ver por qu\u00e9 esta aspiradora es la que estaba buscando.<\/p>\n<\/div><\/div><\/div><\/div>\n\n<div class=\"et_pb_module et_pb_button_module_wrapper et_pb_button_3_wrapper\"><a class=\"et_pb_button_3 et_pb_button et_pb_bg_layout_light et_pb_module et_block_module\" href=\"https:\/\/www.xerowaste.ca\/es\/electric-tugs\/comzu_f3313_industrial_vacuum\/\">Aprende m\u00e1s sobre la aspiradora Comzu<\/a><\/div>\n<\/div>\n<\/div>\n<\/div>\n\n<div class=\"et_pb_section_4 et_pb_section et_section_regular et_block_section\">\n<div class=\"et_pb_row_3 et_pb_row et_pb_equal_columns et_pb_gutters1 et_block_row\">\n<div class=\"et_pb_column_5 et_pb_column et_pb_column_1_2 et_block_column et_pb_css_mix_blend_mode_passthrough\">\n<div class=\"et_pb_image_4 et_pb_image et_pb_module et_block_module\"><a href=\"https:\/\/www.xerowaste.ca\/es\/electric-tugs\/xl-plus-shopping-cart-pusher\/\"><span class=\"et_pb_image_wrap\"><img decoding=\"async\" src=\"https:\/\/www.xerowaste.ca\/wp-content\/uploads\/2023\/02\/XL-1500-cart-pusher-cart-retreiver-700.jpg\" width=\"700\" height=\"700\" srcset=\"https:\/\/www.xerowaste.ca\/wp-content\/uploads\/2023\/02\/XL-1500-cart-pusher-cart-retreiver-700.jpg 700w, https:\/\/www.xerowaste.ca\/wp-content\/uploads\/2023\/02\/XL-1500-cart-pusher-cart-retreiver-700-480x480.jpg 480w\" sizes=\"(min-width: 0px) and (max-width: 480px) 480px, (min-width: 481px) 700px, 100vw\" class=\"wp-image-11220\" title=\"Carro empujador XL 1500 recuperador de carritos 700\" alt=\"Xerowaste V-move XL 1.5 empujador de carritos o recuperador de carritos empujando carritos de supermercado\" \/><\/span><\/a><\/div>\n\n\n<\/div>\n\n<div class=\"et_pb_column_6 et_pb_column et_pb_column_1_2 et-last-child et_block_column et_pb_css_mix_blend_mode_passthrough\">\n<div class=\"et_pb_image_5 et_pb_image et_pb_module et_block_module\"><a href=\"https:\/\/www.xerowaste.ca\/es\/electric-tugs\/waste-bin-tug-or-dumpster-mover\/\"><span class=\"et_pb_image_wrap\"><img decoding=\"async\" src=\"https:\/\/www.xerowaste.ca\/wp-content\/uploads\/2023\/05\/DSC_0240-800x800-1.jpg\" width=\"800\" height=\"800\" srcset=\"https:\/\/www.xerowaste.ca\/wp-content\/uploads\/2023\/05\/DSC_0240-800x800-1.jpg 800w, https:\/\/www.xerowaste.ca\/wp-content\/uploads\/2023\/05\/DSC_0240-800x800-1-480x480.jpg 480w\" sizes=\"(min-width: 0px) and (max-width: 480px) 480px, (min-width: 481px) 800px, 100vw\" class=\"wp-image-11727\" title=\"Xerowaste | Compactadora aut contenido V-move XXL en pendiente-800x800\" alt=\"Xerowaste | El remolcador de contenedores V-move XXL subiendo un compactador autocontenido por una pendiente en la entrada\" \/><\/span><\/a><\/div>\n<\/div>\n<\/div>\n<\/div>\n\n<div class=\"et_pb_section_5 et_pb_section et_section_regular et_block_section\">\n<div class=\"et_pb_row_4 et_pb_row et_block_row\">\n<div class=\"et_pb_column_7 et_pb_column et_pb_column_4_4 et-last-child et_block_column et_pb_css_mix_blend_mode_passthrough\">\n<div class=\"et_pb_text_0 et_pb_text et_pb_bg_layout_dark et_pb_module et_block_module\" id=\"About\"><div class=\"et_pb_text_inner\"><h2><strong>Sobre nosotros<\/strong><\/h2>\n<p><span style=\"color: #000000;\">Xerowaste Solutions es un mayorista y minorista de equipos de manejo de materiales en Am\u00e9rica del Norte. Nos especializamos en remolcadores, transportadores de carga a pie, transportadores de contenedores de basura, carritos de residuos y tractores de remolque para el dif\u00edcil acarreo de contenedores de basura, desde recipientes hasta compactadoras aut\u00f3nomas en pendientes de hasta 30%. Tambi\u00e9n trabajamos con clientes de manufactura en todos los sectores para proporcionar los equipos y soluciones de manejo de materiales necesarios para reducir lesiones y aumentar la productividad. Vendemos la l\u00ednea de equipos de manejo de materiales de las marcas V-move, Bin Butler y Comzu.<\/span><\/p>\n<p><span style=\"color: #000000;\">Xerowaste Solutions est\u00e1 liderado por un equipo con experiencia integral desde el nivel operativo hasta el ejecutivo en el sector de gesti\u00f3n de residuos y reciclaje de Am\u00e9rica del Norte, incluyendo conocimiento de principio a fin de software de gesti\u00f3n de residuos y reciclaje, software de rutas, disposici\u00f3n de residuos, operaciones de rellenos sanitarios, estaciones de transferencia y plantas de reciclaje. En total, tenemos m\u00e1s de 35 a\u00f1os de experiencia combinada en la industria de residuos y reciclaje, m\u00e1s de nueve a\u00f1os de experiencia en equipos de manejo de materiales de cero emisiones y hemos estado en el negocio desde 2013. Tambi\u00e9n trabajamos en estrecha colaboraci\u00f3n con muchos expertos de la industria, como <a href=\"https:\/\/www.verhagenleiden.nl\/\" target=\"_blank\" rel=\"noopener\"><span style=\"color: #000000;\">Verhagen Leiden<\/span><\/a>. Verhagen Leiden opera en el negocio de equipos de manejo de materiales desde 1964 y es el fabricante de los cargadores y tractores de arrastre de la marca V-Move\u00ae y de las aspiradoras industriales Comzu.<\/span><\/p>\n<p><span style=\"color: #000000;\">Xerowaste\u2122 es un proveedor de <a href=\"https:\/\/www.xerowaste.ca\/es\/electric-tugs\/waste-bin-tug-or-dumpster-mover\/\" target=\"_blank\" rel=\"noopener\"><span style=\"color: #000000;\">carro portacontenedores a bater\u00eda marca V-move<\/span><\/a> y remolcadores semirremolque autopropulsados, las aspiradoras industriales Comuzu, as\u00ed como una l\u00ednea de remolques para contenedores de reciclaje marca Bin Butler. Somos el mayorista y minorista autorizado en Am\u00e9rica del Norte del fabricante holand\u00e9s Verhagen Leiden, y su l\u00ednea de 19 cargadores y arrastradores de carga a bater\u00eda V-Move y aspiradoras industriales Comzu. Respaldamos la alta calidad y durabilidad de los modelos V-Move y Comzu con una garant\u00eda del fabricante de hasta dos a\u00f1os. <a href=\"https:\/\/v-move.com\/\" target=\"_blank\" rel=\"noopener\"><span style=\"color: #000000;\">V-mueve<\/span><\/a> Los carros de arrastre tienen muchos usos para hacer una tarea m\u00e1s f\u00e1cil, r\u00e1pida, menos costosa y m\u00e1s segura.<\/span><\/p>\n<p><span style=\"color: #000000;\">Escribimos art\u00edculos sobre equipos de manejo de materiales de cero emisiones y soluciones de bajo carbono para revistas especializadas de residuos y reciclaje en EE. UU. y Canad\u00e1, y para revistas especializadas relacionadas con la industria de la vivienda. Nuestro informativo art\u00edculo de seguridad sobre <a href=\"https:\/\/www.xerowaste.ca\/es\/reducing-injuries-moving-waste-bins\/\" target=\"_blank\" rel=\"noopener\"><span style=\"color: #000000;\">mover cubos de basura<\/span><\/a> fue publicado en tres revistas diferentes. Vendemos equipos de manejo de materiales de cero emisiones, incluida la l\u00ednea de <a style=\"color: #000000;\" href=\"https:\/\/www.xerowaste.ca\/es\/electric-tugs\/\" target=\"_blank\" rel=\"noopener noreferrer\">Modelos V-Move de carros de arrastre o empujadores de carga y tractores de remolque<\/a> y los remolques con contenedores de reciclaje, todas soluciones de baja huella de carbono y cero emisiones.<br \/>\n<\/span><\/p>\n<p><span style=\"color: #000000;\">Algunos de nuestros empleados son consultores certificados en cero residuos para asegurar que las decisiones de gesti\u00f3n de residuos en torno a la selecci\u00f3n y uso de los remolcadores de contenedores V-move se tomen con respecto a un proceso eficiente y l\u00f3gico.<\/span><\/p>\n<p><span style=\"color: #000000;\">Al considerar equipos de manejo de materiales, permita que Xerowaste Solutions ayude a que su organizaci\u00f3n avance hacia una mayor eficiencia operativa, seguridad y sostenibilidad ambiental.<\/span><\/p>\n<\/div><\/div>\n<\/div>\n<\/div>\n<\/div>\n\n<div class=\"et_pb_section_6 et_pb_section et_section_regular et_block_section\">\n<div class=\"et_pb_row_5 et_pb_row et_block_row\">\n<div class=\"et_pb_column_8 et_pb_column et_pb_column_4_4 et-last-child et_block_column et_pb_css_mix_blend_mode_passthrough\">\n<div class=\"et_pb_text_1 et_pb_text et_pb_bg_layout_light et_pb_module et_block_module\"><div class=\"et_pb_text_inner\"><h3><div class=\"shortcode-site-reviews-summary\"><div class=\"glsr glsr-divi\" id=\"glsr_wvpyrfxo\" data-from=\"shortcode\" data-shortcode=\"site_reviews_summary\" data-hide=\"bars,if_empty\" data-schema=\"1\"><div class=\"glsr-summary-wrap\">\n    <div class=\"glsr-summary\">\n        <div class=\"glsr-summary-rating\"><span class=\"glsr-tag-value\">5.0<\/span><\/div>\n        <div class=\"glsr-summary-stars\"><div class=\"glsr-star-rating glsr-stars\" role=\"img\" aria-label=\"Rated 5 out of 5 stars based on 14 ratings\" data-rating=\"5\" data-reviews=\"14\"><span class=\"glsr-star glsr-star-full\" aria-hidden=\"true\"><\/span><span class=\"glsr-star glsr-star-full\" aria-hidden=\"true\"><\/span><span class=\"glsr-star glsr-star-full\" aria-hidden=\"true\"><\/span><span class=\"glsr-star glsr-star-full\" aria-hidden=\"true\"><\/span><span class=\"glsr-star glsr-star-full\" aria-hidden=\"true\"><\/span><\/div><\/div>\n        <div class=\"glsr-summary-text\"><span class=\"glsr-tag-value\">5.0 de 5 estrellas (basado en 14 rese\u00f1as)<\/span><\/div>\n        \n    <\/div>\n<\/div><\/div><\/div><\/h3>\n<\/div><\/div>\n<\/div>\n<\/div>\n<\/div>\n\n<div class=\"et_pb_section_7 et_pb_section et_section_regular et_block_section\">\n<div class=\"et_pb_row_6 et_pb_row et_pb_equal_columns et_block_row\">\n<div class=\"et_pb_column_9 et_pb_column et_pb_column_4_4 et-last-child et_block_column et_pb_css_mix_blend_mode_passthrough\">\n<div class=\"et_pb_cta_0 et_pb_promo et_pb_bg_layout_dark et_clickable et_pb_module et_block_module\"><div class=\"et_pb_promo_description\"><h2 class=\"et_pb_module_header\">Consulta sobre nuestros transportadores de carga o cotizaci\u00f3n<\/h2><\/div><div class=\"et_pb_button_wrapper\"><a class=\"et_pb_button et_pb_promo_button\" href=\"https:\/\/www.xerowaste.ca\/es\/contact-us\/\">Cont\u00e1ctanos<\/a><\/div><\/div>\n<\/div>\n<\/div>\n<\/div>","protected":false},"excerpt":{"rendered":"","protected":false},"author":2,"featured_media":5252,"parent":0,"menu_order":0,"comment_status":"closed","ping_status":"closed","template":"","meta":{"_glsr_average":0,"_glsr_ranking":0,"_glsr_reviews":0,"footnotes":""},"class_list":["post-189","page","type-page","status-publish","has-post-thumbnail","hentry"],"_links":{"self":[{"href":"https:\/\/www.xerowaste.ca\/es\/wp-json\/wp\/v2\/pages\/189","targetHints":{"allow":["GET"]}}],"collection":[{"href":"https:\/\/www.xerowaste.ca\/es\/wp-json\/wp\/v2\/pages"}],"about":[{"href":"https:\/\/www.xerowaste.ca\/es\/wp-json\/wp\/v2\/types\/page"}],"author":[{"embeddable":true,"href":"https:\/\/www.xerowaste.ca\/es\/wp-json\/wp\/v2\/users\/2"}],"replies":[{"embeddable":true,"href":"https:\/\/www.xerowaste.ca\/es\/wp-json\/wp\/v2\/comments?post=189"}],"version-history":[{"count":0,"href":"https:\/\/www.xerowaste.ca\/es\/wp-json\/wp\/v2\/pages\/189\/revisions"}],"wp:featuredmedia":[{"embeddable":true,"href":"https:\/\/www.xerowaste.ca\/es\/wp-json\/wp\/v2\/media\/5252"}],"wp:attachment":[{"href":"https:\/\/www.xerowaste.ca\/es\/wp-json\/wp\/v2\/media?parent=189"}],"curies":[{"name":"wp","href":"https:\/\/api.w.org\/{rel}","templated":true}]}}