{"id":371,"date":"2016-12-17T17:39:35","date_gmt":"2016-12-18T01:39:35","guid":{"rendered":"http:\/\/108.163.188.138\/~xerowast\/?page_id=371"},"modified":"2026-04-11T20:54:21","modified_gmt":"2026-04-12T03:54:21","slug":"privacy-policy","status":"publish","type":"page","link":"https:\/\/www.xerowaste.ca\/es\/privacy-policy\/","title":{"rendered":"Pol\u00edtica de Privacidad"},"content":{"rendered":"<div class=\"et_pb_section_0 et_pb_section et_section_regular et_block_section\"><div class=\"et_pb_row_0 et_pb_row et_block_row\"><div class=\"et_pb_column_0 et_pb_column et_pb_column_4_4 et-last-child et_block_column et_pb_css_mix_blend_mode_passthrough\"><div class=\"et_pb_text_0 et_pb_text et_pb_bg_layout_light et_pb_module et_block_module\"><div class=\"et_pb_text_inner\"><div class=\"et_pb_text et_pb_module et_pb_bg_layout_light et_pb_text_align_left et_pb_text_0\">\n<h1><strong>Pol\u00edtica de Privacidad<\/strong><\/h1>\n<p><code><\/code><\/p>\n<p><b>XeroWaste respeta su privacidad.<br \/><\/b><\/p>\n<p>La direcci\u00f3n de nuestro sitio web es: <a href=\"https:\/\/www.xerowaste.ca\/es\/\">https:\/\/www.xerowaste.ca<\/a>.<\/p>\n<p>Nuestra informaci\u00f3n de contacto es <a href=\"https:\/\/www.xerowaste.ca\/es\/contact-us\/\">AQU\u00cd.<\/a><\/p>\n<p><strong>Qu\u00e9 datos personales podemos o no recopilar y por qu\u00e9<\/strong><\/p>\n<p><b>Detalles de la tarjeta de cr\u00e9dito:<br \/><\/b>XeroWaste no acepta detalles de tarjetas de cr\u00e9dito en nuestro sitio web y le solicitamos que no los ingrese en ninguno de los formularios de este sitio web.<\/p>\n<p><strong>Formularios de contacto:<br \/><\/strong>Cuando los visitantes est\u00e1n en el sitio, recopilamos los datos que se muestran en el formulario de contacto, as\u00ed como la direcci\u00f3n IP del visitante y la cadena del agente de usuario del navegador para ayudar a responder a su consulta, identificar a los visitantes recurrentes del sitio y prevenir el spam. Consulte el sitio web de Clicky Analytics., <a href=\"https:\/\/clicky.com\/optout\" target=\"_blank\" rel=\"noopener noreferrer\">para exclusiones disponibles actualmente<\/a> caracter\u00edstica, ya que recopilan y almacenan la IP y la cadena del agente de usuario del navegador para nosotros.<\/p>\n<p><strong>Galletas<br \/><\/strong>Una \u201ccookie\u201d es un peque\u00f1o archivo de texto de datos que se coloca en tu navegador. XeroWaste solo almacena cookies necesarias o esenciales para que el sitio web funcione correctamente, con la seguridad adecuada y para permitir una buena experiencia para el visitante. No identificamos a un individuo espec\u00edfico. La informaci\u00f3n de las cookies dura hasta un a\u00f1o en tu computadora, a menos que t\u00fa la elimines. Cuando eliges ver un video de Youtube incrustado en el sitio web de XeroWaste, debes aceptar una pol\u00edtica de cookies y privacidad separada de Youtube que se te presentar\u00e1. https:\/\/policies.google.com\/technologies\/cookies?hl=en<\/p>\n<p style=\"padding-left: 40px;\"><strong>Cookies necesarias\/esenciales (la mayor\u00eda de las veces solo ver\u00e1s dos cookies configuradas):<\/strong><\/p>\n<p style=\"padding-left: 40px;\">Cookie __cf_bm<br \/>Duraci\u00f3n de la sesi\u00f3n<br \/>Descripci\u00f3n Esta cookie se utiliza para distinguir entre humanos y bots para presentar el contenido correcto.<\/p>\n<p>\u00a0\u00a0\u00a0\u00a0\u00a0\u00a0\u00a0\u00a0\u00a0\u00a0Cookie _lscache_vary<br \/>\u00a0\u00a0\u00a0\u00a0\u00a0\u00a0\u00a0\u00a0\u00a0 Duraci\u00f3n 2 d\u00edas<br \/>\u00a0\u00a0\u00a0\u00a0\u00a0\u00a0\u00a0\u00a0\u00a0 Descripci\u00f3n Litespeed puede establecer esta cookie para proporcionar la prevenci\u00f3n de p\u00e1ginas en cach\u00e9 cuando sea necesario.<\/p>\n<p style=\"padding-left: 40px;\">Cookie wp-wpml_current_language<br \/>Duraci\u00f3n de la sesi\u00f3n<br \/>Descripci\u00f3n El plugin de WordPress multiling\u00fce puede configurar esta cookie para almacenar la configuraci\u00f3n actual del idioma\/idiomas.<\/p>\n<p style=\"padding-left: 40px;\">Cookie litespeed_docref<br \/>Duraci\u00f3n de la sesi\u00f3n<br \/>Esta cookie es necesaria para la funci\u00f3n de cach\u00e9.<\/p>\n<p style=\"padding-left: 40px;\">Cookie _primeravistap\u00e1gina<br \/>Duraci\u00f3n 10 minutos<br \/>Descripci\u00f3n Esta es una cookie de sesi\u00f3n que se establece en la primera vista de p\u00e1gina de cualquier visita. Su prop\u00f3sito es asegurar que ciertas partes del c\u00f3digo solo se ejecuten en la primera vista de p\u00e1gina, haci\u00e9ndola m\u00e1s r\u00e1pida y eficiente.<\/p>\n<p style=\"padding-left: 40px;\">Cookie _jsuid<br \/>Duraci\u00f3n 13 meses<br \/>Descripci\u00f3n Esta cookie almacena un n\u00famero aleatorio que se genera la primera vez que alguien visita el sitio web. Su prop\u00f3sito es identificar a los nuevos visitantes del sitio web para que la cach\u00e9 funcione correctamente.<\/p>\n<p><strong>Anal\u00edtica<br \/><\/strong>Cuando recopilamos informaci\u00f3n de un formulario que usted ha completado en l\u00ednea, podemos utilizar esa informaci\u00f3n para procesar su solicitud, respaldar una futura campa\u00f1a de marketing por correo electr\u00f3nico y para estad\u00edsticas. No almacenamos la informaci\u00f3n en nuestro servidor. Su informaci\u00f3n puede residir dentro de nuestro historial de correo electr\u00f3nico si usted se comunic\u00f3 con nosotros.<\/p>\n<p><strong>Con qui\u00e9n compartimos tus datos:<br \/><\/strong>No vendemos tu informaci\u00f3n y solo la utilizamos para respaldar nuestra actividad de ventas contigo. Un tercero puede tener acceso a nuestra informaci\u00f3n en el proceso de realizar trabajos para nosotros. Los terceros con los que trabajamos tienen su propia pol\u00edtica de privacidad y no se dedican a tomar ni vender tu informaci\u00f3n.<\/p>\n<p><strong>Qu\u00e9 derechos tienes sobre tus datos:<br \/><\/strong>Tambi\u00e9n puedes solicitar que borremos cualquier dato personal que tengamos sobre ti. Esto no incluye datos que estemos obligados a conservar por motivos administrativos, legales o de seguridad.<\/p>\n<p><b>Recuerda los riesgos al usar Internet:<br \/><\/b>Otros sitios o servicios de Internet que puedan ser accesibles a trav\u00e9s de XeroWaste tienen pr\u00e1cticas de datos y privacidad separadas e independientes de nosotros, y por lo tanto, declinamos toda responsabilidad por sus pol\u00edticas o acciones.<br \/>P\u00f3ngase en contacto directamente con esos proveedores y otros si tiene alguna pregunta sobre sus pol\u00edticas de privacidad. Para cualquier otra informaci\u00f3n sobre privacidad, <a href=\"https:\/\/www.xerowaste.ca\/es\/contacta-con-nosotros\/\">cont\u00e1ctanos<\/a>.<\/p>\n<\/div>\n<\/div><\/div><\/div><\/div><\/div>","protected":false},"excerpt":{"rendered":"","protected":false},"author":2,"featured_media":9852,"parent":0,"menu_order":0,"comment_status":"closed","ping_status":"closed","template":"","meta":{"_glsr_average":0,"_glsr_ranking":0,"_glsr_reviews":0,"footnotes":""},"class_list":["post-371","page","type-page","status-publish","has-post-thumbnail","hentry"],"_links":{"self":[{"href":"https:\/\/www.xerowaste.ca\/es\/wp-json\/wp\/v2\/pages\/371","targetHints":{"allow":["GET"]}}],"collection":[{"href":"https:\/\/www.xerowaste.ca\/es\/wp-json\/wp\/v2\/pages"}],"about":[{"href":"https:\/\/www.xerowaste.ca\/es\/wp-json\/wp\/v2\/types\/page"}],"author":[{"embeddable":true,"href":"https:\/\/www.xerowaste.ca\/es\/wp-json\/wp\/v2\/users\/2"}],"replies":[{"embeddable":true,"href":"https:\/\/www.xerowaste.ca\/es\/wp-json\/wp\/v2\/comments?post=371"}],"version-history":[{"count":0,"href":"https:\/\/www.xerowaste.ca\/es\/wp-json\/wp\/v2\/pages\/371\/revisions"}],"wp:featuredmedia":[{"embeddable":true,"href":"https:\/\/www.xerowaste.ca\/es\/wp-json\/wp\/v2\/media\/9852"}],"wp:attachment":[{"href":"https:\/\/www.xerowaste.ca\/es\/wp-json\/wp\/v2\/media?parent=371"}],"curies":[{"name":"wp","href":"https:\/\/api.w.org\/{rel}","templated":true}]}}