{"id":14495,"date":"2023-02-02T09:33:47","date_gmt":"2023-02-02T17:33:47","guid":{"rendered":"https:\/\/www.xerowaste.ca\/electric-tugs\/v-move-l-empujador-de-carrito-de-compras-o-recuperador-de-carritos-carros-pequenos\/"},"modified":"2025-05-30T21:19:31","modified_gmt":"2025-05-31T04:19:31","slug":"l-carro-empujador-carro-retriever","status":"publish","type":"product","link":"https:\/\/www.xerowaste.ca\/es\/l-carro-empujador-carro-retriever\/","title":{"rendered":"V-move L Empujador de carrito de compras o recuperador de carrito <br\/> Carros peque\u00f1os"},"content":{"rendered":"<p>[et_pb_section fb_built=&#8221;1&#8243; _builder_version=&#8221;4.25.0&#8243; custom_margin=&#8221;0px||||false|false&#8221; custom_padding=&#8221;0px||||false|false&#8221; global_colors_info=&#8221;{}&#8221;][et_pb_row column_structure=&#8221;2_5,3_5&#8243; _builder_version=&#8221;4.25.0&#8243; background_size=&#8221;initial&#8221; background_position=&#8221;top_left&#8221; background_repeat=&#8221;repeat&#8221; width=&#8221;100%&#8221; custom_margin=&#8221;0px||||false|false&#8221; custom_padding=&#8221;0px||||false|false&#8221; global_colors_info=&#8221;{}&#8221;][et_pb_column type=&#8221;2_5&#8243; _builder_version=&#8221;4.16&#8243; custom_padding=&#8221;|||&#8221; global_colors_info=&#8221;{}&#8221; custom_padding__hover=&#8221;|||&#8221;][et_pb_heading title=&#8221;Empujador de carro V-move L&#8221; disabled_on=&#8221;off|off|on&#8221; _builder_version=&#8221;4.25.0&#8243; _module_preset=&#8221;default&#8221; title_level=&#8221;h2&#8243; custom_padding=&#8221;0px||0px||false|false&#8221; global_colors_info=&#8221;{}&#8221;][\/et_pb_heading][et_pb_wc_images _builder_version=&#8221;4.16&#8243; global_colors_info=&#8221;{}&#8221;][\/et_pb_wc_images][\/et_pb_column][et_pb_column type=&#8221;3_5&#8243; _builder_version=&#8221;4.16&#8243; custom_padding=&#8221;|||&#8221; global_colors_info=&#8221;{}&#8221; custom_padding__hover=&#8221;|||&#8221;][et_pb_wc_title _builder_version=&#8221;4.16&#8243; header_font=&#8221;|700|||||||&#8221; global_colors_info=&#8221;{}&#8221;][\/et_pb_wc_title][et_pb_wc_price _builder_version=&#8221;4.16&#8243; global_colors_info=&#8221;{}&#8221;][\/et_pb_wc_price][et_pb_text _builder_version=&#8221;4.25.1&#8243; _module_preset=&#8221;default&#8221; global_colors_info=&#8221;{}&#8221;]En stock[\/et_pb_text][et_pb_wc_description _builder_version=&#8221;4.16&#8243; global_colors_info=&#8221;{}&#8221;][\/et_pb_wc_description][\/et_pb_column][\/et_pb_row][et_pb_row column_structure=&#8221;1_2,1_4,1_4&#8243; _builder_version=&#8221;4.16&#8243; _module_preset=&#8221;default&#8221; custom_margin=&#8221;0px||||false|false&#8221; custom_padding=&#8221;0px||||false|false&#8221; global_colors_info=&#8221;{}&#8221;][et_pb_column type=&#8221;1_2&#8243; _builder_version=&#8221;4.16&#8243; _module_preset=&#8221;default&#8221; global_colors_info=&#8221;{}&#8221;][\/et_pb_column][et_pb_column type=&#8221;1_4&#8243; _builder_version=&#8221;4.16&#8243; _module_preset=&#8221;default&#8221; global_colors_info=&#8221;{}&#8221;][et_pb_wc_meta show_categories=&#8221;off&#8221; show_tags=&#8221;off&#8221; _builder_version=&#8221;4.16&#8243; global_colors_info=&#8221;{}&#8221;][\/et_pb_wc_meta][\/et_pb_column][et_pb_column type=&#8221;1_4&#8243; _builder_version=&#8221;4.16&#8243; _module_preset=&#8221;default&#8221; global_colors_info=&#8221;{}&#8221;][et_pb_button button_url=&#8221;https:\/\/www.xerowaste.ca\/wp-content\/uploads\/2024\/11\/XWS_V-Move-L-Cart-Mover-Brochure-1.pdf&#8221; url_new_window=&#8221;on&#8221; button_text=&#8221;Descargar folleto&#8221; button_alignment=&#8221;center&#8221; _builder_version=&#8221;4.27.3&#8243; _module_preset=&#8221;default&#8221; custom_button=&#8221;on&#8221; button_text_color=&#8221;#FFFFFF&#8221; button_bg_color=&#8221;#f16133&#8243; button_icon=&#8221;&#xe092;||divi||400&#8243; button_icon_color=&#8221;#000000&#8243; button_icon_placement=&#8221;left&#8221; button_on_hover=&#8221;off&#8221; global_colors_info=&#8221;{}&#8221;][\/et_pb_button][\/et_pb_column][\/et_pb_row][et_pb_row _builder_version=&#8221;4.16&#8243; _module_preset=&#8221;default&#8221; width=&#8221;auto&#8221; global_colors_info=&#8221;{}&#8221;][et_pb_column type=&#8221;4_4&#8243; _builder_version=&#8221;4.16&#8243; _module_preset=&#8221;default&#8221; global_colors_info=&#8221;{}&#8221;][et_pb_wc_description description_type=&#8221;description&#8221; _builder_version=&#8221;4.16&#8243; _module_preset=&#8221;default&#8221; global_colors_info=&#8221;{}&#8221;][\/et_pb_wc_description][\/et_pb_column][\/et_pb_row][et_pb_row _builder_version=&#8221;4.16&#8243; background_size=&#8221;initial&#8221; background_position=&#8221;top_left&#8221; background_repeat=&#8221;repeat&#8221; width=&#8221;100%&#8221; global_colors_info=&#8221;{}&#8221;][et_pb_column type=&#8221;4_4&#8243; _builder_version=&#8221;4.16&#8243; custom_padding=&#8221;|||&#8221; global_colors_info=&#8221;{}&#8221; custom_padding__hover=&#8221;|||&#8221;][et_pb_wc_additional_info _builder_version=&#8221;4.16&#8243; _module_preset=&#8221;default&#8221; global_colors_info=&#8221;{}&#8221;][\/et_pb_wc_additional_info][et_pb_wc_upsells _builder_version=&#8221;4.16&#8243; global_colors_info=&#8221;{}&#8221;][\/et_pb_wc_upsells][\/et_pb_column][\/et_pb_row][et_pb_row _builder_version=&#8221;4.16&#8243; _module_preset=&#8221;default&#8221; global_colors_info=&#8221;{}&#8221;][et_pb_column type=&#8221;4_4&#8243; _builder_version=&#8221;4.16&#8243; _module_preset=&#8221;default&#8221; global_colors_info=&#8221;{}&#8221;][et_pb_button button_url=&#8221;https:\/\/www.xerowaste.ca\/es\/remolcadores-electricos\/#Vmove&#8221; button_text=&#8221;Volver a la lista de V-Move&#8221; _builder_version=&#8221;4.27.4&#8243; _module_preset=&#8221;default&#8221; custom_button=&#8221;on&#8221; button_bg_color=&#8221;rgba(255,255,255,0.84)&#8221; positioning=&#8221;fixed&#8221; position_origin_f=&#8221;bottom_left&#8221; vertical_offset=&#8221;20px&#8221; horizontal_offset=&#8221;20px&#8221; z_index=&#8221;500&#8243; hover_enabled=&#8221;0&#8243; global_colors_info=&#8221;{}&#8221; sticky_enabled=&#8221;0&#8243;][\/et_pb_button][\/et_pb_column][\/et_pb_row][\/et_pb_section]<\/p>\n","protected":false},"excerpt":{"rendered":"<p><code><\/code><\/p>\n<h2>El empujador o recuperador de carritos de compras con control remoto V-Move L es para empujar peque\u00f1os carritos de compras \/ carritos de supermercado anidados o carritos de equipaje anidados. Tiene un motor de CC de bajas RPM de 800 vatios y es nuestro empujador de carros m\u00e1s asequible. Tiene la capacidad de empujar cargas de hasta 4,409 lb o 2 MT cuando se configura con contrapeso opcional. Ruedas s\u00f3lidas, neum\u00e1ticos de aire para todas las estaciones o neum\u00e1ticos de invierno de tacos profundos son su elecci\u00f3n con el empujador de carro V-move L.<\/h2>\n<h2><strong>\u00a1Respaldado por una garant\u00eda de un a\u00f1o!<\/strong><br \/>\n<code><br \/>\n<\/code><\/h2>\n<div style=\"text-align: center;\"><a href='https:\/\/www.xerowaste.ca\/contact-us' class='big-button bigblue'>P\u00f3ngase en contacto con nosotros para comprar<\/a><\/div>\n<p><code><br \/>\n<\/code><\/p>\n","protected":false},"featured_media":14146,"template":"","meta":{"_et_pb_use_builder":"on","_et_pb_old_content":"Evite lesiones y aumente la productividad con el empujador de carritos de compras o de supermercados V-move L. Su peque\u00f1o tama\u00f1o significa que ocupa menos espacio y es m\u00e1s f\u00e1cil de usar para el personal, especialmente en tiendas concurridas o terminales de aeropuertos abarrotadas. Idealmente, este empujador de carros es para carros peque\u00f1os. Nuestros XL y XL+ son para carros de tama\u00f1o mediano y grande.\r\n\r\nA pesar de que el V-move L tiene un motor de CC con escobillas, nuestros motores de CC giran a bajas revoluciones con una alta salida de par. Las escobillas del motor no deber\u00edan necesitar ser reemplazadas durante la vida \u00fatil del remolcador cuando se usan 4 horas o menos cada d\u00eda. Esto le ahorrar\u00e1 tiempo y dinero en comparaci\u00f3n con otros remolcadores de motor de CC en el mercado.\r\n\r\nEste empujador de carritos de compras V-Move L utiliza un popular controlador de computadora Curtis, bater\u00edas de ciclo profundo de alta calidad que no requieren mantenimiento y un cargador a prueba de agua y polvo aprobado por UL \/ CSA. La bater\u00eda est\u00e1ndar durar\u00e1 hasta 5 horas de uso continuo y repetir\u00e1 hasta 1.200 veces a una profundidad de descarga del 80%. Nuestra opci\u00f3n de bater\u00eda LiFePO4, cuando se carga parcial y r\u00e1pidamente a lo largo del d\u00eda para mantener las bater\u00edas cargadas, le proporcionar\u00e1 un uso constante las 24 horas del d\u00eda, los 7 d\u00edas de la semana.\r\n\r\nCon cada remolcador recuperador de carros se incluye un control remoto resistente a prueba de agua con clasificaci\u00f3n IP67, un soporte de rueda de carro ajustable universal, una cuerda y un trinquete de grado marino, una luz intermitente de 360 grados y una bocina de veh\u00edculo ruidosa.\r\n<code>\r\n<\/code>\r\nEl V-Move L es un empujador de carros con control remoto de calidad industrial liviana. Con placas de contrapeso opcionales, el V-move L puede pesar un total de 730 lb o 330 kg y operar en una pendiente m\u00e1xima de hasta el 25% inclusive. Sin embargo, al empujar carros, recomendamos una calificaci\u00f3n del 5% o menos. Si tiene una pendiente m\u00e1s pronunciada empujando carros peque\u00f1os, le recomendamos el empujador de carros XL o XL+. En combinaci\u00f3n con <a href=\"https:\/\/www.verhagenleiden.com\/\">Verhagen Leiden<\/a>, contamos con m\u00e1s de 45 a\u00f1os de experiencia en la manipulaci\u00f3n de materiales.\r\n\r\n<code><\/code>\r\n[table id=\"14\" \/]\r\n<code><\/code>\r\n\r\n<strong>Preg\u00fantanos por todas las opciones que tenemos para personalizar el remolcador para tu uso.<\/strong>\r\n<code>\r\n<\/code>\r\n[button link=\"https:\/\/www.xerowaste.ca\/electric-tugs\/tires-wheels\/\"] Vea nuestra selecci\u00f3n de nuestros neum\u00e1ticos y ruedas para transportadores de carga[\/button]\r\n<code>\r\n<\/code>\r\n[site_reviews_summary title=\"Xerowaste Rese\u00f1as de V-Move\" assigned_terms=\"V-Move Reviews\"]\r\n<code>\r\n<\/code>\r\n[site_reviews offset=\"3\" display=\"1\" fallback=\"No reviews currently.\" hide=\"assigned_links,date,response,title\" assigned_terms=\"V-Move Reviews\" schema=\"true\"]\r\n<code>\r\n<\/code>","_et_gb_content_width":"","_glsr_average":0,"_glsr_ranking":0,"_glsr_reviews":0},"product_cat":[194,192],"product_tag":[],"class_list":{"0":"post-14495","1":"product","2":"type-product","3":"status-publish","4":"has-post-thumbnail","6":"product_cat-empujadores-de-carritos-de-compras","7":"product_cat-remolcadores-de-movimiento-en-v","9":"first","10":"instock","11":"featured","12":"shipping-taxable","13":"product-type-simple"},"_links":{"self":[{"href":"https:\/\/www.xerowaste.ca\/es\/wp-json\/wp\/v2\/product\/14495","targetHints":{"allow":["GET"]}}],"collection":[{"href":"https:\/\/www.xerowaste.ca\/es\/wp-json\/wp\/v2\/product"}],"about":[{"href":"https:\/\/www.xerowaste.ca\/es\/wp-json\/wp\/v2\/types\/product"}],"wp:featuredmedia":[{"embeddable":true,"href":"https:\/\/www.xerowaste.ca\/es\/wp-json\/wp\/v2\/media\/14146"}],"wp:attachment":[{"href":"https:\/\/www.xerowaste.ca\/es\/wp-json\/wp\/v2\/media?parent=14495"}],"wp:term":[{"taxonomy":"product_cat","embeddable":true,"href":"https:\/\/www.xerowaste.ca\/es\/wp-json\/wp\/v2\/product_cat?post=14495"},{"taxonomy":"product_tag","embeddable":true,"href":"https:\/\/www.xerowaste.ca\/es\/wp-json\/wp\/v2\/product_tag?post=14495"}],"curies":[{"name":"wp","href":"https:\/\/api.w.org\/{rel}","templated":true}]}}