{"id":4090,"date":"2019-07-07T12:35:42","date_gmt":"2019-07-07T19:35:42","guid":{"rendered":"https:\/\/www.xerowaste.ca\/?post_type=product&#038;p=4090"},"modified":"2026-05-12T20:14:02","modified_gmt":"2026-05-13T03:14:02","slug":"xl-1-5-kw-electric-tugger","status":"publish","type":"product","link":"https:\/\/www.xerowaste.ca\/es\/electric-tugs\/xl-1-5-kw-electric-tugger\/","title":{"rendered":"Carretilla elevadora el\u00e9ctrica V-move XL 1.5 o remolcador de contenedores <br\/> Mueve 11,023 lb"},"content":{"rendered":"<div class=\"et_pb_section_0 et_pb_section et_section_regular et_block_section\">\r\n\r\n<div class=\"et_pb_row_0 et_pb_row et_block_row\">\r\n\r\n<div class=\"et_pb_column_0 et_pb_column et_pb_column_2_5 et_block_column et_pb_css_mix_blend_mode_passthrough\">\r\n\r\n<div class=\"et_pb_heading_0 et_pb_heading et_pb_module et_block_module\"><div class=\"et_pb_heading_container\"><h2 class=\"et_pb_module_header\">V-move XL 1500 Vatios<\/h2><\/div><\/div>\r\n\r\n<div class=\"et_pb_wc_images_0 et_pb_wc_images et_pb_module\"><div class=\"et_pb_module_inner\"><\/div><\/div><\/div>\r\n\r\n<div class=\"et_pb_column_1 et_pb_column et_pb_column_3_5 et-last-child et_block_column et_pb_css_mix_blend_mode_passthrough\">\r\n\r\n<div class=\"et_pb_wc_title_0 et_pb_wc_title et_pb_bg_layout_light et_pb_module\"><div class=\"et_pb_module_inner\">\n\t\t<h1>Carretilla elevadora el\u00e9ctrica V-move XL 1.5 o remolcador de contenedores <br\/> Mueve 11,023 lb<\/h1><\/div><\/div>\r\n\r\n\r\n\r\n<div class=\"et_pb_text_0 et_pb_text et_pb_bg_layout_light et_pb_module et_block_module\"><div class=\"et_pb_text_inner\"><p>En stock<\/p>\n<\/div><\/div>\r\n\r\n<\/div><\/div>\r\n\r\n<div class=\"et_pb_row_1 et_pb_row et_pb_row_1-2_1-4_1-4 et_block_row et_block_row_1-2_1-4_1-4\">\r\n\r\n<div class=\"et_pb_column_2 et_pb_column et_pb_column_1_2 et_block_column et_pb_column_empty et_pb_css_mix_blend_mode_passthrough\"><\/div>\r\n\r\n<div class=\"et_pb_column_3 et_pb_column et_pb_column_1_4 et_block_column et_pb_css_mix_blend_mode_passthrough\">\r\n\r\n<div class=\"et_pb_wc_meta_0 et_pb_wc_meta et_pb_wc_no_categories et_pb_wc_no_tags et_pb_wc_meta_layout_inline et_pb_module\"><div class=\"et_pb_module_inner\"><div class=\"product_meta\">\n\n\t\n\t\n\t\t<span class=\"sku_wrapper\">SKU: <span class=\"sku\">VLMM-1500XL<\/span><\/span>\n\n\t\n\t<span class=\"posted_in\">Categor\u00edas: <a href=\"https:\/\/www.xerowaste.ca\/es\/v-move-tugs\/\" rel=\"tag\">Tirons V-move<\/a>, <a href=\"https:\/\/www.xerowaste.ca\/es\/walk-along-tugs\/\" rel=\"tag\">Remolcadores de arrastre<\/a><\/span>\n\t\n\t\n<\/div>\n<\/div><\/div><\/div>\r\n\r\n<div class=\"et_pb_column_4 et_pb_column et_pb_column_1_4 et-last-child et_block_column et_pb_css_mix_blend_mode_passthrough\">\r\n\r\n<div class=\"et_pb_module et_pb_button_module_wrapper et_pb_button_0_wrapper\"><a class=\"et_pb_button_0 et_pb_button et_pb_bg_layout_light et_pb_module et_block_module\" href=\"https:\/\/www.xerowaste.ca\/wp-content\/uploads\/2024\/11\/XWS_V-Move-XL-and-XLplus-Brochure.pdf\" target=\"_blank\" data-icon=\"\ue092\">Descargar folleto<\/a><\/div><\/div><\/div>\r\n\r\n<div class=\"et_pb_row_2 et_pb_row et_block_row\">\r\n\r\n<div class=\"et_pb_column_5 et_pb_column et_pb_column_4_4 et-last-child et_block_column et_pb_css_mix_blend_mode_passthrough\">\r\n\r\n<\/div><\/div>\r\n\r\n<div class=\"et_pb_row_3 et_pb_row et_block_row\">\r\n\r\n<div class=\"et_pb_column_6 et_pb_column et_pb_column_4_4 et-last-child et_block_column et_pb_css_mix_blend_mode_passthrough\">\r\n\r\n\r\n\r\n<\/div><\/div>\r\n\r\n<div class=\"et_pb_row_4 et_pb_row et_block_row\">\r\n\r\n<div class=\"et_pb_column_7 et_pb_column et_pb_column_4_4 et-last-child et_block_column et_pb_css_mix_blend_mode_passthrough\">\r\n\r\n<div class=\"et_pb_module et_pb_button_module_wrapper et_pb_button_1_wrapper\"><a class=\"et_pb_button_1 et_pb_button et_pb_bg_layout_light et_pb_module et_block_module\" href=\"https:\/\/www.xerowaste.ca\/es\/electric-tugs\/#Vmove\">Regresar a la lista de V-Move<\/a><\/div><\/div><\/div><\/div>","protected":false},"excerpt":{"rendered":"<h2><code><\/code>El remolcador el\u00e9ctrico y transportador industrial V-Move XL 1500, ideal para mover contenedores y carritos de residuos, con un motor de 1.5 kW, es ideal y seguro para empujar y tirar cargas de hasta 11,023 lb o 5 TM y, con un elevador opcional, puede levantar cargas de hasta 551 lb o 0.25 TM. Este remolcador el\u00e9ctrico tambi\u00e9n es ideal para mover remolques de caravanas, botes y de concesi\u00f3n, as\u00ed como carritos industriales.<\/h2>\n<p>&nbsp;<\/p>\n<p>Debido a nuestros neum\u00e1ticos opcionales y eje de transmisi\u00f3n avanzado, puede usar el remolcador el\u00e9ctrico V-Move en superficies s\u00f3lidas y fuera de ellas, todoterreno y en nieve. Los tacos opcionales en nuestros neum\u00e1ticos de invierno le permiten usarlo en hielo. Puede agregar hasta 200 kg o 441 lb de contrapesos para que el remolcador pese aproximadamente 430 kg o 950 lb para obtener una mayor tracci\u00f3n y tirar de cargas m\u00e1s pesadas. Le recomendaremos el peso y otras opciones que necesite, como parte de nuestras recomendaciones generales. El V-move XL, que se fabrica desde hace m\u00e1s de 18 a\u00f1os, est\u00e1 dise\u00f1ado para mover y detener cargas de forma segura y sin ning\u00fan esfuerzo por parte del usuario. <code><\/code><\/p>\n<div style=\"text-align: center;\"><a href='https:\/\/www.xerowaste.ca\/es\/contact-us\/' class='big-button bigblue'>Cont\u00e1ctanos para comprar<\/a><\/div>\n<p><code><br \/>\n<\/code><\/p>","protected":false},"featured_media":4202,"template":"","meta":{"_glsr_average":0,"_glsr_ranking":0,"_glsr_reviews":0},"product_cat":[137,160],"product_tag":[],"class_list":{"0":"post-4090","1":"product","2":"type-product","3":"status-publish","4":"has-post-thumbnail","6":"product_cat-v-move-tugs","7":"product_cat-walk-along-tugs","9":"first","10":"instock","11":"shipping-taxable","12":"product-type-simple"},"_links":{"self":[{"href":"https:\/\/www.xerowaste.ca\/es\/wp-json\/wp\/v2\/product\/4090","targetHints":{"allow":["GET"]}}],"collection":[{"href":"https:\/\/www.xerowaste.ca\/es\/wp-json\/wp\/v2\/product"}],"about":[{"href":"https:\/\/www.xerowaste.ca\/es\/wp-json\/wp\/v2\/types\/product"}],"wp:featuredmedia":[{"embeddable":true,"href":"https:\/\/www.xerowaste.ca\/es\/wp-json\/wp\/v2\/media\/4202"}],"wp:attachment":[{"href":"https:\/\/www.xerowaste.ca\/es\/wp-json\/wp\/v2\/media?parent=4090"}],"wp:term":[{"taxonomy":"product_cat","embeddable":true,"href":"https:\/\/www.xerowaste.ca\/es\/wp-json\/wp\/v2\/product_cat?post=4090"},{"taxonomy":"product_tag","embeddable":true,"href":"https:\/\/www.xerowaste.ca\/es\/wp-json\/wp\/v2\/product_tag?post=4090"}],"curies":[{"name":"wp","href":"https:\/\/api.w.org\/{rel}","templated":true}]}}