{"id":4102,"date":"2019-07-07T15:44:35","date_gmt":"2019-07-07T22:44:35","guid":{"rendered":"https:\/\/www.xerowaste.ca\/?post_type=product&#038;p=4102"},"modified":"2026-05-12T20:15:56","modified_gmt":"2026-05-13T03:15:56","slug":"xxl-4-kw-electric-industrial-tug","status":"publish","type":"product","link":"https:\/\/www.xerowaste.ca\/es\/electric-tugs\/xxl-4-kw-electric-industrial-tug\/","title":{"rendered":"V-move XXL acarrear cargas <br\/> Mueve 44,093 lb"},"content":{"rendered":"<div class=\"et_pb_section_0 et_pb_section et_section_regular et_block_section\"><div class=\"et_pb_row_0 et_pb_row et_block_row\"><div class=\"et_pb_column_0 et_pb_column et_pb_column_2_5 et_block_column et_pb_css_mix_blend_mode_passthrough\"><div class=\"et_pb_heading_0 et_pb_heading et_pb_module et_block_module\"><div class=\"et_pb_heading_container\"><h2 class=\"et_pb_module_header\">V-move XXL<\/h2><\/div><\/div><div class=\"et_pb_wc_images_0 et_pb_wc_images et_pb_module\"><div class=\"et_pb_module_inner\"><\/div><\/div><\/div><div class=\"et_pb_column_1 et_pb_column et_pb_column_3_5 et-last-child et_block_column et_pb_css_mix_blend_mode_passthrough\"><div class=\"et_pb_wc_title_0 et_pb_wc_title et_pb_bg_layout_light et_pb_module\"><div class=\"et_pb_module_inner\">\n\t\t<h1>V-move XXL acarrear cargas <br\/> Mueve 44,093 lb<\/h1><\/div><\/div><div class=\"et_pb_text_0 et_pb_text et_pb_bg_layout_light et_pb_module et_block_module\"><div class=\"et_pb_text_inner\"><p>En stock<\/p>\n<\/div><\/div><\/div><\/div><div class=\"et_pb_row_1 et_pb_row et_pb_row_1-2_1-4_1-4 et_block_row et_block_row_1-2_1-4_1-4\"><div class=\"et_pb_column_2 et_pb_column et_pb_column_1_2 et_block_column et_pb_column_empty et_pb_css_mix_blend_mode_passthrough\"><\/div><div class=\"et_pb_column_3 et_pb_column et_pb_column_1_4 et_block_column et_pb_css_mix_blend_mode_passthrough\"><\/div><div class=\"et_pb_column_4 et_pb_column et_pb_column_1_4 et-last-child et_block_column et_pb_css_mix_blend_mode_passthrough\"><div class=\"et_pb_module et_pb_button_module_wrapper et_pb_button_0_wrapper\"><a class=\"et_pb_button_0 et_pb_button et_pb_bg_layout_light et_pb_module et_block_module\" href=\"https:\/\/www.xerowaste.ca\/wp-content\/uploads\/2025\/01\/Xerowaste-V-Move-XXL-Brochure.pdf\" target=\"_blank\" data-icon=\"\ue092\">Descargar folleto<\/a><\/div><\/div><\/div><div class=\"et_pb_row_2 et_pb_row et_block_row\"><div class=\"et_pb_column_5 et_pb_column et_pb_column_4_4 et-last-child et_block_column et_pb_css_mix_blend_mode_passthrough\"><div class=\"et_pb_text_1 et_pb_text et_pb_bg_layout_light et_pb_module et_block_module\"><div class=\"et_pb_text_inner\"><div class=\"epyt-video-wrapper\"><div  style=\"display: block; margin: 0px auto;\"  id=\"_ytid_63041\"  width=\"1080\" height=\"608\"  data-origwidth=\"1080\" data-origheight=\"608\"  data-relstop=\"1\" data-facadesrc=\"https:\/\/www.youtube.com\/embed\/Gc0imvInM9s?enablejsapi=1&origin=https:\/\/www.xerowaste.ca&autoplay=0&cc_load_policy=0&iv_load_policy=1&loop=0&fs=1&playsinline=1&controls=1&disablekb=0&color=red&cc_lang_pref=&rel=0&autohide=2&hl=es_MX&theme=dark&\" class=\"__youtube_prefs__ epyt-facade  no-lazyload\" data-vol=\"20\"  data-epautoplay=\"1\" ><img decoding=\"async\" data-spai-excluded=\"true\" class=\"epyt-facade-poster skip-lazy\" loading=\"lazy\" alt=\"V-Move XXL, carro o vag\u00f3n el\u00e9ctrico de arrastre para mover trenes | Xerowaste.ca\" src=\"https:\/\/i.ytimg.com\/vi\/Gc0imvInM9s\/hqdefault.jpg\" title=\"\"><button class=\"epyt-facade-play\" aria-label=\"Jugar\"><svg data-no-lazy=\"1\" height=\"100%\" version=\"1.1\" viewbox=\"0 0 68 48\" width=\"100%\"><path class=\"ytp-large-play-button-bg\" d=\"M66.52,7.74c-0.78-2.93-2.49-5.41-5.42-6.19C55.79,.13,34,0,34,0S12.21,.13,6.9,1.55 C3.97,2.33,2.27,4.81,1.48,7.74C0.06,13.05,0,24,0,24s0.06,10.95,1.48,16.26c0.78,2.93,2.49,5.41,5.42,6.19 C12.21,47.87,34,48,34,48s21.79-0.13,27.1-1.55c2.93-0.78,4.64-3.26,5.42-6.19C67.94,34.95,68,24,68,24S67.94,13.05,66.52,7.74z\" fill=\"#f00\"><\/path><path d=\"M 45,24 27,14 27,34\" fill=\"#fff\"><\/path><\/svg><\/button><\/div><\/div>\n<\/div><\/div><\/div><\/div><div class=\"et_pb_row_3 et_pb_row et_block_row\"><div class=\"et_pb_column_6 et_pb_column et_pb_column_4_4 et-last-child et_block_column et_pb_css_mix_blend_mode_passthrough\"><\/div><\/div><div class=\"et_pb_row_4 et_pb_row et_block_row\"><div class=\"et_pb_column_7 et_pb_column et_pb_column_4_4 et-last-child et_block_column et_pb_css_mix_blend_mode_passthrough\"><\/div><\/div><div class=\"et_pb_row_5 et_pb_row et_block_row\"><div class=\"et_pb_column_8 et_pb_column et_pb_column_4_4 et-last-child et_block_column et_pb_css_mix_blend_mode_passthrough\"><div class=\"et_pb_module et_pb_button_module_wrapper et_pb_button_1_wrapper\"><a class=\"et_pb_button_1 et_pb_button et_pb_bg_layout_light et_pb_module et_block_module\" href=\"https:\/\/www.xerowaste.ca\/es\/electric-tugs\/#Vmove\">Regresar a la lista de V-Move<\/a><\/div><\/div><\/div><\/div>","protected":false},"excerpt":{"rendered":"<h2><code><\/code><br \/>\nEl remolcador el\u00e9ctrico industrial V-Move XXL de arrastre con motor de 4 kW es ideal para empujar y tirar de cargas pesadas de hasta 44,093 lb o 20 MT y, con una elevaci\u00f3n opcional, puede transportar cargas de hasta 5,512 lb o 2.5 MT. Es uno de nuestros remolcadores m\u00e1s populares para uso industrial y de manufactura, as\u00ed como para levantar y mover contenedores RO y compactadores aut\u00f3nomos.<\/h2>\n<p>Cuando se utilizan contrapesos m\u00e1ximos, el tractor industrial o movilizador de carga XXL ha sido conocido por empujar\/tirar hasta 290 toneladas m\u00e9tricas o 639,341 libras cuando est\u00e1 sobre rieles. Sin embargo, los ingenieros recomiendan l\u00edmites mucho m\u00e1s bajos cuando est\u00e1 sobre rieles para asegurar que pueda detenerse r\u00e1pido y estimamos que el l\u00edmite con el que nos sentimos c\u00f3modos est\u00e1 alrededor de 125,000 libras sobre rieles.<br \/>\n<code><br \/>\n<\/code><\/p>\n<div style=\"text-align: center;\"><a href='https:\/\/www.xerowaste.ca\/es\/contact-us\/' class='big-button bigblue'>Cont\u00e1ctanos para comprar<\/a><\/div>\n<p><code><br \/>\n<\/code><\/p>","protected":false},"featured_media":4206,"template":"","meta":{"_glsr_average":0,"_glsr_ranking":0,"_glsr_reviews":0},"product_cat":[137,160],"product_tag":[],"class_list":{"0":"post-4102","1":"product","2":"type-product","3":"status-publish","4":"has-post-thumbnail","6":"product_cat-v-move-tugs","7":"product_cat-walk-along-tugs","9":"first","10":"instock","11":"featured","12":"shipping-taxable","13":"product-type-simple"},"_links":{"self":[{"href":"https:\/\/www.xerowaste.ca\/es\/wp-json\/wp\/v2\/product\/4102","targetHints":{"allow":["GET"]}}],"collection":[{"href":"https:\/\/www.xerowaste.ca\/es\/wp-json\/wp\/v2\/product"}],"about":[{"href":"https:\/\/www.xerowaste.ca\/es\/wp-json\/wp\/v2\/types\/product"}],"wp:featuredmedia":[{"embeddable":true,"href":"https:\/\/www.xerowaste.ca\/es\/wp-json\/wp\/v2\/media\/4206"}],"wp:attachment":[{"href":"https:\/\/www.xerowaste.ca\/es\/wp-json\/wp\/v2\/media?parent=4102"}],"wp:term":[{"taxonomy":"product_cat","embeddable":true,"href":"https:\/\/www.xerowaste.ca\/es\/wp-json\/wp\/v2\/product_cat?post=4102"},{"taxonomy":"product_tag","embeddable":true,"href":"https:\/\/www.xerowaste.ca\/es\/wp-json\/wp\/v2\/product_tag?post=4102"}],"curies":[{"name":"wp","href":"https:\/\/api.w.org\/{rel}","templated":true}]}}