{"id":4115,"date":"2019-07-07T16:20:47","date_gmt":"2019-07-07T23:20:47","guid":{"rendered":"https:\/\/www.xerowaste.ca\/?post_type=product&#038;p=4115"},"modified":"2026-05-12T20:17:11","modified_gmt":"2026-05-13T03:17:11","slug":"20t-semi-trailer-mover","status":"publish","type":"product","link":"https:\/\/www.xerowaste.ca\/es\/electric-tugs\/20t-semi-trailer-mover\/","title":{"rendered":"Motoniveladora V-Move 20t <br\/> Mueve 44,093 lb"},"content":{"rendered":"<div class=\"et_pb_section_0 et_pb_section et_section_regular et_block_section\">\r\n\r\n<div class=\"et_pb_row_0 et_pb_row et_block_row\">\r\n\r\n<div class=\"et_pb_column_0 et_pb_column et_pb_column_2_5 et_block_column et_pb_css_mix_blend_mode_passthrough\">\r\n\r\n<div class=\"et_pb_heading_0 et_pb_heading et_pb_module et_block_module\"><div class=\"et_pb_heading_container\"><h2 class=\"et_pb_module_header\">V-move 20t<\/h2><\/div><\/div>\r\n\r\n<div class=\"et_pb_wc_images_0 et_pb_wc_images et_pb_module\"><div class=\"et_pb_module_inner\"><\/div><\/div><\/div>\r\n\r\n<div class=\"et_pb_column_1 et_pb_column et_pb_column_3_5 et-last-child et_block_column et_pb_css_mix_blend_mode_passthrough\">\r\n\r\n<div class=\"et_pb_wc_title_0 et_pb_wc_title et_pb_bg_layout_light et_pb_module\"><div class=\"et_pb_module_inner\">\n\t\t<h1>Motoniveladora V-Move 20t <br\/> Mueve 44,093 lb<\/h1><\/div><\/div>\r\n\r\n\r\n\r\n<div class=\"et_pb_text_0 et_pb_text et_pb_bg_layout_light et_pb_module et_block_module\"><div class=\"et_pb_text_inner\"><p>En stock<\/p>\n<\/div><\/div>\r\n\r\n<\/div><\/div>\r\n\r\n<div class=\"et_pb_row_1 et_pb_row et_pb_row_1-2_1-6_1-6_1-6 et_block_row et_block_row_1-2_1-6_1-6_1-6\">\r\n\r\n<div class=\"et_pb_column_2 et_pb_column et_pb_column_1_2 et_block_column et_pb_column_empty et_pb_css_mix_blend_mode_passthrough\"><\/div>\r\n\r\n<div class=\"et_pb_column_3 et_pb_column et_pb_column_1_6 et_block_column et_pb_css_mix_blend_mode_passthrough\">\r\n\r\n<div class=\"et_pb_image_0 et_pb_image et_pb_module et_block_module\"><span class=\"et_pb_image_wrap\"><img decoding=\"async\" src=\"https:\/\/www.xerowaste.ca\/wp-content\/uploads\/2019\/07\/2-year-warranty-150x150.jpg\" width=\"150\" height=\"150\" srcset=\"https:\/\/www.xerowaste.ca\/wp-content\/uploads\/2019\/07\/2-year-warranty-150x150.jpg 150w, https:\/\/www.xerowaste.ca\/wp-content\/uploads\/2019\/07\/2-year-warranty-100x100.jpg 100w, https:\/\/www.xerowaste.ca\/wp-content\/uploads\/2019\/07\/2-year-warranty.jpg 170w\" sizes=\"(max-width: 150px) 100vw, 150px\" class=\"wp-image-16359\" title=\"2 a\u00f1os de garant\u00eda\" alt=\"2 a\u00f1os de garant\u00eda\" \/><\/span><\/div><\/div>\r\n\r\n<div class=\"et_pb_column_4 et_pb_column et_pb_column_1_6 et_block_column et_pb_css_mix_blend_mode_passthrough\">\r\n\r\n<\/div>\r\n\r\n<div class=\"et_pb_column_5 et_pb_column et_pb_column_1_6 et-last-child et_block_column et_pb_css_mix_blend_mode_passthrough\">\r\n\r\n<div class=\"et_pb_module et_pb_button_module_wrapper et_pb_button_0_wrapper\"><a class=\"et_pb_button_0 et_pb_button et_pb_bg_layout_light et_pb_module et_block_module\" href=\"https:\/\/www.xerowaste.ca\/wp-content\/uploads\/2025\/01\/XWS-V-Move-Semi-Trailer-Mover-Brochure-1.pdf\" target=\"_blank\" data-icon=\"\ue092\">Descargar folleto<\/a><\/div><\/div><\/div>\r\n\r\n<div class=\"et_pb_row_2 et_pb_row et_block_row\">\r\n\r\n<div class=\"et_pb_column_6 et_pb_column et_pb_column_4_4 et-last-child et_block_column et_pb_css_mix_blend_mode_passthrough\">\r\n\r\n<div class=\"et_pb_text_1 et_pb_text et_pb_bg_layout_light et_pb_module et_block_module\"><div class=\"et_pb_text_inner\"><p><strong>Video del remolcador de 40T:<\/strong><br \/><div class=\"epyt-gallery\" data-currpage=\"1\" id=\"epyt_gallery_62877\"><div class=\"epyt-video-wrapper\"><div  style=\"display: block; margin: 0px auto;\"  id=\"_ytid_80240\"  width=\"1080\" height=\"608\"  data-origwidth=\"1080\" data-origheight=\"608\"  data-relstop=\"1\" data-facadesrc=\"https:\/\/www.youtube.com\/embed\/Ea6YcEKm0rk?enablejsapi=1&origin=https:\/\/www.xerowaste.ca&autoplay=0&cc_load_policy=0&iv_load_policy=1&loop=0&fs=1&playsinline=1&controls=1&disablekb=0&color=red&cc_lang_pref=&rel=0&autohide=2&hl=es_MX&theme=dark&\" class=\"__youtube_prefs__ epyt-facade  no-lazyload\" data-vol=\"20\"  data-epytgalleryid=\"epyt_gallery_62877\"  data-epautoplay=\"1\" ><img decoding=\"async\" data-spai-excluded=\"true\" class=\"epyt-facade-poster skip-lazy\" loading=\"lazy\" alt=\"Remolques V-Move Semi-trailer\" src=\"https:\/\/i.ytimg.com\/vi\/Ea6YcEKm0rk\/hqdefault.jpg\" title=\"\"><button class=\"epyt-facade-play\" aria-label=\"Jugar\"><svg data-no-lazy=\"1\" height=\"100%\" version=\"1.1\" viewbox=\"0 0 68 48\" width=\"100%\"><path class=\"ytp-large-play-button-bg\" d=\"M66.52,7.74c-0.78-2.93-2.49-5.41-5.42-6.19C55.79,.13,34,0,34,0S12.21,.13,6.9,1.55 C3.97,2.33,2.27,4.81,1.48,7.74C0.06,13.05,0,24,0,24s0.06,10.95,1.48,16.26c0.78,2.93,2.49,5.41,5.42,6.19 C12.21,47.87,34,48,34,48s21.79-0.13,27.1-1.55c2.93-0.78,4.64-3.26,5.42-6.19C67.94,34.95,68,24,68,24S67.94,13.05,66.52,7.74z\" fill=\"#f00\"><\/path><path d=\"M 45,24 27,14 27,34\" fill=\"#fff\"><\/path><\/svg><\/button><\/div><\/div><div class=\"epyt-gallery-list epyt-gallery-style-grid\"><div class=\"epyt-pagination epyt-hide-pagination\"><div tabindex=\"0\" role=\"button\" class=\"epyt-pagebutton epyt-prev  hide\" data-playlistid=\"PLwfITuwwq71SUoFuC--tJR3-IJMAmNGdZ\" data-pagesize=\"4\" data-pagetoken=\"\" data-style=\"grid\" data-epcolumns=\"2\" data-showtitle=\"1\" data-showpaging=\"0\" data-autonext=\"0\" data-hidethumbimg=\"0\" data-thumbplay=\"1\"><div class=\"epyt-arrow\">\u00ab<\/div> <div>Anterior<\/div><\/div><div class=\"epyt-pagenumbers hide\"><div class=\"epyt-current\">1<\/div><div class=\"epyt-pageseparator\"> \/ <\/div><div class=\"epyt-totalpages\">1<\/div><\/div><div tabindex=\"0\" role=\"button\" class=\"epyt-pagebutton epyt-next hide\" data-playlistid=\"PLwfITuwwq71SUoFuC--tJR3-IJMAmNGdZ\" data-pagesize=\"4\" data-pagetoken=\"\" data-style=\"grid\" data-epcolumns=\"2\" data-showtitle=\"1\" data-showpaging=\"0\" data-autonext=\"0\" data-hidethumbimg=\"0\" data-thumbplay=\"1\"><div>Siguiente<\/div> <div class=\"epyt-arrow\">\u00bb<\/div><\/div><div class=\"epyt-loader\"><img decoding=\"async\" alt=\"cargando\" width=\"16\" height=\"11\" src=\"https:\/\/www.xerowaste.ca\/wp-content\/plugins\/youtube-embed-plus-pro\/images\/gallery-page-loader.gif\" title=\"\"><\/div><\/div><div class=\"epyt-gallery-allthumbs  epyt-cols-2\"><div tabindex=\"0\" role=\"button\" data-videoid=\"Ea6YcEKm0rk\" class=\"epyt-gallery-thumb\" ><div class=\"epyt-gallery-img-box\"><div class=\"epyt-gallery-img\" style=\"background-image: url(https:\/\/i.ytimg.com\/vi\/Ea6YcEKm0rk\/hqdefault.jpg)\"><div class=\"epyt-gallery-playhover\"><img decoding=\"async\" alt=\"jugar\" class=\"epyt-play-img\" width=\"30\" height=\"23\" src=\"https:\/\/www.xerowaste.ca\/wp-content\/plugins\/youtube-embed-plus-pro\/images\/playhover.png\" data-no-lazy=\"1\" data-skipgform_ajax_framebjll=\"\" title=\"\"><div class=\"epyt-gallery-playcrutch\"><\/div><\/div><\/div><\/div><div class=\"epyt-gallery-title\">V-move 40T remolcador de semirremolque de arrastre - Uso Pesado | D\u00e9m\u00e9nageur semi-remorque<\/div><\/div><div tabindex=\"0\" role=\"button\" data-videoid=\"uWNa0IKNaxY\" class=\"epyt-gallery-thumb\" ><div class=\"epyt-gallery-img-box\"><div class=\"epyt-gallery-img\" style=\"background-image: url(https:\/\/i.ytimg.com\/vi\/uWNa0IKNaxY\/hqdefault.jpg)\"><div class=\"epyt-gallery-playhover\"><img decoding=\"async\" alt=\"jugar\" class=\"epyt-play-img\" width=\"30\" height=\"23\" src=\"https:\/\/www.xerowaste.ca\/wp-content\/plugins\/youtube-embed-plus-pro\/images\/playhover.png\" data-no-lazy=\"1\" data-skipgform_ajax_framebjll=\"\" title=\"\"><div class=\"epyt-gallery-playcrutch\"><\/div><\/div><\/div><\/div><div class=\"epyt-gallery-title\">Video del remolque semirremolque semiautom\u00e1tico V-move 40t a bater\u00eda - Xerowaste Solutions<\/div><\/div><div class=\"epyt-gallery-rowbreak\"><\/div><div tabindex=\"0\" role=\"button\" data-videoid=\"oTroUJn8bmk\" class=\"epyt-gallery-thumb\" ><div class=\"epyt-gallery-img-box\"><div class=\"epyt-gallery-img\" style=\"background-image: url(https:\/\/i.ytimg.com\/vi\/oTroUJn8bmk\/hqdefault.jpg)\"><div class=\"epyt-gallery-playhover\"><img decoding=\"async\" alt=\"jugar\" class=\"epyt-play-img\" width=\"30\" height=\"23\" src=\"https:\/\/www.xerowaste.ca\/wp-content\/plugins\/youtube-embed-plus-pro\/images\/playhover.png\" data-no-lazy=\"1\" data-skipgform_ajax_framebjll=\"\" title=\"\"><div class=\"epyt-gallery-playcrutch\"><\/div><\/div><\/div><\/div><div class=\"epyt-gallery-title\">Motoniveladora V-Move semi-remolque 40T control remoto<\/div><\/div><div class=\"epyt-gallery-clear\"><\/div><\/div><div class=\"epyt-pagination epyt-hide-pagination\"><div tabindex=\"0\" role=\"button\" class=\"epyt-pagebutton epyt-prev  hide\" data-playlistid=\"PLwfITuwwq71SUoFuC--tJR3-IJMAmNGdZ\" data-pagesize=\"4\" data-pagetoken=\"\" data-style=\"grid\" data-epcolumns=\"2\" data-showtitle=\"1\" data-showpaging=\"0\" data-autonext=\"0\" data-hidethumbimg=\"0\" data-thumbplay=\"1\"><div class=\"epyt-arrow\">\u00ab<\/div> <div>Anterior<\/div><\/div><div class=\"epyt-pagenumbers hide\"><div class=\"epyt-current\">1<\/div><div class=\"epyt-pageseparator\"> \/ <\/div><div class=\"epyt-totalpages\">1<\/div><\/div><div tabindex=\"0\" role=\"button\" class=\"epyt-pagebutton epyt-next hide\" data-playlistid=\"PLwfITuwwq71SUoFuC--tJR3-IJMAmNGdZ\" data-pagesize=\"4\" data-pagetoken=\"\" data-style=\"grid\" data-epcolumns=\"2\" data-showtitle=\"1\" data-showpaging=\"0\" data-autonext=\"0\" data-hidethumbimg=\"0\" data-thumbplay=\"1\"><div>Siguiente<\/div> <div class=\"epyt-arrow\">\u00bb<\/div><\/div><div class=\"epyt-loader\"><img decoding=\"async\" alt=\"cargando\" width=\"16\" height=\"11\" src=\"https:\/\/www.xerowaste.ca\/wp-content\/plugins\/youtube-embed-plus-pro\/images\/gallery-page-loader.gif\" title=\"\"><\/div><\/div><\/div><\/div>\n<\/p>\n<p style=\"text-align: center;\"><strong>No haga clic en el video si no est\u00e1 de acuerdo con la pol\u00edtica de cookies de <a href=\"https:\/\/policies.google.com\/technologies\/cookies?hl=en\" target=\"_blank\" rel=\"noopener\">YouTube<\/a><\/strong><\/p>\n<\/div><\/div><\/div><\/div>\r\n\r\n<div class=\"et_pb_row_3 et_pb_row et_block_row\">\r\n\r\n<div class=\"et_pb_column_7 et_pb_column et_pb_column_4_4 et-last-child et_block_column et_pb_css_mix_blend_mode_passthrough\">\r\n\r\n<\/div><\/div>\r\n\r\n<div class=\"et_pb_row_4 et_pb_row et_block_row\">\r\n\r\n<div class=\"et_pb_column_8 et_pb_column et_pb_column_4_4 et-last-child et_block_column et_pb_css_mix_blend_mode_passthrough\">\r\n\r\n\r\n\r\n<\/div><\/div>\r\n\r\n<div class=\"et_pb_row_5 et_pb_row et_block_row\">\r\n\r\n<div class=\"et_pb_column_9 et_pb_column et_pb_column_4_4 et-last-child et_block_column et_pb_css_mix_blend_mode_passthrough\">\r\n\r\n<div class=\"et_pb_module et_pb_button_module_wrapper et_pb_button_1_wrapper\"><a class=\"et_pb_button_1 et_pb_button et_pb_bg_layout_light et_pb_module et_block_module\" href=\"https:\/\/www.xerowaste.ca\/es\/electric-tugs\/#Vmove\">Regresar a la lista de V-Move<\/a><\/div><\/div><\/div><\/div>","protected":false},"excerpt":{"rendered":"<p><img decoding=\"async\" class=\"alignnone size-full wp-image-8400\" src=\"https:\/\/www.xerowaste.ca\/wp-content\/uploads\/2019\/07\/v-move-trailer-mover-25t.jpg\" alt=\"V-Move 25T Semi Trailer Mover moviendo un semirremolque | Xerowaste.ca\" width=\"512\" height=\"384\" srcset=\"https:\/\/www.xerowaste.ca\/wp-content\/uploads\/2019\/07\/v-move-trailer-mover-25t-980x735.jpg 980w, https:\/\/www.xerowaste.ca\/wp-content\/uploads\/2019\/07\/v-move-trailer-mover-25t-480x360.jpg 480w\" sizes=\"(min-width: 0px) and (max-width: 480px) 480px, (min-width: 481px) and (max-width: 980px) 980px, 100vw\" \/> <code><\/code> <div class='et-box et-shadow'>\n\t\t\t\t\t<div class='et-box-content'><strong>Obtenga hasta un reembolso o subsidio de% en la compra de un remolcador de semirremolques V-move para compradores calificados de un remolcador de semirremolques V-move.<\/strong> Pedir detalles.<\/div><\/div> <code><\/code><\/p>\n<h2>El V-Move 20t el\u00e9ctrico de arrastre y acompa\u00f1amiento <a href=\"https:\/\/www.xerowaste.ca\/es\/faq\/what-is-a-semi-trailer-mover-tug\/\" target=\"_blank\">transportador de semirremolques<\/a> o tractor de terminal el\u00e9ctrico con una potencia de 10 kW es ideal para mover semirremolques de hasta 44,093 lb o 20 MT y levantar cargas de semirremolque de hasta 8,818 lb o 5 MT. Debido a su gran base especialmente dise\u00f1ada, es muy estable y seguro, y no requiere licencia para operarlo mientras est\u00e9 en su propiedad. Adem\u00e1s, haga el trabajo de forma r\u00e1pida y segura a velocidades de hasta 3.1 mph. Si necesita un remolcador de semirremolque m\u00e1s potente, <a href=\"https:\/\/www.xerowaste.ca\/es\/electric-tugs\/40t-semi-trailer-mover\/\" target=\"_blank\" rel=\"noopener\">Ve nuestro 40T<\/a> \u2013 \u00a1el empujador de semirremolques de arrastre m\u00e1s potente y @ hasta 3.1 mph!<\/h2>\n<p><code><\/code><\/p>\n<div style=\"text-align: center;\"><a href='https:\/\/www.xerowaste.ca\/es\/contact-us\/' class='big-button bigblue'>Cont\u00e1ctanos para comprar<\/a><\/div>\n<p><code><br \/>\n<\/code><\/p>","protected":false},"featured_media":15166,"template":"","meta":{"_glsr_average":0,"_glsr_ranking":0,"_glsr_reviews":0},"product_cat":[137,162],"product_tag":[],"class_list":{"0":"post-4115","1":"product","2":"type-product","3":"status-publish","4":"has-post-thumbnail","6":"product_cat-v-move-tugs","7":"product_cat-semi-trailer-movers","9":"first","10":"instock","11":"featured","12":"shipping-taxable","13":"product-type-simple"},"_links":{"self":[{"href":"https:\/\/www.xerowaste.ca\/es\/wp-json\/wp\/v2\/product\/4115","targetHints":{"allow":["GET"]}}],"collection":[{"href":"https:\/\/www.xerowaste.ca\/es\/wp-json\/wp\/v2\/product"}],"about":[{"href":"https:\/\/www.xerowaste.ca\/es\/wp-json\/wp\/v2\/types\/product"}],"wp:featuredmedia":[{"embeddable":true,"href":"https:\/\/www.xerowaste.ca\/es\/wp-json\/wp\/v2\/media\/15166"}],"wp:attachment":[{"href":"https:\/\/www.xerowaste.ca\/es\/wp-json\/wp\/v2\/media?parent=4115"}],"wp:term":[{"taxonomy":"product_cat","embeddable":true,"href":"https:\/\/www.xerowaste.ca\/es\/wp-json\/wp\/v2\/product_cat?post=4115"},{"taxonomy":"product_tag","embeddable":true,"href":"https:\/\/www.xerowaste.ca\/es\/wp-json\/wp\/v2\/product_tag?post=4115"}],"curies":[{"name":"wp","href":"https:\/\/api.w.org\/{rel}","templated":true}]}}