{"id":4133,"date":"2019-07-07T17:26:05","date_gmt":"2019-07-08T00:26:05","guid":{"rendered":"https:\/\/www.xerowaste.ca\/?post_type=product&#038;p=4133"},"modified":"2026-05-12T20:16:21","modified_gmt":"2026-05-13T03:16:21","slug":"3xl-10-kw-electric-tugger","status":"publish","type":"product","link":"https:\/\/www.xerowaste.ca\/es\/electric-tugs\/3xl-10-kw-electric-tugger\/","title":{"rendered":"V-move 3XL movilizador de carga <br\/> Moves 66,139 lb"},"content":{"rendered":"<div class=\"et_pb_section_0 et_pb_section et_section_regular et_block_section\"><div class=\"et_pb_row_0 et_pb_row et_block_row\"><div class=\"et_pb_column_0 et_pb_column et_pb_column_2_5 et_block_column et_pb_css_mix_blend_mode_passthrough\"><div class=\"et_pb_heading_0 et_pb_heading et_pb_module et_block_module\"><div class=\"et_pb_heading_container\"><h2 class=\"et_pb_module_header\">V-move 3XL<\/h2><\/div><\/div><div class=\"et_pb_wc_images_0 et_pb_wc_images et_pb_module\"><div class=\"et_pb_module_inner\"><\/div><\/div><\/div><div class=\"et_pb_column_1 et_pb_column et_pb_column_3_5 et-last-child et_block_column et_pb_css_mix_blend_mode_passthrough\"><div class=\"et_pb_wc_title_0 et_pb_wc_title et_pb_bg_layout_light et_pb_module\"><div class=\"et_pb_module_inner\">\n\t\t<h1>V-move 3XL movilizador de carga <br\/> Moves 66,139 lb<\/h1><\/div><\/div><div class=\"et_pb_text_0 et_pb_text et_pb_bg_layout_light et_pb_module et_block_module\"><div class=\"et_pb_text_inner\"><p>En stock<\/p>\n<\/div><\/div><\/div><\/div><div class=\"et_pb_row_1 et_pb_row et_pb_row_1-2_1-4_1-4 et_block_row et_block_row_1-2_1-4_1-4\"><div class=\"et_pb_column_2 et_pb_column et_pb_column_1_2 et_block_column et_pb_column_empty et_pb_css_mix_blend_mode_passthrough\"><\/div><div class=\"et_pb_column_3 et_pb_column et_pb_column_1_4 et_block_column et_pb_css_mix_blend_mode_passthrough\"><\/div><div class=\"et_pb_column_4 et_pb_column et_pb_column_1_4 et-last-child et_block_column et_pb_css_mix_blend_mode_passthrough\"><div class=\"et_pb_module et_pb_button_module_wrapper et_pb_button_0_wrapper\"><a class=\"et_pb_button_0 et_pb_button et_pb_bg_layout_light et_pb_module et_block_module\" href=\"https:\/\/www.xerowaste.ca\/wp-content\/uploads\/2026\/04\/ElectricTug-V-Move-3XL-4XL-brochure.pdf\" target=\"_blank\" data-icon=\"\ue092\">Descargar folleto<\/a><\/div><\/div><\/div><div class=\"et_pb_row_2 et_pb_row et_block_row\"><div class=\"et_pb_column_5 et_pb_column et_pb_column_4_4 et-last-child et_block_column et_pb_css_mix_blend_mode_passthrough\"><\/div><\/div><div class=\"et_pb_row_3 et_pb_row et_block_row\"><div class=\"et_pb_column_6 et_pb_column et_pb_column_4_4 et-last-child et_block_column et_pb_css_mix_blend_mode_passthrough\"><\/div><\/div><div class=\"et_pb_row_4 et_pb_row et_block_row\"><div class=\"et_pb_column_7 et_pb_column et_pb_column_4_4 et-last-child et_block_column et_pb_css_mix_blend_mode_passthrough\"><div class=\"et_pb_module et_pb_button_module_wrapper et_pb_button_1_wrapper\"><a class=\"et_pb_button_1 et_pb_button et_pb_bg_layout_light et_pb_module et_block_module\" href=\"https:\/\/www.xerowaste.ca\/es\/electric-tugs\/#Vmove\">Regresar a la lista de V-Move<\/a><\/div><\/div><\/div><\/div>","protected":false},"excerpt":{"rendered":"<h2><code><\/code>El remolcador industrial V-Move 3XL para arrastre, de alta resistencia, es un transportador de carga premium ideal para mover cargas pesadas de hasta 66,139 lb o 30 MT y levantar cargas de hasta 6,614 lb o 3 MT.<\/h2>\n<p>Cuando se usan contrapesos m\u00e1ximos, el 3XL ha sido conocido por mover cargas de hasta 40 TM o 88,185 lb y hasta 350 TM o 771,618 lb cuando est\u00e1 sobre rieles. Sin embargo, los ingenieros recomiendan l\u00edmites mucho m\u00e1s bajos que 350 TM cuando est\u00e1 sobre rieles para garantizar que pueda detenerse r\u00e1pidamente. El peso sobre rieles con el que nos sentimos c\u00f3modos es de alrededor de 260,000 lb. Haga el trabajo r\u00e1pido y seguro a una velocidad de hasta 3.1 mph o 5 km\/hr.<br \/>\n<code><\/code><\/p>\n<div style=\"text-align: center;\"><a href='https:\/\/www.xerowaste.ca\/es\/contact-us\/' class='big-button bigblue'>Cont\u00e1ctanos para comprar<\/a><\/div>\n<p><code><br \/>\n<\/code><\/p>","protected":false},"featured_media":4137,"template":"","meta":{"_glsr_average":0,"_glsr_ranking":0,"_glsr_reviews":0},"product_cat":[137,160],"product_tag":[],"class_list":{"0":"post-4133","1":"product","2":"type-product","3":"status-publish","4":"has-post-thumbnail","6":"product_cat-v-move-tugs","7":"product_cat-walk-along-tugs","9":"first","10":"instock","11":"featured","12":"shipping-taxable","13":"product-type-simple"},"_links":{"self":[{"href":"https:\/\/www.xerowaste.ca\/es\/wp-json\/wp\/v2\/product\/4133","targetHints":{"allow":["GET"]}}],"collection":[{"href":"https:\/\/www.xerowaste.ca\/es\/wp-json\/wp\/v2\/product"}],"about":[{"href":"https:\/\/www.xerowaste.ca\/es\/wp-json\/wp\/v2\/types\/product"}],"wp:featuredmedia":[{"embeddable":true,"href":"https:\/\/www.xerowaste.ca\/es\/wp-json\/wp\/v2\/media\/4137"}],"wp:attachment":[{"href":"https:\/\/www.xerowaste.ca\/es\/wp-json\/wp\/v2\/media?parent=4133"}],"wp:term":[{"taxonomy":"product_cat","embeddable":true,"href":"https:\/\/www.xerowaste.ca\/es\/wp-json\/wp\/v2\/product_cat?post=4133"},{"taxonomy":"product_tag","embeddable":true,"href":"https:\/\/www.xerowaste.ca\/es\/wp-json\/wp\/v2\/product_tag?post=4133"}],"curies":[{"name":"wp","href":"https:\/\/api.w.org\/{rel}","templated":true}]}}