{"id":4174,"date":"2019-07-08T12:39:18","date_gmt":"2019-07-08T19:39:18","guid":{"rendered":"https:\/\/www.xerowaste.ca\/?post_type=product&#038;p=4174"},"modified":"2026-05-12T19:49:07","modified_gmt":"2026-05-13T02:49:07","slug":"650-electric-tow-tractor","status":"publish","type":"product","link":"https:\/\/www.xerowaste.ca\/es\/electric-tugs\/650-electric-tow-tractor\/","title":{"rendered":"Tractor de arrastre V-Move 650 <br\/> Movimientos de 4.409 lb"},"content":{"rendered":"<div class=\"et_pb_section_0 et_pb_section et_section_regular et_block_section\">\r\n\r\n<div class=\"et_pb_row_0 et_pb_row et_block_row\">\r\n\r\n<div class=\"et_pb_column_0 et_pb_column et_pb_column_2_5 et_block_column et_pb_css_mix_blend_mode_passthrough\">\r\n\r\n<div class=\"et_pb_heading_0 et_pb_heading et_pb_module et_block_module\"><div class=\"et_pb_heading_container\"><h2 class=\"et_pb_module_header\">V-move 650<\/h2><\/div><\/div>\r\n\r\n<div class=\"et_pb_wc_images_0 et_pb_wc_images et_pb_module\"><div class=\"et_pb_module_inner\"><\/div><\/div><\/div>\r\n\r\n<div class=\"et_pb_column_1 et_pb_column et_pb_column_3_5 et-last-child et_block_column et_pb_css_mix_blend_mode_passthrough\">\r\n\r\n<div class=\"et_pb_wc_title_0 et_pb_wc_title et_pb_bg_layout_light et_pb_module\"><div class=\"et_pb_module_inner\">\n\t\t<h1>Tractor de arrastre V-Move 650 <br\/> Movimientos de 4.409 lb<\/h1><\/div><\/div>\r\n\r\n\r\n\r\n<div class=\"et_pb_text_0 et_pb_text et_pb_bg_layout_light et_pb_module et_block_module\"><div class=\"et_pb_text_inner\"><p>En stock<\/p>\n<\/div><\/div>\r\n\r\n<\/div><\/div>\r\n\r\n<div class=\"et_pb_row_1 et_pb_row et_pb_row_1-2_1-4_1-4 et_block_row et_block_row_1-2_1-4_1-4\">\r\n\r\n<div class=\"et_pb_column_2 et_pb_column et_pb_column_1_2 et_block_column et_pb_column_empty et_pb_css_mix_blend_mode_passthrough\"><\/div>\r\n\r\n<div class=\"et_pb_column_3 et_pb_column et_pb_column_1_4 et_block_column et_pb_css_mix_blend_mode_passthrough\">\r\n\r\n<\/div>\r\n\r\n<div class=\"et_pb_column_4 et_pb_column et_pb_column_1_4 et-last-child et_block_column et_pb_css_mix_blend_mode_passthrough\">\r\n\r\n<div class=\"et_pb_module et_pb_button_module_wrapper et_pb_button_0_wrapper\"><a class=\"et_pb_button_0 et_pb_button et_pb_bg_layout_light et_pb_module et_block_module\" href=\"https:\/\/www.xerowaste.ca\/wp-content\/uploads\/2025\/01\/ElectricTug-V-Move-3100-and-650-brochure-1.pdf\" target=\"_blank\" data-icon=\"\ue092\">Descargar folleto<\/a><\/div><\/div><\/div>\r\n\r\n<div class=\"et_pb_row_2 et_pb_row et_block_row\">\r\n\r\n<div class=\"et_pb_column_5 et_pb_column et_pb_column_4_4 et-last-child et_block_column et_pb_css_mix_blend_mode_passthrough\">\r\n\r\n<\/div><\/div>\r\n\r\n<div class=\"et_pb_row_3 et_pb_row et_block_row\">\r\n\r\n<div class=\"et_pb_column_6 et_pb_column et_pb_column_4_4 et-last-child et_block_column et_pb_css_mix_blend_mode_passthrough\">\r\n\r\n\r\n\r\n<\/div><\/div>\r\n\r\n<div class=\"et_pb_row_4 et_pb_row et_block_row\">\r\n\r\n<div class=\"et_pb_column_7 et_pb_column et_pb_column_4_4 et-last-child et_block_column et_pb_css_mix_blend_mode_passthrough\">\r\n\r\n<div class=\"et_pb_module et_pb_button_module_wrapper et_pb_button_1_wrapper\"><a class=\"et_pb_button_1 et_pb_button et_pb_bg_layout_light et_pb_module et_block_module\" href=\"https:\/\/www.xerowaste.ca\/es\/electric-tugs\/#Vmove\">Regresar a la lista de V-Move<\/a><\/div><\/div><\/div><\/div>","protected":false},"excerpt":{"rendered":"<h2><code><\/code> El remolcador el\u00e9ctrico industrial V-Move 650 puede usarse como transportador de personal, comprobador de stock, transportador de carga, tractor de remolque o carrito de mantenimiento. Se puede configurar en una versi\u00f3n de pie con barra de apoyo o en una versi\u00f3n sentada con asiento. Es uno de los remolcadores de veh\u00edculos m\u00e1s vers\u00e1tiles disponibles y podemos configurarlo para su uso particular.<\/h2>\n<p>El remolcador o portador de personal 650 tiene un motor de CA de 1.200 vatios sin mantenimiento y puede remolcar cargas de hasta 2 toneladas m\u00e9tricas o 4.409 lb y transportar hasta 500 kg o 1.102 lb. Es m\u00e1s ligero que otros remolcadores el\u00e9ctricos industriales de la competencia, lo que significa que habr\u00e1 menos desgaste en los neum\u00e1ticos y frenos, lo que resultar\u00e1 en un menor costo total de propiedad. El motor de CA sin mantenimiento tambi\u00e9n le ahorrar\u00e1 dinero en comparaci\u00f3n con un motor de CC y est\u00e1 dise\u00f1ado para mover el remolcador de manera m\u00e1s suave y recargar\u00e1 las bater\u00edas al desacelerar. Si se encuentra en Columbia Brit\u00e1nica, Canad\u00e1, el gobierno provincial tiene un programa de reembolso para nuestros tractores de remolque V-move para montar de $2.000 por veh\u00edculo todoterreno de baja velocidad.\u00a0 <a href=\"https:\/\/goelectricbc.gov.bc.ca\/rebates-and-programs\/for-businesses-and-organizations\/commercial-vehicle-rebates\" target=\"_blank\" rel=\"noopener\">Ver aqu\u00ed para el reembolso.<\/a> <code><\/code><\/p>\n<div style=\"text-align: center;\"><a href='https:\/\/www.xerowaste.ca\/es\/contact-us\/' class='big-button bigblue'>Cont\u00e1ctanos para comprar<\/a><\/div>\n<p><code><br \/>\n<\/code><\/p>","protected":false},"featured_media":4198,"template":"","meta":{"_glsr_average":0,"_glsr_ranking":0,"_glsr_reviews":0},"product_cat":[137,161],"product_tag":[],"class_list":{"0":"post-4174","1":"product","2":"type-product","3":"status-publish","4":"has-post-thumbnail","6":"product_cat-v-move-tugs","7":"product_cat-ride-on-tow-tractors","9":"first","10":"instock","11":"featured","12":"shipping-taxable","13":"product-type-simple"},"_links":{"self":[{"href":"https:\/\/www.xerowaste.ca\/es\/wp-json\/wp\/v2\/product\/4174","targetHints":{"allow":["GET"]}}],"collection":[{"href":"https:\/\/www.xerowaste.ca\/es\/wp-json\/wp\/v2\/product"}],"about":[{"href":"https:\/\/www.xerowaste.ca\/es\/wp-json\/wp\/v2\/types\/product"}],"wp:featuredmedia":[{"embeddable":true,"href":"https:\/\/www.xerowaste.ca\/es\/wp-json\/wp\/v2\/media\/4198"}],"wp:attachment":[{"href":"https:\/\/www.xerowaste.ca\/es\/wp-json\/wp\/v2\/media?parent=4174"}],"wp:term":[{"taxonomy":"product_cat","embeddable":true,"href":"https:\/\/www.xerowaste.ca\/es\/wp-json\/wp\/v2\/product_cat?post=4174"},{"taxonomy":"product_tag","embeddable":true,"href":"https:\/\/www.xerowaste.ca\/es\/wp-json\/wp\/v2\/product_tag?post=4174"}],"curies":[{"name":"wp","href":"https:\/\/api.w.org\/{rel}","templated":true}]}}