{"id":5500,"date":"2020-01-19T21:01:50","date_gmt":"2020-01-20T05:01:50","guid":{"rendered":"https:\/\/www.xerowaste.ca\/?post_type=product&#038;p=5500"},"modified":"2026-05-05T17:37:55","modified_gmt":"2026-05-06T00:37:55","slug":"railcar-mover","status":"publish","type":"product","link":"https:\/\/www.xerowaste.ca\/es\/electric-tugs\/railcar-mover\/","title":{"rendered":"Remolcador de vagones o remolcador de trenes <br\/> Mover hasta 660.000 libras"},"content":{"rendered":"<div class=\"et_pb_section_0 et_pb_section et_section_regular et_block_section\"><div class=\"et_pb_row_0 et_pb_row et_block_row\"><div class=\"et_pb_column_0 et_pb_column et_pb_column_2_5 et_block_column et_pb_css_mix_blend_mode_passthrough\"><div class=\"et_pb_heading_0 et_pb_heading et_pb_module et_block_module\"><div class=\"et_pb_heading_container\"><h2 class=\"et_pb_module_header\">Tractores de ferrocarril<\/h2><\/div><\/div><div class=\"et_pb_wc_images_0 et_pb_wc_images et_pb_module\"><div class=\"et_pb_module_inner\"><\/div><\/div><\/div><div class=\"et_pb_column_1 et_pb_column et_pb_column_3_5 et-last-child et_block_column et_pb_css_mix_blend_mode_passthrough\"><div class=\"et_pb_wc_title_0 et_pb_wc_title et_pb_bg_layout_light et_pb_module\"><div class=\"et_pb_module_inner\">\n\t\t<h1>Remolcador de vagones o remolcador de trenes <br\/> Mover hasta 660.000 libras<\/h1><\/div><\/div><\/div><\/div><div class=\"et_pb_row_1 et_pb_row et_block_row\"><div class=\"et_pb_column_2 et_pb_column et_pb_column_4_4 et-last-child et_block_column et_pb_css_mix_blend_mode_passthrough\"><div class=\"et_pb_text_0 et_pb_text et_pb_bg_layout_light et_pb_module et_block_module\"><div class=\"et_pb_text_inner\"><h4><strong>Observe uno de nuestros remolcadores de vagones, el XXL, en acci\u00f3n moviendo un transportador de vagones Y un vag\u00f3n de ferrocarril acoplado a \u00e9l:<\/strong><\/h4>\n<div class=\"epyt-gallery\" data-currpage=\"1\" id=\"epyt_gallery_37955\"><div class=\"epyt-video-wrapper\"><div  style=\"display: block; margin: 0px auto;\"  id=\"_ytid_50627\"  width=\"1080\" height=\"608\"  data-origwidth=\"1080\" data-origheight=\"608\"  data-relstop=\"1\" data-facadesrc=\"https:\/\/www.youtube.com\/embed\/1U55khdL-BE?enablejsapi=1&origin=https:\/\/www.xerowaste.ca&autoplay=0&cc_load_policy=0&iv_load_policy=1&loop=0&fs=1&playsinline=1&controls=1&disablekb=0&color=red&cc_lang_pref=&rel=0&autohide=2&hl=es_MX&theme=dark&\" class=\"__youtube_prefs__ epyt-facade  no-lazyload\" data-vol=\"20\"  data-epytgalleryid=\"epyt_gallery_37955\"  data-epautoplay=\"1\" ><img decoding=\"async\" data-spai-excluded=\"true\" class=\"epyt-facade-poster skip-lazy\" loading=\"lazy\" alt=\"V-Move: Movilizadores de Vagones de Ferrocarril\" src=\"https:\/\/i.ytimg.com\/vi\/1U55khdL-BE\/hqdefault.jpg\" title=\"\"><button class=\"epyt-facade-play\" aria-label=\"Jugar\"><svg data-no-lazy=\"1\" height=\"100%\" version=\"1.1\" viewbox=\"0 0 68 48\" width=\"100%\"><path class=\"ytp-large-play-button-bg\" d=\"M66.52,7.74c-0.78-2.93-2.49-5.41-5.42-6.19C55.79,.13,34,0,34,0S12.21,.13,6.9,1.55 C3.97,2.33,2.27,4.81,1.48,7.74C0.06,13.05,0,24,0,24s0.06,10.95,1.48,16.26c0.78,2.93,2.49,5.41,5.42,6.19 C12.21,47.87,34,48,34,48s21.79-0.13,27.1-1.55c2.93-0.78,4.64-3.26,5.42-6.19C67.94,34.95,68,24,68,24S67.94,13.05,66.52,7.74z\" fill=\"#f00\"><\/path><path d=\"M 45,24 27,14 27,34\" fill=\"#fff\"><\/path><\/svg><\/button><\/div><\/div><div class=\"epyt-gallery-list epyt-gallery-style-grid\"><div class=\"epyt-pagination epyt-hide-pagination\"><div tabindex=\"0\" role=\"button\" class=\"epyt-pagebutton epyt-prev  hide\" data-playlistid=\"PLwfITuwwq71QIXwEZbhMAt7pc8cw38sTT\" data-pagesize=\"4\" data-pagetoken=\"\" data-style=\"grid\" data-epcolumns=\"2\" data-showtitle=\"1\" data-showpaging=\"0\" data-autonext=\"0\" data-hidethumbimg=\"0\" data-thumbplay=\"1\"><div class=\"epyt-arrow\">\u00ab<\/div> <div>Anterior<\/div><\/div><div class=\"epyt-pagenumbers hide\"><div class=\"epyt-current\">1<\/div><div class=\"epyt-pageseparator\"> \/ <\/div><div class=\"epyt-totalpages\">1<\/div><\/div><div tabindex=\"0\" role=\"button\" class=\"epyt-pagebutton epyt-next hide\" data-playlistid=\"PLwfITuwwq71QIXwEZbhMAt7pc8cw38sTT\" data-pagesize=\"4\" data-pagetoken=\"\" data-style=\"grid\" data-epcolumns=\"2\" data-showtitle=\"1\" data-showpaging=\"0\" data-autonext=\"0\" data-hidethumbimg=\"0\" data-thumbplay=\"1\"><div>Siguiente<\/div> <div class=\"epyt-arrow\">\u00bb<\/div><\/div><div class=\"epyt-loader\"><img decoding=\"async\" alt=\"cargando\" width=\"16\" height=\"11\" src=\"https:\/\/www.xerowaste.ca\/wp-content\/plugins\/youtube-embed-plus-pro\/images\/gallery-page-loader.gif\" title=\"\"><\/div><\/div><div class=\"epyt-gallery-allthumbs  epyt-cols-2\"><div tabindex=\"0\" role=\"button\" data-videoid=\"1U55khdL-BE\" class=\"epyt-gallery-thumb\" ><div class=\"epyt-gallery-img-box\"><div class=\"epyt-gallery-img\" style=\"background-image: url(https:\/\/i.ytimg.com\/vi\/1U55khdL-BE\/hqdefault.jpg)\"><div class=\"epyt-gallery-playhover\"><img decoding=\"async\" alt=\"jugar\" class=\"epyt-play-img\" width=\"30\" height=\"23\" src=\"https:\/\/www.xerowaste.ca\/wp-content\/plugins\/youtube-embed-plus-pro\/images\/playhover.png\" data-no-lazy=\"1\" data-skipgform_ajax_framebjll=\"\" title=\"\"><div class=\"epyt-gallery-playcrutch\"><\/div><\/div><\/div><\/div><div class=\"epyt-gallery-title\">Motoniveladora V-move XXL o spostacarros. 1 de los 4 modelos ha movido hasta 1 mill\u00f3n de libras.<\/div><\/div><div tabindex=\"0\" role=\"button\" data-videoid=\"Gc0imvInM9s\" class=\"epyt-gallery-thumb\" ><div class=\"epyt-gallery-img-box\"><div class=\"epyt-gallery-img\" style=\"background-image: url(https:\/\/i.ytimg.com\/vi\/Gc0imvInM9s\/hqdefault.jpg)\"><div class=\"epyt-gallery-playhover\"><img decoding=\"async\" alt=\"jugar\" class=\"epyt-play-img\" width=\"30\" height=\"23\" src=\"https:\/\/www.xerowaste.ca\/wp-content\/plugins\/youtube-embed-plus-pro\/images\/playhover.png\" data-no-lazy=\"1\" data-skipgform_ajax_framebjll=\"\" title=\"\"><div class=\"epyt-gallery-playcrutch\"><\/div><\/div><\/div><\/div><div class=\"epyt-gallery-title\">V-Move XXL, carro o vag\u00f3n el\u00e9ctrico de arrastre para mover trenes | Xerowaste.ca<\/div><\/div><div class=\"epyt-gallery-rowbreak\"><\/div><div class=\"epyt-gallery-clear\"><\/div><\/div><div class=\"epyt-pagination epyt-hide-pagination\"><div tabindex=\"0\" role=\"button\" class=\"epyt-pagebutton epyt-prev  hide\" data-playlistid=\"PLwfITuwwq71QIXwEZbhMAt7pc8cw38sTT\" data-pagesize=\"4\" data-pagetoken=\"\" data-style=\"grid\" data-epcolumns=\"2\" data-showtitle=\"1\" data-showpaging=\"0\" data-autonext=\"0\" data-hidethumbimg=\"0\" data-thumbplay=\"1\"><div class=\"epyt-arrow\">\u00ab<\/div> <div>Anterior<\/div><\/div><div class=\"epyt-pagenumbers hide\"><div class=\"epyt-current\">1<\/div><div class=\"epyt-pageseparator\"> \/ <\/div><div class=\"epyt-totalpages\">1<\/div><\/div><div tabindex=\"0\" role=\"button\" class=\"epyt-pagebutton epyt-next hide\" data-playlistid=\"PLwfITuwwq71QIXwEZbhMAt7pc8cw38sTT\" data-pagesize=\"4\" data-pagetoken=\"\" data-style=\"grid\" data-epcolumns=\"2\" data-showtitle=\"1\" data-showpaging=\"0\" data-autonext=\"0\" data-hidethumbimg=\"0\" data-thumbplay=\"1\"><div>Siguiente<\/div> <div class=\"epyt-arrow\">\u00bb<\/div><\/div><div class=\"epyt-loader\"><img decoding=\"async\" alt=\"cargando\" width=\"16\" height=\"11\" src=\"https:\/\/www.xerowaste.ca\/wp-content\/plugins\/youtube-embed-plus-pro\/images\/gallery-page-loader.gif\" title=\"\"><\/div><\/div><\/div><\/div>\n<p style=\"text-align: center;\"><strong>No haga clic en el video si no est\u00e1 de acuerdo con la pol\u00edtica de cookies de <a href=\"https:\/\/policies.google.com\/technologies\/cookies?hl=en\" target=\"_blank\" rel=\"noopener\">YouTube<\/a><\/strong><\/p>\n<\/div><\/div><\/div><\/div><div class=\"et_pb_row_2 et_pb_row et_block_row\"><div class=\"et_pb_column_3 et_pb_column et_pb_column_4_4 et-last-child et_block_column et_pb_css_mix_blend_mode_passthrough\"><\/div><\/div><div class=\"et_pb_row_3 et_pb_row et_block_row\"><div class=\"et_pb_column_4 et_pb_column et_pb_column_4_4 et-last-child et_block_column et_pb_css_mix_blend_mode_passthrough\"><\/div><\/div><div class=\"et_pb_row_4 et_pb_row et_block_row\"><div class=\"et_pb_column_5 et_pb_column et_pb_column_4_4 et-last-child et_block_column et_pb_css_mix_blend_mode_passthrough\"><div class=\"et_pb_module et_pb_button_module_wrapper et_pb_button_0_wrapper\"><a class=\"et_pb_button_0 et_pb_button et_pb_bg_layout_light et_pb_module et_block_module\" href=\"https:\/\/www.xerowaste.ca\/es\/electric-tugs\/#Vmove\">Regresar a la lista de V-Move<\/a><\/div><\/div><\/div><\/div>","protected":false},"excerpt":{"rendered":"<h2>El vag\u00f3n autoferro para mover trenes V-Move o \"railcar mover\" facilita el movimiento de vagones pesados o de tr\u00e1nsito r\u00e1pido en patios, puertos mar\u00edtimos, plantas de fabricaci\u00f3n o instalaciones de mantenimiento. Nuestro vag\u00f3n autoferro para mover trenes m\u00e1s potente puede mover hasta 660,000 lb o 300 MT sobre rieles.<\/h2>\n<p>Aumente su eficiencia moviendo un vag\u00f3n de tren a mano con un remolcador peatonal operable de tipo \"walk-along\" y mueva m\u00e1s de un vag\u00f3n con el V-Move. Los dep\u00f3sitos de env\u00edo y los puertos se beneficiar\u00e1n utilizando un desplazador de vagones V-Move, ya que reducir\u00e1 sus costos de capital, sus costos operativos y su huella ambiental. Incluso en comparaci\u00f3n con un desplazador de vagones el\u00e9ctrico de tama\u00f1o completo, el V-Move tiene una menor huella ambiental y es m\u00e1s eficiente cuando el trabajo requiere el movimiento de un vag\u00f3n de tren dentro de un patio o en una instalaci\u00f3n de mantenimiento donde hay una superficie pavimentada o de concreto.<br \/>\n<code><\/code><\/p>\n<div style=\"text-align: center;\"><a href='https:\/\/www.xerowaste.ca\/es\/contact-us\/' class='big-button bigblue' target=\"_blank\">Cont\u00e1ctanos para comprar<\/a><\/div>\n<p><code><br \/>\n<\/code><\/p>","protected":false},"featured_media":5501,"template":"","meta":{"_glsr_average":0,"_glsr_ranking":0,"_glsr_reviews":0},"product_cat":[15],"product_tag":[],"class_list":{"0":"post-5500","1":"product","2":"type-product","3":"status-publish","4":"has-post-thumbnail","6":"product_cat-tugs_by_industry","8":"first","9":"instock","10":"featured","11":"shipping-taxable","12":"product-type-grouped"},"_links":{"self":[{"href":"https:\/\/www.xerowaste.ca\/es\/wp-json\/wp\/v2\/product\/5500","targetHints":{"allow":["GET"]}}],"collection":[{"href":"https:\/\/www.xerowaste.ca\/es\/wp-json\/wp\/v2\/product"}],"about":[{"href":"https:\/\/www.xerowaste.ca\/es\/wp-json\/wp\/v2\/types\/product"}],"wp:featuredmedia":[{"embeddable":true,"href":"https:\/\/www.xerowaste.ca\/es\/wp-json\/wp\/v2\/media\/5501"}],"wp:attachment":[{"href":"https:\/\/www.xerowaste.ca\/es\/wp-json\/wp\/v2\/media?parent=5500"}],"wp:term":[{"taxonomy":"product_cat","embeddable":true,"href":"https:\/\/www.xerowaste.ca\/es\/wp-json\/wp\/v2\/product_cat?post=5500"},{"taxonomy":"product_tag","embeddable":true,"href":"https:\/\/www.xerowaste.ca\/es\/wp-json\/wp\/v2\/product_tag?post=5500"}],"curies":[{"name":"wp","href":"https:\/\/api.w.org\/{rel}","templated":true}]}}