{"id":8177,"date":"2020-10-19T19:10:40","date_gmt":"2020-10-20T02:10:40","guid":{"rendered":"https:\/\/www.xerowaste.ca\/?post_type=product&#038;p=8177"},"modified":"2026-04-24T19:38:54","modified_gmt":"2026-04-25T02:38:54","slug":"bin-butler-tote-trailer-cart","status":"publish","type":"product","link":"https:\/\/www.xerowaste.ca\/es\/electric-tugs\/bin-butler-tote-trailer-cart\/","title":{"rendered":"Contenedor de reciclaje de residuos org\u00e1nicos e remolque para desechos <br\/> Carro de contenedores de 6 u 8 de 96 galones"},"content":{"rendered":"<div class=\"et_pb_section_0 et_pb_section et_section_regular et_block_section\">\n<div class=\"et_pb_row_0 et_pb_row et_block_row\">\n<div class=\"et_pb_column_0 et_pb_column et_pb_column_2_5 et_block_column et_pb_css_mix_blend_mode_passthrough\">\n<div class=\"et_pb_heading_0 et_pb_heading et_pb_module et_block_module\"><div class=\"et_pb_heading_container\"><h2 class=\"et_pb_module_header\">Recycling Tote Trailer<\/h2><\/div><\/div>\n\n<div class=\"et_pb_wc_images_0 et_pb_wc_images et_pb_module\"><div class=\"et_pb_module_inner\"><\/div><\/div>\n<\/div>\n\n<div class=\"et_pb_column_1 et_pb_column et_pb_column_3_5 et-last-child et_block_column et_pb_css_mix_blend_mode_passthrough\">\n<div class=\"et_pb_wc_title_0 et_pb_wc_title et_pb_bg_layout_light et_pb_module\"><div class=\"et_pb_module_inner\">\n\t\t<h1>Bin Butler Recycling Waste Organics Tote Trailer <br\/> 96-gallon 6 or 8 tote cart<\/h1><\/div><\/div>\n\n\n\n<div class=\"et_pb_text_0 et_pb_text et_pb_bg_layout_light et_pb_module et_block_module\"><div class=\"et_pb_text_inner\"><p>Above price in CAD.\u00a0 US sale price is US $4,601 to $4,937, depending on model.<\/p>\n<p>In stock<\/p>\n<\/div><\/div>\n\n\n<\/div>\n<\/div>\n\n<div class=\"et_pb_row_1 et_pb_row et_pb_row_5col et_block_row et_block_row_5col\">\n<div class=\"et_pb_column_2 et_pb_column et_pb_column_1_5 et_block_column et_pb_column_empty et_pb_css_mix_blend_mode_passthrough\"><\/div>\n\n<div class=\"et_pb_column_3 et_pb_column et_pb_column_1_5 et_block_column et_pb_column_empty et_pb_css_mix_blend_mode_passthrough\"><\/div>\n\n<div class=\"et_pb_column_4 et_pb_column et_pb_column_1_5 et_block_column et_pb_css_mix_blend_mode_passthrough\">\n<div class=\"et_pb_module et_pb_button_module_wrapper et_pb_button_0_wrapper\"><a class=\"et_pb_button_0 et_pb_button et_pb_bg_layout_light et_pb_module et_block_module\" href=\"https:\/\/www.xerowaste.ca\/contact-us\/\" data-icon=\"\ue010\">Contact us to purchase<\/a><\/div>\n<\/div>\n\n<div class=\"et_pb_column_5 et_pb_column et_pb_column_1_5 et_block_column et_pb_column_empty et_pb_css_mix_blend_mode_passthrough\"><\/div>\n\n<div class=\"et_pb_column_6 et_pb_column et_pb_column_1_5 et-last-child et_block_column et_pb_css_mix_blend_mode_passthrough\">\n<div class=\"et_pb_image_0 et_pb_image et_pb_module et_block_module\"><span class=\"et_pb_image_wrap\"><img decoding=\"async\" src=\"https:\/\/www.xerowaste.ca\/wp-content\/uploads\/2020\/10\/Made-in-Canada-150.png\" width=\"150\" height=\"83\" srcset=\"https:\/\/www.xerowaste.ca\/wp-content\/uploads\/2020\/10\/Made-in-Canada-150.png 150w, https:\/\/www.xerowaste.ca\/wp-content\/uploads\/2020\/10\/Made-in-Canada-150-18x10.png 18w\" sizes=\"(max-width: 150px) 100vw, 150px\" class=\"wp-image-8824\" alt=\"\" title=\"\"><\/span><\/div>\n<\/div>\n<\/div>\n\n<div class=\"et_pb_row_2 et_pb_row et_block_row\">\n<div class=\"et_pb_column_7 et_pb_column et_pb_column_4_4 et-last-child et_block_column et_pb_css_mix_blend_mode_passthrough\">\n\n<\/div>\n<\/div>\n\n<div class=\"et_pb_row_3 et_pb_row et_block_row\">\n<div class=\"et_pb_column_8 et_pb_column et_pb_column_4_4 et-last-child et_block_column et_pb_css_mix_blend_mode_passthrough\">\n\n\n<div class=\"et_pb_divider_0 et_pb_divider et_pb_space et_pb_divider_position_top et_pb_module\"><div class=\"et_pb_divider_internal\"><\/div><\/div>\n\n<div class=\"et_pb_text_1 et_pb_text et_pb_bg_layout_light et_pb_module et_block_module\" id=\"totecarrier\"><div class=\"et_pb_text_inner\"><p>Our 1 or 2-tote galvanized steel carrier attachment for the <a href=\"https:\/\/www.xerowaste.ca\/electric-tugs\/l-electric-tug\/\" target=\"_blank\" rel=\"noopener noreferrer\">V-Move L<\/a>, <a href=\"https:\/\/www.xerowaste.ca\/electric-tugs\/xl-0-8-kw-electric-tug\/\" target=\"_blank\" rel=\"noopener noreferrer\">V-Move XL<\/a>, or the <a href=\"https:\/\/www.xerowaste.ca\/electric-tugs\/xl-plus-electric-load-mover\/\" target=\"_blank\" rel=\"noopener\">V-Move XL+<\/a> dumpster mover tug is available and works well on slopes and in the snow.\u00a0 It can carry up to 400 lb per tote on a grade up to 25%.\u00a0 It takes one or two 32-gallon, 64-gallon, or 95-gallon totes.<\/p>\n<p><img decoding=\"async\" class=\"alignnone wp-image-7296 size-medium\" src=\"https:\/\/www.xerowaste.ca\/wp-content\/uploads\/2019\/07\/Tote-carrier-XL-scaled-scaled-1-300x223.jpg\" alt=\"Recycling and organics tote carrier for V-Move L &amp; XL dumpster mover tug | xerowaste.ca waste bin tugs\" width=\"300\" height=\"223\" title=\"\"><img decoding=\"async\" class=\" wp-image-10317\" src=\"https:\/\/www.xerowaste.ca\/wp-content\/uploads\/2021\/09\/XL-tote-carrier-320x320.jpg\" alt=\"Xerowaste | V-move XL or XL+ tote carrier attachment. Carries up to 2 totes on slopes up to 25% grade. Carries 32 gallon, 64 gallon or 95 gallon totes - organic, garbage, or recycling totes.\" width=\"224\" height=\"224\" title=\"\"><img decoding=\"async\" class=\"wp-image-10316\" src=\"https:\/\/www.xerowaste.ca\/wp-content\/uploads\/2021\/09\/XL-tote-carrier-ramp-320x320.jpg\" alt=\"Xerowaste | V-move XL or XL+ tote carrier attachment. Carries up to 2 totes on slopes up to 25% grade. Carries 32 gallon, 64 gallon or 95 gallon totes - organic, garbage, or recycling totes.\" width=\"224\" height=\"224\" title=\"\"><\/p>\n<p><a href=\"https:\/\/www.xerowaste.ca\/wp-content\/uploads\/2024\/06\/V-move-XL-with-95-gallon-tote-carrier-1200x900-1.jpg\"><img decoding=\"async\" class=\"alignnone size-medium wp-image-13389\" src=\"https:\/\/www.xerowaste.ca\/wp-content\/uploads\/2024\/06\/V-move-XL-with-95-gallon-tote-carrier-1200x900-1-240x320.jpg\" alt=\"Xerowaste Solutions | V-move XL+ with 95-gallon tote carrier. Carries two totes in 32-gallon, 64-gallon, or 95-gallon size up to 400 lb each tote on grades up to 25%. Without removing it, you can also move your 2-yard to 6-yard waste and recycling bins.\" width=\"240\" height=\"320\" title=\"\"><\/a><\/p>\n<p style=\"text-align: center;\"><code><\/code><span class=\"copycode\"><div class=\"epyt-video-wrapper\"><div  style=\"display: block; margin: 0px auto;\"  id=\"_ytid_64957\"  width=\"1080\" height=\"608\"  data-origwidth=\"1080\" data-origheight=\"608\"  data-relstop=\"1\" data-facadesrc=\"https:\/\/www.youtube.com\/embed\/tnlpEi_bujM?enablejsapi=1&origin=https:\/\/www.xerowaste.ca&autoplay=0&cc_load_policy=0&iv_load_policy=1&loop=0&fs=1&playsinline=1&controls=1&disablekb=0&color=red&cc_lang_pref=&rel=0&autohide=2&hl=es_MX&theme=dark&\" class=\"__youtube_prefs__ epyt-facade  no-lazyload\" data-vol=\"20\"  data-epautoplay=\"1\" ><img decoding=\"async\" data-spai-excluded=\"true\" class=\"epyt-facade-poster skip-lazy\" loading=\"lazy\" alt=\"Xerowaste Solutions V-move twin tote carrier with two 64-gallon totes full of organics on 18% grade\" src=\"https:\/\/i.ytimg.com\/vi\/tnlpEi_bujM\/hqdefault.jpg\" title=\"\"><button class=\"epyt-facade-play\" aria-label=\"Play\"><svg data-no-lazy=\"1\" height=\"100%\" version=\"1.1\" viewBox=\"0 0 68 48\" width=\"100%\"><path class=\"ytp-large-play-button-bg\" d=\"M66.52,7.74c-0.78-2.93-2.49-5.41-5.42-6.19C55.79,.13,34,0,34,0S12.21,.13,6.9,1.55 C3.97,2.33,2.27,4.81,1.48,7.74C0.06,13.05,0,24,0,24s0.06,10.95,1.48,16.26c0.78,2.93,2.49,5.41,5.42,6.19 C12.21,47.87,34,48,34,48s21.79-0.13,27.1-1.55c2.93-0.78,4.64-3.26,5.42-6.19C67.94,34.95,68,24,68,24S67.94,13.05,66.52,7.74z\" fill=\"#f00\"><\/path><path d=\"M 45,24 27,14 27,34\" fill=\"#fff\"><\/path><\/svg><\/button><\/div><\/div><\/span><\/p>\n<p style=\"text-align: center;\"><span class=\"copycode\"><strong>Do not click on the video if you don\u2019t agree with the cookie policy of <a href=\"https:\/\/policies.google.com\/technologies\/cookies?hl=en\" target=\"_blank\" rel=\"noopener\">Youtube<\/a><\/strong><br \/><\/span><\/p>\n<p><code><\/p>\n<p><\/code><br \/>Our V-Move EDV can carry two 95-gallon totes and is ideal for use in airports or schools.<br \/><code><\/p>\n<p><\/code><br \/><a href=\"https:\/\/www.xerowaste.ca\/electric-tugs\/edv-burden-carrier-tug\/\"><img decoding=\"async\" class=\"size-medium wp-image-5123\" src=\"https:\/\/www.xerowaste.ca\/wp-content\/uploads\/2019\/12\/V-Move-EDV-tug-300x250.jpg\" alt=\"Xerowaste.ca | V-Move EDV tug moving waste totes | Airport terminal burden carrier tug\" width=\"300\" height=\"250\" title=\"\"><\/a><br \/><code><\/p>\n<p><\/code><br \/><div class=\"shortcode-site-reviews-summary\"><div class=\"glsr glsr-divi\" id=\"glsr_mmi7xwoa\" data-from=\"shortcode\" data-shortcode=\"site_reviews_summary\" data-assigned_terms=\"133\"><div class=\"glsr-summary-wrap\">\n    <div class=\"glsr-summary\">\n        <div class=\"glsr-summary-rating\"><span class=\"glsr-tag-value\">5.0<\/span><\/div>\n        <div class=\"glsr-summary-stars\"><div class=\"glsr-star-rating glsr-stars\" role=\"img\" aria-label=\"Rated 5 out of 5 stars based on 18 ratings\" data-rating=\"5\" data-reviews=\"18\"><span class=\"glsr-star glsr-star-full\" aria-hidden=\"true\"><\/span><span class=\"glsr-star glsr-star-full\" aria-hidden=\"true\"><\/span><span class=\"glsr-star glsr-star-full\" aria-hidden=\"true\"><\/span><span class=\"glsr-star glsr-star-full\" aria-hidden=\"true\"><\/span><span class=\"glsr-star glsr-star-full\" aria-hidden=\"true\"><\/span><\/div><\/div>\n        <div class=\"glsr-summary-text\"><span class=\"glsr-tag-value\">5.0 out of 5 stars (based on 18 reviews)<\/span><\/div>\n        <div class=\"glsr-summary-percentages\"><div class=\"glsr-summary-bar\" data-level=\"5\"><span class=\"glsr-summary-bar-label\">Excellent<\/span><span class=\"glsr-summary-bar-background\" style=\"--glsr-bar-percent:100%;\"><\/span><span class=\"glsr-summary-bar-percent\" data-percent=\"100%\" data-reviews=\"18\"><\/span><\/div><div class=\"glsr-summary-bar\" data-level=\"4\"><span class=\"glsr-summary-bar-label\">Very good<\/span><span class=\"glsr-summary-bar-background\" style=\"--glsr-bar-percent:0%;\"><\/span><span class=\"glsr-summary-bar-percent\" data-percent=\"0%\" data-reviews=\"0\"><\/span><\/div><div class=\"glsr-summary-bar\" data-level=\"3\"><span class=\"glsr-summary-bar-label\">Average<\/span><span class=\"glsr-summary-bar-background\" style=\"--glsr-bar-percent:0%;\"><\/span><span class=\"glsr-summary-bar-percent\" data-percent=\"0%\" data-reviews=\"0\"><\/span><\/div><div class=\"glsr-summary-bar\" data-level=\"2\"><span class=\"glsr-summary-bar-label\">Poor<\/span><span class=\"glsr-summary-bar-background\" style=\"--glsr-bar-percent:0%;\"><\/span><span class=\"glsr-summary-bar-percent\" data-percent=\"0%\" data-reviews=\"0\"><\/span><\/div><div class=\"glsr-summary-bar\" data-level=\"1\"><span class=\"glsr-summary-bar-label\">Terrible<\/span><span class=\"glsr-summary-bar-background\" style=\"--glsr-bar-percent:0%;\"><\/span><span class=\"glsr-summary-bar-percent\" data-percent=\"0%\" data-reviews=\"0\"><\/span><\/div><\/div>\n    <\/div>\n<\/div><\/div><\/div><br \/><code><\/p>\n<p><\/code><br \/><div class=\"shortcode-site-reviews\"><div class=\"glsr glsr-divi\" id=\"glsr_qibftoc4\" data-from=\"shortcode\" data-shortcode=\"site_reviews\" data-assigned_terms=\"133\" data-display=\"1\" data-hide=\"assigned_links,date,response,title\" data-offset=\"3\" data-schema=\"1\"><div class=\"glsr-reviews-wrap\">\n    <div class=\"glsr-reviews\">\n        <div class=\"glsr-review\" data-id=\"18552\" data-type=\"local\" data-verified=\"1\" id=\"review-18552\" data-assigned='{\"assigned_terms\":[133]}'>\n    \n    <div class=\"glsr-review-rating\"><div class=\"glsr-star-rating glsr-stars\" role=\"img\" aria-label=\"Rated 5 out of 5 stars\" data-rating=\"5\" data-reviews=\"0\"><span class=\"glsr-star glsr-star-full\" aria-hidden=\"true\"><\/span><span class=\"glsr-star glsr-star-full\" aria-hidden=\"true\"><\/span><span class=\"glsr-star glsr-star-full\" aria-hidden=\"true\"><\/span><span class=\"glsr-star glsr-star-full\" aria-hidden=\"true\"><\/span><span class=\"glsr-star glsr-star-full\" aria-hidden=\"true\"><\/span><\/div><\/div> \n    \n    <div class=\"glsr-review-content\"><div class=\"glsr-tag-value\" data-expanded=\"false\"><p class=\"glsr-hidden-text\" data-show-less=\"Show less\" data-show-more=\"Show more\" data-trigger=\"expand\">Michael did an amazing job communicating and providing detailed information about the V-Move XXL purchase. He provided tugger options, responded to questions within 1 business day, and always had the customer&#8217;s best interests in mind. Shipment was coordinated and additional spare parts shipped upon request. I couldn&#8217;t be more pleased<span class=\"glsr-hidden\"> with the purchase.<\/span><\/p><\/div><\/div>\n    \n    <div class=\"glsr-review-author\"><span class=\"glsr-tag-value\">Brian G.<\/span><\/div> <div class=\"glsr-review-verified\"><svg style=\"pointer-events: none;\" aria-hidden=\"true\" focusable=\"false\" role=\"img\" xmlns=\"http:\/\/www.w3.org\/2000\/svg\" viewBox=\"0 0 20 20\" width=\"20\" height=\"20\"><path fill=\"currentColor\" d=\"M10 2a8 8 0 1 1 0 16 8 8 0 1 1 0-16zm3.855 3.34l-5.14 5.93-2.57-2.4-1.34 1.25 3.24 4.54h1.34l5.81-8.38-1.34-.94z\"\/><\/svg> <span>Verified<\/span><\/div> \n    \n<\/div>\n    <\/div>\n    \n<\/div><\/div><\/div><br \/><a href=\"https:\/\/www.raincityhousing.org\/\" target=\"_blank\" rel=\"noopener\">Raincity Housing Website<\/a><br \/><code><\/p>\n<p><\/code><br \/>Price subject to change at any time and excludes taxes and shipping.<\/p>\n<\/div><\/div>\n\n\n<\/div>\n<\/div>\n\n<div class=\"et_pb_row_4 et_pb_row et_block_row\">\n<div class=\"et_pb_column_9 et_pb_column et_pb_column_4_4 et-last-child et_block_column et_pb_css_mix_blend_mode_passthrough\">\n<div class=\"et_pb_module et_pb_button_module_wrapper et_pb_button_1_wrapper\"><a class=\"et_pb_button_1 et_pb_button et_pb_bg_layout_light et_pb_module et_block_module\" href=\"https:\/\/www.xerowaste.ca\/electric-tugs\/#Vmove\">Return to V-Move list<\/a><\/div>\n<\/div>\n<\/div>\n<\/div>","protected":false},"excerpt":{"rendered":"<p><code><\/code><\/p>\n<h2>El remolque o carrito de reciclaje Bin Butler para 6 u 8 contenedores tiene capacidad para contenedores de 32, 64 y 96 galones y es ideal para mover los contenedores y botes de basura al bordillo, subiendo o bajando entradas de veh\u00edculos, o cruzando su propiedad. Est\u00e1 fabricado en Canad\u00e1 y es arrastrado por nuestros tractores de arrastre V-move o por nuestros remolcadores\/transportadores de contenedores\/carros de arrastre con empuje manual (se venden por separado). Se pueden transportar hasta 3,000 lb en los remolques para carritos de basura, dependiendo del tama\u00f1o y las opciones de las ruedas. Cont\u00e1ctenos para comprar.<\/h2>","protected":false},"featured_media":8179,"template":"","meta":{"_glsr_average":0,"_glsr_ranking":0,"_glsr_reviews":0},"product_cat":[120,137],"product_tag":[],"class_list":{"0":"post-8177","1":"product","2":"type-product","3":"status-publish","4":"has-post-thumbnail","6":"product_cat-recycling-trailers","7":"product_cat-v-move-tugs","9":"first","10":"instock","11":"sale","12":"featured","13":"shipping-taxable","14":"purchasable","15":"product-type-variable","16":"has-default-attributes"},"_links":{"self":[{"href":"https:\/\/www.xerowaste.ca\/es\/wp-json\/wp\/v2\/product\/8177","targetHints":{"allow":["GET"]}}],"collection":[{"href":"https:\/\/www.xerowaste.ca\/es\/wp-json\/wp\/v2\/product"}],"about":[{"href":"https:\/\/www.xerowaste.ca\/es\/wp-json\/wp\/v2\/types\/product"}],"wp:featuredmedia":[{"embeddable":true,"href":"https:\/\/www.xerowaste.ca\/es\/wp-json\/wp\/v2\/media\/8179"}],"wp:attachment":[{"href":"https:\/\/www.xerowaste.ca\/es\/wp-json\/wp\/v2\/media?parent=8177"}],"wp:term":[{"taxonomy":"product_cat","embeddable":true,"href":"https:\/\/www.xerowaste.ca\/es\/wp-json\/wp\/v2\/product_cat?post=8177"},{"taxonomy":"product_tag","embeddable":true,"href":"https:\/\/www.xerowaste.ca\/es\/wp-json\/wp\/v2\/product_tag?post=8177"}],"curies":[{"name":"wp","href":"https:\/\/api.w.org\/{rel}","templated":true}]}}