{"id":10128,"date":"2021-07-15T16:32:49","date_gmt":"2021-07-15T23:32:49","guid":{"rendered":"https:\/\/www.xerowaste.ca\/?page_id=10128"},"modified":"2026-04-23T23:15:57","modified_gmt":"2026-04-24T06:15:57","slug":"maintenance-parts-inventory","status":"publish","type":"page","link":"https:\/\/www.xerowaste.ca\/fr\/electric-tugs\/maintenance-parts-inventory\/","title":{"rendered":"Inspection de s\u00e9curit\u00e9 et inventaire des pi\u00e8ces"},"content":{"rendered":"<div class=\"et_pb_section_0 et_pb_section et_section_regular et_block_section section_has_divider et_pb_bottom_divider\">\n<div class=\"et_pb_row_0 et_pb_row et_block_row\">\n<div class=\"et_pb_column_0 et_pb_column et_pb_column_4_4 et-last-child et_block_column et_pb_css_mix_blend_mode_passthrough\">\n<div class=\"et_pb_text_0 et_pb_text et_pb_bg_layout_dark et_animated et_pb_module et_block_module et_pb_text_align_center\"><div class=\"et_pb_text_inner\"><h1>Maintenance pr\u00e9ventive et inventaire des pi\u00e8ces<\/h1>\n<p>R\u00e9parations sous garantie autoris\u00e9es par le fabricant pour votre tracteur V-move, votre aspirateur industriel Comzu et votre remorque Bin Butler, maintenance pr\u00e9ventive, inspections de s\u00e9curit\u00e9 et stock de pi\u00e8ces en C.-B. Canada.<\/p>\n<\/div><\/div>\n<\/div>\n<\/div>\n<div class=\"et_pb_bottom_inside_divider et-no-transition\"><\/div><\/div>\n\n<div class=\"et_pb_section_1 et_pb_section et_section_regular et_block_section\">\n<div class=\"et_pb_row_1 et_pb_row et_block_row\">\n<div class=\"et_pb_column_1 et_pb_column et_pb_column_4_4 et-last-child et_block_column et_pb_css_mix_blend_mode_passthrough\">\n<div class=\"et_pb_text_1 et_pb_text et_pb_bg_layout_light et_pb_module et_block_module\"><div class=\"et_pb_text_inner\"><h2 style=\"text-align: center;\"><strong>Inspections de s\u00e9curit\u00e9 et maintenance pr\u00e9ventive<\/strong><\/h2>\n<\/div><\/div>\n<\/div>\n<\/div>\n<\/div>\n\n<div class=\"et_pb_section_2 et_pb_section et_section_regular et_block_section\">\n<div class=\"et_pb_row_2 et_pb_row et_block_row\">\n<div class=\"et_pb_column_2 et_pb_column et_pb_column_4_4 et-last-child et_block_column et_pb_css_mix_blend_mode_passthrough\">\n<div class=\"et_pb_blurb_0 et_pb_blurb et_pb_bg_layout_light et_pb_blurb_position_left et_pb_module et_block_module\"><div class=\"et_pb_blurb_content\"><div class=\"et_pb_main_blurb_image\"><span class=\"et_pb_image_wrap\"><span class=\"et-pb-icon et_animated et_animated\">\ue035<\/span><\/span><\/div><div class=\"et_pb_blurb_container\"><h4 class=\"et_pb_module_header\">R\u00e9parations agr\u00e9\u00e9es par le fabricant<\/h4><div class=\"et_pb_blurb_description\"><p>Si vous \u00eates en Colombie-Britannique, nous vous desservons avec nos techniciens form\u00e9s en usine qui connaissent le V-move, le Comzu et <a href=\"https:\/\/www.xerowaste.ca\/fr\/electric-tugs\/bin-butler-tote-trailer-cart\/\" target=\"_blank\" rel=\"noopener\">Concierge de la piscine<\/a> mat\u00e9riel. Si vous \u00eates ailleurs en Am\u00e9rique du Nord, nous travaillons en partenariat avec des sp\u00e9cialistes tr\u00e8s exp\u00e9riment\u00e9s des moteurs CC et CA qui r\u00e9parent des remorqueurs et des chariots de d\u00e9placement, ainsi que les <a href=\"https:\/\/www.xerowaste.ca\/fr\/electric-tugs\/comzu_f3313_industrial_vacuum\/\">Aspirateur Comzu<\/a>. Xerowaste et nos partenaires de r\u00e9paration disposent de l'\u00e9quipement, tel que les programmeurs Curtis, les sch\u00e9mas de c\u00e2blage et de pi\u00e8ces, ainsi que de la formation n\u00e9cessaire pour r\u00e9soudre tout probl\u00e8me, effectuer la maintenance pr\u00e9ventive et les inspections de s\u00e9curit\u00e9, et r\u00e9aliser toutes les r\u00e9parations.<\/p>\n<\/div><\/div><\/div><\/div>\n<\/div>\n<\/div>\n<\/div>\n\n<div class=\"et_pb_section_3 et_pb_section et_section_regular et_block_section\">\n<div class=\"et_pb_row_3 et_pb_row et_block_row\">\n<div class=\"et_pb_column_3 et_pb_column et_pb_column_4_4 et-last-child et_block_column et_pb_css_mix_blend_mode_passthrough\">\n<div class=\"et_pb_blurb_1 et_pb_blurb et_pb_bg_layout_light et_pb_blurb_position_left et_pb_module et_block_module\"><div class=\"et_pb_blurb_content\"><div class=\"et_pb_main_blurb_image\"><span class=\"et_pb_image_wrap\"><span class=\"et-pb-icon et_animated et_animated\">\ue036<\/span><\/span><\/div><div class=\"et_pb_blurb_container\"><h4 class=\"et_pb_module_header\">Inspections de s\u00e9curit\u00e9 annuelles et entretien pr\u00e9ventif<\/h4><div class=\"et_pb_blurb_description\"><p>Dans toute l'Am\u00e9rique du Nord, Xerowaste et nos partenaires proposent des inspections de s\u00e9curit\u00e9 annuelles ou semestrielles programm\u00e9es et un entretien pr\u00e9ventif. Souvent, les conseils de s\u00e9curit\u00e9 au travail des \u00c9tats ou des provinces sugg\u00e8rent fortement ou obligent les inspections de s\u00e9curit\u00e9 pour garantir la s\u00e9curit\u00e9 des travailleurs. Nos inspections de s\u00e9curit\u00e9 suivent toutes les r\u00e8gles et directives des \u00c9tats ou des provinces \u00e9nonc\u00e9es par <a href=\"https:\/\/www.verhagenleiden.nl\/\" target=\"_blank\" rel=\"noopener\">Verhagen Leiden<\/a> pour assurer votre <a href=\"https:\/\/www.xerowaste.ca\/fr\/electric-tugs\/\" target=\"_blank\" rel=\"noopener\">Tracteur remorqueur V-move<\/a> fonctionne en toute s\u00e9curit\u00e9 et \u00e0 effectuer la maintenance pr\u00e9vue pour maximiser la dur\u00e9e de vie de votre actif V-move.<\/p>\n<\/div><\/div><\/div><\/div>\n<\/div>\n<\/div>\n<\/div>\n\n<div class=\"et_pb_section_4 et_pb_section et_section_regular et_block_section\">\n<div class=\"et_pb_row_4 et_pb_row et_block_row\">\n<div class=\"et_pb_column_4 et_pb_column et_pb_column_1_5 et_block_column et_pb_column_empty et_pb_css_mix_blend_mode_passthrough\"><\/div>\n\n<div class=\"et_pb_column_5 et_pb_column et_pb_column_3_5 et_block_column et_pb_css_mix_blend_mode_passthrough\">\n<div class=\"et_pb_cta_0 et_pb_promo et_pb_bg_layout_dark et_pb_module et_block_module\"><div class=\"et_pb_promo_description\"><h2 class=\"et_pb_module_header\">Demandez-nous des informations sur la planification des inspections de s\u00e9curit\u00e9 annuelles et de la maintenance pr\u00e9ventive de votre tracteur V-move ou de votre remorque Bin Butler.<\/h2><div class=\"et_pb_promo_content\"><\/div><\/div><div class=\"et_pb_button_wrapper\"><a class=\"et_pb_button et_pb_promo_button\" href=\"https:\/\/www.xerowaste.ca\/fr\/contact-us\/\">Cliquez ici<\/a><\/div><\/div>\n<\/div>\n\n<div class=\"et_pb_column_6 et_pb_column et_pb_column_1_5 et-last-child et_block_column et_pb_column_empty et_pb_css_mix_blend_mode_passthrough\"><\/div>\n<\/div>\n<\/div>\n\n<div class=\"et_pb_section_5 et_pb_section et_section_regular et_block_section\">\n<div class=\"et_pb_row_5 et_pb_row et_block_row\">\n<div class=\"et_pb_column_7 et_pb_column et_pb_column_4_4 et-last-child et_block_column et_pb_css_mix_blend_mode_passthrough\">\n<div class=\"et_pb_divider_0 et_pb_divider et_pb_space et_pb_divider_position_center et_pb_module\"><div class=\"et_pb_divider_internal\"><\/div><\/div>\n<\/div>\n<\/div>\n<\/div>\n\n<div class=\"et_pb_section_6 et_pb_section et_section_regular et_block_section\">\n<div class=\"et_pb_row_6 et_pb_row et_block_row\">\n<div class=\"et_pb_column_8 et_pb_column et_pb_column_4_4 et-last-child et_block_column et_pb_css_mix_blend_mode_passthrough\">\n<div class=\"et_pb_text_2 et_pb_text et_pb_bg_layout_light et_pb_module et_block_module\"><div class=\"et_pb_text_inner\"><h2 style=\"text-align: center;\"><strong>Inventaire des pi\u00e8ces<\/strong><\/h2>\n<\/div><\/div>\n<\/div>\n<\/div>\n<\/div>\n\n<div class=\"et_pb_section_7 et_pb_section et_section_regular et_block_section\">\n<div class=\"et_pb_row_7 et_pb_row et_pb_row_1-4_3-4 et_block_row et_block_row_1-4_3-4\">\n<div class=\"et_pb_column_9 et_pb_column et_pb_column_1_4 et_block_column et_pb_css_mix_blend_mode_passthrough\">\n<div class=\"et_pb_image_0 et_pb_image et_pb_module et_block_module\"><span class=\"et_pb_image_wrap\"><img decoding=\"async\" src=\"https:\/\/www.xerowaste.ca\/wp-content\/uploads\/2021\/07\/map-of-NA.png\" width=\"892\" height=\"764\" srcset=\"https:\/\/www.xerowaste.ca\/wp-content\/uploads\/2021\/07\/map-of-NA.png 892w, https:\/\/www.xerowaste.ca\/wp-content\/uploads\/2021\/07\/map-of-NA-480x411.png 480w\" sizes=\"(min-width: 0px) and (max-width: 480px) 480px, (min-width: 481px) 892px, 100vw\" class=\"wp-image-10132\" title=\"carte de l&#039;AM\" alt=\"\"><\/span><\/div>\n<\/div>\n\n<div class=\"et_pb_column_10 et_pb_column et_pb_column_3_4 et-last-child et_block_column et_pb_css_mix_blend_mode_passthrough\">\n<div class=\"et_pb_blurb_2 et_pb_blurb et_pb_bg_layout_light et_pb_blurb_position_left et_pb_module et_block_module\"><div class=\"et_pb_blurb_content\"><div class=\"et_pb_blurb_container\"><h4 class=\"et_pb_module_header\">Inventaire<\/h4><div class=\"et_pb_blurb_description\"><p>Nous avons en stock une vari\u00e9t\u00e9 sans cesse croissante de pi\u00e8ces OEM Verhagen Leiden ou de pi\u00e8ces de rechange approuv\u00e9es par l'usine \u00e0 Vancouver, Colombie-Britannique, Canada. Certaines des pi\u00e8ces en stock que nous utilisons sur les tracteurs tirailles et tracteurs de remorquage V-move sont fabriqu\u00e9es en Am\u00e9rique du Nord et sont disponibles aupr\u00e8s de nos fabricants et grossistes locaux. D'autres pi\u00e8ces fabriqu\u00e9es en Europe sont achemin\u00e9es par fret a\u00e9rien lorsque n\u00e9cessaire rapidement ou par voie maritime pour un stock r\u00e9gulier. La plupart des pi\u00e8ces que nous importons de Verhagen sont fabriqu\u00e9es en Europe.<\/p>\n<\/div><\/div><\/div><\/div>\n<\/div>\n<\/div>\n<\/div>\n\n<div class=\"et_pb_section_8 et_pb_section et_section_regular et_block_section\">\n<div class=\"et_pb_row_8 et_pb_row et_block_row\">\n<div class=\"et_pb_column_11 et_pb_column et_pb_column_4_4 et-last-child et_block_column et_pb_css_mix_blend_mode_passthrough\">\n<div class=\"et_pb_blurb_3 et_pb_blurb et_pb_bg_layout_light et_pb_blurb_position_left et_pb_module et_block_module\"><div class=\"et_pb_blurb_content\"><div class=\"et_pb_main_blurb_image\"><span class=\"et_pb_image_wrap et_pb_only_image_mode_wrap\"><img decoding=\"async\" src=\"https:\/\/www.xerowaste.ca\/wp-content\/uploads\/2021\/06\/xerowaste-bin-butler-trailer800.png\" width=\"800\" height=\"800\" srcset=\"https:\/\/www.xerowaste.ca\/wp-content\/uploads\/2021\/06\/xerowaste-bin-butler-trailer800.png 800w, https:\/\/www.xerowaste.ca\/wp-content\/uploads\/2021\/06\/xerowaste-bin-butler-trailer800-480x480.png 480w\" sizes=\"(min-width: 0px) and (max-width: 480px) 480px, (min-width: 481px) 800px, 100vw\" class=\"et_animated wp-image-9896\" alt=\"Remorque ou chariot de recyclage Xerowaste Bin Butler 6 &amp; 8 pour utilisation avec des transpalettes accompagn\u00e9s V-move, tire-conteneurs, tire-bennes, tracteurs de bacs \u00e0 ordures, tireurs de conteneurs\" title=\"\"><\/span><\/div><div class=\"et_pb_blurb_container\"><h4 class=\"et_pb_module_header\">Pi\u00e8ces Xerowaste<\/h4><div class=\"et_pb_blurb_description\"><p>Nous fabriquons le <a href=\"https:\/\/www.xerowaste.ca\/fr\/electric-tugs\/bin-butler-tote-trailer-cart\/\" target=\"_blank\" rel=\"noopener\">Remorques de bacs de recyclage personnalis\u00e9s Bin Butler<\/a>, barres de remorquage et onglets de remorquage pour bacs au Canada, ainsi que des stocks et des pi\u00e8ces pour nos marques Xerowaste.<\/p>\n<\/div><\/div><\/div><\/div>\n<\/div>\n<\/div>\n<\/div>\n\n<div class=\"et_pb_section_9 et_pb_section et_section_regular et_block_section\">\n<div class=\"et_pb_row_9 et_pb_row et_pb_equal_columns et_pb_gutters1 et_block_row et_pb_row_fullwidth\">\n<div class=\"et_pb_column_12 et_pb_column et_pb_column_1_2 et_block_column et_pb_css_mix_blend_mode_passthrough\">\n<div class=\"et_pb_image_1 et_pb_image et_pb_image_sticky et_pb_module et_block_module\"><span class=\"et_pb_image_wrap\"><img decoding=\"async\" src=\"https:\/\/www.xerowaste.ca\/wp-content\/uploads\/2019\/09\/DSC_0454-e1568304812587.jpg\" width=\"1500\" height=\"996\" srcset=\"https:\/\/www.xerowaste.ca\/wp-content\/uploads\/2019\/09\/DSC_0454-e1568304812587.jpg 1500w, https:\/\/www.xerowaste.ca\/wp-content\/uploads\/2019\/09\/DSC_0454-e1568304812587-1280x850.jpg 1280w, https:\/\/www.xerowaste.ca\/wp-content\/uploads\/2019\/09\/DSC_0454-e1568304812587-980x651.jpg 980w, https:\/\/www.xerowaste.ca\/wp-content\/uploads\/2019\/09\/DSC_0454-e1568304812587-480x319.jpg 480w\" sizes=\"(min-width: 0px) and (max-width: 480px) 480px, (min-width: 481px) and (max-width: 980px) 980px, (min-width: 981px) and (max-width: 1280px) 1280px, (min-width: 1281px) 1500px, 100vw\" class=\"wp-image-4564\" title=\"Compartiment de batterie du plateau mobile V-Move 4XL\" alt=\"Xerowaste.ca | Compartiment de batterie pour tracteur de charge industriel V-Move 4XL | Tracteur industriel | Tracteur de repoussage d&#039;avions | Tracteur de wagon\" \/><\/span><\/div>\n<\/div>\n\n<div class=\"et_pb_column_13 et_pb_column et_pb_column_1_2 et-last-child et_block_column et_pb_css_mix_blend_mode_passthrough\">\n<div class=\"et_pb_text_3 et_pb_text et_pb_bg_layout_dark et_animated et_pb_module et_block_module\"><div class=\"et_pb_text_inner\"><h2>Poser une question<\/h2>\n<\/div><\/div>\n\n<div class=\"et_pb_divider_1 et_pb_divider et_pb_space et_pb_divider_position_top et_animated et_pb_module\"><div class=\"et_pb_divider_internal\"><\/div><\/div>\n\n<div class=\"et_pb_module et_pb_button_module_wrapper et_pb_button_0_wrapper\"><a class=\"et_pb_button_0 et_pb_button et_pb_bg_layout_light et_pb_module et_block_module\" href=\"https:\/\/www.xerowaste.ca\/fr\/contact-us\/\" data-icon=\"\ue010\">Nous contacter<\/a><\/div>\n\n\n<\/div>\n<\/div>\n<\/div>\n\n<div class=\"et_pb_section_10 et_pb_section et_section_regular et_block_section\">\n<div class=\"et_pb_row_10 et_pb_row et_block_row\">\n<div class=\"et_pb_column_14 et_pb_column et_pb_column_4_4 et-last-child et_block_column et_pb_css_mix_blend_mode_passthrough\">\n<div class=\"et_pb_cta_1 et_pb_promo et_pb_bg_layout_dark et_clickable et_pb_module et_block_module\"><div class=\"et_pb_promo_description\"><h2 class=\"et_pb_module_header\">Retournez \u00e0 la page de la boutique V-Move<\/h2><div class=\"et_pb_promo_content\"><\/div><\/div><div class=\"et_pb_button_wrapper\"><a class=\"et_pb_button et_pb_promo_button\" href=\"https:\/\/www.xerowaste.ca\/fr\/electric-tugs\/\">Cliquez ici<\/a><\/div><\/div>\n<\/div>\n<\/div>\n<\/div>","protected":false},"excerpt":{"rendered":"","protected":false},"author":2,"featured_media":9852,"parent":2612,"menu_order":0,"comment_status":"closed","ping_status":"closed","template":"","meta":{"_glsr_average":0,"_glsr_ranking":0,"_glsr_reviews":0,"footnotes":""},"class_list":["post-10128","page","type-page","status-publish","has-post-thumbnail","hentry"],"_links":{"self":[{"href":"https:\/\/www.xerowaste.ca\/fr\/wp-json\/wp\/v2\/pages\/10128","targetHints":{"allow":["GET"]}}],"collection":[{"href":"https:\/\/www.xerowaste.ca\/fr\/wp-json\/wp\/v2\/pages"}],"about":[{"href":"https:\/\/www.xerowaste.ca\/fr\/wp-json\/wp\/v2\/types\/page"}],"author":[{"embeddable":true,"href":"https:\/\/www.xerowaste.ca\/fr\/wp-json\/wp\/v2\/users\/2"}],"replies":[{"embeddable":true,"href":"https:\/\/www.xerowaste.ca\/fr\/wp-json\/wp\/v2\/comments?post=10128"}],"version-history":[{"count":0,"href":"https:\/\/www.xerowaste.ca\/fr\/wp-json\/wp\/v2\/pages\/10128\/revisions"}],"up":[{"embeddable":true,"href":"https:\/\/www.xerowaste.ca\/fr\/wp-json\/wp\/v2\/pages\/2612"}],"wp:featuredmedia":[{"embeddable":true,"href":"https:\/\/www.xerowaste.ca\/fr\/wp-json\/wp\/v2\/media\/9852"}],"wp:attachment":[{"href":"https:\/\/www.xerowaste.ca\/fr\/wp-json\/wp\/v2\/media?parent=10128"}],"curies":[{"name":"wp","href":"https:\/\/api.w.org\/{rel}","templated":true}]}}