{"id":10158,"date":"2021-08-01T13:09:10","date_gmt":"2021-08-01T20:09:10","guid":{"rendered":"https:\/\/www.xerowaste.ca\/?page_id=10158"},"modified":"2026-04-23T23:21:59","modified_gmt":"2026-04-24T06:21:59","slug":"financing","status":"publish","type":"page","link":"https:\/\/www.xerowaste.ca\/fr\/financing\/","title":{"rendered":"Financement"},"content":{"rendered":"<div class=\"et_pb_section_0 et_pb_section et_section_regular et_block_section\">\n<div class=\"et_pb_row_0 et_pb_row et_block_row\">\n<div class=\"et_pb_column_0 et_pb_column et_pb_column_2_3 et_block_column et_pb_css_mix_blend_mode_passthrough\">\n<div class=\"et_pb_text_0 et_pb_text et_pb_bg_layout_light et_pb_module et_block_module preset--module--divi-text--88189985-383f-4a98-8bda-45b45a07d31e\"><div class=\"et_pb_text_inner\"><h1>Financez ou louez votre V-move ou votre Bin Butler<\/h1>\n<h2><strong>Pr\u00e9-approbation rapide et facile !<\/strong><\/h2>\n<\/div><\/div>\n\n<div class=\"et_pb_text_1 et_pb_text et_pb_bg_layout_light et_pb_module et_block_module preset--module--divi-text--dae59d6c-8e6f-457d-9b53-6f843dc37ccb\"><div class=\"et_pb_text_inner\"><p>Obtenez une pr\u00e9-approbation pour la <span style=\"color: #ffffff;\"><a href=\"https:\/\/www.xerowaste.ca\/fr\/electric-tugs\/\" style=\"color: #ffffff;\">V-move chargeur mobile<\/a><\/span> et\/ou <a href=\"https:\/\/www.xerowaste.ca\/fr\/electric-tugs\/bin-butler-tote-trailer-cart\/\"><span style=\"color: #ffffff;\">Bande-annonce de Bin Butler<\/span><\/a> avec des paiements mensuels abordables sur une dur\u00e9e allant jusqu'\u00e0 72 mois.<\/p>\n<\/div><\/div>\n<\/div>\n\n<div class=\"et_pb_column_1 et_pb_column et_pb_column_1_3 et-last-child et_block_column et_pb_css_mix_blend_mode_passthrough\">\n\n\n<div class=\"et_pb_blurb_1 et_pb_blurb et_pb_bg_layout_light et_pb_blurb_position_top et_pb_module et_block_module\"><div class=\"et_pb_blurb_content\"><div class=\"et_pb_main_blurb_image\"><span class=\"et_pb_image_wrap\"><span class=\"et-pb-icon et_animated et_animated\">\ue0ed<\/span><\/span><\/div><div class=\"et_pb_blurb_container\"><\/div><\/div><\/div>\n<\/div>\n<\/div>\n<\/div>\n\n<div class=\"et_pb_section_1 et_pb_section et_section_regular et_block_section\">\n<div class=\"et_pb_row_1 et_pb_row et_pb_equal_columns et_pb_gutters1 et_block_row\">\n<div class=\"et_pb_column_2 et_pb_column et_pb_column_2_3 et_block_column et_pb_css_mix_blend_mode_passthrough\">\n<div class=\"et_pb_text_2 et_pb_text et_pb_bg_layout_light et_pb_module et_block_module preset--module--divi-text--c3c1179e-80e4-4396-b700-51b845e1c46f\"><div class=\"et_pb_text_inner\"><h2>Options de financement et de location<\/h2>\n<\/div><\/div>\n\n<div class=\"et_pb_text_3 et_pb_text et_pb_bg_layout_light et_pb_module et_block_module preset--module--divi-text--5985fc7f-e75f-4dbb-bfb8-fb1cea25c0e9\"><div class=\"et_pb_text_inner\"><p>Configurez votre financement en leasing financier ou en pr\u00eat avec une dur\u00e9e adapt\u00e9e \u00e0 votre budget mensuel. Alternativement, obtenez une v\u00e9ritable <a href=\"https:\/\/www.xerowaste.ca\/fr\/rental\/\">location<\/a> ceci est enti\u00e8rement d\u00e9ductible en tant que charge sans option de rachat.<br \/>Nous collaborons avec National Bank Equipment Finance au Canada et Western Equipment Finance aux \u00c9tats-Unis.<\/p>\n<p><code><\/code><\/p>\n<p><code><\/code><\/p>\n<p><code>\u00a0<\/code><\/p>\n<p><code><\/code><\/p>\n<p><code><\/code><\/p>\n<\/div><\/div>\n\n\n<\/div>\n\n<div class=\"et_pb_column_3 et_pb_column et_pb_column_1_3 et-last-child et_block_column et_pb_css_mix_blend_mode_passthrough\">\n<div class=\"et_pb_text_4 et_pb_text et_pb_bg_layout_light et_pb_module et_block_module preset--module--divi-text--7c828bc8-d6c4-497f-ba4a-2e3b209fbeb8\"><div class=\"et_pb_text_inner\"><h3>Pr\u00eat<\/h3>\n<\/div><\/div>\n\n<div class=\"et_pb_text_5 et_pb_text et_pb_bg_layout_light et_pb_module et_block_module preset--module--divi-text--f7d8e1bb-508e-4b15-814b-c4ab8f64018d\"><div class=\"et_pb_text_inner\"><p>Financez votre V-move et\/ou Bin Butler, si vous souhaitez poss\u00e9der l'\u00e9quipement \u00e0 sa r\u00e9ception et le payer au fil du temps. Certains \u00c9tats\/provinces et gouvernements f\u00e9d\u00e9raux offriront des incitations telles que la section 179 des \u00c9tats-Unis, la d\u00e9duction pour amortissement acc\u00e9l\u00e9r\u00e9 canadienne (CCA) et le cr\u00e9dit de taxe de vente de la Colombie-Britannique (PST).<\/p>\n<p><code><br \/><\/code><br \/><code><br \/><\/code><\/p>\n<\/div><\/div>\n\n\n<\/div>\n<\/div>\n<\/div>\n\n<div class=\"et_pb_section_2 et_pb_section et_section_specialty et_pb_gutters1 et_block_section\"><div class=\"et_pb_row et_block_row\">\n<div class=\"et_pb_column_4 et_pb_column et_pb_column_single et_pb_column_1_3 et_block_column et_pb_css_mix_blend_mode_passthrough\">\n<div class=\"et_pb_image_0 et_pb_image et_pb_module et_block_module\"><span class=\"et_pb_image_wrap\"><img decoding=\"async\" src=\"https:\/\/www.xerowaste.ca\/wp-content\/uploads\/2019\/08\/48375822_1963267770425508_8590292405725429760_n.jpg\" width=\"720\" height=\"960\" srcset=\"https:\/\/www.xerowaste.ca\/wp-content\/uploads\/2019\/08\/48375822_1963267770425508_8590292405725429760_n.jpg 720w, https:\/\/www.xerowaste.ca\/wp-content\/uploads\/2019\/08\/48375822_1963267770425508_8590292405725429760_n-480x640.jpg 480w\" sizes=\"(min-width: 0px) and (max-width: 480px) 480px, (min-width: 481px) 720px, 100vw\" class=\"wp-image-4560\" title=\"Tracteur de remorquage V-Move 1200\" alt=\"Xerowaste.ca | Tracteur de remorquage V-Move 1200 pr\u00eat pour livraison | Chasseur de stock | Tracteur \u00e9lectrique industriel\" \/><\/span><\/div>\n<\/div>\n\n<div class=\"et_pb_column_5 et_pb_column et_pb_specialty_column et_pb_column_2_3 et-last-child et_block_column et_pb_css_mix_blend_mode_passthrough\">\n<div class=\"et_pb_row_inner_0 et_pb_row_inner et_pb_equal_columns et_pb_gutters1 et_block_row\">\n<div class=\"et_pb_column_inner_0 et_pb_column_inner et_pb_column et_pb_column_1_3 et_block_column et_pb_css_mix_blend_mode_passthrough\">\n<div class=\"et_pb_text_6 et_pb_text et_pb_bg_layout_light et_pb_module et_block_module preset--module--divi-text--7c828bc8-d6c4-497f-ba4a-2e3b209fbeb8\"><div class=\"et_pb_text_inner\"><h3>Cr\u00e9dit-bail<\/h3>\n<\/div><\/div>\n\n<div class=\"et_pb_text_7 et_pb_text et_pb_bg_layout_light et_pb_module et_block_module preset--module--divi-text--f7d8e1bb-508e-4b15-814b-c4ab8f64018d\"><div class=\"et_pb_text_inner\"><p>Enregistrez l'achat d'un V-move et\/ou d'un Bin Butler dans vos livres comme un achat d'immobilisation et profitez \u00e9ventuellement de certaines incitations fiscales gouvernementales, si elles sont disponibles. De plus, profitez de la flexibilit\u00e9 d'un paiement forfaitaire pr\u00e9d\u00e9termin\u00e9 \u00e0 la fin de votre bail, appel\u00e9 option d'achat \u00e0 prix avantageux.<\/p>\n<p><code><br \/><\/code><br \/><code><br \/><\/code><\/p>\n<\/div><\/div>\n\n\n<\/div>\n\n<div class=\"et_pb_column_inner_1 et_pb_column_inner et_pb_column et_pb_column_1_3 et-last-child et_block_column et_pb_css_mix_blend_mode_passthrough\">\n<div class=\"et_pb_text_8 et_pb_text et_pb_bg_layout_light et_pb_module et_block_module preset--module--divi-text--7c828bc8-d6c4-497f-ba4a-2e3b209fbeb8\"><div class=\"et_pb_text_inner\"><h3>Location<\/h3>\n<\/div><\/div>\n\n<div class=\"et_pb_text_9 et_pb_text et_pb_bg_layout_light et_pb_module et_block_module preset--module--divi-text--f7d8e1bb-508e-4b15-814b-c4ab8f64018d\"><div class=\"et_pb_text_inner\"><p>Vous ne poss\u00e9dez pas l'\u00e9quipement \u00e0 aucun moment pendant la dur\u00e9e du contrat. Cela vous permet de ne pas avoir \u00e0 enregistrer l'achat comme un capital et les paiements de location sont d\u00e9ductibles en tant que frais d'exploitation. Il n'y a aucune option d'achat de l'\u00e9quipement pendant ou \u00e0 la fin de votre contrat.<br \/><code><\/p>\n<p><\/code><\/p>\n<\/div><\/div>\n\n\n<\/div>\n<\/div>\n\n<div class=\"et_pb_row_inner_1 et_pb_row_inner et_pb_equal_columns et_block_row\">\n<div class=\"et_pb_column_inner_2 et_pb_column_inner et_pb_column et_pb_column_1_3 et_block_column et_pb_css_mix_blend_mode_passthrough\">\n<div class=\"et_pb_blurb_3 et_pb_blurb et_pb_bg_layout_light et_pb_blurb_position_top et_pb_module et_block_module\"><div class=\"et_pb_blurb_content\"><div class=\"et_pb_main_blurb_image\"><span class=\"et_pb_image_wrap et_pb_only_image_mode_wrap\"><img decoding=\"async\" src=\"https:\/\/www.xerowaste.ca\/wp-content\/uploads\/2026\/02\/National-Bank-bilingual-logo.png\" width=\"476\" height=\"74\" srcset=\"https:\/\/www.xerowaste.ca\/wp-content\/uploads\/2026\/02\/National-Bank-bilingual-logo.png 476w, https:\/\/www.xerowaste.ca\/wp-content\/uploads\/2026\/02\/National-Bank-bilingual-logo-320x50.png 320w, https:\/\/www.xerowaste.ca\/wp-content\/uploads\/2026\/02\/National-Bank-bilingual-logo-400x62.png 400w\" sizes=\"(max-width: 476px) 100vw, 476px\" class=\"et_animated wp-image-17636\" alt=\"\" title=\"\"><\/span><\/div><div class=\"et_pb_blurb_container\"><\/div><\/div><\/div>\n<\/div>\n\n<div class=\"et_pb_column_inner_3 et_pb_column_inner et_pb_column et_pb_column_1_3 et-last-child et_block_column et_pb_css_mix_blend_mode_passthrough\">\n<div class=\"et_pb_blurb_4 et_pb_blurb et_pb_bg_layout_light et_pb_blurb_position_top et_pb_module et_block_module\"><div class=\"et_pb_blurb_content\"><div class=\"et_pb_main_blurb_image\"><span class=\"et_pb_image_wrap et_pb_only_image_mode_wrap\"><img decoding=\"async\" src=\"https:\/\/www.xerowaste.ca\/wp-content\/uploads\/2026\/02\/Western-Equipment-Finance.jpg\" width=\"208\" height=\"72\" srcset=\"https:\/\/www.xerowaste.ca\/wp-content\/uploads\/2026\/02\/Western-Equipment-Finance.jpg 208w\" sizes=\"(max-width: 208px) 100vw, 208px\" class=\"et_animated wp-image-17637\" alt=\"\" title=\"\"><\/span><\/div><div class=\"et_pb_blurb_container\"><\/div><\/div><\/div>\n<\/div>\n<\/div>\n\n<div class=\"et_pb_row_inner_2 et_pb_row_inner et_pb_equal_columns et_block_row\">\n<div class=\"et_pb_column_inner_4 et_pb_column_inner et_pb_column et_pb_column_1_3 et_block_column et_pb_css_mix_blend_mode_passthrough\">\n<div class=\"et_pb_module et_pb_button_module_wrapper et_pb_button_3_wrapper\"><a class=\"et_pb_button_3 et_pb_button et_pb_bg_layout_light et_pb_module et_block_module\" href=\"https:\/\/apply.equipmentfinance.nbc.ca\/?src=4FQAS\" target=\"_blank\" rel=\"noopener\">Obtenez une pr\u00e9-approbation pour la location, la location-cr\u00e9dit ou le financement au Canada<\/a><\/div>\n<\/div>\n\n<div class=\"et_pb_column_inner_5 et_pb_column_inner et_pb_column et_pb_column_1_3 et-last-child et_block_column et_pb_css_mix_blend_mode_passthrough\">\n<div class=\"et_pb_module et_pb_button_module_wrapper et_pb_button_4_wrapper\"><a class=\"et_pb_button_4 et_pb_button et_pb_bg_layout_light et_pb_module et_block_module\" href=\"https:\/\/go.westernequipmentfinance.com\/derick-walker\/apply\" target=\"_blank\" rel=\"noopener\">Obtenez une pr\u00e9-approbation pour la location, \u00e0 la location ou au financement aux \u00c9tats-Unis<\/a><\/div>\n<\/div>\n<\/div>\n<\/div>\n<\/div><\/div>\n\n<div class=\"et_pb_section_3 et_pb_section et_section_regular et_block_section\">\n<div class=\"et_pb_row_2 et_pb_row et_pb_row_4col et_pb_equal_columns et_block_row et_block_row_4col\">\n<div class=\"et_pb_column_6 et_pb_column et_pb_column_1_4 et_block_column et_pb_css_mix_blend_mode_passthrough\">\n<div class=\"et_pb_icon_0 et_pb_icon et_pb_module et_block_module\"><span class=\"et_pb_icon_wrap\"><span class=\"et-pb-icon\">\uf1f0<\/span><\/span><\/div>\n<\/div>\n\n<div class=\"et_pb_column_7 et_pb_column et_pb_column_1_4 et_block_column et_pb_css_mix_blend_mode_passthrough\">\n<div class=\"et_pb_icon_1 et_pb_icon et_pb_module et_block_module\"><span class=\"et_pb_icon_wrap\"><span class=\"et-pb-icon\">\uf1f1<\/span><\/span><\/div>\n<\/div>\n\n<div class=\"et_pb_column_8 et_pb_column et_pb_column_1_4 et_block_column et_pb_css_mix_blend_mode_passthrough\">\n<div class=\"et_pb_icon_2 et_pb_icon et_pb_module et_block_module\"><span class=\"et_pb_icon_wrap\"><span class=\"et-pb-icon\">\uf1f3<\/span><\/span><\/div>\n<\/div>\n\n<div class=\"et_pb_column_9 et_pb_column et_pb_column_1_4 et-last-child et_block_column et_pb_css_mix_blend_mode_passthrough\">\n<div class=\"et_pb_icon_3 et_pb_icon et_pb_module et_block_module\"><span class=\"et_pb_icon_wrap\"><span class=\"et-pb-icon\">\uf24b<\/span><\/span><\/div>\n<\/div>\n<\/div>\n\n<div class=\"et_pb_row_3 et_pb_row et_pb_row_4col et_pb_equal_columns et_block_row et_block_row_4col\">\n<div class=\"et_pb_column_10 et_pb_column et_pb_column_1_4 et_block_column et_pb_css_mix_blend_mode_passthrough\">\n<div class=\"et_pb_icon_4 et_pb_icon et_pb_module et_block_module\"><span class=\"et_pb_icon_wrap\"><span class=\"et-pb-icon\">\uf24c<\/span><\/span><\/div>\n<\/div>\n\n<div class=\"et_pb_column_11 et_pb_column et_pb_column_1_4 et_block_column et_pb_css_mix_blend_mode_passthrough\">\n<div class=\"et_pb_icon_5 et_pb_icon et_pb_module et_block_module\"><span class=\"et_pb_icon_wrap\"><span class=\"et-pb-icon\">\uf1f2<\/span><\/span><\/div>\n<\/div>\n\n<div class=\"et_pb_column_12 et_pb_column et_pb_column_1_4 et_block_column et_pb_css_mix_blend_mode_passthrough\">\n<div class=\"et_pb_icon_6 et_pb_icon et_pb_module et_block_module\"><span class=\"et_pb_icon_wrap\"><span class=\"et-pb-icon\">\uf1f5<\/span><\/span><\/div>\n<\/div>\n\n<div class=\"et_pb_column_13 et_pb_column et_pb_column_1_4 et-last-child et_block_column et_pb_css_mix_blend_mode_passthrough\">\n<div class=\"et_pb_icon_7 et_pb_icon et_pb_module et_block_module\"><span class=\"et_pb_icon_wrap\"><span class=\"et-pb-icon\">\uf19c<\/span><\/span><\/div>\n<\/div>\n<\/div>\n<\/div>","protected":false},"excerpt":{"rendered":"","protected":false},"author":2,"featured_media":4599,"parent":0,"menu_order":0,"comment_status":"closed","ping_status":"closed","template":"","meta":{"_glsr_average":0,"_glsr_ranking":0,"_glsr_reviews":0,"footnotes":""},"class_list":["post-10158","page","type-page","status-publish","has-post-thumbnail","hentry"],"_links":{"self":[{"href":"https:\/\/www.xerowaste.ca\/fr\/wp-json\/wp\/v2\/pages\/10158","targetHints":{"allow":["GET"]}}],"collection":[{"href":"https:\/\/www.xerowaste.ca\/fr\/wp-json\/wp\/v2\/pages"}],"about":[{"href":"https:\/\/www.xerowaste.ca\/fr\/wp-json\/wp\/v2\/types\/page"}],"author":[{"embeddable":true,"href":"https:\/\/www.xerowaste.ca\/fr\/wp-json\/wp\/v2\/users\/2"}],"replies":[{"embeddable":true,"href":"https:\/\/www.xerowaste.ca\/fr\/wp-json\/wp\/v2\/comments?post=10158"}],"version-history":[{"count":0,"href":"https:\/\/www.xerowaste.ca\/fr\/wp-json\/wp\/v2\/pages\/10158\/revisions"}],"wp:featuredmedia":[{"embeddable":true,"href":"https:\/\/www.xerowaste.ca\/fr\/wp-json\/wp\/v2\/media\/4599"}],"wp:attachment":[{"href":"https:\/\/www.xerowaste.ca\/fr\/wp-json\/wp\/v2\/media?parent=10158"}],"curies":[{"name":"wp","href":"https:\/\/api.w.org\/{rel}","templated":true}]}}