{"id":189,"date":"2016-12-12T18:45:32","date_gmt":"2016-12-13T02:45:32","guid":{"rendered":"http:\/\/108.163.188.138\/~xerowast\/?page_id=189"},"modified":"2026-04-13T17:56:56","modified_gmt":"2026-04-14T00:56:56","slug":"xerowaste","status":"publish","type":"page","link":"https:\/\/www.xerowaste.ca\/fr\/","title":{"rendered":"\u00c9quipement de manutention de mat\u00e9riaux Xerowaste"},"content":{"rendered":"<div class=\"et_pb_section_0 et_pb_section et_pb_fullwidth_section et_section_regular et_block_section\">\n<section class=\"et_pb_fullwidth_header_0 et_pb_fullwidth_header et_pb_bg_layout_dark et_pb_text_align_center et_pb_module et_flex_module\"><div class=\"et_pb_fullwidth_header_container center\"><div class=\"header-content-container center\"><div class=\"header-content et_flex_module\"><h1 class=\"et_pb_module_header\">Solutions de manutention sans \u00e9missions<\/h1><span class=\"et_pb_fullwidth_header_subhead\">Chariots de manutention \u00e9lectriques V-move, remorques de recyclage Bin Butler et aspirateurs Comzu<\/span><div class=\"et_pb_header_button_wrapper\"><\/div><\/div><\/div><\/div><div class=\"et_pb_fullwidth_header_overlay\"><\/div><div class=\"et_pb_fullwidth_header_scroll\"><\/div><\/section>\n<\/div>\n\n<div class=\"et_pb_section_1 et_pb_section et_pb_fullwidth_section et_section_regular et_block_section\">\n<div class=\"et_pb_fullwidth_slider_0 et_pb_slider et_pb_module\"><div class=\"et_pb_slides\">\n<div class=\"et_pb_slide_0 et_pb_slide et_pb_slider_with_text_overlay et_pb_media_alignment_center et_pb_bg_layout_dark et_pb_text_align_center\" data-slide-id=\"divi\/slide-0\"><div class=\"et_pb_container\"><div class=\"et_pb_slider_container_inner\"><div class=\"et_pb_slide_description\"><div class=\"et_pb_text_overlay_wrapper\"><h2 class=\"et_pb_slide_title\"><a href=\"https:\/\/www.xerowaste.ca\/fr\/electric-tugs\/\" target=\"\" class=\"et_pb_slide_title_link\">Tracteurs \u00e9lectriques V-Move pour le d\u00e9placement de charges<\/a><\/h2><\/div><div class=\"et_pb_button_wrapper\"><a class=\"et_pb_button et_pb_more_button\" href=\"https:\/\/www.xerowaste.ca\/fr\/electric-tugs\/\">Voir les 19 mod\u00e8les diff\u00e9rents<\/a><\/div><\/div><\/div><\/div><\/div>\n\n<div class=\"et_pb_slide_1 et_pb_slide et_pb_slider_with_text_overlay et_pb_media_alignment_center et_pb_bg_layout_dark et_pb_text_align_center\" data-slide-id=\"divi\/slide-1\"><div class=\"et_pb_container\"><div class=\"et_pb_slider_container_inner\"><div class=\"et_pb_slide_description\"><div class=\"et_pb_text_overlay_wrapper\"><h2 class=\"et_pb_slide_title\"><a href=\"https:\/\/www.xerowaste.ca\/fr\/electric-tugs\/\" target=\"\" class=\"et_pb_slide_title_link\">Tracteurs \u00e9lectriques V-Move pour le d\u00e9placement de charges<\/a><\/h2><\/div><div class=\"et_pb_button_wrapper\"><a class=\"et_pb_button et_pb_more_button\" href=\"https:\/\/www.xerowaste.ca\/fr\/electric-tugs\/\">Voir les 19 mod\u00e8les diff\u00e9rents<\/a><\/div><\/div><\/div><\/div><\/div>\n\n<div class=\"et_pb_slide_2 et_pb_slide et_pb_slider_with_text_overlay et_pb_media_alignment_center et_pb_bg_layout_dark et_pb_text_align_center\" data-slide-id=\"divi\/slide-2\"><div class=\"et_pb_container\"><div class=\"et_pb_slider_container_inner\"><div class=\"et_pb_slide_description\"><div class=\"et_pb_text_overlay_wrapper\"><h2 class=\"et_pb_slide_title\"><a href=\"https:\/\/www.xerowaste.ca\/fr\/electric-tugs\/\" target=\"\" class=\"et_pb_slide_title_link\">Tracteurs \u00e9lectriques V-Move pour le d\u00e9placement de charges<\/a><\/h2><\/div><div class=\"et_pb_button_wrapper\"><a class=\"et_pb_button et_pb_more_button\" href=\"https:\/\/www.xerowaste.ca\/fr\/electric-tugs\/\">Voir les 19 mod\u00e8les diff\u00e9rents<\/a><\/div><\/div><\/div><\/div><\/div>\n<\/div><\/div>\n<\/div>\n\n<div class=\"et_pb_section_2 et_pb_section et_section_regular et_block_section\">\n<div class=\"et_pb_row_0 et_pb_row et_block_row\">\n<div class=\"et_pb_column_0 et_pb_column et_pb_column_1_2 et_block_column et_pb_css_mix_blend_mode_passthrough\">\n<div class=\"et_pb_image_0 et_pb_image et_pb_module et_block_module\"><a href=\"https:\/\/www.xerowaste.ca\/fr\/electric-tugs\/\"><span class=\"et_pb_image_wrap\"><img decoding=\"async\" src=\"https:\/\/www.xerowaste.ca\/wp-content\/uploads\/2025\/03\/Xerowaste-V-move-TM_640x338.jpg\" width=\"640\" height=\"388\" srcset=\"https:\/\/www.xerowaste.ca\/wp-content\/uploads\/2025\/03\/Xerowaste-V-move-TM_640x338.jpg 640w, https:\/\/www.xerowaste.ca\/wp-content\/uploads\/2025\/03\/Xerowaste-V-move-TM_640x338-480x291.jpg 480w\" sizes=\"(min-width: 0px) and (max-width: 480px) 480px, (min-width: 481px) 640px, 100vw\" class=\"wp-image-16133\" title=\"Xerowaste-V-move-TM_640x338\" alt=\"Xerowaste | Tracteur semi-remorque V-move 40T\" \/><\/span><\/a><\/div>\n\n<div class=\"et_pb_blurb_0 et_pb_blurb et_pb_bg_layout_light et_pb_text_align_center et_pb_blurb_position_top et_clickable et_pb_module et_block_module\"><div class=\"et_pb_blurb_content\"><div class=\"et_pb_blurb_container\"><h4 class=\"et_pb_module_header\">Tracteurs \u00e9lectriques V-Move pour d\u00e9placement de charges \u00e0 pousser<\/h4><div class=\"et_pb_blurb_description\"><p style=\"text-align: center;\">Voyez la gamme de chariots \u00e9lectriques V-Move et tracteurs de remorquage \u00e0 conducteur port\u00e9 pour utilisation au Canada, aux \u00c9tats-Unis et au Mexique. Utilisez-les comme pousseurs de bennes \u00e0 ordures, tracteurs de semi-remorques, pousseurs de chariots \u00e0 bagages, pousseurs de chariots de supermarch\u00e9, tracteurs de serres, tracteurs industriels, remorqueurs, chariots de transport, et bien d'autres usages.<\/p>\n<\/div><\/div><\/div><\/div>\n\n<div class=\"et_pb_module et_pb_button_module_wrapper et_pb_button_0_wrapper\"><a class=\"et_pb_button_0 et_pb_button et_pb_bg_layout_light et_pb_module et_block_module\" href=\"https:\/\/www.xerowaste.ca\/fr\/electric-tugs\/\">Voir tous nos remorqueurs V-move<\/a><\/div>\n<\/div>\n\n<div class=\"et_pb_column_1 et_pb_column et_pb_column_1_2 et-last-child et_block_column et_pb_css_mix_blend_mode_passthrough\">\n<div class=\"et_pb_image_1 et_pb_image et_pb_module et_block_module\"><a href=\"https:\/\/www.xerowaste.ca\/fr\/electric-tugs\/tote-trailer-cart\/#totecarrier\"><span class=\"et_pb_image_wrap\"><img decoding=\"async\" src=\"https:\/\/www.xerowaste.ca\/wp-content\/uploads\/2024\/02\/V-move-XL-with-16-inch-XTRAC-winter-tires-455x314-1.jpg\" width=\"455\" height=\"314\" srcset=\"https:\/\/www.xerowaste.ca\/wp-content\/uploads\/2024\/02\/V-move-XL-with-16-inch-XTRAC-winter-tires-455x314-1.jpg 455w, https:\/\/www.xerowaste.ca\/wp-content\/uploads\/2024\/02\/V-move-XL-with-16-inch-XTRAC-winter-tires-455x314-1-320x221.jpg 320w, https:\/\/www.xerowaste.ca\/wp-content\/uploads\/2024\/02\/V-move-XL-with-16-inch-XTRAC-winter-tires-455x314-1-400x276.jpg 400w, https:\/\/www.xerowaste.ca\/wp-content\/uploads\/2024\/02\/V-move-XL-with-16-inch-XTRAC-winter-tires-455x314-1-18x12.jpg 18w\" sizes=\"(max-width: 455px) 100vw, 455px\" class=\"wp-image-12750\" title=\"V-move XL avec pneus d&#039;hiver XTRAC 16 pouces 455x314\" alt=\"V-move XL avec pneus d&#039;hiver XTRAC pour tirer les poubelles dans la neige et la glace\" \/><\/span><\/a><\/div>\n\n<div class=\"et_pb_blurb_1 et_pb_blurb et_pb_bg_layout_light et_pb_text_align_center et_pb_blurb_position_top et_clickable et_pb_module et_block_module\"><div class=\"et_pb_blurb_content\"><div class=\"et_pb_blurb_container\"><h4 class=\"et_pb_module_header\">Remorques et porte-conteneurs de recyclage<\/h4><div class=\"et_pb_blurb_description\"><p style=\"text-align: center;\">Notre support innovant \u00e0 deux bacs peut transporter un ou deux bacs \u00e0 roues de 95 gallons, 64 gallons ou 32 gallons sur une rampe d'une inclinaison allant jusqu'\u00e0 25%. Il permet de r\u00e9duire les blessures et d'augmenter la productivit\u00e9 pour vous faire \u00e9conomiser de l'argent ! En option avec nos V-move L, XL ou XL+. Nous avons \u00e9galement des remorques Bin Butler pour 6 et 8 bacs.<\/p>\n<\/div><\/div><\/div><\/div>\n\n<div class=\"et_pb_module et_pb_button_module_wrapper et_pb_button_1_wrapper\"><a class=\"et_pb_button_1 et_pb_button et_pb_bg_layout_light et_pb_module et_block_module\" href=\"https:\/\/www.xerowaste.ca\/fr\/electric-tugs\/tote-trailer-cart\/#totecarrier\">En savoir plus sur nos accessoires<\/a><\/div>\n<\/div>\n<\/div>\n\n<div class=\"et_pb_row_1 et_pb_row et_block_row\">\n<div class=\"et_pb_column_2 et_pb_column et_pb_column_4_4 et-last-child et_block_column et_pb_css_mix_blend_mode_passthrough\">\n<div class=\"et_pb_divider_0 et_pb_divider et_pb_space et_pb_divider_position_top et_pb_module\"><div class=\"et_pb_divider_internal\"><\/div><\/div>\n<\/div>\n<\/div>\n<\/div>\n\n<div class=\"et_pb_section_3 et_pb_section et_section_regular et_block_section\">\n<div class=\"et_pb_row_2 et_pb_row et_pb_equal_columns et_block_row\">\n<div class=\"et_pb_column_3 et_pb_column et_pb_column_1_2 et_block_column et_pb_css_mix_blend_mode_passthrough\">\n<div class=\"et_pb_image_2 et_pb_image et_pb_module et_block_module\"><span class=\"et_pb_image_wrap\"><img decoding=\"async\" src=\"https:\/\/www.xerowaste.ca\/wp-content\/uploads\/2025\/10\/Xerowaste-V-move-readers-choice-award-nomination-800x479-1.jpg\" width=\"800\" height=\"479\" srcset=\"https:\/\/www.xerowaste.ca\/wp-content\/uploads\/2025\/10\/Xerowaste-V-move-readers-choice-award-nomination-800x479-1.jpg 800w, https:\/\/www.xerowaste.ca\/wp-content\/uploads\/2025\/10\/Xerowaste-V-move-readers-choice-award-nomination-800x479-1-480x287.jpg 480w\" sizes=\"(min-width: 0px) and (max-width: 480px) 480px, (min-width: 481px) 800px, 100vw\" class=\"wp-image-17201\" title=\"Prix de la ligne V-move\" alt=\"Gamme V-move de d\u00e9place-charges en nomination pour le prix des lecteurs 2020 | Xerowaste\" \/><\/span><\/div>\n\n<div class=\"et_pb_blurb_2 et_pb_blurb et_pb_bg_layout_light et_pb_text_align_center et_pb_blurb_position_top et_clickable et_pb_module et_block_module\"><div class=\"et_pb_blurb_content\"><div class=\"et_pb_blurb_container\"><h4 class=\"et_pb_module_header\">Les V-move load movers ont \u00e9t\u00e9 nomin\u00e9s pour un prix Readers' Choice Award<\/h4><div class=\"et_pb_blurb_description\"><p style=\"text-align: center;\">Les tracteurs V-move ont \u00e9t\u00e9 s\u00e9lectionn\u00e9s comme les meilleurs tracteurs et ont \u00e9t\u00e9 \u00e9lus par les lecteurs dans une cat\u00e9gorie ' tracteurs, chariots et roulettes '. D\u00e9couvrez comment nous nous sommes comport\u00e9s lors du Reader's Choice Award 2020 pour un grand magazine d'\u00e9quipement de manutention.<\/p>\n<\/div><\/div><\/div><\/div>\n\n<div class=\"et_pb_module et_pb_button_module_wrapper et_pb_button_2_wrapper\"><a class=\"et_pb_button_2 et_pb_button et_pb_bg_layout_light et_pb_module et_block_module\" href=\"https:\/\/www.mmh.com\/article\/mhpn_materials_handling_24_7_readers_choice_products_of_year_2020_winners\" target=\"_blank\" rel=\"external noreferrer noopener\">En savoir plus sur le prix du public<\/a><\/div>\n<\/div>\n\n<div class=\"et_pb_column_4 et_pb_column et_pb_column_1_2 et-last-child et_block_column et_pb_css_mix_blend_mode_passthrough\">\n<div class=\"et_pb_image_3 et_pb_image et_pb_module et_block_module\"><a href=\"https:\/\/www.xerowaste.ca\/fr\/electric-tugs\/comzu_f3313_industrial_vacuum\/\"><span class=\"et_pb_image_wrap\"><img decoding=\"async\" src=\"https:\/\/www.xerowaste.ca\/wp-content\/uploads\/2025\/10\/industrial-vacuum-cleaner-comzu-f3313-lithium-verhagen-leiden800x479.jpg\" width=\"800\" height=\"479\" srcset=\"https:\/\/www.xerowaste.ca\/wp-content\/uploads\/2025\/10\/industrial-vacuum-cleaner-comzu-f3313-lithium-verhagen-leiden800x479.jpg 800w, https:\/\/www.xerowaste.ca\/wp-content\/uploads\/2025\/10\/industrial-vacuum-cleaner-comzu-f3313-lithium-verhagen-leiden800x479-480x287.jpg 480w\" sizes=\"(min-width: 0px) and (max-width: 480px) 480px, (min-width: 481px) 800px, 100vw\" class=\"wp-image-17197\" title=\"Xerowaste - Pousse-chariot shopping V-move XL+ x142\" alt=\"Xerowaste | Pousse-chariot moteur AC V-move XL+ - r\u00e9cup\u00e9rateur de chariots haut de gamme.\" \/><\/span><\/a><\/div>\n\n<div class=\"et_pb_blurb_3 et_pb_blurb et_pb_bg_layout_light et_pb_text_align_center et_pb_blurb_position_top et_clickable et_pb_module et_block_module\"><div class=\"et_pb_blurb_content\"><div class=\"et_pb_blurb_container\"><h4 class=\"et_pb_module_header\">L'aspirateur industriel le plus puissant \u00e0 batterie<\/h4><div class=\"et_pb_blurb_description\"><p style=\"text-align: center;\">L'aspirateur industriel sans fil Comzu de Verhagen fonctionne jusqu'\u00e0 80 minutes et se recharge en 2,5 heures. Cliquez ici pour d\u00e9couvrir pourquoi cet aspirateur est celui que vous recherchiez.<\/p>\n<\/div><\/div><\/div><\/div>\n\n<div class=\"et_pb_module et_pb_button_module_wrapper et_pb_button_3_wrapper\"><a class=\"et_pb_button_3 et_pb_button et_pb_bg_layout_light et_pb_module et_block_module\" href=\"https:\/\/www.xerowaste.ca\/fr\/electric-tugs\/comzu_f3313_industrial_vacuum\/\">En savoir plus sur l'aspirateur Comzu<\/a><\/div>\n<\/div>\n<\/div>\n<\/div>\n\n<div class=\"et_pb_section_4 et_pb_section et_section_regular et_block_section\">\n<div class=\"et_pb_row_3 et_pb_row et_pb_equal_columns et_pb_gutters1 et_block_row\">\n<div class=\"et_pb_column_5 et_pb_column et_pb_column_1_2 et_block_column et_pb_css_mix_blend_mode_passthrough\">\n<div class=\"et_pb_image_4 et_pb_image et_pb_module et_block_module\"><a href=\"https:\/\/www.xerowaste.ca\/fr\/electric-tugs\/xl-plus-shopping-cart-pusher\/\"><span class=\"et_pb_image_wrap\"><img decoding=\"async\" src=\"https:\/\/www.xerowaste.ca\/wp-content\/uploads\/2023\/02\/XL-1500-cart-pusher-cart-retreiver-700.jpg\" width=\"700\" height=\"700\" srcset=\"https:\/\/www.xerowaste.ca\/wp-content\/uploads\/2023\/02\/XL-1500-cart-pusher-cart-retreiver-700.jpg 700w, https:\/\/www.xerowaste.ca\/wp-content\/uploads\/2023\/02\/XL-1500-cart-pusher-cart-retreiver-700-480x480.jpg 480w\" sizes=\"(min-width: 0px) and (max-width: 480px) 480px, (min-width: 481px) 700px, 100vw\" class=\"wp-image-11220\" title=\"Chariot de pouss\u00e9e XL 1500 chariot r\u00e9cup\u00e9rateur 700\" alt=\"Pousseur de chariots Xerowaste V-move XL 1.5 ou r\u00e9cup\u00e9rateur de chariots poussant des chariots de supermarch\u00e9\" \/><\/span><\/a><\/div>\n\n\n<\/div>\n\n<div class=\"et_pb_column_6 et_pb_column et_pb_column_1_2 et-last-child et_block_column et_pb_css_mix_blend_mode_passthrough\">\n<div class=\"et_pb_image_5 et_pb_image et_pb_module et_block_module\"><a href=\"https:\/\/www.xerowaste.ca\/fr\/electric-tugs\/waste-bin-tug-or-dumpster-mover\/\"><span class=\"et_pb_image_wrap\"><img decoding=\"async\" src=\"https:\/\/www.xerowaste.ca\/wp-content\/uploads\/2023\/05\/DSC_0240-800x800-1.jpg\" width=\"800\" height=\"800\" srcset=\"https:\/\/www.xerowaste.ca\/wp-content\/uploads\/2023\/05\/DSC_0240-800x800-1.jpg 800w, https:\/\/www.xerowaste.ca\/wp-content\/uploads\/2023\/05\/DSC_0240-800x800-1-480x480.jpg 480w\" sizes=\"(min-width: 0px) and (max-width: 480px) 480px, (min-width: 481px) 800px, 100vw\" class=\"wp-image-11727\" title=\"Xerowaste | V-move XXL compacteur autoportant de d\u00e9m\u00e9nagement sur pente-800x800\" alt=\"Xerowaste | D\u00e9placeur de benne V-move XXL tirant une presse \u00e0 balles autonome sur une pente d&#039;all\u00e9e\" \/><\/span><\/a><\/div>\n<\/div>\n<\/div>\n<\/div>\n\n<div class=\"et_pb_section_5 et_pb_section et_section_regular et_block_section\">\n<div class=\"et_pb_row_4 et_pb_row et_block_row\">\n<div class=\"et_pb_column_7 et_pb_column et_pb_column_4_4 et-last-child et_block_column et_pb_css_mix_blend_mode_passthrough\">\n<div class=\"et_pb_text_0 et_pb_text et_pb_bg_layout_dark et_pb_module et_block_module\" id=\"About\"><div class=\"et_pb_text_inner\"><h2><strong>\u00c0 propos de nous<\/strong><\/h2>\n<p><span style=\"color: #000000;\">Xerowaste Solutions est un grossiste et d\u00e9taillant d'\u00e9quipements de manutention en Am\u00e9rique du Nord. Nous sommes sp\u00e9cialis\u00e9s dans les remorqueuses, les pousseurs de charge, les d\u00e9placeurs de bennes \u00e0 ordures, les chariots \u00e0 d\u00e9chets et les tracteurs de remorquage pour le transport difficile de bacs \u00e0 ordures, des bacs aux compacteurs autonomes sur des pentes allant jusqu'\u00e0 30%. Nous travaillons \u00e9galement avec des clients manufacturiers de tous secteurs pour fournir l'\u00e9quipement et les solutions de manutention n\u00e9cessaires afin de r\u00e9duire les blessures et d'augmenter la productivit\u00e9. Nous vendons la gamme d'\u00e9quipements de manutention des marques V-move, Bin Butler et Comzu.<\/span><\/p>\n<p><span style=\"color: #000000;\">Xerowaste Solutions est dirig\u00e9e par une \u00e9quipe poss\u00e9dant une vaste exp\u00e9rience, du terrain \u00e0 la direction, dans le secteur de la gestion des d\u00e9chets et du recyclage en Am\u00e9rique du Nord, incluant une connaissance de bout en bout des logiciels de gestion des d\u00e9chets et de recyclage, des logiciels de routage, de l'\u00e9limination des d\u00e9chets, des d\u00e9charges, des stations de transfert et des op\u00e9rations de centres de recyclage. Au total, nous avons plus de 35 ans d'exp\u00e9rience combin\u00e9e dans l'industrie des d\u00e9chets et du recyclage et plus de neuf ans d'exp\u00e9rience dans les \u00e9quipements de manutention de mat\u00e9riaux \u00e0 z\u00e9ro \u00e9mission, et nous sommes en affaires depuis 2013. Nous travaillons \u00e9galement en \u00e9troite collaboration avec de nombreux experts de l'industrie, tels que <a href=\"https:\/\/www.verhagenleiden.nl\/\" target=\"_blank\" rel=\"noopener\"><span style=\"color: #000000;\">Verhagen Leiden<\/span><\/a>. Verhagen Leiden est dans le secteur des \u00e9quipements de manutention depuis 1964 et est le fabricant des tracteurs pousseur V-Move\u00ae et des tracteurs de remorquage, ainsi que des aspirateurs industriels Comzu.<\/span><\/p>\n<p><span style=\"color: #000000;\">Xerowaste\u2122 est un fournisseur de la <a href=\"https:\/\/www.xerowaste.ca\/fr\/electric-tugs\/waste-bin-tug-or-dumpster-mover\/\" target=\"_blank\" rel=\"noopener\"><span style=\"color: #000000;\">La marque V-move de chariots pour poubelles \u00e0 batterie<\/span><\/a> et les remorques semi-remorques, les aspirateurs industriels Comuzu, ainsi qu'une gamme de remorques pour bacs de recyclage de marque Bin Butler. Nous sommes le grossiste et d\u00e9taillant agr\u00e9\u00e9 en Am\u00e9rique du Nord du fabricant n\u00e9erlandais Verhagen Leiden, et de sa gamme de 19 chariots de manutention et tracteurs \u00e0 batterie V-Move et d'aspirateurs industriels Comzu. Nous soutenons la haute qualit\u00e9 et la durabilit\u00e9 des mod\u00e8les V-move et Comzu avec une garantie fabricant allant jusqu'\u00e0 deux ans. <a href=\"https:\/\/v-move.com\/\" target=\"_blank\" rel=\"noopener\"><span style=\"color: #000000;\">V-move<\/span><\/a> Les chariot-t\u00e9lescopiques ont de nombreuses utilisations pour rendre une t\u00e2che plus facile, plus rapide, moins co\u00fbteuse et plus s\u00fbre.<\/span><\/p>\n<p><span style=\"color: #000000;\">Nous r\u00e9digeons des articles sur les \u00e9quipements de manutention \u00e0 z\u00e9ro \u00e9mission et les solutions \u00e0 faible \u00e9mission de carbone pour les magazines sp\u00e9cialis\u00e9s dans les d\u00e9chets et le recyclage aux \u00c9tats-Unis et au Canada, ainsi que pour les magazines sp\u00e9cialis\u00e9s dans l'industrie du logement. Notre article informatif sur la s\u00e9curit\u00e9 concernant <a href=\"https:\/\/www.xerowaste.ca\/fr\/reducing-injuries-moving-waste-bins\/\" target=\"_blank\" rel=\"noopener\"><span style=\"color: #000000;\">poubelles mobiles<\/span><\/a> a \u00e9t\u00e9 publi\u00e9 dans trois magazines diff\u00e9rents. Nous vendons des \u00e9quipements de manutention \u00e0 z\u00e9ro \u00e9mission, y compris la gamme de <a style=\"color: #000000;\" href=\"https:\/\/www.xerowaste.ca\/fr\/electric-tugs\/\" target=\"_blank\" rel=\"noopener noreferrer\">Tracteurs V-Move \u00e0 conducteur accompagnant ou tracteurs de charges et tracteurs d'attelage<\/a> et les remorques de bacs de recyclage - toutes des solutions \u00e0 faible empreinte carbone et \u00e0 z\u00e9ro \u00e9mission.<br \/>\n<\/span><\/p>\n<p><span style=\"color: #000000;\">Certains de nos employ\u00e9s sont des conseillers certifi\u00e9s en z\u00e9ro d\u00e9chet afin de garantir que les d\u00e9cisions relatives \u00e0 la gestion des d\u00e9chets concernant la s\u00e9lection et l'utilisation des tireurs de bennes V-move soient prises dans le respect d'un processus efficace et logique.<\/span><\/p>\n<p><span style=\"color: #000000;\">Lorsque vous envisagez des \u00e9quipements de manutention, laissez Xerowaste Solutions aider votre organisation \u00e0 progresser vers une plus grande efficacit\u00e9 op\u00e9rationnelle, une s\u00e9curit\u00e9 et une durabilit\u00e9 environnementale accrues.<\/span><\/p>\n<\/div><\/div>\n<\/div>\n<\/div>\n<\/div>\n\n<div class=\"et_pb_section_6 et_pb_section et_section_regular et_block_section\">\n<div class=\"et_pb_row_5 et_pb_row et_block_row\">\n<div class=\"et_pb_column_8 et_pb_column et_pb_column_4_4 et-last-child et_block_column et_pb_css_mix_blend_mode_passthrough\">\n<div class=\"et_pb_text_1 et_pb_text et_pb_bg_layout_light et_pb_module et_block_module\"><div class=\"et_pb_text_inner\"><h3><div class=\"shortcode-site-reviews-summary\"><div class=\"glsr glsr-divi\" id=\"glsr_ftgnquar\" data-from=\"shortcode\" data-shortcode=\"site_reviews_summary\" data-hide=\"bars,if_empty\" data-schema=\"1\"><div class=\"glsr-summary-wrap\">\n    <div class=\"glsr-summary\">\n        <div class=\"glsr-summary-rating\"><span class=\"glsr-tag-value\">5,0<\/span><\/div>\n        <div class=\"glsr-summary-stars\"><div class=\"glsr-star-rating glsr-stars\" role=\"img\" aria-label=\"Rated 5 out of 5 stars based on 14 ratings\" data-rating=\"5\" data-reviews=\"14\"><span class=\"glsr-star glsr-star-full\" aria-hidden=\"true\"><\/span><span class=\"glsr-star glsr-star-full\" aria-hidden=\"true\"><\/span><span class=\"glsr-star glsr-star-full\" aria-hidden=\"true\"><\/span><span class=\"glsr-star glsr-star-full\" aria-hidden=\"true\"><\/span><span class=\"glsr-star glsr-star-full\" aria-hidden=\"true\"><\/span><\/div><\/div>\n        <div class=\"glsr-summary-text\"><span class=\"glsr-tag-value\">5,0 sur 5 \u00e9toiles (bas\u00e9 sur 14 avis)<\/span><\/div>\n        \n    <\/div>\n<\/div><\/div><\/div><\/h3>\n<\/div><\/div>\n<\/div>\n<\/div>\n<\/div>\n\n<div class=\"et_pb_section_7 et_pb_section et_section_regular et_block_section\">\n<div class=\"et_pb_row_6 et_pb_row et_pb_equal_columns et_block_row\">\n<div class=\"et_pb_column_9 et_pb_column et_pb_column_4_4 et-last-child et_block_column et_pb_css_mix_blend_mode_passthrough\">\n<div class=\"et_pb_cta_0 et_pb_promo et_pb_bg_layout_dark et_clickable et_pb_module et_block_module\"><div class=\"et_pb_promo_description\"><h2 class=\"et_pb_module_header\">Demande d'informations sur nos tire-charges ou obtention d'un devis<\/h2><\/div><div class=\"et_pb_button_wrapper\"><a class=\"et_pb_button et_pb_promo_button\" href=\"https:\/\/www.xerowaste.ca\/fr\/contact-us\/\">Nous contacter<\/a><\/div><\/div>\n<\/div>\n<\/div>\n<\/div>","protected":false},"excerpt":{"rendered":"","protected":false},"author":2,"featured_media":5252,"parent":0,"menu_order":0,"comment_status":"closed","ping_status":"closed","template":"","meta":{"_glsr_average":0,"_glsr_ranking":0,"_glsr_reviews":0,"footnotes":""},"class_list":["post-189","page","type-page","status-publish","has-post-thumbnail","hentry"],"_links":{"self":[{"href":"https:\/\/www.xerowaste.ca\/fr\/wp-json\/wp\/v2\/pages\/189","targetHints":{"allow":["GET"]}}],"collection":[{"href":"https:\/\/www.xerowaste.ca\/fr\/wp-json\/wp\/v2\/pages"}],"about":[{"href":"https:\/\/www.xerowaste.ca\/fr\/wp-json\/wp\/v2\/types\/page"}],"author":[{"embeddable":true,"href":"https:\/\/www.xerowaste.ca\/fr\/wp-json\/wp\/v2\/users\/2"}],"replies":[{"embeddable":true,"href":"https:\/\/www.xerowaste.ca\/fr\/wp-json\/wp\/v2\/comments?post=189"}],"version-history":[{"count":0,"href":"https:\/\/www.xerowaste.ca\/fr\/wp-json\/wp\/v2\/pages\/189\/revisions"}],"wp:featuredmedia":[{"embeddable":true,"href":"https:\/\/www.xerowaste.ca\/fr\/wp-json\/wp\/v2\/media\/5252"}],"wp:attachment":[{"href":"https:\/\/www.xerowaste.ca\/fr\/wp-json\/wp\/v2\/media?parent=189"}],"curies":[{"name":"wp","href":"https:\/\/api.w.org\/{rel}","templated":true}]}}