{"id":371,"date":"2016-12-17T17:39:35","date_gmt":"2016-12-18T01:39:35","guid":{"rendered":"http:\/\/108.163.188.138\/~xerowast\/?page_id=371"},"modified":"2026-04-11T20:54:21","modified_gmt":"2026-04-12T03:54:21","slug":"privacy-policy","status":"publish","type":"page","link":"https:\/\/www.xerowaste.ca\/fr\/privacy-policy\/","title":{"rendered":"Politique de confidentialit\u00e9"},"content":{"rendered":"<div class=\"et_pb_section_0 et_pb_section et_section_regular et_block_section\"><div class=\"et_pb_row_0 et_pb_row et_block_row\"><div class=\"et_pb_column_0 et_pb_column et_pb_column_4_4 et-last-child et_block_column et_pb_css_mix_blend_mode_passthrough\"><div class=\"et_pb_text_0 et_pb_text et_pb_bg_layout_light et_pb_module et_block_module\"><div class=\"et_pb_text_inner\"><div class=\"et_pb_text et_pb_module et_pb_bg_layout_light et_pb_text_align_left et_pb_text_0\">\n<h1><strong>Politique de confidentialit\u00e9<\/strong><\/h1>\n<p><code><\/code><\/p>\n<p><b>XeroWaste respecte votre vie priv\u00e9e.<br \/><\/b><\/p>\n<p>Notre adresse de site web est : <a href=\"https:\/\/www.xerowaste.ca\/fr\/\">https:\/\/www.xerowaste.ca<\/a>.<\/p>\n<p>Nos coordonn\u00e9es sont <a href=\"https:\/\/www.xerowaste.ca\/fr\/contact-us\/\">ICI.<\/a><\/p>\n<p><strong>Quelles donn\u00e9es personnelles nous pouvons ou ne pouvons pas collecter et pourquoi<\/strong><\/p>\n<p><b>D\u00e9tails de la carte de cr\u00e9dit :<br \/><\/b>XeroWaste n'accepte pas les d\u00e9tails de carte de cr\u00e9dit sur notre site Web et nous vous demandons de ne pas les saisir dans les formulaires de ce site Web.<\/p>\n<p><strong>Formulaires de contact :<br \/><\/strong>Lorsque les visiteurs sont sur le site, nous collectons les donn\u00e9es indiqu\u00e9es dans le formulaire de contact, ainsi que l'adresse IP du visiteur et la cha\u00eene de caract\u00e8res de son agent utilisateur pour nous aider \u00e0 r\u00e9pondre \u00e0 votre demande, identifier un visiteur r\u00e9current sur le site et pr\u00e9venir le spam. Consultez le site de Clicky Analytics, <a href=\"https:\/\/clicky.com\/optout\" target=\"_blank\" rel=\"noopener noreferrer\">pour les d\u00e9sistements actuellement disponibles<\/a> fonctionnalit\u00e9, car ils collectent et stockent l'adresse IP et la cha\u00eene de l'agent utilisateur du navigateur pour nous.<\/p>\n<p><strong>Biscuits :<br \/><\/strong>Un \u201c cookie \u201d est un petit fichier texte de donn\u00e9es plac\u00e9 dans votre navigateur. XeroWaste ne stocke que les cookies n\u00e9cessaires ou essentiels pour que le site web fonctionne correctement, avec une s\u00e9curit\u00e9 appropri\u00e9e, et pour offrir une bonne exp\u00e9rience au visiteur. Nous n'identifions pas un individu sp\u00e9cifique. Les informations des cookies durent jusqu'\u00e0 un an sur votre ordinateur, sauf si vous les supprimez. Lorsque vous choisissez de regarder une vid\u00e9o Youtube int\u00e9gr\u00e9e sur le site web de Xerowaste, vous devez accepter une politique de cookies et de confidentialit\u00e9 distincte de Youtube, qui vous sera pr\u00e9sent\u00e9e. https:\/\/policies.google.com\/technologies\/cookies?hl=en<\/p>\n<p style=\"padding-left: 40px;\"><strong>Cookies n\u00e9cessaires\/essentiels (la plupart du temps, vous ne verrez que deux cookies d\u00e9finis) :<\/strong><\/p>\n<p style=\"padding-left: 40px;\">Cookie __cf_bm<br \/>Dur\u00e9e de la s\u00e9ance<br \/>Ce cookie est utilis\u00e9 pour distinguer les humains des robots afin de pr\u00e9senter le contenu appropri\u00e9.<\/p>\n<p>\u00a0\u00a0\u00a0\u00a0\u00a0\u00a0\u00a0\u00a0\u00a0\u00a0Cookie _lscache_vary<br \/>\u00a0\u00a0\u00a0\u00a0\u00a0\u00a0\u00a0\u00a0\u00a0 Dur\u00e9e 2 jours<br \/>\u00a0\u00a0\u00a0\u00a0\u00a0\u00a0\u00a0\u00a0\u00a0 Description LiteSpeed peut d\u00e9finir ce cookie pour assurer la pr\u00e9vention des pages mises en cache lorsque cela est n\u00e9cessaire.<\/p>\n<p style=\"padding-left: 40px;\">Cookie wp-wpml_current_language<br \/>Dur\u00e9e de la s\u00e9ance<br \/>Ce cookie peut \u00eatre d\u00e9fini par le plugin WordPress multilingue pour stocker la langue actuelle \/ les param\u00e8tres de langue.<\/p>\n<p style=\"padding-left: 40px;\">Cookie litespeed_docref<br \/>Dur\u00e9e de la s\u00e9ance<br \/>Description Ce cookie est n\u00e9cessaire \u00e0 la fonction de mise en cache.<\/p>\n<p style=\"padding-left: 40px;\">Cookie _premi\u00e8re_visite<br \/>Dur\u00e9e 10 minutes<br \/>Description Il s'agit d'un cookie de session qui est d\u00e9fini lors de la premi\u00e8re visualisation de toute visite. Son objectif est de garantir que certaines parties du code ne s'ex\u00e9cutent que lors de la premi\u00e8re visualisation de la page, ce qui la rend plus rapide et plus efficace.<\/p>\n<p style=\"padding-left: 40px;\">Cookie _jsuid<br \/>Dur\u00e9e 13 mois<br \/>Ce cookie contient un nombre al\u00e9atoire g\u00e9n\u00e9r\u00e9 lors de la premi\u00e8re visite d'un utilisateur sur le site Web. Son objectif est d'identifier les nouveaux visiteurs afin que le cache fonctionne correctement.<\/p>\n<p><strong>Analytique :<br \/><\/strong>Lorsque nous recueillons des informations d'un formulaire que vous avez rempli en ligne, nous pouvons utiliser ces informations pour traiter votre demande, soutenir une future campagne de marketing par e-mail et \u00e0 des fins statistiques. Nous ne stockons pas les informations sur notre serveur. Vos informations peuvent r\u00e9sider dans notre historique d'e-mails si vous avez communiqu\u00e9 avec nous.<\/p>\n<p><strong>Avec qui nous partageons vos donn\u00e9es :<br \/><\/strong>Nous ne vendons pas vos informations et les utilisons uniquement pour soutenir notre activit\u00e9 commerciale avec vous. Un tiers peut avoir acc\u00e8s \u00e0 nos informations dans le cadre de travaux pour nous. Les tiers avec lesquels nous travaillons ont leur propre politique de confidentialit\u00e9 et n'ont pas pour activit\u00e9 de prendre ou de vendre vos informations.<\/p>\n<p><strong>Quels droits vous avez sur vos donn\u00e9es\u00a0:<br \/><\/strong>Vous pouvez \u00e9galement demander que nous effacions toute donn\u00e9e personnelle vous concernant que nous d\u00e9tenons. Cela n'inclut pas les donn\u00e9es que nous sommes oblig\u00e9s de conserver \u00e0 des fins administratives, l\u00e9gales ou de s\u00e9curit\u00e9.<\/p>\n<p><b>Souvenez-vous des risques \u00e0 chaque fois que vous utilisez Internet :<br \/><\/b>D'autres sites ou services Internet accessibles via XeroWaste ont des pratiques distinctes en mati\u00e8re de donn\u00e9es et de confidentialit\u00e9, ind\u00e9pendantes des n\u00f4tres. Par cons\u00e9quent, nous d\u00e9clinons toute responsabilit\u00e9 quant \u00e0 leurs politiques ou actions.<br \/>Veuillez contacter directement ces fournisseurs et d'autres si vous avez des questions sur leurs politiques de confidentialit\u00e9. Pour toute autre information sur la confidentialit\u00e9, <a href=\"https:\/\/www.xerowaste.ca\/es\/contacta-con-nosotros\/\">Contactez-nous<\/a>.<\/p>\n<\/div>\n<\/div><\/div><\/div><\/div><\/div>","protected":false},"excerpt":{"rendered":"","protected":false},"author":2,"featured_media":9852,"parent":0,"menu_order":0,"comment_status":"closed","ping_status":"closed","template":"","meta":{"_glsr_average":0,"_glsr_ranking":0,"_glsr_reviews":0,"footnotes":""},"class_list":["post-371","page","type-page","status-publish","has-post-thumbnail","hentry"],"_links":{"self":[{"href":"https:\/\/www.xerowaste.ca\/fr\/wp-json\/wp\/v2\/pages\/371","targetHints":{"allow":["GET"]}}],"collection":[{"href":"https:\/\/www.xerowaste.ca\/fr\/wp-json\/wp\/v2\/pages"}],"about":[{"href":"https:\/\/www.xerowaste.ca\/fr\/wp-json\/wp\/v2\/types\/page"}],"author":[{"embeddable":true,"href":"https:\/\/www.xerowaste.ca\/fr\/wp-json\/wp\/v2\/users\/2"}],"replies":[{"embeddable":true,"href":"https:\/\/www.xerowaste.ca\/fr\/wp-json\/wp\/v2\/comments?post=371"}],"version-history":[{"count":0,"href":"https:\/\/www.xerowaste.ca\/fr\/wp-json\/wp\/v2\/pages\/371\/revisions"}],"wp:featuredmedia":[{"embeddable":true,"href":"https:\/\/www.xerowaste.ca\/fr\/wp-json\/wp\/v2\/media\/9852"}],"wp:attachment":[{"href":"https:\/\/www.xerowaste.ca\/fr\/wp-json\/wp\/v2\/media?parent=371"}],"curies":[{"name":"wp","href":"https:\/\/api.w.org\/{rel}","templated":true}]}}