{"id":11216,"date":"2023-02-02T09:33:47","date_gmt":"2023-02-02T17:33:47","guid":{"rendered":"https:\/\/www.xerowaste.ca\/?post_type=product&#038;p=11216"},"modified":"2026-05-12T20:14:48","modified_gmt":"2026-05-13T03:14:48","slug":"l-cart-pusher-cart-retriever","status":"publish","type":"product","link":"https:\/\/www.xerowaste.ca\/fr\/electric-tugs\/l-cart-pusher-cart-retriever\/","title":{"rendered":"Pousseur ou r\u00e9cup\u00e9rateur de chariots de magasinage ou de bagages V-move L <br\/> petits chariots"},"content":{"rendered":"<div class=\"et_pb_section_0 et_pb_section et_section_regular et_block_section\">\r\n\r\n<div class=\"et_pb_row_0 et_pb_row et_block_row\">\r\n\r\n<div class=\"et_pb_column_0 et_pb_column et_pb_column_2_5 et_block_column et_pb_css_mix_blend_mode_passthrough\">\r\n\r\n<div class=\"et_pb_heading_0 et_pb_heading et_pb_module et_block_module\"><div class=\"et_pb_heading_container\"><h2 class=\"et_pb_module_header\">Pousseur de chariot V-move L<\/h2><\/div><\/div>\r\n\r\n<div class=\"et_pb_wc_images_0 et_pb_wc_images et_pb_module\"><div class=\"et_pb_module_inner\"><\/div><\/div><\/div>\r\n\r\n<div class=\"et_pb_column_1 et_pb_column et_pb_column_3_5 et-last-child et_block_column et_pb_css_mix_blend_mode_passthrough\">\r\n\r\n<div class=\"et_pb_wc_title_0 et_pb_wc_title et_pb_bg_layout_light et_pb_module\"><div class=\"et_pb_module_inner\">\n\t\t<h1>Pousseur ou r\u00e9cup\u00e9rateur de chariots de magasinage ou de bagages V-move L <br\/> petits chariots<\/h1><\/div><\/div>\r\n\r\n\r\n\r\n<div class=\"et_pb_text_0 et_pb_text et_pb_bg_layout_light et_pb_module et_block_module\"><div class=\"et_pb_text_inner\"><p>En stock<\/p>\n<\/div><\/div>\r\n\r\n<\/div><\/div>\r\n\r\n<div class=\"et_pb_row_1 et_pb_row et_pb_row_1-2_1-4_1-4 et_block_row et_block_row_1-2_1-4_1-4\">\r\n\r\n<div class=\"et_pb_column_2 et_pb_column et_pb_column_1_2 et_block_column et_pb_column_empty et_pb_css_mix_blend_mode_passthrough\"><\/div>\r\n\r\n<div class=\"et_pb_column_3 et_pb_column et_pb_column_1_4 et_block_column et_pb_css_mix_blend_mode_passthrough\">\r\n\r\n<\/div>\r\n\r\n<div class=\"et_pb_column_4 et_pb_column et_pb_column_1_4 et-last-child et_block_column et_pb_css_mix_blend_mode_passthrough\">\r\n\r\n<div class=\"et_pb_module et_pb_button_module_wrapper et_pb_button_0_wrapper\"><a class=\"et_pb_button_0 et_pb_button et_pb_bg_layout_light et_pb_module et_block_module\" href=\"https:\/\/www.xerowaste.ca\/wp-content\/uploads\/2024\/11\/XWS_V-Move-L-Cart-Mover-Brochure-1.pdf\" target=\"_blank\" data-icon=\"\ue092\">T\u00e9l\u00e9charger la brochure<\/a><\/div><\/div><\/div>\r\n\r\n<div class=\"et_pb_row_2 et_pb_row et_block_row\">\r\n\r\n<div class=\"et_pb_column_5 et_pb_column et_pb_column_4_4 et-last-child et_block_column et_pb_css_mix_blend_mode_passthrough\">\r\n\r\n<\/div><\/div>\r\n\r\n<div class=\"et_pb_row_3 et_pb_row et_block_row\">\r\n\r\n<div class=\"et_pb_column_6 et_pb_column et_pb_column_4_4 et-last-child et_block_column et_pb_css_mix_blend_mode_passthrough\">\r\n\r\n\r\n\r\n<\/div><\/div>\r\n\r\n<div class=\"et_pb_row_4 et_pb_row et_block_row\">\r\n\r\n<div class=\"et_pb_column_7 et_pb_column et_pb_column_4_4 et-last-child et_block_column et_pb_css_mix_blend_mode_passthrough\">\r\n\r\n<div class=\"et_pb_module et_pb_button_module_wrapper et_pb_button_1_wrapper\"><a class=\"et_pb_button_1 et_pb_button et_pb_bg_layout_light et_pb_module et_block_module\" href=\"https:\/\/www.xerowaste.ca\/fr\/electric-tugs\/#Vmove\">Retour \u00e0 la liste V-Move<\/a><\/div><\/div><\/div><\/div>","protected":false},"excerpt":{"rendered":"<p><code><\/code><\/p>\n<h2>La t\u00e9l\u00e9commande V-Move L <a href=\"https:\/\/www.xerowaste.ca\/fr\/faq\/what-is-a-shopping-cart-pusher\/\" target=\"_blank\">pousseur de caddie<\/a> notre retriever est con\u00e7u pour pousser de petits chariots de supermarch\u00e9 imbriqu\u00e9s ou des chariots \u00e0 bagages imbriqu\u00e9s. Il est dot\u00e9 d'un moteur CC \u00e0 bas r\u00e9gime de 800 watts et constitue notre pousseur de chariots le plus abordable. Il a la capacit\u00e9 de pousser des charges jusqu'\u00e0 4\u00a0409 lb ou 2 MT lorsqu'il est configur\u00e9 avec un contrepoids en option. Roues pleines, pneus \u00e0 air toutes saisons ou pneus d'hiver \u00e0 crampons profonds sont vos choix avec le pousseur de chariots V-move L.<\/h2>\n<h2><strong>Garanti un an !<\/strong> <code><br \/>\n<\/code><\/h2>\n<div style=\"text-align: center;\"><a href='https:\/\/www.xerowaste.ca\/fr\/contact-us\/' class='big-button bigblue'>Contactez-nous pour acheter<\/a><\/div>\n<p><code><br \/>\n<\/code><\/p>","protected":false},"featured_media":11238,"template":"","meta":{"_glsr_average":0,"_glsr_ranking":0,"_glsr_reviews":0},"product_cat":[165,137],"product_tag":[],"class_list":{"0":"post-11216","1":"product","2":"type-product","3":"status-publish","4":"has-post-thumbnail","6":"product_cat-shopping-cart-pushers","7":"product_cat-v-move-tugs","9":"first","10":"instock","11":"featured","12":"shipping-taxable","13":"product-type-simple"},"_links":{"self":[{"href":"https:\/\/www.xerowaste.ca\/fr\/wp-json\/wp\/v2\/product\/11216","targetHints":{"allow":["GET"]}}],"collection":[{"href":"https:\/\/www.xerowaste.ca\/fr\/wp-json\/wp\/v2\/product"}],"about":[{"href":"https:\/\/www.xerowaste.ca\/fr\/wp-json\/wp\/v2\/types\/product"}],"wp:featuredmedia":[{"embeddable":true,"href":"https:\/\/www.xerowaste.ca\/fr\/wp-json\/wp\/v2\/media\/11238"}],"wp:attachment":[{"href":"https:\/\/www.xerowaste.ca\/fr\/wp-json\/wp\/v2\/media?parent=11216"}],"wp:term":[{"taxonomy":"product_cat","embeddable":true,"href":"https:\/\/www.xerowaste.ca\/fr\/wp-json\/wp\/v2\/product_cat?post=11216"},{"taxonomy":"product_tag","embeddable":true,"href":"https:\/\/www.xerowaste.ca\/fr\/wp-json\/wp\/v2\/product_tag?post=11216"}],"curies":[{"name":"wp","href":"https:\/\/api.w.org\/{rel}","templated":true}]}}