{"id":14496,"date":"2023-06-13T16:16:16","date_gmt":"2023-06-13T23:16:16","guid":{"rendered":"https:\/\/www.xerowaste.ca\/electric-tugs\/tracteur-de-remorquage-v-move-3100-deplace-22-046-lb\/"},"modified":"2026-01-19T10:53:47","modified_gmt":"2026-01-19T18:53:47","slug":"v-move-3100-tow-tractor","status":"publish","type":"product","link":"https:\/\/www.xerowaste.ca\/fr\/v-move-3100-tow-tractor\/","title":{"rendered":"Tracteur de remorquage V-Move 3100 <br\/> Capacit\u00e9 de charge : 10&nbsp;000 kg"},"content":{"rendered":"<p>[et_pb_section fb_built=\u00a0\u00bb1&Prime; _builder_version=\u00a0\u00bb4.16&Prime; custom_padding=\u00a0\u00bb0px||||false|false\u00a0\u00bb global_colors_info=\u00a0\u00bb{}\u00a0\u00bb][et_pb_row column_structure=\u00a0\u00bb2_5,3_5&Prime; _builder_version=\u00a0\u00bb4.16&Prime; background_size=\u00a0\u00bbinitial\u00a0\u00bb background_position=\u00a0\u00bbtop_left\u00a0\u00bb background_repeat=\u00a0\u00bbrepeat\u00a0\u00bb width=\u00a0\u00bb100%\u00a0\u00bb custom_padding=\u00a0\u00bb0px||0px||false|false\u00a0\u00bb global_colors_info=\u00a0\u00bb{}\u00a0\u00bb][et_pb_column type=\u00a0\u00bb2_5&Prime; _builder_version=\u00a0\u00bb4.16&Prime; custom_padding=\u00a0\u00bb|||\u00a0\u00bb global_colors_info=\u00a0\u00bb{}\u00a0\u00bb custom_padding__hover=\u00a0\u00bb|||\u00a0\u00bb][et_pb_heading title=\u00a0\u00bbV-move 3100&Prime; disabled_on=\u00a0\u00bboff|off|on\u00a0\u00bb _builder_version=\u00a0\u00bb4.25.0&Prime; _module_preset=\u00a0\u00bbdefault\u00a0\u00bb title_level=\u00a0\u00bbh2&Prime; custom_padding=\u00a0\u00bb0px||0px||false|false\u00a0\u00bb global_colors_info=\u00a0\u00bb{}\u00a0\u00bb][\/et_pb_heading][et_pb_wc_images _builder_version=\u00a0\u00bb4.16&Prime; global_colors_info=\u00a0\u00bb{}\u00a0\u00bb][\/et_pb_wc_images][\/et_pb_column][et_pb_column type=\u00a0\u00bb3_5&Prime; _builder_version=\u00a0\u00bb4.16&Prime; custom_padding=\u00a0\u00bb|||\u00a0\u00bb global_colors_info=\u00a0\u00bb{}\u00a0\u00bb custom_padding__hover=\u00a0\u00bb|||\u00a0\u00bb][et_pb_wc_title _builder_version=\u00a0\u00bb4.16&Prime; header_font=\u00a0\u00bb|700|||||||\u00a0\u00bb global_colors_info=\u00a0\u00bb{}\u00a0\u00bb][\/et_pb_wc_title][et_pb_wc_price disabled_on=\u00a0\u00bboff|off|off\u00a0\u00bb _builder_version=\u00a0\u00bb4.21.0&Prime; global_colors_info=\u00a0\u00bb{}\u00a0\u00bb][\/et_pb_wc_price][et_pb_text disabled_on=\u00a0\u00bboff|off|off\u00a0\u00bb _builder_version=\u00a0\u00bb4.25.1&Prime; _module_preset=\u00a0\u00bbdefault\u00a0\u00bb global_colors_info=\u00a0\u00bb{}\u00a0\u00bb]En stock[\/et_pb_text][et_pb_wc_description _builder_version=\u00a0\u00bb4.16&Prime; global_colors_info=\u00a0\u00bb{}\u00a0\u00bb][\/et_pb_wc_description][\/et_pb_column][\/et_pb_row][et_pb_row column_structure=\u00a0\u00bb1_2,1_4,1_4&Prime; _builder_version=\u00a0\u00bb4.16&Prime; _module_preset=\u00a0\u00bbdefault\u00a0\u00bb custom_margin=\u00a0\u00bb0px||||false|false\u00a0\u00bb custom_padding=\u00a0\u00bb0px||||false|false\u00a0\u00bb global_colors_info=\u00a0\u00bb{}\u00a0\u00bb][et_pb_column type=\u00a0\u00bb1_2&Prime; _builder_version=\u00a0\u00bb4.16&Prime; _module_preset=\u00a0\u00bbdefault\u00a0\u00bb global_colors_info=\u00a0\u00bb{}\u00a0\u00bb][\/et_pb_column][et_pb_column type=\u00a0\u00bb1_4&Prime; _builder_version=\u00a0\u00bb4.16&Prime; _module_preset=\u00a0\u00bbdefault\u00a0\u00bb global_colors_info=\u00a0\u00bb{}\u00a0\u00bb][et_pb_wc_meta show_categories=\u00a0\u00bboff\u00a0\u00bb show_tags=\u00a0\u00bboff\u00a0\u00bb _builder_version=\u00a0\u00bb4.16&Prime; global_colors_info=\u00a0\u00bb{}\u00a0\u00bb][\/et_pb_wc_meta][\/et_pb_column][et_pb_column type=\u00a0\u00bb1_4&Prime; _builder_version=\u00a0\u00bb4.16&Prime; _module_preset=\u00a0\u00bbdefault\u00a0\u00bb global_colors_info=\u00a0\u00bb{}\u00a0\u00bb][et_pb_button button_url=\u00a0\u00bbhttps:\/\/www.xerowaste.ca\/wp-content\/uploads\/2025\/01\/ElectricTug-V-Move-3100-and-650-brochure-1.pdf\u00a0\u00bb url_new_window=\u00a0\u00bbon\u00a0\u00bb button_text=\u00a0\u00bbT\u00e9l\u00e9chargez la brochure\u00a0\u00bb button_alignment=\u00a0\u00bbcenter\u00a0\u00bb _builder_version=\u00a0\u00bb4.27.4&Prime; _module_preset=\u00a0\u00bbdefault\u00a0\u00bb custom_button=\u00a0\u00bbon\u00a0\u00bb button_text_color=\u00a0\u00bb#FFFFFF\u00a0\u00bb button_bg_color=\u00a0\u00bb#f16133&Prime; button_icon=\u00a0\u00bb&#xe092;||divi||400&Prime; button_icon_color=\u00a0\u00bb#000000&Prime; button_icon_placement=\u00a0\u00bbleft\u00a0\u00bb button_on_hover=\u00a0\u00bboff\u00a0\u00bb global_colors_info=\u00a0\u00bb{}\u00a0\u00bb][\/et_pb_button][\/et_pb_column][\/et_pb_row][et_pb_row _builder_version=\u00a0\u00bb4.16&Prime; _module_preset=\u00a0\u00bbdefault\u00a0\u00bb width=\u00a0\u00bbauto\u00a0\u00bb global_colors_info=\u00a0\u00bb{}\u00a0\u00bb][et_pb_column type=\u00a0\u00bb4_4&Prime; _builder_version=\u00a0\u00bb4.16&Prime; _module_preset=\u00a0\u00bbdefault\u00a0\u00bb global_colors_info=\u00a0\u00bb{}\u00a0\u00bb][et_pb_wc_description description_type=\u00a0\u00bbdescription\u00a0\u00bb _builder_version=\u00a0\u00bb4.16&Prime; _module_preset=\u00a0\u00bbdefault\u00a0\u00bb global_colors_info=\u00a0\u00bb{}\u00a0\u00bb][\/et_pb_wc_description][\/et_pb_column][\/et_pb_row][et_pb_row _builder_version=\u00a0\u00bb4.16&Prime; background_size=\u00a0\u00bbinitial\u00a0\u00bb background_position=\u00a0\u00bbtop_left\u00a0\u00bb background_repeat=\u00a0\u00bbrepeat\u00a0\u00bb width=\u00a0\u00bb100%\u00a0\u00bb global_colors_info=\u00a0\u00bb{}\u00a0\u00bb][et_pb_column type=\u00a0\u00bb4_4&Prime; _builder_version=\u00a0\u00bb4.16&Prime; custom_padding=\u00a0\u00bb|||\u00a0\u00bb global_colors_info=\u00a0\u00bb{}\u00a0\u00bb custom_padding__hover=\u00a0\u00bb|||\u00a0\u00bb][et_pb_wc_additional_info _builder_version=\u00a0\u00bb4.16&Prime; _module_preset=\u00a0\u00bbdefault\u00a0\u00bb global_colors_info=\u00a0\u00bb{}\u00a0\u00bb][\/et_pb_wc_additional_info][et_pb_wc_upsells _builder_version=\u00a0\u00bb4.16&Prime; global_colors_info=\u00a0\u00bb{}\u00a0\u00bb][\/et_pb_wc_upsells][\/et_pb_column][\/et_pb_row][et_pb_row _builder_version=\u00a0\u00bb4.16&Prime; _module_preset=\u00a0\u00bbdefault\u00a0\u00bb global_colors_info=\u00a0\u00bb{}\u00a0\u00bb][et_pb_column type=\u00a0\u00bb4_4&Prime; _builder_version=\u00a0\u00bb4.16&Prime; _module_preset=\u00a0\u00bbdefault\u00a0\u00bb global_colors_info=\u00a0\u00bb{}\u00a0\u00bb][et_pb_button button_url=\u00a0\u00bbhttps:\/\/www.xerowaste.ca\/fr\/remorqueurs-electriques\/#Vmove\u00a0\u00bb button_text=\u00a0\u00bbRetour \u00e0 la liste V-Move\u00a0\u00bb _builder_version=\u00a0\u00bb4.27.4&Prime; _module_preset=\u00a0\u00bbdefault\u00a0\u00bb custom_button=\u00a0\u00bbon\u00a0\u00bb button_bg_color=\u00a0\u00bbrgba(255,255,255,0.84)\u00a0\u00bb positioning=\u00a0\u00bbfixed\u00a0\u00bb position_origin_f=\u00a0\u00bbbottom_left\u00a0\u00bb vertical_offset=\u00a0\u00bb20px\u00a0\u00bb horizontal_offset=\u00a0\u00bb20px\u00a0\u00bb z_index=\u00a0\u00bb500&Prime; hover_enabled=\u00a0\u00bb0&Prime; global_colors_info=\u00a0\u00bb{}\u00a0\u00bb sticky_enabled=\u00a0\u00bb0&Prime;][\/et_pb_button][\/et_pb_column][\/et_pb_row][\/et_pb_section]<\/p>\n","protected":false},"excerpt":{"rendered":"<h2><code><\/code><br \/>\nLe tracteur de remorquage \u00e9lectrique industriel robuste V-Move 3100 peut \u00eatre utilis\u00e9 comme v\u00e9hicule de transport de personnel, tracteur de transport de b\u00e9tail, v\u00e9hicule de transport de charges, tracteur de remorquage ou chariot d&rsquo;entretien. Il peut \u00eatre configur\u00e9 avec des pneus de traction \u00e0 profil plus agressif pour une utilisation en ext\u00e9rieur. Il s&rsquo;agit d&rsquo;un tracteur de remorquage industriel fiable et de haute qualit\u00e9, que nous pouvons personnaliser pour votre usage sp\u00e9cifique.<\/h2>\n<p>Le remorqueur ou transporteur de personnel 3100 est \u00e9quip\u00e9 d&rsquo;un moteur \u00e0 courant alternatif sans entretien de 9 kW et peut remorquer des charges jusqu&rsquo;\u00e0 10 MT ou 22 046 lb et transporter jusqu&rsquo;\u00e0 500 kg ou 1 102 lb. Le moteur \u00e0 courant alternatif sans entretien vous permettra \u00e9galement de r\u00e9aliser des \u00e9conomies par rapport \u00e0 un moteur \u00e0 courant continu et est con\u00e7u pour d\u00e9placer le remorqueur plus en douceur et, pour \u00e9conomiser de l&rsquo;\u00e9nergie, il rechargera les batteries lors de la d\u00e9c\u00e9l\u00e9ration.<\/p>\n<p>Si vous \u00eates en Colombie-Britannique, au Canada, le gouvernement provincial offre un programme de rabais de 2&nbsp;000 $ par v\u00e9hicule tout-terrain \u00e0 basse vitesse pour nos tracteurs de remorquage autoport\u00e9s V-move.  <a href=\"https:\/\/www.goelectricotherrebates.ca\/\" target=\"_blank\" rel=\"noopener\">Voir ici pour le remboursement.<\/a><br \/>\n<code><\/code><\/p>\n<div style=\"text-align: center;\"><a href='https:\/\/www.xerowaste.ca\/contact-us' class='big-button bigblue'>Contactez-nous pour acheter<\/a><\/div>\n<p><code><br \/>\n<\/code><\/p>\n","protected":false},"featured_media":14185,"template":"","meta":{"_et_pb_use_builder":"on","_et_pb_old_content":"Un moteur \u00e0 courant alternatif pr\u00e9sente des avantages par rapport \u00e0 un moteur \u00e0 courant continu\u00a0: sa courbe de couple est plus plate, ce qui facilite le d\u00e9placement de la charge\u00a0; il est plus silencieux, consomme moins d\u2019\u00e9nergie la plupart du temps et son fonctionnement est plus fluide, sans \u00e0-coups. Consultez ce site pour une comparaison r\u00e9elle des moteurs \u00e0 courant alternatif et \u00e0 courant continu : <a href=\"https:\/\/www.sierragolfcart.com\/blog\/ac-electric-golf-carts-versus-dc-electric-golf-carts\" target=\"_blank\" rel=\"noopener noreferrer\">Avantages des moteurs \u00e0 courant alternatif<\/a>\n\nCe tracteur de chantier \u00e9lectrique industriel V-Move est \u00e9quip\u00e9 d'un interrupteur homme mort int\u00e9gr\u00e9, d'un avertisseur sonore puissant, d'un phare \u00e0 DEL, de feux arri\u00e8re \u00e0 DEL et de nombreuses autres caract\u00e9ristiques de s\u00e9rie.\n\nLes options comprennent\u00a0:\n<ul>\n \t<li>Cabine adapt\u00e9e \u00e0 une utilisation par tous les temps<\/li>\n \t<li>Batterie lithium-ion phosphate (LiFePO4)<\/li>\n \t<li>\u00c9clairage de s\u00e9curit\u00e9 \u00e0 lumi\u00e8re bleue et rouge<\/li>\n \t<li>Feu LED clignotant sur poteau<\/li>\n \t<li>Divers raccords industriels (Rockinger, Jost, Sulo, Aero, Premier)<\/li>\n \t<li>Clavier<\/li>\n \t<li>Capteur de choc<\/li>\n \t<li>Extincteur<\/li>\n<\/ul>\n\u00a0\n\nLe tracteur routier V-move 3100 est \u00e9quip\u00e9 d'une suspension int\u00e9grale pour un confort optimal et d'un si\u00e8ge luxueux pour un confort de conduite accru. Il dispose d'un syst\u00e8me de freinage automatique en c\u00f4te qui maintient le v\u00e9hicule en pente lorsque vous rel\u00e2chez la p\u00e9dale de frein, jusqu'\u00e0 ce que vous appuyiez sur l'acc\u00e9l\u00e9rateur. Il est dot\u00e9 d'un freinage hydraulique sur les quatre roues et d'un frein de stationnement \u00e9lectronique. Il comprend des clignotants, un tableau de bord multifonction couleur et des boutons de man\u0153uvre pour l'attelage des remorques. Consultez notre <a href=\"https:\/\/www.xerowaste.ca\/electric-tugs\/tires-wheels\/\" target=\"_blank\" rel=\"noopener noreferrer\">s\u00e9lection de pneus<\/a> .    \n\nCe tracteur de remorquage\/transport de personnel\/porte-charges V-Move est \u00e9quip\u00e9 du contr\u00f4leur informatique Curtis CAN-bus de derni\u00e8re g\u00e9n\u00e9ration, d'une batterie longue dur\u00e9e \u00e0 changement rapide de haute qualit\u00e9 et d'un chargeur homologu\u00e9 UL\/CSA. La batterie LiFePO4 est disponible en option, comme sur tous nos tracteurs, vous permettant ainsi de la recharger pendant vos pauses, votre d\u00e9jeuner ou lorsque le tracteur n'est pas utilis\u00e9. Tous nos tracteurs sont con\u00e7us pour \u00e9liminer les interf\u00e9rences radio et garantir une utilisation en toute s\u00e9curit\u00e9 dans les h\u00f4pitaux. Diff\u00e9rents syst\u00e8mes d'attelage sont disponibles, notamment des attelages pour v\u00e9hicules, des attelages standard pour chariots, etc.   \n\nLe V-Move 3100 peut servir de pr\u00e9parateur de commandes, de convoyeur de stock, de transporteur de charges lourdes, de transporteur de personnel, dans les a\u00e9roports, les h\u00f4pitaux, les cr\u00e8ches, les usines, les entrep\u00f4ts ou tout autre lieu n\u00e9cessitant un tracteur de remorquage compact. Le V-Move 3100 est \u00e9galement id\u00e9al pour <a href=\"https:\/\/www.xerowaste.ca\/material-handling\/reducing-injuries-moving-waste-bins\/\" target=\"_blank\" rel=\"noopener\">la collecte des conteneurs \u00e0 d\u00e9chets et de recyclage dans les grands immeubles r\u00e9sidentiels \u00e0 logements multiples,<\/a> \u00e0 condition que la pente soit faible et que le poids des conteneurs soit inf\u00e9rieur \u00e0 4 tonnes (8\u00a0818 lb) sur une pente de 9\u00a0% (exemple de poids\/pente). Pensez \u00e0 utiliser l'une de nos <a href=\"https:\/\/www.xerowaste.ca\/electric-tugs\/tote-trailer\/\" target=\"_blank\" rel=\"noopener\">remorques porte-conteneurs Xerowaste Bin Butler<\/a> en acier, con\u00e7ues sur mesure, avec le V-Move 3100.  \n<code><\/code>\n[button link=\"https:\/\/www.xerowaste.ca\/electric-tugs\/faq\/\"]  Consultez notre FAQ pour plus de r\u00e9ponses aux questions[\/button]\n<code><\/code>\nSi vous avez besoin d'un tracteur de remorquage plus petit, alors consid\u00e9rez le tracteur de remorquage <a href=\"https:\/\/www.xerowaste.ca\/electric-tugs\/1200-electric-tow-tractor\/\">V-Move 1200<\/a> ou <a href=\"https:\/\/www.xerowaste.ca\/electric-tugs\/650-electric-tow-tractor\/\">le tracteur de remorquage V-Move 650<\/a> .\n<code><\/code>\n[table id=\"2\" \/]\n<code><\/code>\n<strong>N'h\u00e9sitez pas \u00e0 nous interroger sur toutes les options de personnalisation du tracteur de remorquage industriel V-move 3100 pour votre utilisation.<\/strong>\n\n<code>\n<\/code>\n[site_reviews_summary title=\"Xerowaste Avis sur V-Move\" assigned_terms=\"V-Move Reviews\"]\n<code>\n<\/code>\n[site_reviews offset=\"2\" display=\"1\" fallback=\"No reviews currently.\" hide=\"assigned_links,date,response,title\" assigned_terms=\"V-Move Reviews\" schema=\"true\"]\n<code>\n<\/code>","_et_gb_content_width":"","_glsr_average":0,"_glsr_ranking":0,"_glsr_reviews":0},"product_cat":[196,197],"product_tag":[],"class_list":{"0":"post-14496","1":"product","2":"type-product","3":"status-publish","4":"has-post-thumbnail","6":"product_cat-remorqueurs-a-mouvement-en-v","7":"product_cat-tracteurs-de-remorquage-autoportes","9":"first","10":"instock","11":"featured","12":"shipping-taxable","13":"product-type-simple"},"_links":{"self":[{"href":"https:\/\/www.xerowaste.ca\/fr\/wp-json\/wp\/v2\/product\/14496","targetHints":{"allow":["GET"]}}],"collection":[{"href":"https:\/\/www.xerowaste.ca\/fr\/wp-json\/wp\/v2\/product"}],"about":[{"href":"https:\/\/www.xerowaste.ca\/fr\/wp-json\/wp\/v2\/types\/product"}],"wp:featuredmedia":[{"embeddable":true,"href":"https:\/\/www.xerowaste.ca\/fr\/wp-json\/wp\/v2\/media\/14185"}],"wp:attachment":[{"href":"https:\/\/www.xerowaste.ca\/fr\/wp-json\/wp\/v2\/media?parent=14496"}],"wp:term":[{"taxonomy":"product_cat","embeddable":true,"href":"https:\/\/www.xerowaste.ca\/fr\/wp-json\/wp\/v2\/product_cat?post=14496"},{"taxonomy":"product_tag","embeddable":true,"href":"https:\/\/www.xerowaste.ca\/fr\/wp-json\/wp\/v2\/product_tag?post=14496"}],"curies":[{"name":"wp","href":"https:\/\/api.w.org\/{rel}","templated":true}]}}