{"id":14544,"date":"2019-07-07T12:35:42","date_gmt":"2019-07-07T19:35:42","guid":{"rendered":"https:\/\/www.xerowaste.ca\/electric-tugs\/remorqueur-ou-benne-a-ordures-electrique-v-move-xl-1-5-deplace-11-023-lb\/"},"modified":"2026-04-07T11:01:45","modified_gmt":"2026-04-07T18:01:45","slug":"xl-1-5-kw-electric-tugger","status":"publish","type":"product","link":"https:\/\/www.xerowaste.ca\/fr\/xl-1-5-kw-electric-tugger\/","title":{"rendered":"V-move XL 1.5 remorqueur \u00e9lectrique ou d\u00e9gage-benne <br\/> Mouvement de 11 023 lb"},"content":{"rendered":"<p>[et_pb_section fb_built=\u00a0\u00bb1&Prime; _builder_version=\u00a0\u00bb4.16&Prime; custom_padding=\u00a0\u00bb0px||||false|false\u00a0\u00bb global_colors_info=\u00a0\u00bb{}\u00a0\u00bb][et_pb_row column_structure=\u00a0\u00bb2_5,3_5&Prime; _builder_version=\u00a0\u00bb4.16&Prime; background_size=\u00a0\u00bbinitial\u00a0\u00bb background_position=\u00a0\u00bbtop_left\u00a0\u00bb background_repeat=\u00a0\u00bbrepeat\u00a0\u00bb width=\u00a0\u00bb100%\u00a0\u00bb custom_padding=\u00a0\u00bb0px||||false|false\u00a0\u00bb global_colors_info=\u00a0\u00bb{}\u00a0\u00bb][et_pb_column type=\u00a0\u00bb2_5&Prime; _builder_version=\u00a0\u00bb4.16&Prime; custom_padding=\u00a0\u00bb|||\u00a0\u00bb global_colors_info=\u00a0\u00bb{}\u00a0\u00bb custom_padding__hover=\u00a0\u00bb|||\u00a0\u00bb][et_pb_heading title=\u00a0\u00bbV-move XL 1500 Watts\u00a0\u00bb disabled_on=\u00a0\u00bboff|off|on\u00a0\u00bb _builder_version=\u00a0\u00bb4.25.0&Prime; _module_preset=\u00a0\u00bbdefault\u00a0\u00bb title_level=\u00a0\u00bbh2&Prime; custom_padding=\u00a0\u00bb0px||0px||false|false\u00a0\u00bb global_colors_info=\u00a0\u00bb{}\u00a0\u00bb][\/et_pb_heading][et_pb_wc_images _builder_version=\u00a0\u00bb4.16&Prime; global_colors_info=\u00a0\u00bb{}\u00a0\u00bb][\/et_pb_wc_images][\/et_pb_column][et_pb_column type=\u00a0\u00bb3_5&Prime; _builder_version=\u00a0\u00bb4.16&Prime; custom_padding=\u00a0\u00bb|||\u00a0\u00bb global_colors_info=\u00a0\u00bb{}\u00a0\u00bb custom_padding__hover=\u00a0\u00bb|||\u00a0\u00bb][et_pb_wc_title _builder_version=\u00a0\u00bb4.16&Prime; header_font=\u00a0\u00bb|700|||||||\u00a0\u00bb global_colors_info=\u00a0\u00bb{}\u00a0\u00bb][\/et_pb_wc_title][et_pb_wc_price _builder_version=\u00a0\u00bb4.16&Prime; global_colors_info=\u00a0\u00bb{}\u00a0\u00bb][\/et_pb_wc_price][et_pb_text _builder_version=\u00a0\u00bb4.25.1&Prime; _module_preset=\u00a0\u00bbdefault\u00a0\u00bb global_colors_info=\u00a0\u00bb{}\u00a0\u00bb]En stock<br \/>\n[\/et_pb_text][et_pb_wc_description _builder_version=\u00a0\u00bb4.16&Prime; global_colors_info=\u00a0\u00bb{}\u00a0\u00bb][\/et_pb_wc_description][\/et_pb_column][\/et_pb_row][et_pb_row column_structure=\u00a0\u00bb1_2,1_4,1_4&Prime; _builder_version=\u00a0\u00bb4.16&Prime; _module_preset=\u00a0\u00bbdefault\u00a0\u00bb custom_margin=\u00a0\u00bb0px||||false|false\u00a0\u00bb custom_padding=\u00a0\u00bb0px||||false|false\u00a0\u00bb global_colors_info=\u00a0\u00bb{}\u00a0\u00bb][et_pb_column type=\u00a0\u00bb1_2&Prime; _builder_version=\u00a0\u00bb4.16&Prime; _module_preset=\u00a0\u00bbdefault\u00a0\u00bb global_colors_info=\u00a0\u00bb{}\u00a0\u00bb][\/et_pb_column][et_pb_column type=\u00a0\u00bb1_4&Prime; _builder_version=\u00a0\u00bb4.16&Prime; _module_preset=\u00a0\u00bbdefault\u00a0\u00bb global_colors_info=\u00a0\u00bb{}\u00a0\u00bb][et_pb_wc_meta product=\u00a0\u00bb4090&Prime; show_categories=\u00a0\u00bboff\u00a0\u00bb show_tags=\u00a0\u00bboff\u00a0\u00bb _builder_version=\u00a0\u00bb4.25.1&Prime; global_colors_info=\u00a0\u00bb{}\u00a0\u00bb][\/et_pb_wc_meta][\/et_pb_column][et_pb_column type=\u00a0\u00bb1_4&Prime; _builder_version=\u00a0\u00bb4.16&Prime; _module_preset=\u00a0\u00bbdefault\u00a0\u00bb global_colors_info=\u00a0\u00bb{}\u00a0\u00bb][et_pb_button button_url=\u00a0\u00bbhttps:\/\/www.xerowaste.ca\/wp-content\/uploads\/2024\/11\/XWS_V-Move-XL-and-XLplus-Brochure.pdf\u00a0\u00bb url_new_window=\u00a0\u00bbon\u00a0\u00bb button_text=\u00a0\u00bbT\u00e9l\u00e9charger la brochure\u00a0\u00bb button_alignment=\u00a0\u00bbcenter\u00a0\u00bb _builder_version=\u00a0\u00bb4.27.3&Prime; _module_preset=\u00a0\u00bbdefault\u00a0\u00bb custom_button=\u00a0\u00bbon\u00a0\u00bb button_text_color=\u00a0\u00bb#FFFFFF\u00a0\u00bb button_bg_color=\u00a0\u00bb#f16133&Prime; button_icon=\u00a0\u00bb&#xe092;||divi||400&Prime; button_icon_color=\u00a0\u00bb#000000&Prime; button_icon_placement=\u00a0\u00bbleft\u00a0\u00bb button_on_hover=\u00a0\u00bboff\u00a0\u00bb global_colors_info=\u00a0\u00bb{}\u00a0\u00bb][\/et_pb_button][\/et_pb_column][\/et_pb_row][et_pb_row _builder_version=\u00a0\u00bb4.16&Prime; _module_preset=\u00a0\u00bbdefault\u00a0\u00bb width=\u00a0\u00bbauto\u00a0\u00bb global_colors_info=\u00a0\u00bb{}\u00a0\u00bb][et_pb_column type=\u00a0\u00bb4_4&Prime; _builder_version=\u00a0\u00bb4.16&Prime; _module_preset=\u00a0\u00bbdefault\u00a0\u00bb global_colors_info=\u00a0\u00bb{}\u00a0\u00bb][et_pb_wc_description description_type=\u00a0\u00bbdescription\u00a0\u00bb _builder_version=\u00a0\u00bb4.16&Prime; _module_preset=\u00a0\u00bbdefault\u00a0\u00bb global_colors_info=\u00a0\u00bb{}\u00a0\u00bb][\/et_pb_wc_description][\/et_pb_column][\/et_pb_row][et_pb_row _builder_version=\u00a0\u00bb4.16&Prime; background_size=\u00a0\u00bbinitial\u00a0\u00bb background_position=\u00a0\u00bbtop_left\u00a0\u00bb background_repeat=\u00a0\u00bbrepeat\u00a0\u00bb width=\u00a0\u00bb100%\u00a0\u00bb global_colors_info=\u00a0\u00bb{}\u00a0\u00bb][et_pb_column type=\u00a0\u00bb4_4&Prime; _builder_version=\u00a0\u00bb4.16&Prime; custom_padding=\u00a0\u00bb|||\u00a0\u00bb global_colors_info=\u00a0\u00bb{}\u00a0\u00bb custom_padding__hover=\u00a0\u00bb|||\u00a0\u00bb][et_pb_wc_additional_info _builder_version=\u00a0\u00bb4.16&Prime; _module_preset=\u00a0\u00bbdefault\u00a0\u00bb global_colors_info=\u00a0\u00bb{}\u00a0\u00bb][\/et_pb_wc_additional_info][et_pb_wc_upsells _builder_version=\u00a0\u00bb4.16&Prime; global_colors_info=\u00a0\u00bb{}\u00a0\u00bb][\/et_pb_wc_upsells][\/et_pb_column][\/et_pb_row][et_pb_row _builder_version=\u00a0\u00bb4.16&Prime; _module_preset=\u00a0\u00bbdefault\u00a0\u00bb global_colors_info=\u00a0\u00bb{}\u00a0\u00bb][et_pb_column type=\u00a0\u00bb4_4&Prime; _builder_version=\u00a0\u00bb4.16&Prime; _module_preset=\u00a0\u00bbdefault\u00a0\u00bb global_colors_info=\u00a0\u00bb{}\u00a0\u00bb][et_pb_button button_url=\u00a0\u00bbhttps:\/\/www.xerowaste.ca\/?page_id=10#Vmove\u00a0\u00bb button_text=\u00a0\u00bbRetour \u00e0 la liste V-Move\u00a0\u00bb _builder_version=\u00a0\u00bb4.25.1&Prime; _module_preset=\u00a0\u00bbdefault\u00a0\u00bb custom_button=\u00a0\u00bbon\u00a0\u00bb button_bg_color=\u00a0\u00bbrgba(255,255,255,0.84)\u00a0\u00bb positioning=\u00a0\u00bbfixed\u00a0\u00bb position_origin_f=\u00a0\u00bbbottom_left\u00a0\u00bb vertical_offset=\u00a0\u00bb20px\u00a0\u00bb horizontal_offset=\u00a0\u00bb20px\u00a0\u00bb z_index=\u00a0\u00bb500&Prime; global_colors_info=\u00a0\u00bb{}\u00a0\u00bb][\/et_pb_button][\/et_pb_column][\/et_pb_row][\/et_pb_section]<\/p>\n","protected":false},"excerpt":{"rendered":"<h2><code><\/code>Le V-Move XL XL 1500 remorqueur \u00e9lectrique \u00e0 marche \/ transporteur industriel \/ d\u00e9mocheur de benne \/ remorqueur de poubelles avec un moteur de 1,5 kW est id\u00e9al et s\u00e9curitaire pour pousser et tirer des charges allant jusqu\u2019\u00e0 11 023 lb ou 5 MT et, avec un levage optionnel, il peut soulever des charges allant jusqu\u2019\u00e0 551 lb ou 0,25 MT. Ce remorqueur \u00e9lectrique est aussi id\u00e9al pour d\u00e9placer des remorques de camping-car, de bateau, de concession et de chariots industriels.<\/h2>\n<p>Gr\u00e2ce \u00e0 nos pneus optionnels et \u00e0 notre arbre de transmission avanc\u00e9, vous pouvez utiliser le tireur \u00e9lectrique V-Move sur et sur des surfaces solides, hors route et dans la neige. Les crampons optionnels dans nos pneus d\u2019hiver vous permettent de l\u2019utiliser sur la glace. Vous pouvez ajouter jusqu\u2019\u00e0 200 kg ou 441 lb de contrepoids, donc le remorqueur p\u00e8se environ 430 kg ou 950 lb pour la traction suppl\u00e9mentaire afin de tirer des charges plus lourdes. Nous vous recommanderons le poids et les autres options dont vous avez besoin, dans le cadre de nos recommandations g\u00e9n\u00e9rales. Le V-move XL, fabriqu\u00e9 depuis plus de 18 ans, est con\u00e7u pour d\u00e9placer et arr\u00eater les charges en toute s\u00e9curit\u00e9 et sans effort de la part de l\u2019utilisateur.    <\/p>\n<p><code><\/code><\/p>\n<div style=\"text-align: center;\"><a href='https:\/\/www.xerowaste.ca\/contact-us' class='big-button bigblue'>Contactez-nous pour acheter<\/a><\/div>\n<p><code><br \/>\n<\/code><\/p>\n","protected":false},"featured_media":13577,"template":"","meta":{"_et_pb_use_builder":"on","_et_pb_old_content":"Ce remorqueur \u00e9lectrique industriel V-Move utilise le dernier contr\u00f4leur informatique Curtis CAN-bus, des batteries de haute qualit\u00e9 sans entretien en cycle profond, ainsi qu\u2019un chargeur homologu\u00e9 UL\/CSA \u00e0 l\u2019\u00e9preuve de l\u2019eau et de la poussi\u00e8re. C\u2019est un syst\u00e8me de deux piles de 12 volts qui peut facilement faire des t\u00e2ches comme d\u00e9placer des poubelles \u00e0 ordures sur de longues distances et ne n\u00e9cessite une recharge qu\u2019une fois par semaine \u00e0 trois semaines, selon l\u2019utilisation.  Nous avons en option des batteries de plus grande capacit\u00e9 et du LiFePO4 pour notre remorqueur \u00e9lectrique XL afin de vous permettre de fonctionner plus longtemps si n\u00e9cessaire dans un environnement industriel ou a\u00e9roportuaire. Le cadre en acier soud\u00e9 robuste en une seule pi\u00e8ce est recouvert de poudre \u00e0 l\u2019int\u00e9rieur comme \u00e0 l\u2019ext\u00e9rieur. Avec la poign\u00e9e basculante en option, le remorqueur \u00e9lectrique V-Move XL a l\u2019une des plus petites empreintes de tous les remorqueurs \u00e0 marcher, avec ses 38 pouces, ce qui vous permet de vous placer dans des espaces \u00e9troits pour atteindre des charges.  \n\nLe remorqueur \u00e9lectrique V-Move XL peut \u00eatre utilis\u00e9 pour pousser et tirer toutes les charges sur roues ou rails tels que les poubelles, compacteurs, remorques de concession, autobus, camions, voitures, rouleaux industriels, bateaux, remorques, chariots, etc. La s\u00e9rie XL de remorqueurs V-Move est la plus ancienne remorqueur \u00e0 marcher avec plus de 30+ ans et ces remorqueurs XL originaux sont encore utilis\u00e9s aujourd\u2019hui par les clients. Si vous voulez un remorqueur plus puissant, \u00e0 faible entretien, bien construit et qui dure longtemps, pensez au moteur \u00e9lectrique \u00e0 courant alternatif <a href=\"https:\/\/www.xerowaste.ca\/electric-tugs\/xl-plus-electric-load-mover\/\">V-Move XL+<\/a> aliment\u00e9 par batterie.   Combin\u00e9 \u00e0 <a href=\"https:\/\/www.verhagenleiden.nl\/\" target=\"_blank\" rel=\"noopener noreferrer\">Verhagen Leiden<\/a>, nous avons plus de 45 ans d\u2019exp\u00e9rience en manutention de mat\u00e9riaux en affaires.\n<code><\/code>\n<strong>Chaque remorqueur Xerowaste V-Move a au moins <a href=\"https:\/\/www.xerowaste.ca\/faqs\/what-is-the-warranty\/\" target=\"_blank\" rel=\"noopener\">une garantie d\u2019un an!<\/a><\/strong>\n<code><\/code>\n<code><\/code>\n<p style=\"text-align: center\"><strong>Ne cliquez pas sur la vid\u00e9o si vous n\u2019\u00eates pas d\u2019accord avec la politique de cookies de <a href=\"https:\/\/policies.google.com\/technologies\/cookies?hl=en\" target=\"_blank\" rel=\"noopener\">Youtube<\/a><\/strong><\/p>\n[embedyt] \nhttps:\/\/www.youtube.com\/watch?v=wkY9Pg4heZY[\/embedyt]\n<code><\/code>\n[table id=\"5\" \/]\n<code><\/code>\n\n[caption id=\"attachment_4582\" align=\"alignnone\" width=\"2560\"]<img class=\"wp-image-4582 size-full\" src=\"https:\/\/www.xerowaste.ca\/wp-content\/uploads\/2019\/09\/V-Move-XL-1500w-slope-samples-max-weight-e1569263450469-scaled-e1577472019547-scaled-1.jpg\" alt=\"Il s\u2019agit seulement d\u2019une estimation du poids maximal d\u2019un bac \u00e0 d\u00e9chets ou de recyclage tir\u00e9 par un remorqueur V-Move XL de 1,5 kW lorsque le remorqueur a les contrepoids maximaux. Chaque cas sera diff\u00e9rent et m\u00e8nera \u00e0 des calculs diff\u00e9rents, et ceci n\u2019est qu\u2019un point de d\u00e9part. Remorqueurs V-Move de Xerowaste Solutions\" width=\"2560\" height=\"1216\">  Il s\u2019agit seulement d\u2019une estimation du poids maximal d\u2019un bac de d\u00e9chets\/recyclage tir\u00e9 par un remorqueur V-Move XL de 1,5 kW lorsque le remorqueur a le maximum de contrepoids. Chaque cas sera diff\u00e9rent et m\u00e8nera \u00e0 des calculs diff\u00e9rents, et ceci n\u2019est qu\u2019un point de d\u00e9part. Remorqueurs V-Move de Xerowaste Solutions [\/caption]\n\n<code><\/code>\n<strong>Demandez-nous toutes les options que nous avons pour personnaliser le remorqueur \u00e9lectrique pour votre usage.<\/strong>\n<code><\/code>\n[button link=\"https:\/\/www.xerowaste.ca\/electric-tugs\/tires-wheels\/\"]  D\u00e9couvrez notre s\u00e9lection de pneus et de roues[\/button]\n<code>\n<\/code>\n[site_reviews_summary title=\"Critiques Xerowaste V-Move\" assigned_terms=\"V-Move Reviews\"]\n<code>\n<\/code>\n[site_reviews offset=\"1\" display=\"1\" fallback=\"No reviews currently.\" hide=\"assigned_links,date,response,title\" schema=\"true\" assigned_terms=\"V-Move Reviews\"]","_et_gb_content_width":"","_glsr_average":0,"_glsr_ranking":0,"_glsr_reviews":0},"product_cat":[196,198],"product_tag":[],"class_list":{"0":"post-14544","1":"product","2":"type-product","3":"status-publish","4":"has-post-thumbnail","6":"product_cat-remorqueurs-a-mouvement-en-v","7":"product_cat-remorqueurs-a-pied","9":"first","10":"instock","11":"shipping-taxable","12":"product-type-simple"},"_links":{"self":[{"href":"https:\/\/www.xerowaste.ca\/fr\/wp-json\/wp\/v2\/product\/14544","targetHints":{"allow":["GET"]}}],"collection":[{"href":"https:\/\/www.xerowaste.ca\/fr\/wp-json\/wp\/v2\/product"}],"about":[{"href":"https:\/\/www.xerowaste.ca\/fr\/wp-json\/wp\/v2\/types\/product"}],"wp:featuredmedia":[{"embeddable":true,"href":"https:\/\/www.xerowaste.ca\/fr\/wp-json\/wp\/v2\/media\/13577"}],"wp:attachment":[{"href":"https:\/\/www.xerowaste.ca\/fr\/wp-json\/wp\/v2\/media?parent=14544"}],"wp:term":[{"taxonomy":"product_cat","embeddable":true,"href":"https:\/\/www.xerowaste.ca\/fr\/wp-json\/wp\/v2\/product_cat?post=14544"},{"taxonomy":"product_tag","embeddable":true,"href":"https:\/\/www.xerowaste.ca\/fr\/wp-json\/wp\/v2\/product_tag?post=14544"}],"curies":[{"name":"wp","href":"https:\/\/api.w.org\/{rel}","templated":true}]}}