{"id":17661,"date":"2026-03-06T15:29:51","date_gmt":"2026-03-06T23:29:51","guid":{"rendered":"https:\/\/www.xerowaste.ca\/?post_type=product&#038;p=17661"},"modified":"2026-05-12T20:12:45","modified_gmt":"2026-05-13T03:12:45","slug":"v-move-m-electric-tug","status":"publish","type":"product","link":"https:\/\/www.xerowaste.ca\/fr\/electric-tugs\/v-move-m-electric-tug\/","title":{"rendered":"Tracteur \u00e9lectrique V-move M <br\/>  Se d\u00e9place jusqu'\u00e0 1 499 kg"},"content":{"rendered":"<div class=\"et_pb_section_0 et_pb_section et_section_regular et_block_section\"><div class=\"et_pb_row_0 et_pb_row et_block_row\"><div class=\"et_pb_column_0 et_pb_column et_pb_column_2_5 et_block_column et_pb_css_mix_blend_mode_passthrough\"><div class=\"et_pb_heading_0 et_pb_heading et_pb_module et_block_module\"><div class=\"et_pb_heading_container\"><h2 class=\"et_pb_module_header\">V-move M<\/h2><\/div><\/div><div class=\"et_pb_wc_images_0 et_pb_wc_images et_pb_module\"><div class=\"et_pb_module_inner\"><\/div><\/div><\/div><div class=\"et_pb_column_1 et_pb_column et_pb_column_3_5 et-last-child et_block_column et_pb_css_mix_blend_mode_passthrough\"><div class=\"et_pb_wc_title_0 et_pb_wc_title et_pb_bg_layout_light et_pb_module\"><div class=\"et_pb_module_inner\">\n\t\t<h1>Tracteur \u00e9lectrique V-move M <br\/>  Se d\u00e9place jusqu'\u00e0 1 499 kg<\/h1><\/div><\/div><div class=\"et_pb_text_0 et_pb_text et_pb_bg_layout_light et_pb_module et_block_module\"><div class=\"et_pb_text_inner\"><p>En stock<\/p>\n<\/div><\/div><\/div><\/div><div class=\"et_pb_row_1 et_pb_row et_pb_row_1-2_1-4_1-4 et_block_row et_block_row_1-2_1-4_1-4\"><div class=\"et_pb_column_2 et_pb_column et_pb_column_1_2 et_block_column et_pb_column_empty et_pb_css_mix_blend_mode_passthrough\"><\/div><div class=\"et_pb_column_3 et_pb_column et_pb_column_1_4 et_block_column et_pb_css_mix_blend_mode_passthrough\"><div class=\"et_pb_wc_meta_0 et_pb_wc_meta et_pb_wc_no_categories et_pb_wc_no_tags et_pb_wc_meta_layout_inline et_pb_module\"><div class=\"et_pb_module_inner\"><div class=\"product_meta\">\n\n\t\n\t\n\t\t<span class=\"sku_wrapper\">SKU : <span class=\"sku\">VLMM-L+<\/span><\/span>\n\n\t\n\t<span class=\"posted_in\">Cat\u00e9gories : <a href=\"https:\/\/www.xerowaste.ca\/fr\/v-move-tugs\/\" rel=\"tag\">Tracteurs V-move<\/a>, <a href=\"https:\/\/www.xerowaste.ca\/fr\/walk-along-tugs\/\" rel=\"tag\">Remorqueurs de man\u0153uvre<\/a><\/span>\n\t\n\t\n<\/div>\n<\/div><\/div><\/div><div class=\"et_pb_column_4 et_pb_column et_pb_column_1_4 et-last-child et_block_column et_pb_css_mix_blend_mode_passthrough\"><div class=\"et_pb_module et_pb_button_module_wrapper et_pb_button_0_wrapper\"><a class=\"et_pb_button_0 et_pb_button et_pb_bg_layout_light et_pb_module et_block_module\" href=\"https:\/\/www.xerowaste.ca\/wp-content\/uploads\/2026\/03\/XWS-V-Move-M-Brochure.pdf\" target=\"_blank\" data-icon=\"\ue092\">T\u00e9l\u00e9charger la brochure<\/a><\/div><\/div><\/div><div class=\"et_pb_row_2 et_pb_row et_block_row\"><div class=\"et_pb_column_5 et_pb_column et_pb_column_4_4 et-last-child et_block_column et_pb_css_mix_blend_mode_passthrough\"><\/div><\/div><div class=\"et_pb_row_3 et_pb_row et_block_row\"><div class=\"et_pb_column_6 et_pb_column et_pb_column_4_4 et-last-child et_block_column et_pb_css_mix_blend_mode_passthrough\"><\/div><\/div><div class=\"et_pb_row_4 et_pb_row et_block_row\"><div class=\"et_pb_column_7 et_pb_column et_pb_column_4_4 et-last-child et_block_column et_pb_css_mix_blend_mode_passthrough\"><div class=\"et_pb_module et_pb_button_module_wrapper et_pb_button_1_wrapper\"><a class=\"et_pb_button_1 et_pb_button et_pb_bg_layout_light et_pb_module et_block_module\" href=\"https:\/\/www.xerowaste.ca\/fr\/electric-tugs\/#Vmove\">Retour \u00e0 la liste V-Move<\/a><\/div><\/div><\/div><\/div>","protected":false},"excerpt":{"rendered":"<p><code><\/code><\/p>\n<h2>Le tracteur \u00e9lectrique l\u00e9ger et \u00e0 500 watts \u00e0 prise en main V-Move M, avec poign\u00e9e inclinable, est id\u00e9al pour pousser et tirer des charges jusqu'\u00e0 1.5 tonne (3\u00a0307 lb). Le V-move est le chariot \u00e9lectrique \u00e0 prise en main haut de gamme, hautement configurable. Le V-Move M est con\u00e7u pour d\u00e9placer et arr\u00eater les charges en toute s\u00e9curit\u00e9 et sans effort pour l'utilisateur. Divers packages de remorquage sont en option.<\/h2>\n<p><strong>Garanti un an !<\/strong><br \/>\n<code><br \/>\n<\/code><\/p>\n<div style=\"text-align: center;\"><a href='https:\/\/www.xerowaste.ca\/fr\/contact-us\/' class='big-button bigblue'>Contactez-nous pour acheter<\/a><\/div>\n<p><code><br \/>\n<\/code><\/p>","protected":false},"featured_media":17665,"template":"","meta":{"_glsr_average":0,"_glsr_ranking":0,"_glsr_reviews":0},"product_cat":[137,160],"product_tag":[],"class_list":{"0":"post-17661","1":"product","2":"type-product","3":"status-publish","4":"has-post-thumbnail","6":"product_cat-v-move-tugs","7":"product_cat-walk-along-tugs","9":"first","10":"instock","11":"shipping-taxable","12":"product-type-simple"},"_links":{"self":[{"href":"https:\/\/www.xerowaste.ca\/fr\/wp-json\/wp\/v2\/product\/17661","targetHints":{"allow":["GET"]}}],"collection":[{"href":"https:\/\/www.xerowaste.ca\/fr\/wp-json\/wp\/v2\/product"}],"about":[{"href":"https:\/\/www.xerowaste.ca\/fr\/wp-json\/wp\/v2\/types\/product"}],"wp:featuredmedia":[{"embeddable":true,"href":"https:\/\/www.xerowaste.ca\/fr\/wp-json\/wp\/v2\/media\/17665"}],"wp:attachment":[{"href":"https:\/\/www.xerowaste.ca\/fr\/wp-json\/wp\/v2\/media?parent=17661"}],"wp:term":[{"taxonomy":"product_cat","embeddable":true,"href":"https:\/\/www.xerowaste.ca\/fr\/wp-json\/wp\/v2\/product_cat?post=17661"},{"taxonomy":"product_tag","embeddable":true,"href":"https:\/\/www.xerowaste.ca\/fr\/wp-json\/wp\/v2\/product_tag?post=17661"}],"curies":[{"name":"wp","href":"https:\/\/api.w.org\/{rel}","templated":true}]}}