{"id":4090,"date":"2019-07-07T12:35:42","date_gmt":"2019-07-07T19:35:42","guid":{"rendered":"https:\/\/www.xerowaste.ca\/?post_type=product&#038;p=4090"},"modified":"2026-05-12T20:14:02","modified_gmt":"2026-05-13T03:14:02","slug":"xl-1-5-kw-electric-tugger","status":"publish","type":"product","link":"https:\/\/www.xerowaste.ca\/fr\/electric-tugs\/xl-1-5-kw-electric-tugger\/","title":{"rendered":"Tracteur \u00e9lectrique V-move XL 1.5 ou tireur de bennes <br\/> Poids : 11 023 lb"},"content":{"rendered":"<div class=\"et_pb_section_0 et_pb_section et_section_regular et_block_section\">\r\n\r\n<div class=\"et_pb_row_0 et_pb_row et_block_row\">\r\n\r\n<div class=\"et_pb_column_0 et_pb_column et_pb_column_2_5 et_block_column et_pb_css_mix_blend_mode_passthrough\">\r\n\r\n<div class=\"et_pb_heading_0 et_pb_heading et_pb_module et_block_module\"><div class=\"et_pb_heading_container\"><h2 class=\"et_pb_module_header\">V-move XL 1500 Watt<\/h2><\/div><\/div>\r\n\r\n<div class=\"et_pb_wc_images_0 et_pb_wc_images et_pb_module\"><div class=\"et_pb_module_inner\"><\/div><\/div><\/div>\r\n\r\n<div class=\"et_pb_column_1 et_pb_column et_pb_column_3_5 et-last-child et_block_column et_pb_css_mix_blend_mode_passthrough\">\r\n\r\n<div class=\"et_pb_wc_title_0 et_pb_wc_title et_pb_bg_layout_light et_pb_module\"><div class=\"et_pb_module_inner\">\n\t\t<h1>Tracteur \u00e9lectrique V-move XL 1.5 ou tireur de bennes <br\/> Poids : 11 023 lb<\/h1><\/div><\/div>\r\n\r\n\r\n\r\n<div class=\"et_pb_text_0 et_pb_text et_pb_bg_layout_light et_pb_module et_block_module\"><div class=\"et_pb_text_inner\"><p>En stock<\/p>\n<\/div><\/div>\r\n\r\n<\/div><\/div>\r\n\r\n<div class=\"et_pb_row_1 et_pb_row et_pb_row_1-2_1-4_1-4 et_block_row et_block_row_1-2_1-4_1-4\">\r\n\r\n<div class=\"et_pb_column_2 et_pb_column et_pb_column_1_2 et_block_column et_pb_column_empty et_pb_css_mix_blend_mode_passthrough\"><\/div>\r\n\r\n<div class=\"et_pb_column_3 et_pb_column et_pb_column_1_4 et_block_column et_pb_css_mix_blend_mode_passthrough\">\r\n\r\n<div class=\"et_pb_wc_meta_0 et_pb_wc_meta et_pb_wc_no_categories et_pb_wc_no_tags et_pb_wc_meta_layout_inline et_pb_module\"><div class=\"et_pb_module_inner\"><div class=\"product_meta\">\n\n\t\n\t\n\t\t<span class=\"sku_wrapper\">SKU : <span class=\"sku\">VLMM-1500XL<\/span><\/span>\n\n\t\n\t<span class=\"posted_in\">Cat\u00e9gories : <a href=\"https:\/\/www.xerowaste.ca\/fr\/v-move-tugs\/\" rel=\"tag\">Tracteurs V-move<\/a>, <a href=\"https:\/\/www.xerowaste.ca\/fr\/walk-along-tugs\/\" rel=\"tag\">Remorqueurs de man\u0153uvre<\/a><\/span>\n\t\n\t\n<\/div>\n<\/div><\/div><\/div>\r\n\r\n<div class=\"et_pb_column_4 et_pb_column et_pb_column_1_4 et-last-child et_block_column et_pb_css_mix_blend_mode_passthrough\">\r\n\r\n<div class=\"et_pb_module et_pb_button_module_wrapper et_pb_button_0_wrapper\"><a class=\"et_pb_button_0 et_pb_button et_pb_bg_layout_light et_pb_module et_block_module\" href=\"https:\/\/www.xerowaste.ca\/wp-content\/uploads\/2024\/11\/XWS_V-Move-XL-and-XLplus-Brochure.pdf\" target=\"_blank\" data-icon=\"\ue092\">T\u00e9l\u00e9charger la brochure<\/a><\/div><\/div><\/div>\r\n\r\n<div class=\"et_pb_row_2 et_pb_row et_block_row\">\r\n\r\n<div class=\"et_pb_column_5 et_pb_column et_pb_column_4_4 et-last-child et_block_column et_pb_css_mix_blend_mode_passthrough\">\r\n\r\n<\/div><\/div>\r\n\r\n<div class=\"et_pb_row_3 et_pb_row et_block_row\">\r\n\r\n<div class=\"et_pb_column_6 et_pb_column et_pb_column_4_4 et-last-child et_block_column et_pb_css_mix_blend_mode_passthrough\">\r\n\r\n\r\n\r\n<\/div><\/div>\r\n\r\n<div class=\"et_pb_row_4 et_pb_row et_block_row\">\r\n\r\n<div class=\"et_pb_column_7 et_pb_column et_pb_column_4_4 et-last-child et_block_column et_pb_css_mix_blend_mode_passthrough\">\r\n\r\n<div class=\"et_pb_module et_pb_button_module_wrapper et_pb_button_1_wrapper\"><a class=\"et_pb_button_1 et_pb_button et_pb_bg_layout_light et_pb_module et_block_module\" href=\"https:\/\/www.xerowaste.ca\/fr\/electric-tugs\/#Vmove\">Retour \u00e0 la liste V-Move<\/a><\/div><\/div><\/div><\/div>","protected":false},"excerpt":{"rendered":"<h2><code><\/code>Le tireur \u00e9lectrique \u00e0 conducteur marchant \/ d\u00e9placeur de chariots industriels \/ d\u00e9placeur de bennes \u00e0 ordures \/ tireur de poubelles V-Move XL 1500, dot\u00e9 d'un moteur de 1,5 kW, est id\u00e9al et s\u00fbr pour pousser et tirer des charges jusqu'\u00e0 11 023 lb (5 tonnes m\u00e9triques) et, avec une option de levage, il peut soulever des charges jusqu'\u00e0 551 lb (0,25 tonne m\u00e9trique). Ce tireur \u00e9lectrique est \u00e9galement id\u00e9al pour d\u00e9placer des caravanes, des bateaux et des remorques de concession, ainsi que des chariots industriels.<\/h2>\n<p>&nbsp;<\/p>\n<p>Gr\u00e2ce \u00e0 nos pneus optionnels et \u00e0 notre arbre de transmission avanc\u00e9, vous pouvez utiliser le tracteur \u00e9lectrique V-Move sur et hors des surfaces solides, hors route et dans la neige. Les crampons optionnels de nos pneus d'hiver vous permettent de l'utiliser sur la glace. Vous pouvez ajouter jusqu'\u00e0 200 kg ou 441 lb de contrepoids afin que le tracteur p\u00e8se environ 430 kg ou 950 lb pour une traction accrue afin de tirer des charges plus lourdes. Nous vous recommandons le poids et les autres options dont vous avez besoin, dans le cadre de nos recommandations globales. Le V-move XL, fabriqu\u00e9 depuis plus de 18 ans, est con\u00e7u pour d\u00e9placer et arr\u00eater les charges en toute s\u00e9curit\u00e9 et sans aucun effort de la part de l'utilisateur. <code><\/code><\/p>\n<div style=\"text-align: center;\"><a href='https:\/\/www.xerowaste.ca\/fr\/contact-us\/' class='big-button bigblue'>Contactez-nous pour acheter<\/a><\/div>\n<p><code><br \/>\n<\/code><\/p>","protected":false},"featured_media":4202,"template":"","meta":{"_glsr_average":0,"_glsr_ranking":0,"_glsr_reviews":0},"product_cat":[137,160],"product_tag":[],"class_list":{"0":"post-4090","1":"product","2":"type-product","3":"status-publish","4":"has-post-thumbnail","6":"product_cat-v-move-tugs","7":"product_cat-walk-along-tugs","9":"first","10":"instock","11":"shipping-taxable","12":"product-type-simple"},"_links":{"self":[{"href":"https:\/\/www.xerowaste.ca\/fr\/wp-json\/wp\/v2\/product\/4090","targetHints":{"allow":["GET"]}}],"collection":[{"href":"https:\/\/www.xerowaste.ca\/fr\/wp-json\/wp\/v2\/product"}],"about":[{"href":"https:\/\/www.xerowaste.ca\/fr\/wp-json\/wp\/v2\/types\/product"}],"wp:featuredmedia":[{"embeddable":true,"href":"https:\/\/www.xerowaste.ca\/fr\/wp-json\/wp\/v2\/media\/4202"}],"wp:attachment":[{"href":"https:\/\/www.xerowaste.ca\/fr\/wp-json\/wp\/v2\/media?parent=4090"}],"wp:term":[{"taxonomy":"product_cat","embeddable":true,"href":"https:\/\/www.xerowaste.ca\/fr\/wp-json\/wp\/v2\/product_cat?post=4090"},{"taxonomy":"product_tag","embeddable":true,"href":"https:\/\/www.xerowaste.ca\/fr\/wp-json\/wp\/v2\/product_tag?post=4090"}],"curies":[{"name":"wp","href":"https:\/\/api.w.org\/{rel}","templated":true}]}}