{"id":4133,"date":"2019-07-07T17:26:05","date_gmt":"2019-07-08T00:26:05","guid":{"rendered":"https:\/\/www.xerowaste.ca\/?post_type=product&#038;p=4133"},"modified":"2026-05-12T20:16:21","modified_gmt":"2026-05-13T03:16:21","slug":"3xl-10-kw-electric-tugger","status":"publish","type":"product","link":"https:\/\/www.xerowaste.ca\/fr\/electric-tugs\/3xl-10-kw-electric-tugger\/","title":{"rendered":"V-move 3XL d\u00e9placeur de charges <br\/> Poids 66 139 lb"},"content":{"rendered":"<div class=\"et_pb_section_0 et_pb_section et_section_regular et_block_section\"><div class=\"et_pb_row_0 et_pb_row et_block_row\"><div class=\"et_pb_column_0 et_pb_column et_pb_column_2_5 et_block_column et_pb_css_mix_blend_mode_passthrough\"><div class=\"et_pb_heading_0 et_pb_heading et_pb_module et_block_module\"><div class=\"et_pb_heading_container\"><h2 class=\"et_pb_module_header\">V-move 3XL<\/h2><\/div><\/div><div class=\"et_pb_wc_images_0 et_pb_wc_images et_pb_module\"><div class=\"et_pb_module_inner\"><\/div><\/div><\/div><div class=\"et_pb_column_1 et_pb_column et_pb_column_3_5 et-last-child et_block_column et_pb_css_mix_blend_mode_passthrough\"><div class=\"et_pb_wc_title_0 et_pb_wc_title et_pb_bg_layout_light et_pb_module\"><div class=\"et_pb_module_inner\">\n\t\t<h1>V-move 3XL d\u00e9placeur de charges <br\/> Poids 66 139 lb<\/h1><\/div><\/div><div class=\"et_pb_text_0 et_pb_text et_pb_bg_layout_light et_pb_module et_block_module\"><div class=\"et_pb_text_inner\"><p>En stock<\/p>\n<\/div><\/div><\/div><\/div><div class=\"et_pb_row_1 et_pb_row et_pb_row_1-2_1-4_1-4 et_block_row et_block_row_1-2_1-4_1-4\"><div class=\"et_pb_column_2 et_pb_column et_pb_column_1_2 et_block_column et_pb_column_empty et_pb_css_mix_blend_mode_passthrough\"><\/div><div class=\"et_pb_column_3 et_pb_column et_pb_column_1_4 et_block_column et_pb_css_mix_blend_mode_passthrough\"><\/div><div class=\"et_pb_column_4 et_pb_column et_pb_column_1_4 et-last-child et_block_column et_pb_css_mix_blend_mode_passthrough\"><div class=\"et_pb_module et_pb_button_module_wrapper et_pb_button_0_wrapper\"><a class=\"et_pb_button_0 et_pb_button et_pb_bg_layout_light et_pb_module et_block_module\" href=\"https:\/\/www.xerowaste.ca\/wp-content\/uploads\/2026\/04\/ElectricTug-V-Move-3XL-4XL-brochure.pdf\" target=\"_blank\" data-icon=\"\ue092\">T\u00e9l\u00e9charger la brochure<\/a><\/div><\/div><\/div><div class=\"et_pb_row_2 et_pb_row et_block_row\"><div class=\"et_pb_column_5 et_pb_column et_pb_column_4_4 et-last-child et_block_column et_pb_css_mix_blend_mode_passthrough\"><\/div><\/div><div class=\"et_pb_row_3 et_pb_row et_block_row\"><div class=\"et_pb_column_6 et_pb_column et_pb_column_4_4 et-last-child et_block_column et_pb_css_mix_blend_mode_passthrough\"><\/div><\/div><div class=\"et_pb_row_4 et_pb_row et_block_row\"><div class=\"et_pb_column_7 et_pb_column et_pb_column_4_4 et-last-child et_block_column et_pb_css_mix_blend_mode_passthrough\"><div class=\"et_pb_module et_pb_button_module_wrapper et_pb_button_1_wrapper\"><a class=\"et_pb_button_1 et_pb_button et_pb_bg_layout_light et_pb_module et_block_module\" href=\"https:\/\/www.xerowaste.ca\/fr\/electric-tugs\/#Vmove\">Retour \u00e0 la liste V-Move<\/a><\/div><\/div><\/div><\/div>","protected":false},"excerpt":{"rendered":"<h2><code><\/code>Le tracteur industriel V-Move 3XL \u00e0 conducteur accompagnant et robuste est un \u00e9quipement de d\u00e9placement de charges haut de gamme id\u00e9al pour d\u00e9placer des charges lourdes jusqu'\u00e0 30 tonnes m\u00e9triques (66 139 lb) et soulever des charges jusqu'\u00e0 3 tonnes m\u00e9triques (6 614 lb).<\/h2>\n<p>Lors de l'utilisation des contrepoids maximum, le 3XL a \u00e9t\u00e9 connu pour d\u00e9placer des charges allant jusqu'\u00e0 40 tonnes m\u00e9triques ou 88 185 lb et jusqu'\u00e0 350 tonnes m\u00e9triques ou 771 618 lb lorsqu'il est sur rails. Cependant, les ing\u00e9nieurs recommandent des limites beaucoup plus basses que 350 tonnes m\u00e9triques sur rails pour garantir un arr\u00eat rapide. Le poids sur rails avec lequel nous sommes \u00e0 l'aise est d'environ 260 000 lb. Faites le travail rapidement et en toute s\u00e9curit\u00e9 \u00e0 une vitesse allant jusqu'\u00e0 5 km\/h ou 3,1 mph.<br \/>\n<code><\/code><\/p>\n<div style=\"text-align: center;\"><a href='https:\/\/www.xerowaste.ca\/fr\/contact-us\/' class='big-button bigblue'>Contactez-nous pour acheter<\/a><\/div>\n<p><code><br \/>\n<\/code><\/p>","protected":false},"featured_media":4137,"template":"","meta":{"_glsr_average":0,"_glsr_ranking":0,"_glsr_reviews":0},"product_cat":[137,160],"product_tag":[],"class_list":{"0":"post-4133","1":"product","2":"type-product","3":"status-publish","4":"has-post-thumbnail","6":"product_cat-v-move-tugs","7":"product_cat-walk-along-tugs","9":"first","10":"instock","11":"featured","12":"shipping-taxable","13":"product-type-simple"},"_links":{"self":[{"href":"https:\/\/www.xerowaste.ca\/fr\/wp-json\/wp\/v2\/product\/4133","targetHints":{"allow":["GET"]}}],"collection":[{"href":"https:\/\/www.xerowaste.ca\/fr\/wp-json\/wp\/v2\/product"}],"about":[{"href":"https:\/\/www.xerowaste.ca\/fr\/wp-json\/wp\/v2\/types\/product"}],"wp:featuredmedia":[{"embeddable":true,"href":"https:\/\/www.xerowaste.ca\/fr\/wp-json\/wp\/v2\/media\/4137"}],"wp:attachment":[{"href":"https:\/\/www.xerowaste.ca\/fr\/wp-json\/wp\/v2\/media?parent=4133"}],"wp:term":[{"taxonomy":"product_cat","embeddable":true,"href":"https:\/\/www.xerowaste.ca\/fr\/wp-json\/wp\/v2\/product_cat?post=4133"},{"taxonomy":"product_tag","embeddable":true,"href":"https:\/\/www.xerowaste.ca\/fr\/wp-json\/wp\/v2\/product_tag?post=4133"}],"curies":[{"name":"wp","href":"https:\/\/api.w.org\/{rel}","templated":true}]}}