{"id":4141,"date":"2019-07-07T18:45:16","date_gmt":"2019-07-08T01:45:16","guid":{"rendered":"https:\/\/www.xerowaste.ca\/?post_type=product&#038;p=4141"},"modified":"2026-05-12T20:16:47","modified_gmt":"2026-05-13T03:16:47","slug":"4xl-16-kw-load-mover","status":"publish","type":"product","link":"https:\/\/www.xerowaste.ca\/fr\/electric-tugs\/4xl-16-kw-load-mover\/","title":{"rendered":"V-Move 4XL d\u00e9placeur de charges lourdes <br\/> D\u00e9m\u00e9nage 88 185+ lb"},"content":{"rendered":"<div class=\"et_pb_section_0 et_pb_section et_section_regular et_block_section\"><div class=\"et_pb_row_0 et_pb_row et_block_row\"><div class=\"et_pb_column_0 et_pb_column et_pb_column_2_5 et_block_column et_pb_css_mix_blend_mode_passthrough\"><div class=\"et_pb_heading_0 et_pb_heading et_pb_module et_block_module\"><div class=\"et_pb_heading_container\"><h2 class=\"et_pb_module_header\">V-move 4XL<\/h2><\/div><\/div><div class=\"et_pb_wc_images_0 et_pb_wc_images et_pb_module\"><div class=\"et_pb_module_inner\"><\/div><\/div><\/div><div class=\"et_pb_column_1 et_pb_column et_pb_column_3_5 et-last-child et_block_column et_pb_css_mix_blend_mode_passthrough\"><div class=\"et_pb_wc_title_0 et_pb_wc_title et_pb_bg_layout_light et_pb_module\"><div class=\"et_pb_module_inner\">\n\t\t<h1>V-Move 4XL d\u00e9placeur de charges lourdes <br\/> D\u00e9m\u00e9nage 88 185+ lb<\/h1><\/div><\/div><div class=\"et_pb_text_0 et_pb_text et_pb_bg_layout_light et_pb_module et_block_module\"><div class=\"et_pb_text_inner\"><p>En stock<\/p>\n<\/div><\/div><\/div><\/div><div class=\"et_pb_row_1 et_pb_row et_pb_row_1-2_1-4_1-4 et_block_row et_block_row_1-2_1-4_1-4\"><div class=\"et_pb_column_2 et_pb_column et_pb_column_1_2 et_block_column et_pb_column_empty et_pb_css_mix_blend_mode_passthrough\"><\/div><div class=\"et_pb_column_3 et_pb_column et_pb_column_1_4 et_block_column et_pb_css_mix_blend_mode_passthrough\"><\/div><div class=\"et_pb_column_4 et_pb_column et_pb_column_1_4 et-last-child et_block_column et_pb_css_mix_blend_mode_passthrough\"><div class=\"et_pb_module et_pb_button_module_wrapper et_pb_button_0_wrapper\"><a class=\"et_pb_button_0 et_pb_button et_pb_bg_layout_light et_pb_module et_block_module\" href=\"https:\/\/www.xerowaste.ca\/wp-content\/uploads\/2026\/04\/ElectricTug-V-Move-3XL-4XL-brochure.pdf\" target=\"_blank\" data-icon=\"\ue092\">T\u00e9l\u00e9charger la brochure<\/a><\/div><\/div><\/div><div class=\"et_pb_row_2 et_pb_row et_block_row\"><div class=\"et_pb_column_5 et_pb_column et_pb_column_4_4 et-last-child et_block_column et_pb_css_mix_blend_mode_passthrough\"><div class=\"et_pb_text_1 et_pb_text et_pb_bg_layout_light et_pb_module et_block_module\"><div class=\"et_pb_text_inner\"><div class=\"epyt-video-wrapper\"><div  style=\"display: block; margin: 0px auto;\"  id=\"_ytid_93604\"  width=\"1080\" height=\"608\"  data-origwidth=\"1080\" data-origheight=\"608\"  data-relstop=\"1\" data-facadesrc=\"https:\/\/www.youtube.com\/embed\/drEJBrjgJIY?enablejsapi=1&origin=https:\/\/www.xerowaste.ca&autoplay=0&cc_load_policy=0&iv_load_policy=1&loop=0&fs=1&playsinline=1&controls=1&disablekb=0&color=red&cc_lang_pref=&rel=0&autohide=2&hl=fr_CA&theme=dark&\" class=\"__youtube_prefs__ epyt-facade  no-lazyload\" data-vol=\"20\"  data-epautoplay=\"1\" ><img decoding=\"async\" data-spai-excluded=\"true\" class=\"epyt-facade-poster skip-lazy\" loading=\"lazy\" alt=\"V-Move 4XL Tire Mover Industriel - Le tracteur \u00e0 batterie le plus puissant \u00e0 conducteur accompagnant\" src=\"https:\/\/i.ytimg.com\/vi\/drEJBrjgJIY\/hqdefault.jpg\" title=\"\"><button class=\"epyt-facade-play\" aria-label=\"Jouer\"><svg data-no-lazy=\"1\" height=\"100%\" version=\"1.1\" viewbox=\"0 0 68 48\" width=\"100%\"><path class=\"ytp-large-play-button-bg\" d=\"M66.52,7.74c-0.78-2.93-2.49-5.41-5.42-6.19C55.79,.13,34,0,34,0S12.21,.13,6.9,1.55 C3.97,2.33,2.27,4.81,1.48,7.74C0.06,13.05,0,24,0,24s0.06,10.95,1.48,16.26c0.78,2.93,2.49,5.41,5.42,6.19 C12.21,47.87,34,48,34,48s21.79-0.13,27.1-1.55c2.93-0.78,4.64-3.26,5.42-6.19C67.94,34.95,68,24,68,24S67.94,13.05,66.52,7.74z\" fill=\"#f00\"><\/path><path d=\"M 45,24 27,14 27,34\" fill=\"#fff\"><\/path><\/svg><\/button><\/div><\/div>\n<\/div><\/div><\/div><\/div><div class=\"et_pb_row_3 et_pb_row et_block_row\"><div class=\"et_pb_column_6 et_pb_column et_pb_column_4_4 et-last-child et_block_column et_pb_css_mix_blend_mode_passthrough\"><\/div><\/div><div class=\"et_pb_row_4 et_pb_row et_block_row\"><div class=\"et_pb_column_7 et_pb_column et_pb_column_4_4 et-last-child et_block_column et_pb_css_mix_blend_mode_passthrough\"><\/div><\/div><div class=\"et_pb_row_5 et_pb_row et_block_row\"><div class=\"et_pb_column_8 et_pb_column et_pb_column_4_4 et-last-child et_block_column et_pb_css_mix_blend_mode_passthrough\"><div class=\"et_pb_module et_pb_button_module_wrapper et_pb_button_1_wrapper\"><a class=\"et_pb_button_1 et_pb_button et_pb_bg_layout_light et_pb_module et_block_module\" href=\"https:\/\/www.xerowaste.ca\/fr\/electric-tugs\/#Vmove\">Retour \u00e0 la liste V-Move<\/a><\/div><\/div><\/div><\/div>","protected":false},"excerpt":{"rendered":"<h3><code><\/code>Le tracteur \u00e9lectrique le plus puissant \u00e0 pousser !<\/h3>\n<h2><code><\/code><br \/>\nLe V-Move 4XL, un tracteur industriel \u00e9lectrique robuste \u00e0 conducteur accompagnant, est notre mod\u00e8le haut de gamme id\u00e9al pour d\u00e9placer des charges allant jusqu'\u00e0 40 tonnes m\u00e9triques (88 185 lb) et soulever des charges allant jusqu'\u00e0 9 tonnes m\u00e9triques (19 841 lb).<\/h2>\n<p>Lors de l'utilisation de contrepoids maximum, le 4XL a \u00e9t\u00e9 connu pour d\u00e9placer des charges allant jusqu'\u00e0 80 tonnes m\u00e9triques ou 176 000 lb et jusqu'\u00e0 450 tonnes m\u00e9triques ou 1 000 000 lb lorsqu'il est sur rails. Cependant, les ing\u00e9nieurs ne recommandent pas ces extr\u00eames et proposeront des limites inf\u00e9rieures pour vous assurer que vous pouvez vous arr\u00eater en toute s\u00e9curit\u00e9 et rapidement. Nous sommes plus \u00e0 l'aise avec une limite sup\u00e9rieure d'environ 525 000 lb lors du tractage\/pouss\u00e9e d'une charge sur rails. Faites le travail rapidement et en toute s\u00e9curit\u00e9 \u00e0 une vitesse allant jusqu'\u00e0 3,7 mph ou 6 km\/h.<br \/>\n<code><\/code><\/p>\n<div style=\"text-align: center;\"><a href='https:\/\/www.xerowaste.ca\/fr\/contact-us\/' class='big-button bigblue'>Contactez-nous pour acheter<\/a><\/div>\n<p><code><br \/>\n<\/code><\/p>","protected":false},"featured_media":4142,"template":"","meta":{"_glsr_average":0,"_glsr_ranking":0,"_glsr_reviews":0},"product_cat":[137,160],"product_tag":[],"class_list":{"0":"post-4141","1":"product","2":"type-product","3":"status-publish","4":"has-post-thumbnail","6":"product_cat-v-move-tugs","7":"product_cat-walk-along-tugs","9":"first","10":"instock","11":"featured","12":"shipping-taxable","13":"product-type-simple"},"_links":{"self":[{"href":"https:\/\/www.xerowaste.ca\/fr\/wp-json\/wp\/v2\/product\/4141","targetHints":{"allow":["GET"]}}],"collection":[{"href":"https:\/\/www.xerowaste.ca\/fr\/wp-json\/wp\/v2\/product"}],"about":[{"href":"https:\/\/www.xerowaste.ca\/fr\/wp-json\/wp\/v2\/types\/product"}],"wp:featuredmedia":[{"embeddable":true,"href":"https:\/\/www.xerowaste.ca\/fr\/wp-json\/wp\/v2\/media\/4142"}],"wp:attachment":[{"href":"https:\/\/www.xerowaste.ca\/fr\/wp-json\/wp\/v2\/media?parent=4141"}],"wp:term":[{"taxonomy":"product_cat","embeddable":true,"href":"https:\/\/www.xerowaste.ca\/fr\/wp-json\/wp\/v2\/product_cat?post=4141"},{"taxonomy":"product_tag","embeddable":true,"href":"https:\/\/www.xerowaste.ca\/fr\/wp-json\/wp\/v2\/product_tag?post=4141"}],"curies":[{"name":"wp","href":"https:\/\/api.w.org\/{rel}","templated":true}]}}