{"id":4149,"date":"2019-07-08T09:23:30","date_gmt":"2019-07-08T16:23:30","guid":{"rendered":"https:\/\/www.xerowaste.ca\/?post_type=product&#038;p=4149"},"modified":"2026-05-12T20:15:34","modified_gmt":"2026-05-13T03:15:34","slug":"xl-plus-shopping-cart-pusher","status":"publish","type":"product","link":"https:\/\/www.xerowaste.ca\/fr\/electric-tugs\/xl-plus-shopping-cart-pusher\/","title":{"rendered":"Pousseur ou r\u00e9cup\u00e9rateur de chariots de magasinage V-Move XL+ (50 grands chariots) <br\/> Rampes toutes saisons \/ en pente raide"},"content":{"rendered":"<div class=\"et_pb_section_0 et_pb_section et_section_regular et_block_section\">\r\n\r\n<div class=\"et_pb_row_0 et_pb_row et_block_row\">\r\n\r\n<div class=\"et_pb_column_0 et_pb_column et_pb_column_2_5 et_block_column et_pb_css_mix_blend_mode_passthrough\">\r\n\r\n<div class=\"et_pb_heading_0 et_pb_heading et_pb_module et_block_module\"><div class=\"et_pb_heading_container\"><h2 class=\"et_pb_module_header\">Pousseur de chariot V-move XL+<\/h2><\/div><\/div>\r\n\r\n<div class=\"et_pb_wc_images_0 et_pb_wc_images et_pb_module\"><div class=\"et_pb_module_inner\"><\/div><\/div><\/div>\r\n\r\n<div class=\"et_pb_column_1 et_pb_column et_pb_column_3_5 et-last-child et_block_column et_pb_css_mix_blend_mode_passthrough\">\r\n\r\n<div class=\"et_pb_wc_title_0 et_pb_wc_title et_pb_bg_layout_light et_pb_module\"><div class=\"et_pb_module_inner\">\n\t\t<h1>Pousseur ou r\u00e9cup\u00e9rateur de chariots de magasinage V-Move XL+ (50 grands chariots) <br\/> Rampes toutes saisons \/ en pente raide<\/h1><\/div><\/div>\r\n\r\n\r\n\r\n<div class=\"et_pb_text_0 et_pb_text et_pb_bg_layout_light et_pb_module et_block_module\"><div class=\"et_pb_text_inner\"><p>\nEn stock<\/p>\n<\/div><\/div>\r\n\r\n<\/div><\/div>\r\n\r\n<div class=\"et_pb_row_1 et_pb_row et_pb_row_1-2_1-4_1-4 et_block_row et_block_row_1-2_1-4_1-4\">\r\n\r\n<div class=\"et_pb_column_2 et_pb_column et_pb_column_1_2 et_block_column et_pb_column_empty et_pb_css_mix_blend_mode_passthrough\"><\/div>\r\n\r\n<div class=\"et_pb_column_3 et_pb_column et_pb_column_1_4 et_block_column et_pb_css_mix_blend_mode_passthrough\">\r\n\r\n<\/div>\r\n\r\n<div class=\"et_pb_column_4 et_pb_column et_pb_column_1_4 et-last-child et_block_column et_pb_css_mix_blend_mode_passthrough\">\r\n\r\n<div class=\"et_pb_module et_pb_button_module_wrapper et_pb_button_0_wrapper\"><a class=\"et_pb_button_0 et_pb_button et_pb_bg_layout_light et_pb_module et_block_module\" href=\"https:\/\/www.xerowaste.ca\/wp-content\/uploads\/2024\/11\/XWS_V-Move-XLplus-Cart-Mover-Brochure.pdf\" target=\"_blank\" data-icon=\"\ue092\">T\u00e9l\u00e9charger la brochure<\/a><\/div><\/div><\/div>\r\n\r\n<div class=\"et_pb_row_2 et_pb_row et_block_row\">\r\n\r\n<div class=\"et_pb_column_5 et_pb_column et_pb_column_4_4 et-last-child et_block_column et_pb_css_mix_blend_mode_passthrough\">\r\n\r\n<div class=\"et_pb_text_1 et_pb_text et_pb_bg_layout_light et_pb_module et_block_module\"><div class=\"et_pb_text_inner\"><p style=\"text-align: center;\"><strong>Ne cliquez pas sur la vid\u00e9o si vous n'\u00eates pas d'accord avec la politique de cookies de <a href=\"https:\/\/policies.google.com\/technologies\/cookies?hl=en\" target=\"_blank\" rel=\"noopener\">\ud83d\udd17 Youtube<\/a><\/strong><\/p>\n<div class=\"epyt-gallery\" data-currpage=\"1\" id=\"epyt_gallery_55048\"><div class=\"epyt-video-wrapper\"><div  style=\"display: block; margin: 0px auto;\"  id=\"_ytid_81202\"  width=\"1080\" height=\"608\"  data-origwidth=\"1080\" data-origheight=\"608\"  data-relstop=\"1\" data-facadesrc=\"https:\/\/www.youtube.com\/embed\/zcw8kXcd6vs?enablejsapi=1&origin=https:\/\/www.xerowaste.ca&autoplay=0&cc_load_policy=0&iv_load_policy=1&loop=0&fs=1&playsinline=1&controls=1&disablekb=0&color=red&cc_lang_pref=&rel=0&autohide=2&hl=fr_CA&theme=dark&\" class=\"__youtube_prefs__ epyt-facade  no-lazyload\" data-vol=\"20\"  data-epytgalleryid=\"epyt_gallery_55048\"  data-epautoplay=\"1\" ><img decoding=\"async\" data-spai-excluded=\"true\" class=\"epyt-facade-poster skip-lazy\" loading=\"lazy\" alt=\"Pousseurs de chariots de courses V-Move\" src=\"https:\/\/i.ytimg.com\/vi\/zcw8kXcd6vs\/hqdefault.jpg\" title=\"\"><button class=\"epyt-facade-play\" aria-label=\"Jouer\"><svg data-no-lazy=\"1\" height=\"100%\" version=\"1.1\" viewbox=\"0 0 68 48\" width=\"100%\"><path class=\"ytp-large-play-button-bg\" d=\"M66.52,7.74c-0.78-2.93-2.49-5.41-5.42-6.19C55.79,.13,34,0,34,0S12.21,.13,6.9,1.55 C3.97,2.33,2.27,4.81,1.48,7.74C0.06,13.05,0,24,0,24s0.06,10.95,1.48,16.26c0.78,2.93,2.49,5.41,5.42,6.19 C12.21,47.87,34,48,34,48s21.79-0.13,27.1-1.55c2.93-0.78,4.64-3.26,5.42-6.19C67.94,34.95,68,24,68,24S67.94,13.05,66.52,7.74z\" fill=\"#f00\"><\/path><path d=\"M 45,24 27,14 27,34\" fill=\"#fff\"><\/path><\/svg><\/button><\/div><\/div><div class=\"epyt-gallery-list epyt-gallery-style-grid\"><div class=\"epyt-pagination epyt-hide-pagination\"><div tabindex=\"0\" role=\"button\" class=\"epyt-pagebutton epyt-prev  hide\" data-playlistid=\"PLwfITuwwq71RflLFOweKzdtlXcvglILbY\" data-pagesize=\"4\" data-pagetoken=\"\" data-style=\"grid\" data-epcolumns=\"2\" data-showtitle=\"1\" data-showpaging=\"0\" data-autonext=\"0\" data-hidethumbimg=\"0\" data-thumbplay=\"1\"><div class=\"epyt-arrow\">\u00ab<\/div> <div>Pr\u00e9c\u00e9dent<\/div><\/div><div class=\"epyt-pagenumbers hide\"><div class=\"epyt-current\">1<\/div><div class=\"epyt-pageseparator\"> \/ <\/div><div class=\"epyt-totalpages\">1<\/div><\/div><div tabindex=\"0\" role=\"button\" class=\"epyt-pagebutton epyt-next hide\" data-playlistid=\"PLwfITuwwq71RflLFOweKzdtlXcvglILbY\" data-pagesize=\"4\" data-pagetoken=\"\" data-style=\"grid\" data-epcolumns=\"2\" data-showtitle=\"1\" data-showpaging=\"0\" data-autonext=\"0\" data-hidethumbimg=\"0\" data-thumbplay=\"1\"><div>Suivant<\/div> <div class=\"epyt-arrow\">\u00bb<\/div><\/div><div class=\"epyt-loader\"><img decoding=\"async\" alt=\"en cours de chargement\" width=\"16\" height=\"11\" src=\"https:\/\/www.xerowaste.ca\/wp-content\/plugins\/youtube-embed-plus-pro\/images\/gallery-page-loader.gif\" title=\"\"><\/div><\/div><div class=\"epyt-gallery-allthumbs  epyt-cols-2\"><div tabindex=\"0\" role=\"button\" data-videoid=\"zcw8kXcd6vs\" class=\"epyt-gallery-thumb\" ><div class=\"epyt-gallery-img-box\"><div class=\"epyt-gallery-img\" style=\"background-image: url(https:\/\/i.ytimg.com\/vi\/zcw8kXcd6vs\/hqdefault.jpg)\"><div class=\"epyt-gallery-playhover\"><img decoding=\"async\" alt=\"jouer\" class=\"epyt-play-img\" width=\"30\" height=\"23\" src=\"https:\/\/www.xerowaste.ca\/wp-content\/plugins\/youtube-embed-plus-pro\/images\/playhover.png\" data-no-lazy=\"1\" data-skipgform_ajax_framebjll=\"\" title=\"\"><div class=\"epyt-gallery-playcrutch\"><\/div><\/div><\/div><\/div><div class=\"epyt-gallery-title\">Xerowaste Solutions - Pousse-chariot V move XL<\/div><\/div><div tabindex=\"0\" role=\"button\" data-videoid=\"lTaFiuRcxUI\" class=\"epyt-gallery-thumb\" ><div class=\"epyt-gallery-img-box\"><div class=\"epyt-gallery-img\" style=\"background-image: url(https:\/\/i.ytimg.com\/vi\/lTaFiuRcxUI\/hqdefault.jpg)\"><div class=\"epyt-gallery-playhover\"><img decoding=\"async\" alt=\"jouer\" class=\"epyt-play-img\" width=\"30\" height=\"23\" src=\"https:\/\/www.xerowaste.ca\/wp-content\/plugins\/youtube-embed-plus-pro\/images\/playhover.png\" data-no-lazy=\"1\" data-skipgform_ajax_framebjll=\"\" title=\"\"><div class=\"epyt-gallery-playcrutch\"><\/div><\/div><\/div><\/div><div class=\"epyt-gallery-title\">Poussoir de caddie V-move XL+ | Xerowaste.ca<\/div><\/div><div class=\"epyt-gallery-rowbreak\"><\/div><div tabindex=\"0\" role=\"button\" data-videoid=\"p4bo7IPlOV4\" class=\"epyt-gallery-thumb\" ><div class=\"epyt-gallery-img-box\"><div class=\"epyt-gallery-img\" style=\"background-image: url(https:\/\/i.ytimg.com\/vi\/p4bo7IPlOV4\/hqdefault.jpg)\"><div class=\"epyt-gallery-playhover\"><img decoding=\"async\" alt=\"jouer\" class=\"epyt-play-img\" width=\"30\" height=\"23\" src=\"https:\/\/www.xerowaste.ca\/wp-content\/plugins\/youtube-embed-plus-pro\/images\/playhover.png\" data-no-lazy=\"1\" data-skipgform_ajax_framebjll=\"\" title=\"\"><div class=\"epyt-gallery-playcrutch\"><\/div><\/div><\/div><\/div><div class=\"epyt-gallery-title\">Poussoir de chariot de courses motoris\u00e9 V-Move XL+ - Robuste pour les c\u00f4tes et de nombreux chariots jusqu'\u00e0 6 km\/h<\/div><\/div><div class=\"epyt-gallery-clear\"><\/div><\/div><div class=\"epyt-pagination epyt-hide-pagination\"><div tabindex=\"0\" role=\"button\" class=\"epyt-pagebutton epyt-prev  hide\" data-playlistid=\"PLwfITuwwq71RflLFOweKzdtlXcvglILbY\" data-pagesize=\"4\" data-pagetoken=\"\" data-style=\"grid\" data-epcolumns=\"2\" data-showtitle=\"1\" data-showpaging=\"0\" data-autonext=\"0\" data-hidethumbimg=\"0\" data-thumbplay=\"1\"><div class=\"epyt-arrow\">\u00ab<\/div> <div>Pr\u00e9c\u00e9dent<\/div><\/div><div class=\"epyt-pagenumbers hide\"><div class=\"epyt-current\">1<\/div><div class=\"epyt-pageseparator\"> \/ <\/div><div class=\"epyt-totalpages\">1<\/div><\/div><div tabindex=\"0\" role=\"button\" class=\"epyt-pagebutton epyt-next hide\" data-playlistid=\"PLwfITuwwq71RflLFOweKzdtlXcvglILbY\" data-pagesize=\"4\" data-pagetoken=\"\" data-style=\"grid\" data-epcolumns=\"2\" data-showtitle=\"1\" data-showpaging=\"0\" data-autonext=\"0\" data-hidethumbimg=\"0\" data-thumbplay=\"1\"><div>Suivant<\/div> <div class=\"epyt-arrow\">\u00bb<\/div><\/div><div class=\"epyt-loader\"><img decoding=\"async\" alt=\"en cours de chargement\" width=\"16\" height=\"11\" src=\"https:\/\/www.xerowaste.ca\/wp-content\/plugins\/youtube-embed-plus-pro\/images\/gallery-page-loader.gif\" title=\"\"><\/div><\/div><\/div><\/div>\n<\/div><\/div><\/div><\/div>\r\n\r\n<div class=\"et_pb_row_3 et_pb_row et_block_row\">\r\n\r\n<div class=\"et_pb_column_6 et_pb_column et_pb_column_4_4 et-last-child et_block_column et_pb_css_mix_blend_mode_passthrough\">\r\n\r\n<\/div><\/div>\r\n\r\n<div class=\"et_pb_row_4 et_pb_row et_block_row\">\r\n\r\n<div class=\"et_pb_column_7 et_pb_column et_pb_column_4_4 et-last-child et_block_column et_pb_css_mix_blend_mode_passthrough\">\r\n\r\n\r\n\r\n<\/div><\/div>\r\n\r\n<div class=\"et_pb_row_5 et_pb_row et_block_row\">\r\n\r\n<div class=\"et_pb_column_8 et_pb_column et_pb_column_4_4 et-last-child et_block_column et_pb_css_mix_blend_mode_passthrough\">\r\n\r\n<div class=\"et_pb_module et_pb_button_module_wrapper et_pb_button_1_wrapper\"><a class=\"et_pb_button_1 et_pb_button et_pb_bg_layout_light et_pb_module et_block_module\" href=\"https:\/\/www.xerowaste.ca\/fr\/electric-tugs\/#Vmove\">Retour \u00e0 la liste V-Move<\/a><\/div><\/div><\/div><\/div>","protected":false},"excerpt":{"rendered":"<p><code><br \/>\n<\/code><img decoding=\"async\" class=\"aligncenter wp-image-7081 size-full\" src=\"https:\/\/www.xerowaste.ca\/wp-content\/uploads\/2020\/07\/XL-plus-shopping-cart-retriever.jpg\" alt=\"Xerowaste.ca | Chariot de magasinage XL+ r\u00e9tracteur ou retour de chariot. Moteur AC puissant de 1700 watts sans balais \u00e0 remplacer. Qualit\u00e9 sup\u00e9rieure avec p\u00e9riode de rentabilit\u00e9 courte et autonomie allant jusqu&#039;\u00e0 14 heures.\" width=\"1024\" height=\"439\" srcset=\"https:\/\/www.xerowaste.ca\/wp-content\/uploads\/2020\/07\/XL-plus-shopping-cart-retriever.jpg 1024w, https:\/\/www.xerowaste.ca\/wp-content\/uploads\/2020\/07\/XL-plus-shopping-cart-retriever-980x420.jpg 980w, https:\/\/www.xerowaste.ca\/wp-content\/uploads\/2020\/07\/XL-plus-shopping-cart-retriever-480x206.jpg 480w\" sizes=\"(min-width: 0px) and (max-width: 480px) 480px, (min-width: 481px) and (max-width: 980px) 980px, (min-width: 981px) 1024px, 100vw\" \/><\/p>\n<h3>Le Pousseur de chariots de supermarch\u00e9 V-move ou R\u00e9cup\u00e9rateur de chariots de supermarch\u00e9 a \u00e9t\u00e9 d\u00e9velopp\u00e9 au cours des 18 derni\u00e8res ann\u00e9es en r\u00e9ponse au besoin d'un pousseur de chariots de qualit\u00e9 sup\u00e9rieure, suffisamment puissant pour pousser une charge compl\u00e8te de grands chariots dans les c\u00f4tes et toute la journ\u00e9e sans probl\u00e8me, dot\u00e9 d'un moteur CA sans balais silencieux pour \u00e9liminer les r\u00e9parations de moteur r\u00e9guli\u00e8res et les d\u00e9faillances catastrophiques du moteur, et d'un train \u00e9picyclo\u00efdal robuste et tr\u00e8s durable pour r\u00e9duire ou \u00e9liminer les remplacements co\u00fbteux du train \u00e9picyclo\u00efdal.<\/h3>\n<p><code><br \/>\n<\/code><\/p>\n<div style=\"text-align: center;\"><a href='https:\/\/www.xerowaste.ca\/fr\/contact-us\/' class='big-button bigblue'>Contactez-nous pour acheter ou demandez-nous une D\u00c9MO<\/a><\/div>\n<p><code><br \/>\n<\/code> <code><br \/>\n<\/code><\/p>","protected":false},"featured_media":4204,"template":"","meta":{"_glsr_average":0,"_glsr_ranking":0,"_glsr_reviews":0},"product_cat":[165,137],"product_tag":[],"class_list":{"0":"post-4149","1":"product","2":"type-product","3":"status-publish","4":"has-post-thumbnail","6":"product_cat-shopping-cart-pushers","7":"product_cat-v-move-tugs","9":"first","10":"instock","11":"featured","12":"shipping-taxable","13":"product-type-simple"},"_links":{"self":[{"href":"https:\/\/www.xerowaste.ca\/fr\/wp-json\/wp\/v2\/product\/4149","targetHints":{"allow":["GET"]}}],"collection":[{"href":"https:\/\/www.xerowaste.ca\/fr\/wp-json\/wp\/v2\/product"}],"about":[{"href":"https:\/\/www.xerowaste.ca\/fr\/wp-json\/wp\/v2\/types\/product"}],"wp:featuredmedia":[{"embeddable":true,"href":"https:\/\/www.xerowaste.ca\/fr\/wp-json\/wp\/v2\/media\/4204"}],"wp:attachment":[{"href":"https:\/\/www.xerowaste.ca\/fr\/wp-json\/wp\/v2\/media?parent=4149"}],"wp:term":[{"taxonomy":"product_cat","embeddable":true,"href":"https:\/\/www.xerowaste.ca\/fr\/wp-json\/wp\/v2\/product_cat?post=4149"},{"taxonomy":"product_tag","embeddable":true,"href":"https:\/\/www.xerowaste.ca\/fr\/wp-json\/wp\/v2\/product_tag?post=4149"}],"curies":[{"name":"wp","href":"https:\/\/api.w.org\/{rel}","templated":true}]}}