{"id":4174,"date":"2019-07-08T12:39:18","date_gmt":"2019-07-08T19:39:18","guid":{"rendered":"https:\/\/www.xerowaste.ca\/?post_type=product&#038;p=4174"},"modified":"2026-05-12T19:49:07","modified_gmt":"2026-05-13T02:49:07","slug":"650-electric-tow-tractor","status":"publish","type":"product","link":"https:\/\/www.xerowaste.ca\/fr\/electric-tugs\/650-electric-tow-tractor\/","title":{"rendered":"Tracteur de remorquage V-Move 650 <br\/> D\u00e9m\u00e9nage 4\u00a0409 livres"},"content":{"rendered":"<div class=\"et_pb_section_0 et_pb_section et_section_regular et_block_section\">\r\n\r\n<div class=\"et_pb_row_0 et_pb_row et_block_row\">\r\n\r\n<div class=\"et_pb_column_0 et_pb_column et_pb_column_2_5 et_block_column et_pb_css_mix_blend_mode_passthrough\">\r\n\r\n<div class=\"et_pb_heading_0 et_pb_heading et_pb_module et_block_module\"><div class=\"et_pb_heading_container\"><h2 class=\"et_pb_module_header\">V-move 650<\/h2><\/div><\/div>\r\n\r\n<div class=\"et_pb_wc_images_0 et_pb_wc_images et_pb_module\"><div class=\"et_pb_module_inner\"><\/div><\/div><\/div>\r\n\r\n<div class=\"et_pb_column_1 et_pb_column et_pb_column_3_5 et-last-child et_block_column et_pb_css_mix_blend_mode_passthrough\">\r\n\r\n<div class=\"et_pb_wc_title_0 et_pb_wc_title et_pb_bg_layout_light et_pb_module\"><div class=\"et_pb_module_inner\">\n\t\t<h1>Tracteur de remorquage V-Move 650 <br\/> D\u00e9m\u00e9nage 4\u00a0409 livres<\/h1><\/div><\/div>\r\n\r\n\r\n\r\n<div class=\"et_pb_text_0 et_pb_text et_pb_bg_layout_light et_pb_module et_block_module\"><div class=\"et_pb_text_inner\"><p>En stock<\/p>\n<\/div><\/div>\r\n\r\n<\/div><\/div>\r\n\r\n<div class=\"et_pb_row_1 et_pb_row et_pb_row_1-2_1-4_1-4 et_block_row et_block_row_1-2_1-4_1-4\">\r\n\r\n<div class=\"et_pb_column_2 et_pb_column et_pb_column_1_2 et_block_column et_pb_column_empty et_pb_css_mix_blend_mode_passthrough\"><\/div>\r\n\r\n<div class=\"et_pb_column_3 et_pb_column et_pb_column_1_4 et_block_column et_pb_css_mix_blend_mode_passthrough\">\r\n\r\n<\/div>\r\n\r\n<div class=\"et_pb_column_4 et_pb_column et_pb_column_1_4 et-last-child et_block_column et_pb_css_mix_blend_mode_passthrough\">\r\n\r\n<div class=\"et_pb_module et_pb_button_module_wrapper et_pb_button_0_wrapper\"><a class=\"et_pb_button_0 et_pb_button et_pb_bg_layout_light et_pb_module et_block_module\" href=\"https:\/\/www.xerowaste.ca\/wp-content\/uploads\/2025\/01\/ElectricTug-V-Move-3100-and-650-brochure-1.pdf\" target=\"_blank\" data-icon=\"\ue092\">T\u00e9l\u00e9charger la brochure<\/a><\/div><\/div><\/div>\r\n\r\n<div class=\"et_pb_row_2 et_pb_row et_block_row\">\r\n\r\n<div class=\"et_pb_column_5 et_pb_column et_pb_column_4_4 et-last-child et_block_column et_pb_css_mix_blend_mode_passthrough\">\r\n\r\n<\/div><\/div>\r\n\r\n<div class=\"et_pb_row_3 et_pb_row et_block_row\">\r\n\r\n<div class=\"et_pb_column_6 et_pb_column et_pb_column_4_4 et-last-child et_block_column et_pb_css_mix_blend_mode_passthrough\">\r\n\r\n\r\n\r\n<\/div><\/div>\r\n\r\n<div class=\"et_pb_row_4 et_pb_row et_block_row\">\r\n\r\n<div class=\"et_pb_column_7 et_pb_column et_pb_column_4_4 et-last-child et_block_column et_pb_css_mix_blend_mode_passthrough\">\r\n\r\n<div class=\"et_pb_module et_pb_button_module_wrapper et_pb_button_1_wrapper\"><a class=\"et_pb_button_1 et_pb_button et_pb_bg_layout_light et_pb_module et_block_module\" href=\"https:\/\/www.xerowaste.ca\/fr\/electric-tugs\/#Vmove\">Retour \u00e0 la liste V-Move<\/a><\/div><\/div><\/div><\/div>","protected":false},"excerpt":{"rendered":"<h2><code><\/code> Le tracteur \u00e9lectrique industriel V-Move 650 peut \u00eatre utilis\u00e9 comme transporteur de personnel, comme suiveur de stock, comme porteur de charge, comme tracteur de remorquage ou comme chariot de maintenance. Il peut \u00eatre configur\u00e9 en version debout avec une barre d'appui ou en version assise avec un si\u00e8ge. C'est l'un des tracteurs les plus polyvalents du march\u00e9 et nous pouvons le configurer pour votre usage particulier.<\/h2>\n<p>Le tracteur remorqueur ou transporteur de personnel 650 dispose d'un moteur AC sans entretien de 1 200 watts et peut remorquer des charges allant jusqu'\u00e0 2 tonnes m\u00e9triques (4 409 lb) et transporter jusqu'\u00e0 500 kg (1 102 lb). Il est plus l\u00e9ger que les tracteurs remorqueurs \u00e9lectriques industriels des concurrents, ce qui signifie moins d'usure des pneus et des freins, entra\u00eenant un co\u00fbt total de possession inf\u00e9rieur. Le moteur AC sans entretien vous fera \u00e9galement \u00e9conomiser de l'argent par rapport \u00e0 un moteur DC, est con\u00e7u pour d\u00e9placer le tracteur plus en douceur et rechargera les batteries lors de la d\u00e9c\u00e9l\u00e9ration. Si vous \u00eates en Colombie-Britannique, Canada, le gouvernement provincial offre un programme de rabais pour nos tracteurs remorqueurs autoport\u00e9s V-move de $2 000 par v\u00e9hicule tout-terrain \u00e0 basse vitesse.\u00a0 <a href=\"https:\/\/goelectricbc.gov.bc.ca\/rebates-and-programs\/for-businesses-and-organizations\/commercial-vehicle-rebates\" target=\"_blank\" rel=\"noopener\">Voir ici pour la remise.<\/a> <code><\/code><\/p>\n<div style=\"text-align: center;\"><a href='https:\/\/www.xerowaste.ca\/fr\/contact-us\/' class='big-button bigblue'>Contactez-nous pour acheter<\/a><\/div>\n<p><code><br \/>\n<\/code><\/p>","protected":false},"featured_media":4198,"template":"","meta":{"_glsr_average":0,"_glsr_ranking":0,"_glsr_reviews":0},"product_cat":[137,161],"product_tag":[],"class_list":{"0":"post-4174","1":"product","2":"type-product","3":"status-publish","4":"has-post-thumbnail","6":"product_cat-v-move-tugs","7":"product_cat-ride-on-tow-tractors","9":"first","10":"instock","11":"featured","12":"shipping-taxable","13":"product-type-simple"},"_links":{"self":[{"href":"https:\/\/www.xerowaste.ca\/fr\/wp-json\/wp\/v2\/product\/4174","targetHints":{"allow":["GET"]}}],"collection":[{"href":"https:\/\/www.xerowaste.ca\/fr\/wp-json\/wp\/v2\/product"}],"about":[{"href":"https:\/\/www.xerowaste.ca\/fr\/wp-json\/wp\/v2\/types\/product"}],"wp:featuredmedia":[{"embeddable":true,"href":"https:\/\/www.xerowaste.ca\/fr\/wp-json\/wp\/v2\/media\/4198"}],"wp:attachment":[{"href":"https:\/\/www.xerowaste.ca\/fr\/wp-json\/wp\/v2\/media?parent=4174"}],"wp:term":[{"taxonomy":"product_cat","embeddable":true,"href":"https:\/\/www.xerowaste.ca\/fr\/wp-json\/wp\/v2\/product_cat?post=4174"},{"taxonomy":"product_tag","embeddable":true,"href":"https:\/\/www.xerowaste.ca\/fr\/wp-json\/wp\/v2\/product_tag?post=4174"}],"curies":[{"name":"wp","href":"https:\/\/api.w.org\/{rel}","templated":true}]}}