{"id":4397,"date":"2019-08-13T13:34:26","date_gmt":"2019-08-13T20:34:26","guid":{"rendered":"https:\/\/www.xerowaste.ca\/?post_type=product&#038;p=4397"},"modified":"2026-05-11T22:06:25","modified_gmt":"2026-05-12T05:06:25","slug":"waste-bin-tug-or-dumpster-mover","status":"publish","type":"product","link":"https:\/\/www.xerowaste.ca\/fr\/electric-tugs\/waste-bin-tug-or-dumpster-mover\/","title":{"rendered":"Chariot de conteneur ou tracteur de poubelle"},"content":{"rendered":"<div class=\"et_pb_section_0 et_pb_section et_section_regular et_block_section\">\r\n<div class=\"et_pb_row_0 et_pb_row et_block_row\">\r\n<div class=\"et_pb_column_0 et_pb_column et_pb_column_2_5 et_block_column et_pb_css_mix_blend_mode_passthrough\">\r\n<div class=\"et_pb_heading_0 et_pb_heading et_pb_module et_block_module\"><div class=\"et_pb_heading_container\"><h2 class=\"et_pb_module_header\">D\u00e9m\u00e9nageurs de bennes<\/h2><\/div><\/div>\r\n\r\n<div class=\"et_pb_wc_images_0 et_pb_wc_images et_pb_module\"><div class=\"et_pb_module_inner\"><\/div><\/div>\r\n<\/div>\r\n\r\n<div class=\"et_pb_column_1 et_pb_column et_pb_column_3_5 et-last-child et_block_column et_pb_css_mix_blend_mode_passthrough\">\r\n<div class=\"et_pb_wc_title_0 et_pb_wc_title et_pb_bg_layout_light et_pb_module\"><div class=\"et_pb_module_inner\">\n\t\t<h1>Chariot de conteneur ou tracteur de poubelle<\/h1><\/div><\/div>\r\n\r\n<div class=\"et_pb_text_0 et_pb_text et_pb_bg_layout_light et_pb_module et_block_module\"><div class=\"et_pb_text_inner\"><h4><strong>Certains mod\u00e8les V-move sont capables de d\u00e9placer des conteneurs \u00e0 d\u00e9chets lourds sur des pentes allant jusqu'\u00e0 30% toute l'ann\u00e9e.<\/strong><\/h4>\n<\/div><\/div>\r\n\r\n\r\n<\/div>\r\n<\/div>\r\n\r\n<div class=\"et_pb_row_1 et_pb_row et_pb_row_4col et_block_row et_block_row_4col\">\r\n<div class=\"et_pb_column_2 et_pb_column et_pb_column_1_4 et_block_column et_pb_column_empty et_pb_css_mix_blend_mode_passthrough\"><\/div>\r\n\r\n<div class=\"et_pb_column_3 et_pb_column et_pb_column_1_4 et_block_column et_pb_column_empty et_pb_css_mix_blend_mode_passthrough\"><\/div>\r\n\r\n<div class=\"et_pb_column_4 et_pb_column et_pb_column_1_4 et_block_column et_pb_css_mix_blend_mode_passthrough\">\r\n<div class=\"et_pb_module et_pb_button_module_wrapper et_pb_button_0_wrapper\"><a class=\"et_pb_button_0 et_pb_button et_pb_bg_layout_light et_pb_module et_block_module\" href=\"https:\/\/www.xerowaste.ca\/fr\/contact-us\/\" data-icon=\"\ue010\">Contactez-nous pour acheter<\/a><\/div>\r\n<\/div>\r\n\r\n<div class=\"et_pb_column_5 et_pb_column et_pb_column_1_4 et-last-child et_block_column et_pb_css_mix_blend_mode_passthrough\">\r\n<div class=\"et_pb_module et_pb_button_module_wrapper et_pb_button_1_wrapper\"><a class=\"et_pb_button_1 et_pb_button et_pb_bg_layout_light et_pb_module et_block_module\" href=\"https:\/\/www.xerowaste.ca\/fr\/rental\/\" data-icon=\"\ue010\">Location \u00e0 bail au Canada ou aux \u00c9tats-Unis<\/a><\/div>\r\n<\/div>\r\n<\/div>\r\n\r\n<div class=\"et_pb_row_2 et_pb_row et_block_row\">\r\n<div class=\"et_pb_column_6 et_pb_column et_pb_column_4_4 et-last-child et_block_column et_pb_css_mix_blend_mode_passthrough\">\r\n<div class=\"et_pb_text_1 et_pb_text et_pb_bg_layout_light et_pb_module et_block_module\"><div class=\"et_pb_text_inner\"><p style=\"text-align: center;\"><strong>Ne cliquez pas sur la vid\u00e9o si vous n'\u00eates pas d'accord avec la politique de cookies de <a href=\"https:\/\/policies.google.com\/technologies\/cookies?hl=en\" target=\"_blank\" rel=\"noopener\">\ud83d\udd17 Youtube<\/a><\/strong><\/p>\n<div class=\"epyt-gallery\" data-currpage=\"1\" id=\"epyt_gallery_98085\"><div class=\"epyt-video-wrapper\"><div  style=\"display: block; margin: 0px auto;\"  id=\"_ytid_64646\"  width=\"1080\" height=\"608\"  data-origwidth=\"1080\" data-origheight=\"608\"  data-relstop=\"1\" data-facadesrc=\"https:\/\/www.youtube.com\/embed\/OVdUPPUIHug?enablejsapi=1&origin=https:\/\/www.xerowaste.ca&autoplay=0&cc_load_policy=0&iv_load_policy=1&loop=0&fs=1&playsinline=1&controls=1&disablekb=0&color=red&cc_lang_pref=&rel=0&autohide=2&hl=fr_CA&theme=dark&\" class=\"__youtube_prefs__ epyt-facade  no-lazyload\" data-vol=\"20\"  data-epytgalleryid=\"epyt_gallery_98085\"  data-epautoplay=\"1\" ><img decoding=\"async\" data-spai-excluded=\"true\" class=\"epyt-facade-poster skip-lazy\" loading=\"lazy\" alt=\"Tracteurs d\u00e9m\u00e9nageurs de bennes V-Move\" src=\"https:\/\/i.ytimg.com\/vi\/OVdUPPUIHug\/hqdefault.jpg\" title=\"\"><button class=\"epyt-facade-play\" aria-label=\"Jouer\"><svg data-no-lazy=\"1\" height=\"100%\" version=\"1.1\" viewbox=\"0 0 68 48\" width=\"100%\"><path class=\"ytp-large-play-button-bg\" d=\"M66.52,7.74c-0.78-2.93-2.49-5.41-5.42-6.19C55.79,.13,34,0,34,0S12.21,.13,6.9,1.55 C3.97,2.33,2.27,4.81,1.48,7.74C0.06,13.05,0,24,0,24s0.06,10.95,1.48,16.26c0.78,2.93,2.49,5.41,5.42,6.19 C12.21,47.87,34,48,34,48s21.79-0.13,27.1-1.55c2.93-0.78,4.64-3.26,5.42-6.19C67.94,34.95,68,24,68,24S67.94,13.05,66.52,7.74z\" fill=\"#f00\"><\/path><path d=\"M 45,24 27,14 27,34\" fill=\"#fff\"><\/path><\/svg><\/button><\/div><\/div><div class=\"epyt-gallery-list epyt-gallery-style-grid\"><div class=\"epyt-pagination epyt-hide-pagination\"><div tabindex=\"0\" role=\"button\" class=\"epyt-pagebutton epyt-prev  hide\" data-playlistid=\"PLwfITuwwq71RmL8J2Ed_6W6vrpH6RmiDm\" data-pagesize=\"4\" data-pagetoken=\"\" data-style=\"grid\" data-epcolumns=\"2\" data-showtitle=\"1\" data-showpaging=\"0\" data-autonext=\"0\" data-hidethumbimg=\"0\" data-thumbplay=\"1\"><div class=\"epyt-arrow\">\u00ab<\/div> <div>Pr\u00e9c\u00e9dent<\/div><\/div><div class=\"epyt-pagenumbers hide\"><div class=\"epyt-current\">1<\/div><div class=\"epyt-pageseparator\"> \/ <\/div><div class=\"epyt-totalpages\">1<\/div><\/div><div tabindex=\"0\" role=\"button\" class=\"epyt-pagebutton epyt-next hide\" data-playlistid=\"PLwfITuwwq71RmL8J2Ed_6W6vrpH6RmiDm\" data-pagesize=\"4\" data-pagetoken=\"\" data-style=\"grid\" data-epcolumns=\"2\" data-showtitle=\"1\" data-showpaging=\"0\" data-autonext=\"0\" data-hidethumbimg=\"0\" data-thumbplay=\"1\"><div>Suivant<\/div> <div class=\"epyt-arrow\">\u00bb<\/div><\/div><div class=\"epyt-loader\"><img decoding=\"async\" alt=\"en cours de chargement\" width=\"16\" height=\"11\" src=\"https:\/\/www.xerowaste.ca\/wp-content\/plugins\/youtube-embed-plus-pro\/images\/gallery-page-loader.gif\" title=\"\"><\/div><\/div><div class=\"epyt-gallery-allthumbs  epyt-cols-2\"><div tabindex=\"0\" role=\"button\" data-videoid=\"OVdUPPUIHug\" class=\"epyt-gallery-thumb\" ><div class=\"epyt-gallery-img-box\"><div class=\"epyt-gallery-img\" style=\"background-image: url(https:\/\/i.ytimg.com\/vi\/OVdUPPUIHug\/hqdefault.jpg)\"><div class=\"epyt-gallery-playhover\"><img decoding=\"async\" alt=\"jouer\" class=\"epyt-play-img\" width=\"30\" height=\"23\" src=\"https:\/\/www.xerowaste.ca\/wp-content\/plugins\/youtube-embed-plus-pro\/images\/playhover.png\" data-no-lazy=\"1\" data-skipgform_ajax_framebjll=\"\" title=\"\"><div class=\"epyt-gallery-playcrutch\"><\/div><\/div><\/div><\/div><div class=\"epyt-gallery-title\">Tracteur V-Move XL+ pour bennes \u00e0 ordures ou conteneurs \u00e0 d\u00e9chets<\/div><\/div><div tabindex=\"0\" role=\"button\" data-videoid=\"OXElV718X_I\" class=\"epyt-gallery-thumb\" ><div class=\"epyt-gallery-img-box\"><div class=\"epyt-gallery-img\" style=\"background-image: url(https:\/\/i.ytimg.com\/vi\/OXElV718X_I\/hqdefault.jpg)\"><div class=\"epyt-gallery-playhover\"><img decoding=\"async\" alt=\"jouer\" class=\"epyt-play-img\" width=\"30\" height=\"23\" src=\"https:\/\/www.xerowaste.ca\/wp-content\/plugins\/youtube-embed-plus-pro\/images\/playhover.png\" data-no-lazy=\"1\" data-skipgform_ajax_framebjll=\"\" title=\"\"><div class=\"epyt-gallery-playcrutch\"><\/div><\/div><\/div><\/div><div class=\"epyt-gallery-title\">V-Move XL 1.5 kw d\u00e9m\u00e9nageur de benne preneuse chariot \u00e9l\u00e9vateur de compacteur de roulement | xerowaste.ca<\/div><\/div><div class=\"epyt-gallery-rowbreak\"><\/div><div tabindex=\"0\" role=\"button\" data-videoid=\"8tvC9wnp2DQ\" class=\"epyt-gallery-thumb\" ><div class=\"epyt-gallery-img-box\"><div class=\"epyt-gallery-img\" style=\"background-image: url(https:\/\/i.ytimg.com\/vi\/8tvC9wnp2DQ\/hqdefault.jpg)\"><div class=\"epyt-gallery-playhover\"><img decoding=\"async\" alt=\"jouer\" class=\"epyt-play-img\" width=\"30\" height=\"23\" src=\"https:\/\/www.xerowaste.ca\/wp-content\/plugins\/youtube-embed-plus-pro\/images\/playhover.png\" data-no-lazy=\"1\" data-skipgform_ajax_framebjll=\"\" title=\"\"><div class=\"epyt-gallery-playcrutch\"><\/div><\/div><\/div><\/div><div class=\"epyt-gallery-title\">V-Move 4XL transporteur de chargeuse, compacteur ou porte-bennes.<\/div><\/div><div tabindex=\"0\" role=\"button\" data-videoid=\"IeKzrENLii0\" class=\"epyt-gallery-thumb\" ><div class=\"epyt-gallery-img-box\"><div class=\"epyt-gallery-img\" style=\"background-image: url(https:\/\/i.ytimg.com\/vi\/IeKzrENLii0\/hqdefault.jpg)\"><div class=\"epyt-gallery-playhover\"><img decoding=\"async\" alt=\"jouer\" class=\"epyt-play-img\" width=\"30\" height=\"23\" src=\"https:\/\/www.xerowaste.ca\/wp-content\/plugins\/youtube-embed-plus-pro\/images\/playhover.png\" data-no-lazy=\"1\" data-skipgform_ajax_framebjll=\"\" title=\"\"><div class=\"epyt-gallery-playcrutch\"><\/div><\/div><\/div><\/div><div class=\"epyt-gallery-title\">Xerowaste | Tire-carre XL+<\/div><\/div><div class=\"epyt-gallery-rowbreak\"><\/div><div class=\"epyt-gallery-clear\"><\/div><\/div><div class=\"epyt-pagination epyt-hide-pagination\"><div tabindex=\"0\" role=\"button\" class=\"epyt-pagebutton epyt-prev  hide\" data-playlistid=\"PLwfITuwwq71RmL8J2Ed_6W6vrpH6RmiDm\" data-pagesize=\"4\" data-pagetoken=\"\" data-style=\"grid\" data-epcolumns=\"2\" data-showtitle=\"1\" data-showpaging=\"0\" data-autonext=\"0\" data-hidethumbimg=\"0\" data-thumbplay=\"1\"><div class=\"epyt-arrow\">\u00ab<\/div> <div>Pr\u00e9c\u00e9dent<\/div><\/div><div class=\"epyt-pagenumbers hide\"><div class=\"epyt-current\">1<\/div><div class=\"epyt-pageseparator\"> \/ <\/div><div class=\"epyt-totalpages\">1<\/div><\/div><div tabindex=\"0\" role=\"button\" class=\"epyt-pagebutton epyt-next hide\" data-playlistid=\"PLwfITuwwq71RmL8J2Ed_6W6vrpH6RmiDm\" data-pagesize=\"4\" data-pagetoken=\"\" data-style=\"grid\" data-epcolumns=\"2\" data-showtitle=\"1\" data-showpaging=\"0\" data-autonext=\"0\" data-hidethumbimg=\"0\" data-thumbplay=\"1\"><div>Suivant<\/div> <div class=\"epyt-arrow\">\u00bb<\/div><\/div><div class=\"epyt-loader\"><img decoding=\"async\" alt=\"en cours de chargement\" width=\"16\" height=\"11\" src=\"https:\/\/www.xerowaste.ca\/wp-content\/plugins\/youtube-embed-plus-pro\/images\/gallery-page-loader.gif\" title=\"\"><\/div><\/div><\/div><\/div>\n<\/div><\/div>\r\n<\/div>\r\n<\/div>\r\n\r\n<div class=\"et_pb_row_3 et_pb_row et_block_row\">\r\n<div class=\"et_pb_column_7 et_pb_column et_pb_column_4_4 et-last-child et_block_column et_pb_css_mix_blend_mode_passthrough\">\r\n<div class=\"et_pb_text_2 et_pb_text et_pb_bg_layout_light et_pb_module et_block_module\"><div class=\"et_pb_text_inner\"><h4><strong>Nos tire-bennes \u00e9lectriques sur batterie V-move L, XL, XL+ et XXL sont pr\u00eats pour l'hiver !<\/strong><\/h4>\n<p>Nous pouvons \u00e9quiper un remorqueur pour l'hiver avec des batteries AGM \u00e0 d\u00e9charge profonde sans entretien, utilisables jusqu'\u00e0 -40\u00b0C, des attelages de remorquage \u00e0 connexion et d\u00e9connexion rapides que vous pouvez utiliser avec vos gants, et de solides pneus d'hiver jusqu'\u00e0 18,5 pouces de diam\u00e8tre.<\/p>\n<p>Des contrepoids suppl\u00e9mentaires sont ajout\u00e9s \u00e0 nos remorqueurs pr\u00eats pour l'hiver pour une meilleure adh\u00e9rence afin que vous puissiez tirer des conteneurs sur les rampes et vous arr\u00eater en toute s\u00e9curit\u00e9.<\/p>\n<p>Vous pouvez \u00e9galement d\u00e9neiger avec votre chariot de conteneurs V-move XL, XL+ et XXL gr\u00e2ce \u00e0 notre syst\u00e8me de lame de d\u00e9neigement optionnel et abordable.<\/p>\n<\/div><\/div>\r\n<\/div>\r\n<\/div>\r\n\r\n<div class=\"et_pb_row_4 et_pb_row et_block_row\">\r\n<div class=\"et_pb_column_8 et_pb_column et_pb_column_4_4 et-last-child et_block_column et_pb_css_mix_blend_mode_passthrough\">\r\n\r\n<\/div>\r\n<\/div>\r\n\r\n<div class=\"et_pb_row_5 et_pb_row et_block_row\">\r\n<div class=\"et_pb_column_9 et_pb_column et_pb_column_4_4 et-last-child et_block_column et_pb_css_mix_blend_mode_passthrough\">\r\n\r\n<\/div>\r\n<\/div>\r\n\r\n<div class=\"et_pb_row_6 et_pb_row et_block_row\">\r\n<div class=\"et_pb_column_10 et_pb_column et_pb_column_4_4 et-last-child et_block_column et_pb_css_mix_blend_mode_passthrough\">\r\n<div class=\"et_pb_module et_pb_button_module_wrapper et_pb_button_2_wrapper\"><a class=\"et_pb_button_2 et_pb_button et_pb_bg_layout_light et_pb_module et_block_module\" href=\"https:\/\/www.xerowaste.ca\/fr\/electric-tugs\/#Vmove\">Retour \u00e0 la liste V-Move<\/a><\/div>\r\n<\/div>\r\n<\/div>\r\n<\/div>\r\n\r\n<div class=\"et_pb_section_1 et_pb_section et_section_regular et_flex_section\"><\/div>","protected":false},"excerpt":{"rendered":"<p><img decoding=\"async\" class=\"alignnone wp-image-11250 size-full\" src=\"https:\/\/www.xerowaste.ca\/wp-content\/uploads\/2019\/08\/V-move-XLplus-dumpster-bin-mover-clip.gif\" alt=\"Client tirant une benne \u00e0 ordures en mont\u00e9e avec un tracteur de bennes V-move XL+\" width=\"426\" height=\"240\" \/> <code><\/code><\/p>\n<h2>Le V-move tr\u00e8s appr\u00e9ci\u00e9<span class=\"st\">\u00ae<\/span> transporteur de bennes, transporteur de poubelles, ou tracteur de poubelles \u00e0 batterie d\u00e9place en toute s\u00e9curit\u00e9 et sans effort les poubelles, bacs, bennes r\u00e9ceptrices de compacteurs et compacteurs autonomes toute l'ann\u00e9e. Le V-move est le transporteur de bennes ou de conteneurs \u00e0 d\u00e9chets haut de gamme. Verhagen fabrique des transporteurs de charges depuis plus de 29 ans. Le transporteur de bennes, transporteur de poubelles ou tracteur de bennes V-Move est parfait pour votre organisation car il r\u00e9duira les co\u00fbts li\u00e9s aux blessures de votre personnel, diminuera les dommages mat\u00e9riels et vous fera \u00e9conomiser de l'argent.<\/h2>\n<p><code><\/code> <code><\/code><\/p>\n<ul>\n<li>\n<h4>R\u00e9duisez votre empreinte carbone<\/h4>\n<\/li>\n<li>\n<h4>Facilite le travail<\/h4>\n<\/li>\n<li>\n<h4>Augmenter la productivit\u00e9<\/h4>\n<\/li>\n<li>\n<h4>R\u00e9duisez vos co\u00fbts<\/h4>\n<\/li>\n<li>\n<h4>R\u00e9duire les blessures<\/h4>\n<\/li>\n<li>\n<h4>R\u00e9duire les dommages<\/h4>\n<\/li>\n<\/ul>","protected":false},"featured_media":8010,"template":"","meta":{"_glsr_average":5,"_glsr_ranking":3.636363636363599827205916881212033331394195556640625,"_glsr_reviews":1},"product_cat":[15],"product_tag":[],"class_list":{"0":"post-4397","1":"product","2":"type-product","3":"status-publish","4":"has-post-thumbnail","6":"product_cat-tugs_by_industry","8":"first","9":"instock","10":"featured","11":"shipping-taxable","12":"product-type-grouped"},"_links":{"self":[{"href":"https:\/\/www.xerowaste.ca\/fr\/wp-json\/wp\/v2\/product\/4397","targetHints":{"allow":["GET"]}}],"collection":[{"href":"https:\/\/www.xerowaste.ca\/fr\/wp-json\/wp\/v2\/product"}],"about":[{"href":"https:\/\/www.xerowaste.ca\/fr\/wp-json\/wp\/v2\/types\/product"}],"wp:featuredmedia":[{"embeddable":true,"href":"https:\/\/www.xerowaste.ca\/fr\/wp-json\/wp\/v2\/media\/8010"}],"wp:attachment":[{"href":"https:\/\/www.xerowaste.ca\/fr\/wp-json\/wp\/v2\/media?parent=4397"}],"wp:term":[{"taxonomy":"product_cat","embeddable":true,"href":"https:\/\/www.xerowaste.ca\/fr\/wp-json\/wp\/v2\/product_cat?post=4397"},{"taxonomy":"product_tag","embeddable":true,"href":"https:\/\/www.xerowaste.ca\/fr\/wp-json\/wp\/v2\/product_tag?post=4397"}],"curies":[{"name":"wp","href":"https:\/\/api.w.org\/{rel}","templated":true}]}}