{"id":4517,"date":"2019-09-08T13:09:05","date_gmt":"2019-09-08T20:09:05","guid":{"rendered":"https:\/\/www.xerowaste.ca\/?post_type=product&#038;p=4517"},"modified":"2026-05-12T20:12:22","modified_gmt":"2026-05-13T03:12:22","slug":"s-cart-tugger-load-mover","status":"publish","type":"product","link":"https:\/\/www.xerowaste.ca\/fr\/electric-tugs\/s-cart-tugger-load-mover\/","title":{"rendered":"Tracteur \u00e9lectrique V-Move S <br\/> 2 866 lb d\u00e9placeur de charge"},"content":{"rendered":"<div class=\"et_pb_section_0 et_pb_section et_section_regular et_block_section\">\r\n<div class=\"et_pb_row_0 et_pb_row et_block_row\">\r\n<div class=\"et_pb_column_0 et_pb_column et_pb_column_2_5 et_block_column et_pb_css_mix_blend_mode_passthrough\">\r\n<div class=\"et_pb_heading_0 et_pb_heading et_pb_module et_block_module\"><div class=\"et_pb_heading_container\"><h2 class=\"et_pb_module_header\">V-move S<\/h2><\/div><\/div>\r\n\r\n<div class=\"et_pb_wc_images_0 et_pb_wc_images et_pb_module\"><div class=\"et_pb_module_inner\"><\/div><\/div>\r\n<\/div>\r\n\r\n<div class=\"et_pb_column_1 et_pb_column et_pb_column_3_5 et-last-child et_block_column et_pb_css_mix_blend_mode_passthrough\">\r\n<div class=\"et_pb_wc_title_0 et_pb_wc_title et_pb_bg_layout_light et_pb_module\"><div class=\"et_pb_module_inner\">\n\t\t<h1>Tracteur \u00e9lectrique V-Move S <br\/> 2 866 lb d\u00e9placeur de charge<\/h1><\/div><\/div>\r\n\r\n\r\n\r\n<div class=\"et_pb_text_0 et_pb_text et_pb_bg_layout_light et_pb_module et_block_module\"><div class=\"et_pb_text_inner\"><p>Prix en CAD ci-dessus. Prix en USD $<span style=\"text-decoration: line-through;\">11,695<\/span> en solde pour 10 525 $ US $<\/p>\n<p>En stock<\/p>\n<\/div><\/div>\r\n\r\n<div class=\"et_pb_text_1 et_pb_text et_pb_bg_layout_light et_pb_module et_block_module\"><div class=\"et_pb_text_inner\"><h6>Estimated Lease or Rent rate in Canada for as low as CAD$359\/month + taxes on a 48 month term and a low one-time admin fee. This is not an offer, as a customer rate would be determined subject to credit approval.<\/h6>\n<\/div><\/div>\r\n\r\n\r\n<\/div>\r\n<\/div>\r\n\r\n<div class=\"et_pb_row_1 et_pb_row et_pb_row_1-2_1-4_1-4 et_block_row et_block_row_1-2_1-4_1-4\">\r\n<div class=\"et_pb_column_2 et_pb_column et_pb_column_1_2 et_block_column et_pb_column_empty et_pb_css_mix_blend_mode_passthrough\"><\/div>\r\n\r\n<div class=\"et_pb_column_3 et_pb_column et_pb_column_1_4 et_block_column et_pb_css_mix_blend_mode_passthrough\">\r\n<div class=\"et_pb_wc_meta_0 et_pb_wc_meta et_pb_wc_no_categories et_pb_wc_no_tags et_pb_wc_meta_layout_inline et_pb_module\"><div class=\"et_pb_module_inner\"><div class=\"product_meta\">\n\n\t\n\t\n\t\t<span class=\"sku_wrapper\">SKU : <span class=\"sku\">VLMM-S<\/span><\/span>\n\n\t\n\t<span class=\"posted_in\">Cat\u00e9gories : <a href=\"https:\/\/www.xerowaste.ca\/fr\/v-move-tugs\/\" rel=\"tag\">Tracteurs V-move<\/a>, <a href=\"https:\/\/www.xerowaste.ca\/fr\/walk-along-tugs\/\" rel=\"tag\">Remorqueurs de man\u0153uvre<\/a><\/span>\n\t\n\t\n<\/div>\n<\/div><\/div>\r\n<\/div>\r\n\r\n<div class=\"et_pb_column_4 et_pb_column et_pb_column_1_4 et-last-child et_block_column et_pb_css_mix_blend_mode_passthrough\">\r\n<div class=\"et_pb_module et_pb_button_module_wrapper et_pb_button_0_wrapper\"><a class=\"et_pb_button_0 et_pb_button et_pb_bg_layout_light et_pb_module et_block_module\" href=\"https:\/\/www.xerowaste.ca\/wp-content\/uploads\/2025\/05\/XWS-V-Move-S-Brochure.pdf\" target=\"_blank\" data-icon=\"\ue092\">T\u00e9l\u00e9charger la brochure<\/a><\/div>\r\n<\/div>\r\n<\/div>\r\n\r\n<div class=\"et_pb_row_2 et_pb_row et_block_row\">\r\n<div class=\"et_pb_column_5 et_pb_column et_pb_column_4_4 et-last-child et_block_column et_pb_css_mix_blend_mode_passthrough\">\r\n<div class=\"et_pb_text_2 et_pb_text et_pb_bg_layout_light et_pb_module et_block_module\"><div class=\"et_pb_text_inner\"><div class=\"epyt-video-wrapper\"><div  style=\"display: block; margin: 0px auto;\"  id=\"_ytid_50004\"  width=\"1080\" height=\"608\"  data-origwidth=\"1080\" data-origheight=\"608\"  data-relstop=\"1\" data-facadesrc=\"https:\/\/www.youtube.com\/embed\/N4oXq6BKcq8?enablejsapi=1&origin=https:\/\/www.xerowaste.ca&autoplay=0&cc_load_policy=0&iv_load_policy=1&loop=0&fs=1&playsinline=1&controls=1&disablekb=0&color=red&cc_lang_pref=&rel=0&autohide=2&hl=fr_CA&theme=dark&\" class=\"__youtube_prefs__ epyt-facade  no-lazyload\" data-vol=\"20\"  data-epautoplay=\"1\" ><img decoding=\"async\" data-spai-excluded=\"true\" class=\"epyt-facade-poster skip-lazy\" loading=\"lazy\" alt=\"Le V-move S d\u00e9place une bombonne d&#039;azote. Le V-move S poss\u00e8de deux moteurs et d\u00e9place jusqu&#039;\u00e0 1\u00a0300 kg.\" src=\"https:\/\/i.ytimg.com\/vi\/N4oXq6BKcq8\/hqdefault.jpg\" title=\"\"><button class=\"epyt-facade-play\" aria-label=\"Jouer\"><svg data-no-lazy=\"1\" height=\"100%\" version=\"1.1\" viewbox=\"0 0 68 48\" width=\"100%\"><path class=\"ytp-large-play-button-bg\" d=\"M66.52,7.74c-0.78-2.93-2.49-5.41-5.42-6.19C55.79,.13,34,0,34,0S12.21,.13,6.9,1.55 C3.97,2.33,2.27,4.81,1.48,7.74C0.06,13.05,0,24,0,24s0.06,10.95,1.48,16.26c0.78,2.93,2.49,5.41,5.42,6.19 C12.21,47.87,34,48,34,48s21.79-0.13,27.1-1.55c2.93-0.78,4.64-3.26,5.42-6.19C67.94,34.95,68,24,68,24S67.94,13.05,66.52,7.74z\" fill=\"#f00\"><\/path><path d=\"M 45,24 27,14 27,34\" fill=\"#fff\"><\/path><\/svg><\/button><\/div><\/div>\n<\/div><\/div>\r\n\r\n\r\n<\/div>\r\n<\/div>\r\n\r\n<div class=\"et_pb_row_3 et_pb_row et_block_row\">\r\n<div class=\"et_pb_column_6 et_pb_column et_pb_column_4_4 et-last-child et_block_column et_pb_css_mix_blend_mode_passthrough\">\r\n\r\n\r\n\r\n<\/div>\r\n<\/div>\r\n\r\n<div class=\"et_pb_row_4 et_pb_row et_block_row\">\r\n<div class=\"et_pb_column_7 et_pb_column et_pb_column_4_4 et-last-child et_block_column et_pb_css_mix_blend_mode_passthrough\">\r\n<div class=\"et_pb_module et_pb_button_module_wrapper et_pb_button_1_wrapper\"><a class=\"et_pb_button_1 et_pb_button et_pb_bg_layout_light et_pb_module et_block_module\" href=\"https:\/\/www.xerowaste.ca\/fr\/electric-tugs\/#Vmove\">Retour \u00e0 la liste V-Move<\/a><\/div>\r\n<\/div>\r\n<\/div>\r\n<\/div>","protected":false},"excerpt":{"rendered":"<h2><code><\/code> Ce chariot \u00e9lectrique industriel V-Move S de qualit\u00e9 sup\u00e9rieure, \u00e0 batterie lithium-ion LiFePO4, est id\u00e9al pour pousser et tirer en toute s\u00e9curit\u00e9 des charges jusqu'\u00e0 1\u00a0300\u00a0kg. Il peut prendre en charge une partie du poids de l'objet d\u00e9plac\u00e9 pour obtenir plus de traction sur les deux roues motrices. Il est dot\u00e9 d'une batterie longue dur\u00e9e qui peut \u00eatre charg\u00e9e partiellement et \u00e0 fort amp\u00e9rage pour qu'il fonctionne toute la journ\u00e9e. <code><\/code> Le tireur \u00e9lectrique industriel V-move\u00ae S est tr\u00e8s compact et facile \u00e0 utiliser. Garanti un an.<\/h2>\n<p style=\"text-align: center;\"><code><\/code> <a href='https:\/\/www.xerowaste.ca\/fr\/contact-us\/' class='big-button bigblue'>Contactez-nous pour acheter<\/a> \u00a0\u00a0 <span style=\"color: #ffffff;\">.<\/span>\u00a0 \u00a0 <a href='https:\/\/www.xerowaste.ca\/fr\/financing\/' class='big-button bigblue'>Obtenir une pr\u00e9-approbation de location<\/a> <code><br \/>\n<\/code><\/p>","protected":false},"featured_media":16411,"template":"","meta":{"_glsr_average":0,"_glsr_ranking":0,"_glsr_reviews":0},"product_cat":[137,160],"product_tag":[],"class_list":{"0":"post-4517","1":"product","2":"type-product","3":"status-publish","4":"has-post-thumbnail","6":"product_cat-v-move-tugs","7":"product_cat-walk-along-tugs","9":"first","10":"instock","11":"sale","12":"shipping-taxable","13":"purchasable","14":"product-type-simple"},"_links":{"self":[{"href":"https:\/\/www.xerowaste.ca\/fr\/wp-json\/wp\/v2\/product\/4517","targetHints":{"allow":["GET"]}}],"collection":[{"href":"https:\/\/www.xerowaste.ca\/fr\/wp-json\/wp\/v2\/product"}],"about":[{"href":"https:\/\/www.xerowaste.ca\/fr\/wp-json\/wp\/v2\/types\/product"}],"wp:featuredmedia":[{"embeddable":true,"href":"https:\/\/www.xerowaste.ca\/fr\/wp-json\/wp\/v2\/media\/16411"}],"wp:attachment":[{"href":"https:\/\/www.xerowaste.ca\/fr\/wp-json\/wp\/v2\/media?parent=4517"}],"wp:term":[{"taxonomy":"product_cat","embeddable":true,"href":"https:\/\/www.xerowaste.ca\/fr\/wp-json\/wp\/v2\/product_cat?post=4517"},{"taxonomy":"product_tag","embeddable":true,"href":"https:\/\/www.xerowaste.ca\/fr\/wp-json\/wp\/v2\/product_tag?post=4517"}],"curies":[{"name":"wp","href":"https:\/\/api.w.org\/{rel}","templated":true}]}}